{"id":5554,"date":"2025-03-09T13:44:59","date_gmt":"2025-03-09T13:44:59","guid":{"rendered":"https:\/\/artstella-elixirs-floraux.com\/product\/mariposa-lilly-15-ml-sylfos\/"},"modified":"2025-04-30T20:50:58","modified_gmt":"2025-04-30T20:50:58","slug":"mariposa-lilly-15-ml-sylfos","status":"publish","type":"product","link":"https:\/\/artstella-elixirs-floraux.com\/fr_fr\/produit\/mariposa-lilly-15-ml-sylfos\/","title":{"rendered":"MARIPOSA LILLY 15 ML SYLFOS"},"content":{"rendered":"<div>\n<table cellspacing=\"0\" cellpadding=\"0\" align=\"left\">\n<tbody>\n<tr>\n<td align=\"left\" valign=\"top\">\n<p><strong>MARIPOSA LILY <\/strong><em>Calochortus leichtlinii<\/em><strong> <\/strong><\/p>\n<\/td>\n<\/tr>\n<\/tbody>\n<\/table>\n<\/div>\n<div>\u00a0<\/div>\n<div>\u00a0<\/div>\n<p>Pour les personnes qui ont ou ont eu des probl\u00e8mes avec la m\u00e8re. Pour le manque d\u2019image f\u00e9minine aussi bien pour les hommes que les femmes. Pour les hommes qui n\u2019aiment pas les femmes, pour des probl\u00e8mes de mauvais traitements. Utile dans des probl\u00e9matiques de d\u00e9s\u00e9quilibres alimentaires comme la boulimie ou l\u2019anorexie. Egalement pour les probl\u00e8mes de st\u00e9rilit\u00e9, d\u2019infertilit\u00e9 ou de grossesse.<\/p>\n","protected":false},"excerpt":{"rendered":"<div>\n<table cellspacing=\"0\" cellpadding=\"0\" align=\"left\">\n<tbody>\n<tr>\n<td align=\"left\" valign=\"top\">\n<p><strong>MARIPOSA LILY <\/strong><em>Calochortus leichtlinii<\/em><strong> <\/strong><\/p>\n<\/td>\n<\/tr>\n<\/tbody>\n<\/table>\n<\/div>\n<div>\u00a0<\/div>\n<div>\u00a0<\/div>\n<p>Pour les personnes qui ont ou ont eu des probl\u00e8mes avec la m\u00e8re. Pour le manque d\u2019image f\u00e9minine aussi bien pour les hommes que les femmes.<\/p>\n","protected":false},"featured_media":5555,"template":"","meta":[],"product_brand":[],"product_cat":[139],"product_tag":[],"class_list":{"0":"post-5554","1":"product","2":"type-product","3":"status-publish","4":"has-post-thumbnail","6":"product_cat-les-fleurs-andiness-upplementaires-compose","8":"first","9":"instock","10":"taxable","11":"shipping-taxable","12":"purchasable","13":"product-type-simple"},"etheme_brands":{"errors":{"invalid_taxonomy":["Taxonomie non valide."]},"error_data":[]},"jetpack_sharing_enabled":true,"jetpack-related-posts":[{"id":4163,"url":"https:\/\/artstella-elixirs-floraux.com\/fr_fr\/produit\/papillon-mariposa-el-chamaniques-15ml\/","url_meta":{"origin":5554,"position":0},"title":"PAPILLON \/ MARIPOSA EL CHAMANIQUES 15ML","author":"eveapprill","date":"9 mars 2025","format":false,"excerpt":"MARIPOSA \/ PAPILLON Transformation, espoir, cr\u00e9ativit\u00e9 Cet \u00e9lixir est vraiment celui de la transformation, pour passer de la chenille au papillon, transformer les ins\u00e9curit\u00e9s, les manques de confiance et les doutes en s\u00e9curit\u00e9, estime de soi et espoir.","rel":"","context":"Article similaire","block_context":{"text":"Article similaire","link":""},"img":{"alt_text":"","src":"","width":0,"height":0},"classes":[]},{"id":4088,"url":"https:\/\/artstella-elixirs-floraux.com\/fr_fr\/produit\/arbol-de-mariposa-fleur-sylfos-15ml\/","url_meta":{"origin":5554,"position":1},"title":"ARBOL DE MARIPOSA FLEUR SYLFOS 15ML","author":"eveapprill","date":"9 mars 2025","format":false,"excerpt":"ARBRE\u00a0 AUX PAPILLONS \/ ARBOL DE MARIPOSAS Butterfly-Bush\u00a0\u00a0\u00a0\u00a0Buddleja davidii Pour ceux qui ont besoin de faire un changement dans leur vie et qui reconnaissent avoir besoin d\u2019une aide spirituelle. Recommand\u00e9 pour les personnes qui n\u2019arrivent pas \u00e0 avancer \u00e0 cause de l\u2019orgueil ou qui r\u00e9agissent de fa\u00e7on n\u00e9gative face aux\u2026","rel":"","context":"Article similaire","block_context":{"text":"Article similaire","link":""},"img":{"alt_text":"","src":"","width":0,"height":0},"classes":[]},{"id":5134,"url":"https:\/\/artstella-elixirs-floraux.com\/fr_fr\/produit\/mater\/","url_meta":{"origin":5554,"position":2},"title":"MATER","author":"eveapprill","date":"9 mars 2025","format":false,"excerpt":"MATER Pour se reconnecter au sch\u00e9ma \u00e9motionnel de la \" M\u00e8re Int\u00e9rieur \".\u00a0Aide \u00e0 clarifier la lign\u00e9e maternelle, aussi bien ascendante que descendante. Apporte soutien et sensibilit\u00e9 physique et psychique \u00e0 la m\u00e8re et d\u00e9veloppe \u00a0l'union et la r\u00e9conciliation m\u00e8re\/enfant. Permet une relation saine \u00e0 l\u2019aspect nourricier aussi bien aux\u2026","rel":"","context":"Article similaire","block_context":{"text":"Article similaire","link":""},"img":{"alt_text":"","src":"https:\/\/i0.wp.com\/artstella-elixirs-floraux.com\/wp-content\/uploads\/2025\/03\/a6cfe814-5c3a-4495-93cc-4857c3bf04fb.jpg?resize=350%2C200&ssl=1","width":350,"height":200,"srcset":"https:\/\/i0.wp.com\/artstella-elixirs-floraux.com\/wp-content\/uploads\/2025\/03\/a6cfe814-5c3a-4495-93cc-4857c3bf04fb.jpg?resize=350%2C200&ssl=1 1x, https:\/\/i0.wp.com\/artstella-elixirs-floraux.com\/wp-content\/uploads\/2025\/03\/a6cfe814-5c3a-4495-93cc-4857c3bf04fb.jpg?resize=525%2C300&ssl=1 1.5x, https:\/\/i0.wp.com\/artstella-elixirs-floraux.com\/wp-content\/uploads\/2025\/03\/a6cfe814-5c3a-4495-93cc-4857c3bf04fb.jpg?resize=700%2C400&ssl=1 2x"},"classes":[]},{"id":4458,"url":"https:\/\/artstella-elixirs-floraux.com\/fr_fr\/produit\/red-lily-15-ml-bush\/","url_meta":{"origin":5554,"position":3},"title":"RED LILY 15 ML BUSH","author":"eveapprill","date":"9 mars 2025","format":false,"excerpt":"Red Lily Manque de connexion spirituelle, ind\u00e9cis, manque de concentration, r\u00eaveries. Etre centr\u00e9, concentration, vivre dans le pr\u00e9sent, ouvre le chakra coronal, \u00e9volution spirituelle.","rel":"","context":"Article similaire","block_context":{"text":"Article similaire","link":""},"img":{"alt_text":"","src":"https:\/\/i0.wp.com\/artstella-elixirs-floraux.com\/wp-content\/uploads\/2025\/03\/wp-image1059.png?resize=350%2C200&ssl=1","width":350,"height":200},"classes":[]},{"id":2430,"url":"https:\/\/artstella-elixirs-floraux.com\/fr_fr\/produit\/solar-eclipse\/","url_meta":{"origin":5554,"position":4},"title":"Solar Eclipse &#8211; Eclipse solaire","author":"eveapprill","date":"9 mars 2025","format":false,"excerpt":"Eclipse Solaire Harmonise et \u00e9quilibre les \u00e9nergies f\u00e9minines et masculines, aussi bien chez les hommes que les femmes, il soutient la conscience de l\u2019accroissement du pouvoir masculin int\u00e9rieur. (\u00c9dition limit\u00e9e)","rel":"","context":"Article similaire","block_context":{"text":"Article similaire","link":""},"img":{"alt_text":"","src":"","width":0,"height":0},"classes":[]},{"id":4418,"url":"https:\/\/artstella-elixirs-floraux.com\/fr_fr\/produit\/gymea-lily-15-ml-bush\/","url_meta":{"origin":5554,"position":5},"title":"GYMEA LILY 15 ML BUSH","author":"eveapprill","date":"9 mars 2025","format":false,"excerpt":"Gymea Lily Arrogance, d\u00e9sir d\u2019attention et prestige, personnalit\u00e9 dominante. Humilit\u00e9, avoir conscience des autres et les appr\u00e9cier \u00e0 leur juste valeur.","rel":"","context":"Article similaire","block_context":{"text":"Article similaire","link":""},"img":{"alt_text":"","src":"https:\/\/i0.wp.com\/artstella-elixirs-floraux.com\/wp-content\/uploads\/2025\/03\/wp-image1031.png?resize=350%2C200&ssl=1","width":350,"height":200},"classes":[]}],"_links":{"self":[{"href":"https:\/\/artstella-elixirs-floraux.com\/fr_fr\/wp-json\/wp\/v2\/product\/5554","targetHints":{"allow":["GET"]}}],"collection":[{"href":"https:\/\/artstella-elixirs-floraux.com\/fr_fr\/wp-json\/wp\/v2\/product"}],"about":[{"href":"https:\/\/artstella-elixirs-floraux.com\/fr_fr\/wp-json\/wp\/v2\/types\/product"}],"version-history":[{"count":0,"href":"https:\/\/artstella-elixirs-floraux.com\/fr_fr\/wp-json\/wp\/v2\/product\/5554\/revisions"}],"wp:featuredmedia":[{"embeddable":true,"href":"https:\/\/artstella-elixirs-floraux.com\/fr_fr\/wp-json\/wp\/v2\/media\/5555"}],"wp:attachment":[{"href":"https:\/\/artstella-elixirs-floraux.com\/fr_fr\/wp-json\/wp\/v2\/media?parent=5554"}],"wp:term":[{"taxonomy":"product_brand","embeddable":true,"href":"https:\/\/artstella-elixirs-floraux.com\/fr_fr\/wp-json\/wp\/v2\/product_brand?post=5554"},{"taxonomy":"product_cat","embeddable":true,"href":"https:\/\/artstella-elixirs-floraux.com\/fr_fr\/wp-json\/wp\/v2\/product_cat?post=5554"},{"taxonomy":"product_tag","embeddable":true,"href":"https:\/\/artstella-elixirs-floraux.com\/fr_fr\/wp-json\/wp\/v2\/product_tag?post=5554"}],"curies":[{"name":"wp","href":"https:\/\/api.w.org\/{rel}","templated":true}]}}