{"id":5560,"date":"2025-03-09T13:45:03","date_gmt":"2025-03-09T13:45:03","guid":{"rendered":"https:\/\/artstella-elixirs-floraux.com\/product\/petite-oseille-sylfos-15-ml\/"},"modified":"2025-04-30T20:50:58","modified_gmt":"2025-04-30T20:50:58","slug":"petite-oseille-sylfos-15-ml","status":"publish","type":"product","link":"https:\/\/artstella-elixirs-floraux.com\/fr_fr\/produit\/petite-oseille-sylfos-15-ml\/","title":{"rendered":"PETITE OSEILLE SYLFOS 15 ML"},"content":{"rendered":"<div>\n<table cellspacing=\"0\" cellpadding=\"0\" align=\"left\">\n<tbody>\n<tr>\n<td align=\"left\" valign=\"top\">\n<p><strong>PETITE OSEILLE<\/strong>\u00a0<em>Rumex acetosella<\/em> <strong><em>Pardon, Compassion, nettoyant du karma<\/em><\/strong><\/p>\n<\/td>\n<\/tr>\n<\/tbody>\n<\/table>\n<\/div>\n<p>\u00a0<\/p>\n<p>\u00a0<\/p>\n<p>Permet d\u2019affronter les situations \u00e9motionnelles \u00e9prouvantes en gardant la t\u00eate froide. Utile dans les cas de fatigue \u00e9motionnelle. Aide \u00e9galement lors des m\u00e9ditations et aligne les corps spirituel et \u00e9motionnel, tranquillisant le mental. Permet de nettoyer l\u2019ancien karma, effa\u00e7ant les douleurs que nous avons acquises comme \u00ab\u00a0un droit\u00a0\u00bb \u00e0 \u00eatre opprim\u00e9. Pour d\u00e9nouer les n\u0153uds karmiques. Les illusions et les imperfections se lib\u00e8rent ouvrant la possibilit\u00e9 au pardon, \u00e0 la compr\u00e9hension et au l\u00e2cher-prise.<\/p>\n","protected":false},"excerpt":{"rendered":"<div>\n<table cellspacing=\"0\" cellpadding=\"0\" align=\"left\">\n<tbody>\n<tr>\n<td align=\"left\" valign=\"top\">\n<p><strong>PETITE OSEILLE<\/strong>\u00a0<em>Rumex acetosella<\/em> <strong><em>Pardon, Compassion, nettoyant du karma<\/em><\/strong><\/p>\n<\/td>\n<\/tr>\n<\/tbody>\n<\/table>\n<\/div>\n<p>\u00a0<\/p>\n<p>\u00a0<\/p>\n<p>Permet d\u2019affronter les situations \u00e9motionnelles \u00e9prouvantes en gardant la t\u00eate froide.<\/p>\n","protected":false},"featured_media":5561,"template":"","meta":[],"product_brand":[],"product_cat":[139],"product_tag":[],"class_list":{"0":"post-5560","1":"product","2":"type-product","3":"status-publish","4":"has-post-thumbnail","6":"product_cat-les-fleurs-andiness-upplementaires-compose","8":"first","9":"instock","10":"taxable","11":"shipping-taxable","12":"purchasable","13":"product-type-simple"},"etheme_brands":{"errors":{"invalid_taxonomy":["Taxonomie non valide."]},"error_data":[]},"jetpack_sharing_enabled":true,"jetpack-related-posts":[{"id":5372,"url":"https:\/\/artstella-elixirs-floraux.com\/fr_fr\/produit\/karmic-calm-apaiser-le-karma\/","url_meta":{"origin":5560,"position":0},"title":"Karmic calm \/ Apaiser le Karma","author":"eveapprill","date":"9 mars 2025","format":false,"excerpt":"Karmic calm \/ Apaiser le Karma (Celebration, Secret Wisdom, Pushing Back the Nigth, True Connections) Clarifie les empreintes \u00e9nerg\u00e9tiques de l\u2019\u00e2me dues \u00e0 des troubles du pass\u00e9 et qui emp\u00eachent notre progression.","rel":"","context":"Article similaire","block_context":{"text":"Article similaire","link":""},"img":{"alt_text":"","src":"https:\/\/i0.wp.com\/artstella-elixirs-floraux.com\/wp-content\/uploads\/2025\/03\/3e630349-c4e6-4285-a95e-4664c89779a3.jpg?resize=350%2C200&ssl=1","width":350,"height":200,"srcset":"https:\/\/i0.wp.com\/artstella-elixirs-floraux.com\/wp-content\/uploads\/2025\/03\/3e630349-c4e6-4285-a95e-4664c89779a3.jpg?resize=350%2C200&ssl=1 1x, https:\/\/i0.wp.com\/artstella-elixirs-floraux.com\/wp-content\/uploads\/2025\/03\/3e630349-c4e6-4285-a95e-4664c89779a3.jpg?resize=525%2C300&ssl=1 1.5x, https:\/\/i0.wp.com\/artstella-elixirs-floraux.com\/wp-content\/uploads\/2025\/03\/3e630349-c4e6-4285-a95e-4664c89779a3.jpg?resize=700%2C400&ssl=1 2x"},"classes":[]},{"id":6335,"url":"https:\/\/artstella-elixirs-floraux.com\/fr_fr\/produit\/assistance-spray-deva-30ml\/","url_meta":{"origin":5560,"position":1},"title":"ASSISTANCE SPRAY DEVA 30ML","author":"eveapprill","date":"9 mars 2025","format":false,"excerpt":"Le compos\u00e9 floral ASSISTANCE est \u00e0 utiliser dans toutes les situations d\u2019urgence \u00e9motionnelle et de grande tension, avant tout \u00e9v\u00e9nement \u00e9prouvant pour garder son sang-froid : nouvelle inattendue, entretien d\u2019embauche, RDV chez le dentiste, trac\u2026","rel":"","context":"Article similaire","block_context":{"text":"Article similaire","link":""},"img":{"alt_text":"","src":"https:\/\/i0.wp.com\/artstella-elixirs-floraux.com\/wp-content\/uploads\/2025\/03\/wp-image2342.png?resize=350%2C200&ssl=1","width":350,"height":200,"srcset":"https:\/\/i0.wp.com\/artstella-elixirs-floraux.com\/wp-content\/uploads\/2025\/03\/wp-image2342.png?resize=350%2C200&ssl=1 1x, https:\/\/i0.wp.com\/artstella-elixirs-floraux.com\/wp-content\/uploads\/2025\/03\/wp-image2342.png?resize=525%2C300&ssl=1 1.5x, https:\/\/i0.wp.com\/artstella-elixirs-floraux.com\/wp-content\/uploads\/2025\/03\/wp-image2342.png?resize=700%2C400&ssl=1 2x"},"classes":[]},{"id":5872,"url":"https:\/\/artstella-elixirs-floraux.com\/fr_fr\/produit\/pieris-blanca-15-ml-papillon-sylfos\/","url_meta":{"origin":5560,"position":2},"title":"PIERIS BLANCA 15 ML Papillon Sylfos","author":"eveapprill","date":"9 mars 2025","format":false,"excerpt":"PIERIS BLANCA Pieris brassicae\u00a0 (Chili) Pi\u00e9ride du chou Karma relationnel Elixir fondamental de la gamme, qui permet de voir les autres depuis notre propre pass\u00e9. En le retrouvant nous pouvons gu\u00e9rir notre ancien karma. Cet \u00e9lixir permet de stopper le cercle vicieux des situations non r\u00e9solues de notre karma, afin\u2026","rel":"","context":"Article similaire","block_context":{"text":"Article similaire","link":""},"img":{"alt_text":"","src":"","width":0,"height":0},"classes":[]},{"id":4179,"url":"https:\/\/artstella-elixirs-floraux.com\/fr_fr\/produit\/zadkiel-messagers-sylfos-15ml\/","url_meta":{"origin":5560,"position":3},"title":"ZADKIEL (MESSAGERS) SYLFOS 15ML","author":"eveapprill","date":"9 mars 2025","format":false,"excerpt":"ZADKIEL Pardon, Mis\u00e9ricorde, Compassion, Amour, Transmutation, Transformation. Permet de trouver le pardon pour soi-m\u00eame comme pour les autres, de se lib\u00e9rer de la col\u00e8re","rel":"","context":"Article similaire","block_context":{"text":"Article similaire","link":""},"img":{"alt_text":"","src":"","width":0,"height":0},"classes":[]},{"id":4169,"url":"https:\/\/artstella-elixirs-floraux.com\/fr_fr\/produit\/mere-divine-messagers-15ml\/","url_meta":{"origin":5560,"position":4},"title":"MERE DIVINE (MESSAGERS) 15ML","author":"eveapprill","date":"9 mars 2025","format":false,"excerpt":"MADRE DIVINA \/ MERE DIVINE Cr\u00e9ation des conditions de l\u2019\u00e9volution \u00b7 Acceptation des contraintes du karma \u00b7 Renforce la r\u00e9alisation de l\u2019\u00e9volution \u00b7 Perfection spirituelle\u00a0","rel":"","context":"Article similaire","block_context":{"text":"Article similaire","link":""},"img":{"alt_text":"","src":"","width":0,"height":0},"classes":[]},{"id":4151,"url":"https:\/\/artstella-elixirs-floraux.com\/fr_fr\/produit\/xerces-azul-sylfos-15ml-pap\/","url_meta":{"origin":5560,"position":5},"title":"XERCES AZUL SYLFOS 15ML PAP","author":"eveapprill","date":"9 mars 2025","format":false,"excerpt":"XERCES AZUL Glaucopsyche xerces Nettoyage du karma Un autre \u00e9lixir fondamental de la gamme. Il nous permet de nous lib\u00e9rer des formes de pens\u00e9es et des implants n\u00e9gatifs que nous avons depuis nos vies ant\u00e9rieures. Il permet le nettoyage au niveau de l\u2019\u00e2me, afin d\u2019affronter la r\u00e9alit\u00e9 de notre mission\u2026","rel":"","context":"Article similaire","block_context":{"text":"Article similaire","link":""},"img":{"alt_text":"","src":"https:\/\/i0.wp.com\/artstella-elixirs-floraux.com\/wp-content\/uploads\/2025\/03\/769e6b04-2a25-49e2-9552-c0d5e36f7a40.jpg?resize=350%2C200&ssl=1","width":350,"height":200,"srcset":"https:\/\/i0.wp.com\/artstella-elixirs-floraux.com\/wp-content\/uploads\/2025\/03\/769e6b04-2a25-49e2-9552-c0d5e36f7a40.jpg?resize=350%2C200&ssl=1 1x, https:\/\/i0.wp.com\/artstella-elixirs-floraux.com\/wp-content\/uploads\/2025\/03\/769e6b04-2a25-49e2-9552-c0d5e36f7a40.jpg?resize=525%2C300&ssl=1 1.5x, https:\/\/i0.wp.com\/artstella-elixirs-floraux.com\/wp-content\/uploads\/2025\/03\/769e6b04-2a25-49e2-9552-c0d5e36f7a40.jpg?resize=700%2C400&ssl=1 2x"},"classes":[]}],"_links":{"self":[{"href":"https:\/\/artstella-elixirs-floraux.com\/fr_fr\/wp-json\/wp\/v2\/product\/5560","targetHints":{"allow":["GET"]}}],"collection":[{"href":"https:\/\/artstella-elixirs-floraux.com\/fr_fr\/wp-json\/wp\/v2\/product"}],"about":[{"href":"https:\/\/artstella-elixirs-floraux.com\/fr_fr\/wp-json\/wp\/v2\/types\/product"}],"version-history":[{"count":0,"href":"https:\/\/artstella-elixirs-floraux.com\/fr_fr\/wp-json\/wp\/v2\/product\/5560\/revisions"}],"wp:featuredmedia":[{"embeddable":true,"href":"https:\/\/artstella-elixirs-floraux.com\/fr_fr\/wp-json\/wp\/v2\/media\/5561"}],"wp:attachment":[{"href":"https:\/\/artstella-elixirs-floraux.com\/fr_fr\/wp-json\/wp\/v2\/media?parent=5560"}],"wp:term":[{"taxonomy":"product_brand","embeddable":true,"href":"https:\/\/artstella-elixirs-floraux.com\/fr_fr\/wp-json\/wp\/v2\/product_brand?post=5560"},{"taxonomy":"product_cat","embeddable":true,"href":"https:\/\/artstella-elixirs-floraux.com\/fr_fr\/wp-json\/wp\/v2\/product_cat?post=5560"},{"taxonomy":"product_tag","embeddable":true,"href":"https:\/\/artstella-elixirs-floraux.com\/fr_fr\/wp-json\/wp\/v2\/product_tag?post=5560"}],"curies":[{"name":"wp","href":"https:\/\/api.w.org\/{rel}","templated":true}]}}