{"id":5562,"date":"2025-03-09T13:45:04","date_gmt":"2025-03-09T13:45:04","guid":{"rendered":"https:\/\/artstella-elixirs-floraux.com\/product\/pichoga-euphorbe-sylfos-15-ml\/"},"modified":"2025-04-30T20:50:57","modified_gmt":"2025-04-30T20:50:57","slug":"pichoga-euphorbe-sylfos-15-ml","status":"publish","type":"product","link":"https:\/\/artstella-elixirs-floraux.com\/fr_fr\/produit\/pichoga-euphorbe-sylfos-15-ml\/","title":{"rendered":"PICHOGA \/ Euphorbe SYLFOS 15 ML"},"content":{"rendered":"<div>\n<table cellspacing=\"0\" cellpadding=\"0\" align=\"left\">\n<tbody>\n<tr>\n<td align=\"left\" valign=\"top\">\n<p><strong>PICHOGA <\/strong><em>Euphorbia chilensis<\/em>\u00a0 <strong><em>Acceptation de l\u2019ombre<\/em><\/strong><\/p>\n<\/td>\n<\/tr>\n<\/tbody>\n<\/table>\n<\/div>\n<div>\u00a0<\/div>\n<div>\u00a0<\/div>\n<p>Pour affronter, reconna\u00eetre et accepter l\u2019ombre. Le premier pas pour arriver \u00e0 la gu\u00e9rison est de conna\u00eetre et d\u2019accepter la r\u00e9alit\u00e9. Permet d\u2019avoir l\u2019humilit\u00e9 et la force n\u00e9cessaire pour commencer ce processus, ce qui all\u00e8ge imm\u00e9diatement les sentiments de culpabilit\u00e9, les tensions et la n\u00e9gativit\u00e9 de fa\u00e7on g\u00e9n\u00e9rale. C\u2019est un catalyseur de transformation pour commencer un\u00a0 cheminement de gu\u00e9rison r\u00e9elle depuis notre v\u00e9ritable origine.<\/p>\n","protected":false},"excerpt":{"rendered":"<div>\n<table cellspacing=\"0\" cellpadding=\"0\" align=\"left\">\n<tbody>\n<tr>\n<td align=\"left\" valign=\"top\">\n<p><strong>PICHOGA <\/strong><em>Euphorbia chilensis<\/em>\u00a0 <strong><em>Acceptation de l\u2019ombre<\/em><\/strong><\/p>\n<\/td>\n<\/tr>\n<\/tbody>\n<\/table>\n<\/div>\n<div>\u00a0<\/div>\n<div>\u00a0<\/div>\n<p>Pour affronter, reconna\u00eetre et accepter l\u2019ombre. Le premier pas pour arriver \u00e0 la gu\u00e9rison est de conna\u00eetre et d\u2019accepter la r\u00e9alit\u00e9.<\/p>\n","protected":false},"featured_media":5563,"template":"","meta":[],"product_brand":[],"product_cat":[139],"product_tag":[],"class_list":{"0":"post-5562","1":"product","2":"type-product","3":"status-publish","4":"has-post-thumbnail","6":"product_cat-les-fleurs-andiness-upplementaires-compose","8":"first","9":"instock","10":"taxable","11":"shipping-taxable","12":"purchasable","13":"product-type-simple"},"etheme_brands":{"errors":{"invalid_taxonomy":["Taxonomie non valide."]},"error_data":[]},"jetpack_sharing_enabled":true,"jetpack-related-posts":[{"id":2223,"url":"https:\/\/artstella-elixirs-floraux.com\/fr_fr\/produit\/monkshood-alaskan\/","url_meta":{"origin":5562,"position":0},"title":"Monkshood Alaskan","author":"eveapprill","date":"9 mars 2025","format":false,"excerpt":"Monkshood. Aconit delphinifolium Difficult\u00e9 \u00e0 accepter le contact physique avec les autres ; confusion au niveau de son identit\u00e9 spirituelle ; effray\u00e9 \u00e0 l'id\u00e9e d'explorer ses zones d'ombres","rel":"","context":"Article similaire","block_context":{"text":"Article similaire","link":""},"img":{"alt_text":"","src":"https:\/\/i0.wp.com\/artstella-elixirs-floraux.com\/wp-content\/uploads\/2025\/03\/wp-image565.png?resize=350%2C200&ssl=1","width":350,"height":200},"classes":[]},{"id":5100,"url":"https:\/\/artstella-elixirs-floraux.com\/fr_fr\/produit\/rose-smoky-quartz-gems-rech-7-5ml\/","url_meta":{"origin":5562,"position":1},"title":"ROSE SMOKY QUARTZ GEMS RECH 7.5ML","author":"eveapprill","date":"9 mars 2025","format":false,"excerpt":"Rose\/Smoky Quartz \u2013 Quartz rose-quartz fume Indication\u00a0: honte\u00a0; sentiments de culpabilit\u00e9\u00a0; difficult\u00e9s \u00e0 accepter des actions pass\u00e9es et leurs cons\u00e9quences\u00a0; connexion faible entre le chakra du c\u0153ur et la Terre.","rel":"","context":"Article similaire","block_context":{"text":"Article similaire","link":""},"img":{"alt_text":"","src":"https:\/\/i0.wp.com\/artstella-elixirs-floraux.com\/wp-content\/uploads\/2025\/03\/wp-image1416.png?resize=350%2C200&ssl=1","width":350,"height":200},"classes":[]},{"id":3336,"url":"https:\/\/artstella-elixirs-floraux.com\/fr_fr\/produit\/shadow-cactus-15ml-phi\/","url_meta":{"origin":5562,"position":2},"title":"SHADOW CACTUS 15ML PHI","author":"eveapprill","date":"9 mars 2025","format":false,"excerpt":"Shadow cactus (Caalluma russelliana) Lib\u00e8re les tensions du plexus solaire. Nous prenons conscience des processus int\u00e9rieurs et pouvons ainsi nous en lib\u00e9rer. Nous pouvons nous s\u00e9parer de nos \u00ab\u00a0ombres\u00a0\u00bb et apprendre \u00e0 accepter la \u00ab\u00a0mort\u00a0\u00bb pour vivre une vie plus consciente.","rel":"","context":"Article similaire","block_context":{"text":"Article similaire","link":""},"img":{"alt_text":"","src":"https:\/\/i0.wp.com\/artstella-elixirs-floraux.com\/wp-content\/uploads\/2025\/03\/wp-image355.png?resize=350%2C200&ssl=1","width":350,"height":200},"classes":[]},{"id":3665,"url":"https:\/\/artstella-elixirs-floraux.com\/fr_fr\/produit\/58-shadow-warrior-lto-15-ml\/","url_meta":{"origin":5562,"position":3},"title":"58. SHADOW WARRIOR LTO 15 ML","author":"eveapprill","date":"9 mars 2025","format":false,"excerpt":"Shadow warrior \/Le guerrier de l'ombre Une orchid\u00e9e extraordinaire\u2026 L'\u00e9lixir a \u00e9t\u00e9 r\u00e9alis\u00e9 pour mieux\u00a0 int\u00e9grer l'ombre sur le chemin de notre \u00e2me vers la lumi\u00e8re.","rel":"","context":"Article similaire","block_context":{"text":"Article similaire","link":""},"img":{"alt_text":"","src":"https:\/\/i0.wp.com\/artstella-elixirs-floraux.com\/wp-content\/uploads\/2025\/03\/82238735-1972-4453-8b4d-001baabff31a.jpg?resize=350%2C200&ssl=1","width":350,"height":200,"srcset":"https:\/\/i0.wp.com\/artstella-elixirs-floraux.com\/wp-content\/uploads\/2025\/03\/82238735-1972-4453-8b4d-001baabff31a.jpg?resize=350%2C200&ssl=1 1x, https:\/\/i0.wp.com\/artstella-elixirs-floraux.com\/wp-content\/uploads\/2025\/03\/82238735-1972-4453-8b4d-001baabff31a.jpg?resize=525%2C300&ssl=1 1.5x, https:\/\/i0.wp.com\/artstella-elixirs-floraux.com\/wp-content\/uploads\/2025\/03\/82238735-1972-4453-8b4d-001baabff31a.jpg?resize=700%2C400&ssl=1 2x"},"classes":[]},{"id":4390,"url":"https:\/\/artstella-elixirs-floraux.com\/fr_fr\/produit\/healthy-anger-wea-30-ml\/","url_meta":{"origin":5562,"position":4},"title":"HEALTHY ANGER WEA 30 ML","author":"eveapprill","date":"9 mars 2025","format":false,"excerpt":"Healthy Anger (col\u00e8re saine) Aide \u00e0 ressentir et accepter sa col\u00e8re ; soutient l\u2019expression de la col\u00e8re de mani\u00e8re saine.","rel":"","context":"Article similaire","block_context":{"text":"Article similaire","link":""},"img":{"alt_text":"","src":"","width":0,"height":0},"classes":[]},{"id":4130,"url":"https:\/\/artstella-elixirs-floraux.com\/fr_fr\/produit\/ceranus-azul-sylfos-15ml-pap\/","url_meta":{"origin":5562,"position":5},"title":"CERANUS AZUL SYLFOS 15ML PAP","author":"eveapprill","date":"9 mars 2025","format":false,"excerpt":"CERANUS AZUL Hemiargus ceraunus Gu\u00e9rison \u2013 Evolution Cet \u00e9lixir est un v\u00e9ritable Gu\u00e9risseur vibrationnel pour \u00e9lever les vibrations physiques du corps de fa\u00e7on \u00e0 pouvoir affronter l\u2019\u00e9volution de d\u00e9veloppement...","rel":"","context":"Article similaire","block_context":{"text":"Article similaire","link":""},"img":{"alt_text":"","src":"https:\/\/i0.wp.com\/artstella-elixirs-floraux.com\/wp-content\/uploads\/2025\/03\/d7adfd03-5f25-4f24-8f85-fbe1c7b77e7a.jpg?resize=350%2C200&ssl=1","width":350,"height":200,"srcset":"https:\/\/i0.wp.com\/artstella-elixirs-floraux.com\/wp-content\/uploads\/2025\/03\/d7adfd03-5f25-4f24-8f85-fbe1c7b77e7a.jpg?resize=350%2C200&ssl=1 1x, https:\/\/i0.wp.com\/artstella-elixirs-floraux.com\/wp-content\/uploads\/2025\/03\/d7adfd03-5f25-4f24-8f85-fbe1c7b77e7a.jpg?resize=525%2C300&ssl=1 1.5x, https:\/\/i0.wp.com\/artstella-elixirs-floraux.com\/wp-content\/uploads\/2025\/03\/d7adfd03-5f25-4f24-8f85-fbe1c7b77e7a.jpg?resize=700%2C400&ssl=1 2x"},"classes":[]}],"_links":{"self":[{"href":"https:\/\/artstella-elixirs-floraux.com\/fr_fr\/wp-json\/wp\/v2\/product\/5562","targetHints":{"allow":["GET"]}}],"collection":[{"href":"https:\/\/artstella-elixirs-floraux.com\/fr_fr\/wp-json\/wp\/v2\/product"}],"about":[{"href":"https:\/\/artstella-elixirs-floraux.com\/fr_fr\/wp-json\/wp\/v2\/types\/product"}],"version-history":[{"count":0,"href":"https:\/\/artstella-elixirs-floraux.com\/fr_fr\/wp-json\/wp\/v2\/product\/5562\/revisions"}],"wp:featuredmedia":[{"embeddable":true,"href":"https:\/\/artstella-elixirs-floraux.com\/fr_fr\/wp-json\/wp\/v2\/media\/5563"}],"wp:attachment":[{"href":"https:\/\/artstella-elixirs-floraux.com\/fr_fr\/wp-json\/wp\/v2\/media?parent=5562"}],"wp:term":[{"taxonomy":"product_brand","embeddable":true,"href":"https:\/\/artstella-elixirs-floraux.com\/fr_fr\/wp-json\/wp\/v2\/product_brand?post=5562"},{"taxonomy":"product_cat","embeddable":true,"href":"https:\/\/artstella-elixirs-floraux.com\/fr_fr\/wp-json\/wp\/v2\/product_cat?post=5562"},{"taxonomy":"product_tag","embeddable":true,"href":"https:\/\/artstella-elixirs-floraux.com\/fr_fr\/wp-json\/wp\/v2\/product_tag?post=5562"}],"curies":[{"name":"wp","href":"https:\/\/api.w.org\/{rel}","templated":true}]}}