{"id":5570,"date":"2025-03-09T13:45:09","date_gmt":"2025-03-09T13:45:09","guid":{"rendered":"https:\/\/artstella-elixirs-floraux.com\/product\/saguaro-15-ml-sylfos\/"},"modified":"2025-04-30T20:50:57","modified_gmt":"2025-04-30T20:50:57","slug":"saguaro-15-ml-sylfos","status":"publish","type":"product","link":"https:\/\/artstella-elixirs-floraux.com\/fr_fr\/produit\/saguaro-15-ml-sylfos\/","title":{"rendered":"SAGUARO 15 ML SYLFOS"},"content":{"rendered":"<div>\n<table cellspacing=\"0\" cellpadding=\"0\" align=\"left\">\n<tbody>\n<tr>\n<td align=\"left\" valign=\"top\">\n<p><strong>SAGUARO <\/strong><em>Carnegiea giganta<\/em><strong><\/strong><\/p>\n<\/td>\n<\/tr>\n<\/tbody>\n<\/table>\n<\/div>\n<div>\u00a0<\/div>\n<div>\u00a0<\/div>\n<p>Repr\u00e9sente le pouvoir et l\u2019autorit\u00e9. Pour les personnes en conflit avec les figures d\u2019autorit\u00e9. Ces personnes ont du mal \u00e0 distinguer les aspects positifs de l\u2019autorit\u00e9, et ne se laissent pas commander. Ils vivent dans une lutte permanente avec le monde. C\u2019est un \u00e9lixir vital pour ceux qui deviennent adultes et qui ont rompus avec leur entourage social. Il apporte la conscience de l\u2019ancien et du sacr\u00e9 dans le sens de la tradition et de la lign\u00e9e.<\/p>\n","protected":false},"excerpt":{"rendered":"<div>\n<table cellspacing=\"0\" cellpadding=\"0\" align=\"left\">\n<tbody>\n<tr>\n<td align=\"left\" valign=\"top\">\n<p><strong>SAGUARO <\/strong><em>Carnegiea giganta<\/em><strong><\/strong><\/p>\n<\/td>\n<\/tr>\n<\/tbody>\n<\/table>\n<\/div>\n<div>\u00a0<\/div>\n<div>\u00a0<\/div>\n<p>Repr\u00e9sente le pouvoir et l\u2019autorit\u00e9. Pour les personnes en conflit avec les figures d\u2019autorit\u00e9. Ces personnes ont du mal \u00e0 distinguer les aspects positifs de l\u2019autorit\u00e9,<\/p>\n","protected":false},"featured_media":5571,"template":"","meta":[],"product_brand":[],"product_cat":[139],"product_tag":[],"class_list":{"0":"post-5570","1":"product","2":"type-product","3":"status-publish","4":"has-post-thumbnail","6":"product_cat-les-fleurs-andiness-upplementaires-compose","8":"first","9":"instock","10":"taxable","11":"shipping-taxable","12":"purchasable","13":"product-type-simple"},"etheme_brands":{"errors":{"invalid_taxonomy":["Taxonomie non valide."]},"error_data":[]},"jetpack_sharing_enabled":true,"jetpack-related-posts":[{"id":5558,"url":"https:\/\/artstella-elixirs-floraux.com\/fr_fr\/produit\/orchidee-red-helmet-15ml-corybas-dilatatus\/","url_meta":{"origin":5570,"position":0},"title":"Orchid\u00e9e RED HELMET 15ml Corybas dilatatus","author":"eveapprill","date":"9 mars 2025","format":false,"excerpt":"Orchid\u00e9e RED HELMET Corybas dilatatus \u00a0 \u00a0 Pour les personnes rebelles, \u00e9go\u00efstes, ayant des probl\u00e8mes avec la figure de l\u2019autorit\u00e9 provenant d\u2019une mauvaise relation avec leur propre p\u00e8re.\u00a0","rel":"","context":"Article similaire","block_context":{"text":"Article similaire","link":""},"img":{"alt_text":"","src":"","width":0,"height":0},"classes":[]},{"id":12273,"url":"https:\/\/artstella-elixirs-floraux.com\/fr_fr\/produit\/11-orchidee-casque-rouge-red-helmet-corybas-dilatatus-sylfos\/","url_meta":{"origin":5570,"position":1},"title":"11. ORCHID\u00c9E CASQUE ROUGE \/ RED HELMET Corybas dilatatus Sylfos","author":"eveapprill","date":"13 mars 2026","format":false,"excerpt":"\u00c9lixir de\u00a0gu\u00e9rison du p\u00e8re et d\u2019int\u00e9gration du masculin int\u00e9rieur. Favorise respect, autorit\u00e9 saine, maturit\u00e9 \u00e9motionnelle et relations \u00e9quilibr\u00e9es avec les figures d\u2019autorit\u00e9.","rel":"","context":"Article similaire","block_context":{"text":"Article similaire","link":""},"img":{"alt_text":"","src":"https:\/\/i0.wp.com\/artstella-elixirs-floraux.com\/wp-content\/uploads\/2026\/03\/11_Red-Helmet-Casco-Rojo-.png?resize=350%2C200&ssl=1","width":350,"height":200,"srcset":"https:\/\/i0.wp.com\/artstella-elixirs-floraux.com\/wp-content\/uploads\/2026\/03\/11_Red-Helmet-Casco-Rojo-.png?resize=350%2C200&ssl=1 1x, https:\/\/i0.wp.com\/artstella-elixirs-floraux.com\/wp-content\/uploads\/2026\/03\/11_Red-Helmet-Casco-Rojo-.png?resize=525%2C300&ssl=1 1.5x, https:\/\/i0.wp.com\/artstella-elixirs-floraux.com\/wp-content\/uploads\/2026\/03\/11_Red-Helmet-Casco-Rojo-.png?resize=700%2C400&ssl=1 2x, https:\/\/i0.wp.com\/artstella-elixirs-floraux.com\/wp-content\/uploads\/2026\/03\/11_Red-Helmet-Casco-Rojo-.png?resize=1050%2C600&ssl=1 3x"},"classes":[]},{"id":4119,"url":"https:\/\/artstella-elixirs-floraux.com\/fr_fr\/produit\/almirante-rojo-sylfos-15-ml\/","url_meta":{"origin":5570,"position":2},"title":"ALMIRANTE ROJO SYLFOS 15 ML","author":"eveapprill","date":"9 mars 2025","format":false,"excerpt":"ALMIRANTE ROJO Vanessa atalanta Autorit\u00e9 \u2013 Fermet\u00e9 . Un \u00e9lixir qui nous permet de nous affirmer sur nos propres croyances et nos objectifs de vie.","rel":"","context":"Article similaire","block_context":{"text":"Article similaire","link":""},"img":{"alt_text":"","src":"","width":0,"height":0},"classes":[]},{"id":4380,"url":"https:\/\/artstella-elixirs-floraux.com\/fr_fr\/produit\/empower-wea-30-ml\/","url_meta":{"origin":5570,"position":3},"title":"EMPOWER WEA 30 ML","author":"eveapprill","date":"27 mai 2025","format":false,"excerpt":"Empower Grand soutien pour revendiquer notre sens de pouvoir et notre autorit\u00e9","rel":"","context":"Article similaire","block_context":{"text":"Article similaire","link":""},"img":{"alt_text":"","src":"https:\/\/i0.wp.com\/artstella-elixirs-floraux.com\/wp-content\/uploads\/2025\/03\/empower.jpeg?resize=350%2C200&ssl=1","width":350,"height":200},"classes":[]},{"id":4300,"url":"https:\/\/artstella-elixirs-floraux.com\/fr_fr\/produit\/bighorn-sheep-mouflon-wea-30-ml\/","url_meta":{"origin":5570,"position":4},"title":"BIGHORN SHEEP\/MOUFLON WEA 30 ML","author":"eveapprill","date":"9 mars 2025","format":false,"excerpt":"Bighorn Sheep (mouflon) Revendication et expression du pouvoir int\u00e9rieur et de l\u2019autorit\u00e9\u00a0; se donner le pouvoir\u00a0; majest\u00e9\u00a0; sagesse de la montagne.","rel":"","context":"Article similaire","block_context":{"text":"Article similaire","link":""},"img":{"alt_text":"","src":"https:\/\/i0.wp.com\/artstella-elixirs-floraux.com\/wp-content\/uploads\/2025\/03\/wp-image2287.png?resize=350%2C200&ssl=1","width":350,"height":200,"srcset":"https:\/\/i0.wp.com\/artstella-elixirs-floraux.com\/wp-content\/uploads\/2025\/03\/wp-image2287.png?resize=350%2C200&ssl=1 1x, https:\/\/i0.wp.com\/artstella-elixirs-floraux.com\/wp-content\/uploads\/2025\/03\/wp-image2287.png?resize=525%2C300&ssl=1 1.5x, https:\/\/i0.wp.com\/artstella-elixirs-floraux.com\/wp-content\/uploads\/2025\/03\/wp-image2287.png?resize=700%2C400&ssl=1 2x"},"classes":[]},{"id":12369,"url":"https:\/\/artstella-elixirs-floraux.com\/fr_fr\/produit\/platine-platino-15ml-sylfos\/","url_meta":{"origin":5570,"position":5},"title":"PLATINE &#8211; PLATINO 15ml Sylfos","author":"eveapprill","date":"16 mars 2026","format":false,"excerpt":"Le platine renforce la dignit\u00e9 et le pouvoir personnel conscient. Il aide \u00e0 retrouver l'estime de soi et \u00e0 occuper sa place avec assurance. Il est utile dans les processus d'autonomisation ou de leadership. Son \u00e9nergie transforme l'ins\u00e9curit\u00e9 en autorit\u00e9 int\u00e9rieure \u00e9quilibr\u00e9e.","rel":"","context":"Article similaire","block_context":{"text":"Article similaire","link":""},"img":{"alt_text":"","src":"https:\/\/i0.wp.com\/artstella-elixirs-floraux.com\/wp-content\/uploads\/2026\/03\/Platino_1.png?resize=350%2C200&ssl=1","width":350,"height":200},"classes":[]}],"_links":{"self":[{"href":"https:\/\/artstella-elixirs-floraux.com\/fr_fr\/wp-json\/wp\/v2\/product\/5570","targetHints":{"allow":["GET"]}}],"collection":[{"href":"https:\/\/artstella-elixirs-floraux.com\/fr_fr\/wp-json\/wp\/v2\/product"}],"about":[{"href":"https:\/\/artstella-elixirs-floraux.com\/fr_fr\/wp-json\/wp\/v2\/types\/product"}],"version-history":[{"count":0,"href":"https:\/\/artstella-elixirs-floraux.com\/fr_fr\/wp-json\/wp\/v2\/product\/5570\/revisions"}],"wp:featuredmedia":[{"embeddable":true,"href":"https:\/\/artstella-elixirs-floraux.com\/fr_fr\/wp-json\/wp\/v2\/media\/5571"}],"wp:attachment":[{"href":"https:\/\/artstella-elixirs-floraux.com\/fr_fr\/wp-json\/wp\/v2\/media?parent=5570"}],"wp:term":[{"taxonomy":"product_brand","embeddable":true,"href":"https:\/\/artstella-elixirs-floraux.com\/fr_fr\/wp-json\/wp\/v2\/product_brand?post=5570"},{"taxonomy":"product_cat","embeddable":true,"href":"https:\/\/artstella-elixirs-floraux.com\/fr_fr\/wp-json\/wp\/v2\/product_cat?post=5570"},{"taxonomy":"product_tag","embeddable":true,"href":"https:\/\/artstella-elixirs-floraux.com\/fr_fr\/wp-json\/wp\/v2\/product_tag?post=5570"}],"curies":[{"name":"wp","href":"https:\/\/api.w.org\/{rel}","templated":true}]}}