{"id":5578,"date":"2025-03-09T13:45:14","date_gmt":"2025-03-09T13:45:14","guid":{"rendered":"https:\/\/artstella-elixirs-floraux.com\/product\/mutt-corniaud-amour-inconditionnel-30ml\/"},"modified":"2025-06-03T20:01:51","modified_gmt":"2025-06-03T20:01:51","slug":"mutt-corniaud-amour-inconditionnel-30ml","status":"publish","type":"product","link":"https:\/\/artstella-elixirs-floraux.com\/fr_fr\/produit\/mutt-corniaud-amour-inconditionnel-30ml\/","title":{"rendered":"Mutt (Corniaud) \/ amour inconditionnel 30ml"},"content":{"rendered":"","protected":false},"excerpt":{"rendered":"<p><strong><span>Mutt (Corniaud) \/ amour inconditionnel <\/span><\/strong><\/p>\n<p><span>Pour ouvrir le c\u0153ur et sentir et exprimer l\u2019amour inconditionnel. Encourage notre capacit\u00e9 d\u2019avoir plus d\u2019amour pour nous-m\u00eames et les autres. Nous aide \u00e0 exprimer l\u2019affection. Cultive notre capacit\u00e9 de vivre de notre c\u0153ur doux et tendre et de partager notre amour avec le monde comme nous l\u2019entendons.<\/span><\/p>\n","protected":false},"featured_media":9956,"template":"","meta":[],"product_brand":[],"product_cat":[182],"product_tag":[],"class_list":{"0":"post-5578","1":"product","2":"type-product","3":"status-publish","4":"has-post-thumbnail","6":"product_cat-les-elixirs-de-chien-interieur","8":"first","9":"instock","10":"taxable","11":"shipping-taxable","12":"purchasable","13":"product-type-simple"},"etheme_brands":{"errors":{"invalid_taxonomy":["Taxonomie non valide."]},"error_data":[]},"jetpack_sharing_enabled":true,"jetpack-related-posts":[{"id":4412,"url":"https:\/\/artstella-elixirs-floraux.com\/fr_fr\/produit\/loving-child-lamour-enfantin\/","url_meta":{"origin":5578,"position":0},"title":"Loving Child &#8211; L&rsquo;amour enfantin WEAE 30ml","author":"eveapprill","date":"9 mars 2025","format":false,"excerpt":"Loving Child (l'amour enfantin) L'amour Enfantin est une ressource unique con\u00e7ue pour aider les enfants \u00e0 ressentir et \u00e0 exprimer l'amour dans tous les aspects de leur vie.","rel":"","context":"Article similaire","block_context":{"text":"Article similaire","link":""},"img":{"alt_text":"","src":"https:\/\/i0.wp.com\/artstella-elixirs-floraux.com\/wp-content\/uploads\/2025\/03\/092b058c-0517-4bc8-8049-d757b3d14f3e.webp?resize=350%2C200&ssl=1","width":350,"height":200,"srcset":"https:\/\/i0.wp.com\/artstella-elixirs-floraux.com\/wp-content\/uploads\/2025\/03\/092b058c-0517-4bc8-8049-d757b3d14f3e.webp?resize=350%2C200&ssl=1 1x, https:\/\/i0.wp.com\/artstella-elixirs-floraux.com\/wp-content\/uploads\/2025\/03\/092b058c-0517-4bc8-8049-d757b3d14f3e.webp?resize=525%2C300&ssl=1 1.5x, https:\/\/i0.wp.com\/artstella-elixirs-floraux.com\/wp-content\/uploads\/2025\/03\/092b058c-0517-4bc8-8049-d757b3d14f3e.webp?resize=700%2C400&ssl=1 2x"},"classes":[]},{"id":5150,"url":"https:\/\/artstella-elixirs-floraux.com\/fr_fr\/produit\/collier-raisting-phi\/","url_meta":{"origin":5578,"position":1},"title":"COLLIER \u00ab\u00a0RAISTING\u00a0\u00bb PHI","author":"eveapprill","date":"9 mars 2025","format":false,"excerpt":"Un \u00e9lixir de \"crop circle\" avec l'\u00e9nergie du c\u0153ur et de l'amour inconditionnel du Christ. Pour aller au dela des choses mat\u00e9rielles et de l'ego et se connecter avec le coeur.","rel":"","context":"Article similaire","block_context":{"text":"Article similaire","link":""},"img":{"alt_text":"","src":"","width":0,"height":0},"classes":[]},{"id":3875,"url":"https:\/\/artstella-elixirs-floraux.com\/fr_fr\/produit\/baleine-pilote-15ml-phi\/","url_meta":{"origin":5578,"position":2},"title":"BALEINE PILOTE 15ML PHI","author":"eveapprill","date":"9 mars 2025","format":false,"excerpt":"Baleine (Globicephala melas) L\u2019\u00e9lixir agit sur le chakra du c\u0153ur, en l\u2019ouvrant largement. Ouvre notre conscience envers notre plan\u00e8te.","rel":"","context":"Article similaire","block_context":{"text":"Article similaire","link":""},"img":{"alt_text":"","src":"https:\/\/i0.wp.com\/artstella-elixirs-floraux.com\/wp-content\/uploads\/2025\/03\/wp-image2480.png?resize=350%2C200&ssl=1","width":350,"height":200,"srcset":"https:\/\/i0.wp.com\/artstella-elixirs-floraux.com\/wp-content\/uploads\/2025\/03\/wp-image2480.png?resize=350%2C200&ssl=1 1x, https:\/\/i0.wp.com\/artstella-elixirs-floraux.com\/wp-content\/uploads\/2025\/03\/wp-image2480.png?resize=525%2C300&ssl=1 1.5x, https:\/\/i0.wp.com\/artstella-elixirs-floraux.com\/wp-content\/uploads\/2025\/03\/wp-image2480.png?resize=700%2C400&ssl=1 2x, https:\/\/i0.wp.com\/artstella-elixirs-floraux.com\/wp-content\/uploads\/2025\/03\/wp-image2480.png?resize=1050%2C600&ssl=1 3x, https:\/\/i0.wp.com\/artstella-elixirs-floraux.com\/wp-content\/uploads\/2025\/03\/wp-image2480.png?resize=1400%2C800&ssl=1 4x"},"classes":[]},{"id":4132,"url":"https:\/\/artstella-elixirs-floraux.com\/fr_fr\/produit\/cobre-azulado-sylfos-15ml-pap\/","url_meta":{"origin":5578,"position":3},"title":"COBRE AZULADO SYLFOS 15ML PAP","author":"eveapprill","date":"9 mars 2025","format":false,"excerpt":"COBRE AZULADO Lycaena heteronea L\u00e2cher prise \u2013 Amour inconditionnel - R\u00e9alisation Lors des tensions fortes et \u00e9crasantes. Cet \u00e9lixir permet de rel\u00e2cher les tensions n\u00e9gatives et de r\u00e9cup\u00e9rer la l\u00e9g\u00e8ret\u00e9 et la joie.","rel":"","context":"Article similaire","block_context":{"text":"Article similaire","link":""},"img":{"alt_text":"","src":"https:\/\/i0.wp.com\/artstella-elixirs-floraux.com\/wp-content\/uploads\/2025\/03\/60bbb6c5-cedf-4b1f-a5a8-b6743e80c5b0.jpg?resize=350%2C200&ssl=1","width":350,"height":200,"srcset":"https:\/\/i0.wp.com\/artstella-elixirs-floraux.com\/wp-content\/uploads\/2025\/03\/60bbb6c5-cedf-4b1f-a5a8-b6743e80c5b0.jpg?resize=350%2C200&ssl=1 1x, https:\/\/i0.wp.com\/artstella-elixirs-floraux.com\/wp-content\/uploads\/2025\/03\/60bbb6c5-cedf-4b1f-a5a8-b6743e80c5b0.jpg?resize=525%2C300&ssl=1 1.5x, https:\/\/i0.wp.com\/artstella-elixirs-floraux.com\/wp-content\/uploads\/2025\/03\/60bbb6c5-cedf-4b1f-a5a8-b6743e80c5b0.jpg?resize=700%2C400&ssl=1 2x"},"classes":[]},{"id":6308,"url":"https:\/\/artstella-elixirs-floraux.com\/fr_fr\/produit\/unconditional-love-ltoe15ml\/","url_meta":{"origin":5578,"position":4},"title":"UNCONDITIONAL LOVE LTOE15ML","author":"eveapprill","date":"9 mars 2025","format":false,"excerpt":"Unconditional Love \u2013 Amour Inconditionnel L\u2019\u00e2me aspire \u00e0 se reconnecter \u00e0 notre source ultime, avec l\u2019Etre qui est au-del\u00e0 de notre compr\u00e9hension. Une \u00e9tape cl\u00e9 sur ce chemin vers ce que certains appellent le Divin est de l\u00e2cher les sch\u00e9mas restrictifs qui conditionnent l\u2019ouverture du c\u0153ur aux autres.","rel":"","context":"Article similaire","block_context":{"text":"Article similaire","link":""},"img":{"alt_text":"","src":"https:\/\/i0.wp.com\/artstella-elixirs-floraux.com\/wp-content\/uploads\/2025\/03\/wp-image2242.png?resize=350%2C200&ssl=1","width":350,"height":200,"srcset":"https:\/\/i0.wp.com\/artstella-elixirs-floraux.com\/wp-content\/uploads\/2025\/03\/wp-image2242.png?resize=350%2C200&ssl=1 1x, https:\/\/i0.wp.com\/artstella-elixirs-floraux.com\/wp-content\/uploads\/2025\/03\/wp-image2242.png?resize=525%2C300&ssl=1 1.5x, https:\/\/i0.wp.com\/artstella-elixirs-floraux.com\/wp-content\/uploads\/2025\/03\/wp-image2242.png?resize=700%2C400&ssl=1 2x, https:\/\/i0.wp.com\/artstella-elixirs-floraux.com\/wp-content\/uploads\/2025\/03\/wp-image2242.png?resize=1050%2C600&ssl=1 3x, https:\/\/i0.wp.com\/artstella-elixirs-floraux.com\/wp-content\/uploads\/2025\/03\/wp-image2242.png?resize=1400%2C800&ssl=1 4x"},"classes":[]},{"id":3673,"url":"https:\/\/artstella-elixirs-floraux.com\/fr_fr\/produit\/62-spirit-of-the-higher-heart-lto\/","url_meta":{"origin":5578,"position":5},"title":"62. SPIRIT OF THE HIGHER HEART LTO","author":"eveapprill","date":"9 mars 2025","format":false,"excerpt":"Spirit of the Higher Heart \/ Esprit du Coeur profond : l'\u00e9lixir est fait avec la m\u00eame fleur que Healing the Higher Heart sans l'\u00e9lixir d'or. Il permet une fusion douce du chakra sup\u00e9rieur du c\u0153ur et de la chambre haute spirituelle. Son effet est plus subtil. Il favorise l'expansion\u2026","rel":"","context":"Article similaire","block_context":{"text":"Article similaire","link":""},"img":{"alt_text":"","src":"https:\/\/i0.wp.com\/artstella-elixirs-floraux.com\/wp-content\/uploads\/2025\/03\/f9f2d0e9-e8bb-4732-941c-162c66c9a9e7.jpg?resize=350%2C200&ssl=1","width":350,"height":200,"srcset":"https:\/\/i0.wp.com\/artstella-elixirs-floraux.com\/wp-content\/uploads\/2025\/03\/f9f2d0e9-e8bb-4732-941c-162c66c9a9e7.jpg?resize=350%2C200&ssl=1 1x, https:\/\/i0.wp.com\/artstella-elixirs-floraux.com\/wp-content\/uploads\/2025\/03\/f9f2d0e9-e8bb-4732-941c-162c66c9a9e7.jpg?resize=525%2C300&ssl=1 1.5x, https:\/\/i0.wp.com\/artstella-elixirs-floraux.com\/wp-content\/uploads\/2025\/03\/f9f2d0e9-e8bb-4732-941c-162c66c9a9e7.jpg?resize=700%2C400&ssl=1 2x"},"classes":[]}],"_links":{"self":[{"href":"https:\/\/artstella-elixirs-floraux.com\/fr_fr\/wp-json\/wp\/v2\/product\/5578","targetHints":{"allow":["GET"]}}],"collection":[{"href":"https:\/\/artstella-elixirs-floraux.com\/fr_fr\/wp-json\/wp\/v2\/product"}],"about":[{"href":"https:\/\/artstella-elixirs-floraux.com\/fr_fr\/wp-json\/wp\/v2\/types\/product"}],"version-history":[{"count":0,"href":"https:\/\/artstella-elixirs-floraux.com\/fr_fr\/wp-json\/wp\/v2\/product\/5578\/revisions"}],"wp:featuredmedia":[{"embeddable":true,"href":"https:\/\/artstella-elixirs-floraux.com\/fr_fr\/wp-json\/wp\/v2\/media\/9956"}],"wp:attachment":[{"href":"https:\/\/artstella-elixirs-floraux.com\/fr_fr\/wp-json\/wp\/v2\/media?parent=5578"}],"wp:term":[{"taxonomy":"product_brand","embeddable":true,"href":"https:\/\/artstella-elixirs-floraux.com\/fr_fr\/wp-json\/wp\/v2\/product_brand?post=5578"},{"taxonomy":"product_cat","embeddable":true,"href":"https:\/\/artstella-elixirs-floraux.com\/fr_fr\/wp-json\/wp\/v2\/product_cat?post=5578"},{"taxonomy":"product_tag","embeddable":true,"href":"https:\/\/artstella-elixirs-floraux.com\/fr_fr\/wp-json\/wp\/v2\/product_tag?post=5578"}],"curies":[{"name":"wp","href":"https:\/\/api.w.org\/{rel}","templated":true}]}}