{"id":5586,"date":"2025-03-09T13:45:20","date_gmt":"2025-03-09T13:45:20","guid":{"rendered":"https:\/\/artstella-elixirs-floraux.com\/product\/combination-blessings-of-dog-30ml\/"},"modified":"2025-06-03T20:01:54","modified_gmt":"2025-06-03T20:01:54","slug":"combination-blessings-of-dog-30ml","status":"publish","type":"product","link":"https:\/\/artstella-elixirs-floraux.com\/fr_fr\/produit\/combination-blessings-of-dog-30ml\/","title":{"rendered":"Combination Blessings of Dog 30ML"},"content":{"rendered":"<p><span>Soutient l\u2019exp\u00e9rience de vivre pleinement avec exub\u00e9rance et joie. Conf\u00e8re la capacit\u00e9 d\u2019\u00eatre dans le moment pr\u00e9sent et jouir de la simplicit\u00e9 d\u2019\u00eatre vivant.<\/span><\/p>\n","protected":false},"excerpt":{"rendered":"<p><strong><span>Combination Blessings of Dog (Complexe \u201cB\u00e9n\u00e9diction de chien\u201d) <\/span><\/strong><\/p>\n<p><span>Pour exp\u00e9rimenter la joie, l\u2019amour, l\u2019enjouement, la simplicit\u00e9 et la pr\u00e9sence incarn\u00e9s par les chiens, en g\u00e9n\u00e9ral. Grande joie d\u2019\u00eatre vivant et vivre du c\u0153ur. Cr\u00e9ation des liens affectifs avec autrui, \u00eatre loyal et d\u00e9vou\u00e9 \u00e0 ceux que nous aimons.\u00a0<\/span><\/p>\n","protected":false},"featured_media":9960,"template":"","meta":[],"product_brand":[],"product_cat":[182],"product_tag":[],"class_list":{"0":"post-5586","1":"product","2":"type-product","3":"status-publish","4":"has-post-thumbnail","6":"product_cat-les-elixirs-de-chien-interieur","8":"first","9":"instock","10":"taxable","11":"shipping-taxable","12":"purchasable","13":"product-type-simple"},"etheme_brands":{"errors":{"invalid_taxonomy":["Taxonomie non valide."]},"error_data":[]},"jetpack_sharing_enabled":true,"jetpack-related-posts":[{"id":5580,"url":"https:\/\/artstella-elixirs-floraux.com\/fr_fr\/produit\/terrier-simplicite-et-joie-30ml\/","url_meta":{"origin":5586,"position":0},"title":"Terrier \/ simplicit\u00e9 et joie 30ml","author":"eveapprill","date":"9 mars 2025","format":false,"excerpt":"Terrier \/ simplicit\u00e9 et joie Pour exp\u00e9rimenter la simplicit\u00e9 et joie du moment pr\u00e9sent. Pour l\u00e2cher notre esprit sur-occup\u00e9 et appr\u00e9cier ce qui nous entoure. Tout est si simple, vraiment ! La vie est un parcoursde joie et bonheur. Pour laisser aller les complexit\u00e9s de la vie et savourer les\u2026","rel":"","context":"Article similaire","block_context":{"text":"Article similaire","link":""},"img":{"alt_text":"","src":"https:\/\/i0.wp.com\/artstella-elixirs-floraux.com\/wp-content\/uploads\/2025\/03\/bfbbed25-4c52-4a51-9d08-dbdd8aad9c72.jpg?resize=350%2C200&ssl=1","width":350,"height":200,"srcset":"https:\/\/i0.wp.com\/artstella-elixirs-floraux.com\/wp-content\/uploads\/2025\/03\/bfbbed25-4c52-4a51-9d08-dbdd8aad9c72.jpg?resize=350%2C200&ssl=1 1x, https:\/\/i0.wp.com\/artstella-elixirs-floraux.com\/wp-content\/uploads\/2025\/03\/bfbbed25-4c52-4a51-9d08-dbdd8aad9c72.jpg?resize=525%2C300&ssl=1 1.5x, https:\/\/i0.wp.com\/artstella-elixirs-floraux.com\/wp-content\/uploads\/2025\/03\/bfbbed25-4c52-4a51-9d08-dbdd8aad9c72.jpg?resize=700%2C400&ssl=1 2x"},"classes":[]},{"id":5582,"url":"https:\/\/artstella-elixirs-floraux.com\/fr_fr\/produit\/working-dog-chien-de-travail-30ml\/","url_meta":{"origin":5586,"position":1},"title":"Working Dog (Chien de travail) 30ml","author":"eveapprill","date":"9 mars 2025","format":false,"excerpt":"Working Dog (Chien de travail) \/ \u201cAllons travailler! \u00bb Pour s\u2019impliquer dans le monde du travail avec grande joie et gait\u00e9 ! Donne de l\u2019endurance et l\u2019engagement pour rester sur le bon chemin et accomplir les choses remarquables avec concentration et joie.\u00a0","rel":"","context":"Article similaire","block_context":{"text":"Article similaire","link":""},"img":{"alt_text":"","src":"https:\/\/i0.wp.com\/artstella-elixirs-floraux.com\/wp-content\/uploads\/2025\/03\/147c79e4-0bd9-491f-8f07-69af9e2163b9.jpg?resize=350%2C200&ssl=1","width":350,"height":200,"srcset":"https:\/\/i0.wp.com\/artstella-elixirs-floraux.com\/wp-content\/uploads\/2025\/03\/147c79e4-0bd9-491f-8f07-69af9e2163b9.jpg?resize=350%2C200&ssl=1 1x, https:\/\/i0.wp.com\/artstella-elixirs-floraux.com\/wp-content\/uploads\/2025\/03\/147c79e4-0bd9-491f-8f07-69af9e2163b9.jpg?resize=525%2C300&ssl=1 1.5x, https:\/\/i0.wp.com\/artstella-elixirs-floraux.com\/wp-content\/uploads\/2025\/03\/147c79e4-0bd9-491f-8f07-69af9e2163b9.jpg?resize=700%2C400&ssl=1 2x"},"classes":[]},{"id":5584,"url":"https:\/\/artstella-elixirs-floraux.com\/fr_fr\/produit\/wolf-dog-hybrid-hybride-loup-chien-30ml\/","url_meta":{"origin":5586,"position":2},"title":"Wolf-dog Hybrid (Hybride loup-chien) 30ML","author":"eveapprill","date":"9 mars 2025","format":false,"excerpt":"Wolf-dog Hybrid (Hybride loup-chien) \/ sauvagerie saine Pour rester connect\u00e9 avec la nature dans la vie moderne. Apporte un \u00e9quilibre entre le sauvage et l\u2019apprivois\u00e9 en nous. Pour rester en contact avec son c\u00f4t\u00e9 sauvage mais sain. Pour se sentir une appartenance sociale avec sa \u00ab meute \u00bb et le\u2026","rel":"","context":"Article similaire","block_context":{"text":"Article similaire","link":""},"img":{"alt_text":"","src":"https:\/\/i0.wp.com\/artstella-elixirs-floraux.com\/wp-content\/uploads\/2025\/03\/e5130010-8c56-43f9-acf4-6dee43f9f3c1.jpg?resize=350%2C200&ssl=1","width":350,"height":200,"srcset":"https:\/\/i0.wp.com\/artstella-elixirs-floraux.com\/wp-content\/uploads\/2025\/03\/e5130010-8c56-43f9-acf4-6dee43f9f3c1.jpg?resize=350%2C200&ssl=1 1x, https:\/\/i0.wp.com\/artstella-elixirs-floraux.com\/wp-content\/uploads\/2025\/03\/e5130010-8c56-43f9-acf4-6dee43f9f3c1.jpg?resize=525%2C300&ssl=1 1.5x, https:\/\/i0.wp.com\/artstella-elixirs-floraux.com\/wp-content\/uploads\/2025\/03\/e5130010-8c56-43f9-acf4-6dee43f9f3c1.jpg?resize=700%2C400&ssl=1 2x"},"classes":[]},{"id":2647,"url":"https:\/\/artstella-elixirs-floraux.com\/fr_fr\/produit\/dog-rose-bush-15ml\/","url_meta":{"origin":5586,"position":3},"title":"DOG ROSE BUSH 15ml","author":"eveapprill","date":"9 mars 2025","format":false,"excerpt":"DOG ROSE Etre peureux, timide, se sentir ins\u00e9curis\u00e9, avoir peur des autres. Confiance, courage, croire en soi, joie de vivre.","rel":"","context":"Article similaire","block_context":{"text":"Article similaire","link":""},"img":{"alt_text":"","src":"https:\/\/i0.wp.com\/artstella-elixirs-floraux.com\/wp-content\/uploads\/2025\/03\/wp-image254.png?resize=350%2C200&ssl=1","width":350,"height":200},"classes":[]},{"id":5576,"url":"https:\/\/artstella-elixirs-floraux.com\/fr_fr\/produit\/retriever-joie-et-jeu-30ml\/","url_meta":{"origin":5586,"position":4},"title":"Retriever \/ joie et jeu 30ml","author":"eveapprill","date":"9 mars 2025","format":false,"excerpt":"Retriever \/ joie et jeu Pour exp\u00e9rimenter la joie et l\u2019exub\u00e9rance d\u2019\u00eatre en vie. Pour les sentiments de gaiet\u00e9, joie et enchantement enfantin. \u00ab Allons jouer ! \u00bb. Pour vivre chaque moment avec enthousiasme et joie. Aide \u00e0 accomplir les t\u00e2ches r\u00e9p\u00e9titives avec bonheur et grande joie plut\u00f4t qu\u2019avec ennui\u2026","rel":"","context":"Article similaire","block_context":{"text":"Article similaire","link":""},"img":{"alt_text":"","src":"https:\/\/i0.wp.com\/artstella-elixirs-floraux.com\/wp-content\/uploads\/2025\/03\/3e1c3a1f-62a4-4440-8a10-b0c766b16052.jpg?resize=350%2C200&ssl=1","width":350,"height":200,"srcset":"https:\/\/i0.wp.com\/artstella-elixirs-floraux.com\/wp-content\/uploads\/2025\/03\/3e1c3a1f-62a4-4440-8a10-b0c766b16052.jpg?resize=350%2C200&ssl=1 1x, https:\/\/i0.wp.com\/artstella-elixirs-floraux.com\/wp-content\/uploads\/2025\/03\/3e1c3a1f-62a4-4440-8a10-b0c766b16052.jpg?resize=525%2C300&ssl=1 1.5x, https:\/\/i0.wp.com\/artstella-elixirs-floraux.com\/wp-content\/uploads\/2025\/03\/3e1c3a1f-62a4-4440-8a10-b0c766b16052.jpg?resize=700%2C400&ssl=1 2x"},"classes":[]},{"id":5574,"url":"https:\/\/artstella-elixirs-floraux.com\/fr_fr\/produit\/protector-inner-dog-wea30ml\/","url_meta":{"origin":5586,"position":5},"title":"PROTECTOR \u00ab\u00a0INNER DOG\u00a0\u00bb WEA30ML","author":"eveapprill","date":"9 mars 2025","format":false,"excerpt":"Protector (Protecteur) \/ S\u00e9curit\u00e9 Pour traverser la vie avec le sentiment d\u2019\u00eatre en s\u00e9curit\u00e9 et prot\u00e9g\u00e9. Pour savoir que nous sommes en s\u00e9curit\u00e9 o\u00f9 que nous allions. Conf\u00e8re un sentiment d\u2019invincibilit\u00e9 saine \u2013 sachant que rien ne peut nous faire du mal. Pour se sentir confiant et fort en faisant\u2026","rel":"","context":"Article similaire","block_context":{"text":"Article similaire","link":""},"img":{"alt_text":"","src":"https:\/\/i0.wp.com\/artstella-elixirs-floraux.com\/wp-content\/uploads\/2025\/03\/cdb8ca27-b10c-418b-9cf2-26625ea14d57.jpg?resize=350%2C200&ssl=1","width":350,"height":200,"srcset":"https:\/\/i0.wp.com\/artstella-elixirs-floraux.com\/wp-content\/uploads\/2025\/03\/cdb8ca27-b10c-418b-9cf2-26625ea14d57.jpg?resize=350%2C200&ssl=1 1x, https:\/\/i0.wp.com\/artstella-elixirs-floraux.com\/wp-content\/uploads\/2025\/03\/cdb8ca27-b10c-418b-9cf2-26625ea14d57.jpg?resize=525%2C300&ssl=1 1.5x, https:\/\/i0.wp.com\/artstella-elixirs-floraux.com\/wp-content\/uploads\/2025\/03\/cdb8ca27-b10c-418b-9cf2-26625ea14d57.jpg?resize=700%2C400&ssl=1 2x"},"classes":[]}],"_links":{"self":[{"href":"https:\/\/artstella-elixirs-floraux.com\/fr_fr\/wp-json\/wp\/v2\/product\/5586","targetHints":{"allow":["GET"]}}],"collection":[{"href":"https:\/\/artstella-elixirs-floraux.com\/fr_fr\/wp-json\/wp\/v2\/product"}],"about":[{"href":"https:\/\/artstella-elixirs-floraux.com\/fr_fr\/wp-json\/wp\/v2\/types\/product"}],"version-history":[{"count":0,"href":"https:\/\/artstella-elixirs-floraux.com\/fr_fr\/wp-json\/wp\/v2\/product\/5586\/revisions"}],"wp:featuredmedia":[{"embeddable":true,"href":"https:\/\/artstella-elixirs-floraux.com\/fr_fr\/wp-json\/wp\/v2\/media\/9960"}],"wp:attachment":[{"href":"https:\/\/artstella-elixirs-floraux.com\/fr_fr\/wp-json\/wp\/v2\/media?parent=5586"}],"wp:term":[{"taxonomy":"product_brand","embeddable":true,"href":"https:\/\/artstella-elixirs-floraux.com\/fr_fr\/wp-json\/wp\/v2\/product_brand?post=5586"},{"taxonomy":"product_cat","embeddable":true,"href":"https:\/\/artstella-elixirs-floraux.com\/fr_fr\/wp-json\/wp\/v2\/product_cat?post=5586"},{"taxonomy":"product_tag","embeddable":true,"href":"https:\/\/artstella-elixirs-floraux.com\/fr_fr\/wp-json\/wp\/v2\/product_tag?post=5586"}],"curies":[{"name":"wp","href":"https:\/\/api.w.org\/{rel}","templated":true}]}}