{"id":5590,"date":"2025-03-09T13:45:22","date_gmt":"2025-03-09T13:45:22","guid":{"rendered":"https:\/\/artstella-elixirs-floraux.com\/product\/pyramide-bosnie-phi-15ml\/"},"modified":"2025-04-25T13:22:36","modified_gmt":"2025-04-25T13:22:36","slug":"pyramide-bosnie-phi-15ml","status":"publish","type":"product","link":"https:\/\/artstella-elixirs-floraux.com\/fr_fr\/produit\/pyramide-bosnie-phi-15ml\/","title":{"rendered":"PYRAMIDE BOSNIE PHI 15ML"},"content":{"rendered":"<p><span>L\u2019\u00e9nergie vitale en forme de tore est stimul\u00e9e et peut couler de bas en haut.<\/span><\/p>\n","protected":false},"excerpt":{"rendered":"<p><span>Cet \u00e9lixir nous relie fortement \u00e0 la terre. Il apporte stabilit\u00e9 et force et par le septi\u00e8me chakra nous relie aux chakras sup\u00e9rieurs. Il s\u2019agit d\u2019\u00e9quilibrer le haut et le bas. Les \u00e9nergies corporelles sont stimul\u00e9es et peuvent circuler librement.\u00a0<\/span><\/p>\n","protected":false},"featured_media":5591,"template":"","meta":[],"product_brand":[],"product_cat":[86],"product_tag":[],"class_list":{"0":"post-5590","1":"product","2":"type-product","3":"status-publish","4":"has-post-thumbnail","6":"product_cat-les-elixirs-environnementaux","8":"first","9":"instock","10":"taxable","11":"shipping-taxable","12":"purchasable","13":"product-type-simple"},"etheme_brands":{"errors":{"invalid_taxonomy":["Taxonomie non valide."]},"error_data":[]},"jetpack_sharing_enabled":true,"jetpack-related-posts":[{"id":5108,"url":"https:\/\/artstella-elixirs-floraux.com\/fr_fr\/produit\/tourmalated-quartz-30-ml-gem-sup\/","url_meta":{"origin":5590,"position":0},"title":"TOURMALATED QUARTZ 30 ML GEM SUP","author":"eveapprill","date":"9 avril 2025","format":false,"excerpt":"Tourmalated Quartz \u2013 Quartz tourmaline Indications\u00a0: flux d\u2019\u00e9nergie congestionn\u00e9 ou d\u00e9s\u00e9quilibr\u00e9 entre les chakras et les corps subtils\u00a0; \u00e9nergie toxique dans l\u2019aura\u00a0; manque de circulation dans les chakras inf\u00e9rieurs d\u2019\u00e9nergies spirituelles","rel":"","context":"Article similaire","block_context":{"text":"Article similaire","link":""},"img":{"alt_text":"","src":"https:\/\/i0.wp.com\/artstella-elixirs-floraux.com\/wp-content\/uploads\/2025\/03\/wp-image1420.png?resize=350%2C200&ssl=1","width":350,"height":200},"classes":[]},{"id":5518,"url":"https:\/\/artstella-elixirs-floraux.com\/fr_fr\/produit\/orque\/","url_meta":{"origin":5590,"position":1},"title":"ORQUE","author":"eveapprill","date":"9 mars 2025","format":false,"excerpt":"ORQUE - Orca (Orcinus Orca) Cet \u00e9lixir a une forte action au niveau du chakra du c\u0153ur et nous relie \u00e0 la cinqui\u00e8me dimension. Il nous relie \u00e0 notre force int\u00e9rieure et nous permet de puiser dans notre potentiel de cr\u00e9ation, pour nous relier \u00e0 la lumi\u00e8re. Dans cette dimension,\u2026","rel":"","context":"Article similaire","block_context":{"text":"Article similaire","link":""},"img":{"alt_text":"","src":"https:\/\/i0.wp.com\/artstella-elixirs-floraux.com\/wp-content\/uploads\/2025\/03\/wp-image1754.png?resize=350%2C200&ssl=1","width":350,"height":200},"classes":[]},{"id":5049,"url":"https:\/\/artstella-elixirs-floraux.com\/fr_fr\/produit\/black-tourmaline-master-q-7-5-ml\/","url_meta":{"origin":5590,"position":2},"title":"BLACK TOURMALINE MASTER Q 7.5 ML","author":"eveapprill","date":"9 mars 2025","format":false,"excerpt":"Black Tourmaline\/Master Quartz \u2013 Tourmaline noire \/quartz ma\u00eetre Indication flux d\u2019\u00e9nergie restreint dans certaines parties du corps\u00a0; haut niveau d\u2019\u00e9nergies toxiques dans les chakras\u00a0; incapacit\u00e9 \u00e0 int\u00e9grer l\u2019\u00e9nergie spirituelle avec la programmation de la survie.","rel":"","context":"Article similaire","block_context":{"text":"Article similaire","link":""},"img":{"alt_text":"","src":"https:\/\/i0.wp.com\/artstella-elixirs-floraux.com\/wp-content\/uploads\/2025\/03\/wp-image1400.png?resize=350%2C200&ssl=1","width":350,"height":200},"classes":[]},{"id":3539,"url":"https:\/\/artstella-elixirs-floraux.com\/fr_fr\/produit\/regulateur-de-la-base-lto-15-ml\/","url_meta":{"origin":5590,"position":3},"title":"R\u00e9gulateur de la base LTO 15 ML","author":"eveapprill","date":"9 mars 2025","format":false,"excerpt":"R\u00e9gulateur de la base \/ Base Regulator (Bulbophyllum gracillimum)Profond sur les centres pelviens de m\u00eame que sur le chakra coronal. Il clarifie l\u2019exc\u00e8s d\u2019\u00e9nergies sexuelles. Il poss\u00e8de \u00e9galement une action sur le foie qui en r\u00e9duit la \u00ab\u00a0chaleur\u00a0\u00bb, permettant d\u2019\u00e9quilibrer l\u2019hyperglyc\u00e9mie.","rel":"","context":"Article similaire","block_context":{"text":"Article similaire","link":""},"img":{"alt_text":"","src":"https:\/\/i0.wp.com\/artstella-elixirs-floraux.com\/wp-content\/uploads\/2025\/03\/93c38b70-1e87-4a94-84ea-2c40152db0a3.jpg?resize=350%2C200&ssl=1","width":350,"height":200,"srcset":"https:\/\/i0.wp.com\/artstella-elixirs-floraux.com\/wp-content\/uploads\/2025\/03\/93c38b70-1e87-4a94-84ea-2c40152db0a3.jpg?resize=350%2C200&ssl=1 1x, https:\/\/i0.wp.com\/artstella-elixirs-floraux.com\/wp-content\/uploads\/2025\/03\/93c38b70-1e87-4a94-84ea-2c40152db0a3.jpg?resize=525%2C300&ssl=1 1.5x, https:\/\/i0.wp.com\/artstella-elixirs-floraux.com\/wp-content\/uploads\/2025\/03\/93c38b70-1e87-4a94-84ea-2c40152db0a3.jpg?resize=700%2C400&ssl=1 2x"},"classes":[]},{"id":3435,"url":"https:\/\/artstella-elixirs-floraux.com\/fr_fr\/produit\/masse-dhercule-15-ml-phi\/","url_meta":{"origin":5590,"position":4},"title":"MASSE D&rsquo;HERCULE 15 ML PHI","author":"eveapprill","date":"9 mars 2025","format":false,"excerpt":"Masse d\u2019Hercule (Clavariadelphus pistillaris) (Herkuleskeule) L'\u00e9lixir nous relie directement \u00e0 notre moi sup\u00e9rieur (\u00e0 partir du 8\u00e8me chakra). Par ce contact, nous pouvons reconna\u00eetre clairement ce qui est juste et important pour nous en ce moment et pouvons donc mieux orienter notre \u00e9nergie.","rel":"","context":"Article similaire","block_context":{"text":"Article similaire","link":""},"img":{"alt_text":"","src":"https:\/\/i0.wp.com\/artstella-elixirs-floraux.com\/wp-content\/uploads\/2025\/03\/wp-image319.png?resize=350%2C200&ssl=1","width":350,"height":200},"classes":[]},{"id":4123,"url":"https:\/\/artstella-elixirs-floraux.com\/fr_fr\/produit\/artemis-manchado-sylfos-15ml-pap\/","url_meta":{"origin":5590,"position":5},"title":"ARTEMIS MANCHADO SYLFOS 15ML PAP","author":"eveapprill","date":"9 mars 2025","format":false,"excerpt":"ARTEMIS MANCHADO Limenitis arthemis astyanax Manifestation Cet \u00e9lixir relie le chakra racine avec le chakra de la couronne, ouvrant ainsi les portes vers le 8\u00e8me, 9\u00e8me et 10\u00e8me chakra. Il permet la MANIFESTATION. De plus, il nous apporte protection contre la n\u00e9gativit\u00e9 de par l\u2019\u00e9l\u00e9vation de notre niveau de vibration.","rel":"","context":"Article similaire","block_context":{"text":"Article similaire","link":""},"img":{"alt_text":"","src":"","width":0,"height":0},"classes":[]}],"_links":{"self":[{"href":"https:\/\/artstella-elixirs-floraux.com\/fr_fr\/wp-json\/wp\/v2\/product\/5590","targetHints":{"allow":["GET"]}}],"collection":[{"href":"https:\/\/artstella-elixirs-floraux.com\/fr_fr\/wp-json\/wp\/v2\/product"}],"about":[{"href":"https:\/\/artstella-elixirs-floraux.com\/fr_fr\/wp-json\/wp\/v2\/types\/product"}],"version-history":[{"count":0,"href":"https:\/\/artstella-elixirs-floraux.com\/fr_fr\/wp-json\/wp\/v2\/product\/5590\/revisions"}],"wp:featuredmedia":[{"embeddable":true,"href":"https:\/\/artstella-elixirs-floraux.com\/fr_fr\/wp-json\/wp\/v2\/media\/5591"}],"wp:attachment":[{"href":"https:\/\/artstella-elixirs-floraux.com\/fr_fr\/wp-json\/wp\/v2\/media?parent=5590"}],"wp:term":[{"taxonomy":"product_brand","embeddable":true,"href":"https:\/\/artstella-elixirs-floraux.com\/fr_fr\/wp-json\/wp\/v2\/product_brand?post=5590"},{"taxonomy":"product_cat","embeddable":true,"href":"https:\/\/artstella-elixirs-floraux.com\/fr_fr\/wp-json\/wp\/v2\/product_cat?post=5590"},{"taxonomy":"product_tag","embeddable":true,"href":"https:\/\/artstella-elixirs-floraux.com\/fr_fr\/wp-json\/wp\/v2\/product_tag?post=5590"}],"curies":[{"name":"wp","href":"https:\/\/api.w.org\/{rel}","templated":true}]}}