{"id":5594,"date":"2025-03-09T13:45:36","date_gmt":"2025-03-09T13:45:36","guid":{"rendered":"https:\/\/artstella-elixirs-floraux.com\/product\/pyramide-teotihuacan-phi-15ml\/"},"modified":"2025-06-08T12:49:57","modified_gmt":"2025-06-08T12:49:57","slug":"pyramide-teotihuacan-phi-15ml","status":"publish","type":"product","link":"https:\/\/artstella-elixirs-floraux.com\/fr_fr\/produit\/pyramide-teotihuacan-phi-15ml\/","title":{"rendered":"PYRAMIDE TEOTIHUACAN PHI 15ML"},"content":{"rendered":"","protected":false},"excerpt":{"rendered":"<p><span>L\u2019\u00e9lixir nous relie \u00e0 la terre, la lumi\u00e8re int\u00e9rieure. Il ouvre notre chakra coronal et renforce nos corps de lumi\u00e8re<\/span><\/p>\n","protected":false},"featured_media":5595,"template":"","meta":[],"product_brand":[],"product_cat":[86],"product_tag":[],"class_list":{"0":"post-5594","1":"product","2":"type-product","3":"status-publish","4":"has-post-thumbnail","6":"product_cat-les-elixirs-environnementaux","8":"first","9":"instock","10":"taxable","11":"shipping-taxable","12":"purchasable","13":"product-type-simple"},"etheme_brands":{"errors":{"invalid_taxonomy":["Taxonomie non valide."]},"error_data":[]},"jetpack_sharing_enabled":true,"jetpack-related-posts":[{"id":3583,"url":"https:\/\/artstella-elixirs-floraux.com\/fr_fr\/produit\/lumiere-radieuse-15-ml-ltoe\/","url_meta":{"origin":5594,"position":0},"title":"Golden Radiance 15 ml LTOE","author":"eveapprill","date":"9 mars 2025","format":false,"excerpt":"Lumi\u00e8re radieuse\/Golden Radiance (Phragmipedium St. Ouen) De tous les \u00e9lixirs LT, cet \u00e9lixir est probablement celui dont l\u2019application est la plus universelle.","rel":"","context":"Article similaire","block_context":{"text":"Article similaire","link":""},"img":{"alt_text":"","src":"https:\/\/i0.wp.com\/artstella-elixirs-floraux.com\/wp-content\/uploads\/2025\/03\/686926e2-541a-4130-9bbd-8516aee47a7e.jpg?resize=350%2C200&ssl=1","width":350,"height":200,"srcset":"https:\/\/i0.wp.com\/artstella-elixirs-floraux.com\/wp-content\/uploads\/2025\/03\/686926e2-541a-4130-9bbd-8516aee47a7e.jpg?resize=350%2C200&ssl=1 1x, https:\/\/i0.wp.com\/artstella-elixirs-floraux.com\/wp-content\/uploads\/2025\/03\/686926e2-541a-4130-9bbd-8516aee47a7e.jpg?resize=525%2C300&ssl=1 1.5x, https:\/\/i0.wp.com\/artstella-elixirs-floraux.com\/wp-content\/uploads\/2025\/03\/686926e2-541a-4130-9bbd-8516aee47a7e.jpg?resize=700%2C400&ssl=1 2x"},"classes":[]},{"id":12257,"url":"https:\/\/artstella-elixirs-floraux.com\/fr_fr\/produit\/7-orchidee-de-lumiere-sobralia-dichotoma-sylfos\/","url_meta":{"origin":5594,"position":1},"title":"07. ORCHID\u00c9E DE LUMI\u00c8RE Sobralia dichotoma Sylfos","author":"eveapprill","date":"13 mars 2026","format":false,"excerpt":"\u00c9lixir d\u2019ancrage de la lumi\u00e8re spirituelle. Clarifie la conscience, stabilise l\u2019\u00e9veil int\u00e9rieur et harmonise la relation entre ciel et terre.","rel":"","context":"Article similaire","block_context":{"text":"Article similaire","link":""},"img":{"alt_text":"","src":"https:\/\/i0.wp.com\/artstella-elixirs-floraux.com\/wp-content\/uploads\/2026\/03\/7_LUZ_-WEB.png?resize=350%2C200&ssl=1","width":350,"height":200},"classes":[]},{"id":4080,"url":"https:\/\/artstella-elixirs-floraux.com\/fr_fr\/produit\/luz-lumiere-15-ml-sylfos\/","url_meta":{"origin":5594,"position":2},"title":"LUZ \/ LUMIERE 15 ML SYLFOS","author":"eveapprill","date":"9 mars 2025","format":false,"excerpt":"Aide \u00e0 maintenir les pieds sur terre, et apaise les \u00e9motions. Apporte de la \u00ab\u00a0 lumi\u00e8re\u00a0\u00bb dans une phase de sombre, voire\u00a0 \u00e0 tendance d\u00e9pressive. Permet de retrouver clart\u00e9 et objectivit\u00e9, notamment face au trop plein d\u2019information n\u00e9gatives, voire manipulatrices.","rel":"","context":"Article similaire","block_context":{"text":"Article similaire","link":""},"img":{"alt_text":"","src":"https:\/\/i0.wp.com\/artstella-elixirs-floraux.com\/wp-content\/uploads\/2025\/03\/63b05c56-ed71-4a24-a717-2bec00eb45d9.jpg?resize=350%2C200&ssl=1","width":350,"height":200,"srcset":"https:\/\/i0.wp.com\/artstella-elixirs-floraux.com\/wp-content\/uploads\/2025\/03\/63b05c56-ed71-4a24-a717-2bec00eb45d9.jpg?resize=350%2C200&ssl=1 1x, https:\/\/i0.wp.com\/artstella-elixirs-floraux.com\/wp-content\/uploads\/2025\/03\/63b05c56-ed71-4a24-a717-2bec00eb45d9.jpg?resize=525%2C300&ssl=1 1.5x, https:\/\/i0.wp.com\/artstella-elixirs-floraux.com\/wp-content\/uploads\/2025\/03\/63b05c56-ed71-4a24-a717-2bec00eb45d9.jpg?resize=700%2C400&ssl=1 2x"},"classes":[]},{"id":11324,"url":"https:\/\/artstella-elixirs-floraux.com\/fr_fr\/produit\/lighten-up-lumiere-energie-spray\/","url_meta":{"origin":5594,"position":3},"title":"Lighten Up (Lumi\u00e8re\/Energie) &#8211; Spray","author":"eveapprill","date":"31 ao\u00fbt 2025","format":false,"excerpt":"Lighten Up est un complexe destin\u00e9 \u00e0 amplifier notre capacit\u00e9 \u00e0 incarner la lumi\u00e8re. Il a un effet fortifiant, \u00e9nergisant, inspirateur, nourricier et all\u00e9geant. Il a \u00e9t\u00e9 cr\u00e9\u00e9 sp\u00e9cifiquement pour ceux qui souffrent du manque de lumi\u00e8re, soit en raison de leur situation g\u00e9ographique (latitudes extr\u00eame nord ou sud), de\u2026","rel":"","context":"Article similaire","block_context":{"text":"Article similaire","link":""},"img":{"alt_text":"","src":"https:\/\/i0.wp.com\/artstella-elixirs-floraux.com\/wp-content\/uploads\/2025\/08\/lighten-up.jpg?resize=350%2C200&ssl=1","width":350,"height":200},"classes":[]},{"id":3615,"url":"https:\/\/artstella-elixirs-floraux.com\/fr_fr\/produit\/33-light-of-my-eye-15-ml\/","url_meta":{"origin":5594,"position":4},"title":"LIGHT OF MY EYE 15 ML","author":"eveapprill","date":"9 mars 2025","format":false,"excerpt":"Light of My Eye\/ \u00c9toile filante Selon la tradition am\u00e9rindienne, la Grenouille regarde vers les \u00e9toiles et le Grand Manitou la couvre de lumi\u00e8re c\u00e9leste (les grenouilles captent la lumi\u00e8re des \u00e9toiles","rel":"","context":"Article similaire","block_context":{"text":"Article similaire","link":""},"img":{"alt_text":"33. LIGHT OF MY EYE 15 ML","src":"https:\/\/i0.wp.com\/artstella-elixirs-floraux.com\/wp-content\/uploads\/2025\/03\/009eab9c-bfae-4b17-aa75-d7c293c51d7c.jpg?resize=350%2C200&ssl=1","width":350,"height":200,"srcset":"https:\/\/i0.wp.com\/artstella-elixirs-floraux.com\/wp-content\/uploads\/2025\/03\/009eab9c-bfae-4b17-aa75-d7c293c51d7c.jpg?resize=350%2C200&ssl=1 1x, https:\/\/i0.wp.com\/artstella-elixirs-floraux.com\/wp-content\/uploads\/2025\/03\/009eab9c-bfae-4b17-aa75-d7c293c51d7c.jpg?resize=525%2C300&ssl=1 1.5x, https:\/\/i0.wp.com\/artstella-elixirs-floraux.com\/wp-content\/uploads\/2025\/03\/009eab9c-bfae-4b17-aa75-d7c293c51d7c.jpg?resize=700%2C400&ssl=1 2x"},"classes":[]},{"id":2699,"url":"https:\/\/artstella-elixirs-floraux.com\/fr_fr\/produit\/lighten-up-alaska\/","url_meta":{"origin":5594,"position":5},"title":"LIGHTEN UP ALASKA","author":"eveapprill","date":"9 mars 2025","format":false,"excerpt":"Lighten up (Allumer la lumi\u00e8re) existe en gouttes et en\u00a0 spray. Contient : Carnelian . Grass of Parnassus . Orange Calcite . Solstice Sun. Pour ceux qui \u00e9prouvent une carence en lumi\u00e8re naturelle (pays du nord, appartement mal \u00e9clair\u00e9) ou parce que leur syst\u00e8me \u00e9nerg\u00e9tique est bloqu\u00e9.","rel":"","context":"Article similaire","block_context":{"text":"Article similaire","link":""},"img":{"alt_text":"","src":"https:\/\/i0.wp.com\/artstella-elixirs-floraux.com\/wp-content\/uploads\/2025\/03\/2edc7c31-74b3-4ee1-b54d-b234c5659ced.jpg?resize=350%2C200&ssl=1","width":350,"height":200,"srcset":"https:\/\/i0.wp.com\/artstella-elixirs-floraux.com\/wp-content\/uploads\/2025\/03\/2edc7c31-74b3-4ee1-b54d-b234c5659ced.jpg?resize=350%2C200&ssl=1 1x, https:\/\/i0.wp.com\/artstella-elixirs-floraux.com\/wp-content\/uploads\/2025\/03\/2edc7c31-74b3-4ee1-b54d-b234c5659ced.jpg?resize=525%2C300&ssl=1 1.5x, https:\/\/i0.wp.com\/artstella-elixirs-floraux.com\/wp-content\/uploads\/2025\/03\/2edc7c31-74b3-4ee1-b54d-b234c5659ced.jpg?resize=700%2C400&ssl=1 2x"},"classes":[]}],"_links":{"self":[{"href":"https:\/\/artstella-elixirs-floraux.com\/fr_fr\/wp-json\/wp\/v2\/product\/5594","targetHints":{"allow":["GET"]}}],"collection":[{"href":"https:\/\/artstella-elixirs-floraux.com\/fr_fr\/wp-json\/wp\/v2\/product"}],"about":[{"href":"https:\/\/artstella-elixirs-floraux.com\/fr_fr\/wp-json\/wp\/v2\/types\/product"}],"version-history":[{"count":0,"href":"https:\/\/artstella-elixirs-floraux.com\/fr_fr\/wp-json\/wp\/v2\/product\/5594\/revisions"}],"wp:featuredmedia":[{"embeddable":true,"href":"https:\/\/artstella-elixirs-floraux.com\/fr_fr\/wp-json\/wp\/v2\/media\/5595"}],"wp:attachment":[{"href":"https:\/\/artstella-elixirs-floraux.com\/fr_fr\/wp-json\/wp\/v2\/media?parent=5594"}],"wp:term":[{"taxonomy":"product_brand","embeddable":true,"href":"https:\/\/artstella-elixirs-floraux.com\/fr_fr\/wp-json\/wp\/v2\/product_brand?post=5594"},{"taxonomy":"product_cat","embeddable":true,"href":"https:\/\/artstella-elixirs-floraux.com\/fr_fr\/wp-json\/wp\/v2\/product_cat?post=5594"},{"taxonomy":"product_tag","embeddable":true,"href":"https:\/\/artstella-elixirs-floraux.com\/fr_fr\/wp-json\/wp\/v2\/product_tag?post=5594"}],"curies":[{"name":"wp","href":"https:\/\/api.w.org\/{rel}","templated":true}]}}