{"id":5596,"date":"2025-03-09T13:45:38","date_gmt":"2025-03-09T13:45:38","guid":{"rendered":"https:\/\/artstella-elixirs-floraux.com\/product\/edelweiss-15ml-deva\/"},"modified":"2025-12-03T20:22:04","modified_gmt":"2025-12-03T20:22:04","slug":"edelweiss-15ml-deva","status":"publish","type":"product","link":"https:\/\/artstella-elixirs-floraux.com\/fr_fr\/produit\/edelweiss-15ml-deva\/","title":{"rendered":"Edelweiss 15ml DEVA"},"content":{"rendered":"","protected":false},"excerpt":{"rendered":"<p><strong><em>Edelweiss<\/em><\/strong><\/p>\n<p>Don de soi, lucidit\u00e9. Pour ceux qui se sentent perdus et qui ne savent plus quelle direction suivre dans les moments difficiles<\/p>\n","protected":false},"featured_media":5597,"template":"","meta":[],"product_brand":[],"product_cat":[183],"product_tag":[],"class_list":{"0":"post-5596","1":"product","2":"type-product","3":"status-publish","4":"has-post-thumbnail","6":"product_cat-les-elixirs-floraux-deva-unitaires","8":"first","9":"instock","10":"taxable","11":"shipping-taxable","12":"purchasable","13":"product-type-simple"},"etheme_brands":{"errors":{"invalid_taxonomy":["Taxonomie non valide."]},"error_data":[]},"jetpack_sharing_enabled":true,"jetpack-related-posts":[{"id":5294,"url":"https:\/\/artstella-elixirs-floraux.com\/fr_fr\/produit\/complexe-n7-lacher-prise-deva-30ml\/","url_meta":{"origin":5596,"position":0},"title":"COMPLEXE N\u00b07 Lacher prise DEVA 30ML","author":"eveapprill","date":"9 mars 2025","format":false,"excerpt":"Le compos\u00e9 floral n\u00b0 07 LACHER PRISE\u00a0est conseill\u00e9 aux personnes en situations de surmenage. Il apporte la capacit\u00e9\u00a0de l\u00e2cher prise et le discernement pour trouver un juste \u00e9quilibre de leurs responsabilit\u00e9s. Il donne un regain de vitalit\u00e9 pour faire face au quotidien.","rel":"","context":"Article similaire","block_context":{"text":"Article similaire","link":""},"img":{"alt_text":"","src":"https:\/\/i0.wp.com\/artstella-elixirs-floraux.com\/wp-content\/uploads\/2025\/03\/cf8119d9-d108-4252-b32d-6727b6e09ed1.jpg?resize=350%2C200&ssl=1","width":350,"height":200,"srcset":"https:\/\/i0.wp.com\/artstella-elixirs-floraux.com\/wp-content\/uploads\/2025\/03\/cf8119d9-d108-4252-b32d-6727b6e09ed1.jpg?resize=350%2C200&ssl=1 1x, https:\/\/i0.wp.com\/artstella-elixirs-floraux.com\/wp-content\/uploads\/2025\/03\/cf8119d9-d108-4252-b32d-6727b6e09ed1.jpg?resize=525%2C300&ssl=1 1.5x, https:\/\/i0.wp.com\/artstella-elixirs-floraux.com\/wp-content\/uploads\/2025\/03\/cf8119d9-d108-4252-b32d-6727b6e09ed1.jpg?resize=700%2C400&ssl=1 2x"},"classes":[]}],"_links":{"self":[{"href":"https:\/\/artstella-elixirs-floraux.com\/fr_fr\/wp-json\/wp\/v2\/product\/5596","targetHints":{"allow":["GET"]}}],"collection":[{"href":"https:\/\/artstella-elixirs-floraux.com\/fr_fr\/wp-json\/wp\/v2\/product"}],"about":[{"href":"https:\/\/artstella-elixirs-floraux.com\/fr_fr\/wp-json\/wp\/v2\/types\/product"}],"version-history":[{"count":1,"href":"https:\/\/artstella-elixirs-floraux.com\/fr_fr\/wp-json\/wp\/v2\/product\/5596\/revisions"}],"predecessor-version":[{"id":11821,"href":"https:\/\/artstella-elixirs-floraux.com\/fr_fr\/wp-json\/wp\/v2\/product\/5596\/revisions\/11821"}],"wp:featuredmedia":[{"embeddable":true,"href":"https:\/\/artstella-elixirs-floraux.com\/fr_fr\/wp-json\/wp\/v2\/media\/5597"}],"wp:attachment":[{"href":"https:\/\/artstella-elixirs-floraux.com\/fr_fr\/wp-json\/wp\/v2\/media?parent=5596"}],"wp:term":[{"taxonomy":"product_brand","embeddable":true,"href":"https:\/\/artstella-elixirs-floraux.com\/fr_fr\/wp-json\/wp\/v2\/product_brand?post=5596"},{"taxonomy":"product_cat","embeddable":true,"href":"https:\/\/artstella-elixirs-floraux.com\/fr_fr\/wp-json\/wp\/v2\/product_cat?post=5596"},{"taxonomy":"product_tag","embeddable":true,"href":"https:\/\/artstella-elixirs-floraux.com\/fr_fr\/wp-json\/wp\/v2\/product_tag?post=5596"}],"curies":[{"name":"wp","href":"https:\/\/api.w.org\/{rel}","templated":true}]}}