{"id":5598,"date":"2025-03-09T13:45:39","date_gmt":"2025-03-09T13:45:39","guid":{"rendered":"https:\/\/artstella-elixirs-floraux.com\/product\/coffret-38-elixirs-floraux-du-dr-bach-10ml\/"},"modified":"2025-04-05T15:47:18","modified_gmt":"2025-04-05T15:47:18","slug":"coffret-38-elixirs-floraux-du-dr-bach-10ml","status":"publish","type":"product","link":"https:\/\/artstella-elixirs-floraux.com\/fr_fr\/produit\/coffret-38-elixirs-floraux-du-dr-bach-10ml\/","title":{"rendered":"Coffret 38 \u00e9lixirs floraux du Dr BACH 10ml"},"content":{"rendered":"","protected":false},"excerpt":{"rendered":"<p class=\"produitsFicheAccroche1\"><strong>La gamme compl\u00e8te des 38 \u00e9lixirs floraux du Dr BACH\u00a0 et 2 situations de crises en 15ml pr\u00e9par\u00e9s par le Laboratoire Deva<\/strong> selon la m\u00e9thode originelle du Dr Bach.<\/p>\n","protected":false},"featured_media":5599,"template":"","meta":[],"product_brand":[],"product_cat":[118,184,82],"product_tag":[],"class_list":{"0":"post-5598","1":"product","2":"type-product","3":"status-publish","4":"has-post-thumbnail","6":"product_cat-elixir-deva","7":"product_cat-les-coffrets-deva","8":"product_cat-elixirs","10":"first","11":"instock","12":"taxable","13":"shipping-taxable","14":"purchasable","15":"product-type-simple"},"etheme_brands":{"errors":{"invalid_taxonomy":["Taxonomie non valide."]},"error_data":[]},"jetpack_sharing_enabled":true,"jetpack-related-posts":[{"id":6022,"url":"https:\/\/artstella-elixirs-floraux.com\/fr_fr\/produit\/les-fleurs-du-dr-bach-cartes-grand-format\/","url_meta":{"origin":5598,"position":0},"title":"Les fleurs du Dr Bach (cartes grand format)","author":"eveapprill","date":"9 mars 2025","format":false,"excerpt":"LES FLEURS DU Dr BACH 38 cartes de grand format pour la r\u00e9harmonisation, le recentrage et la m\u00e9ditation. (En Rupture)","rel":"","context":"Article similaire","block_context":{"text":"Article similaire","link":""},"img":{"alt_text":"","src":"https:\/\/i0.wp.com\/artstella-elixirs-floraux.com\/wp-content\/uploads\/2025\/03\/wp-image2031.png?resize=350%2C200&ssl=1","width":350,"height":200},"classes":[]},{"id":6014,"url":"https:\/\/artstella-elixirs-floraux.com\/fr_fr\/produit\/manuel-complet-des-quintessences-florales-du-dr-bach\/","url_meta":{"origin":5598,"position":1},"title":"Manuel complet des quintessences florales du Dr Bach","author":"eveapprill","date":"9 mars 2025","format":false,"excerpt":"Manuel complet des quintessences florales du Dr Edward Bach Par Mechthild Scheffer Editions Le courrier du Livre Un manuel complet par la sp\u00e9cialiste reconnue au plan internationnal des quintessences florales du Dr Bach (En rupture)","rel":"","context":"Article similaire","block_context":{"text":"Article similaire","link":""},"img":{"alt_text":"","src":"https:\/\/i0.wp.com\/artstella-elixirs-floraux.com\/wp-content\/uploads\/2025\/03\/wp-image2027.png?resize=350%2C200&ssl=1","width":350,"height":200},"classes":[]},{"id":6008,"url":"https:\/\/artstella-elixirs-floraux.com\/fr_fr\/produit\/dr-bach-un-etre-dexception-v-knight\/","url_meta":{"origin":5598,"position":2},"title":"Dr Bach, un \u00eatre d&rsquo;exception V. Knight","author":"eveapprill","date":"9 mars 2025","format":false,"excerpt":"Dr Bach, un \u00eatre d'exception par Valerie Knight \u00e9ditions M\u00e9dicis Une biographie inspir\u00e9e qui allie authenticit\u00e9 et romanesque.","rel":"","context":"Article similaire","block_context":{"text":"Article similaire","link":""},"img":{"alt_text":"","src":"https:\/\/i0.wp.com\/artstella-elixirs-floraux.com\/wp-content\/uploads\/2025\/03\/wp-image2023.png?resize=350%2C200&ssl=1","width":350,"height":200},"classes":[]},{"id":6018,"url":"https:\/\/artstella-elixirs-floraux.com\/fr_fr\/produit\/reponses-a-250-questions-sur-le-bon-usage-des-38\/","url_meta":{"origin":5598,"position":3},"title":"R\u00e9ponses \u00e0 250 questions sur le bon usage des 38","author":"eveapprill","date":"9 mars 2025","format":false,"excerpt":"R\u00e9ponses \u00e0 250 questions sur le bon usage des 38 quintessences florales du Dr Edward Bach Editions M\u00e9dicis","rel":"","context":"Article similaire","block_context":{"text":"Article similaire","link":""},"img":{"alt_text":"","src":"https:\/\/i0.wp.com\/artstella-elixirs-floraux.com\/wp-content\/uploads\/2025\/03\/wp-image2029.png?resize=350%2C200&ssl=1","width":350,"height":200},"classes":[]},{"id":4537,"url":"https:\/\/artstella-elixirs-floraux.com\/fr_fr\/produit\/coffret-fleurs-classiques-15-ml\/","url_meta":{"origin":5598,"position":4},"title":"COFFRET FLEURS CLASSIQUES 15 ML","author":"eveapprill","date":"9 mars 2025","format":false,"excerpt":"Elixirs de fleurs classiques : Correspondent aux 38 Fleurs de Bach avec le RQ5 rem\u00e8de d'urgence aux 5 fleurs et le RQ7 rem\u00e8de d'urgence aux 7 fleurs, r\u00e9alis\u00e9s avec la m\u00e9thode de transfert sans couper les fleurs.","rel":"","context":"Article similaire","block_context":{"text":"Article similaire","link":""},"img":{"alt_text":"","src":"https:\/\/i0.wp.com\/artstella-elixirs-floraux.com\/wp-content\/uploads\/2025\/03\/wp-image2354.png?resize=350%2C200&ssl=1","width":350,"height":200,"srcset":"https:\/\/i0.wp.com\/artstella-elixirs-floraux.com\/wp-content\/uploads\/2025\/03\/wp-image2354.png?resize=350%2C200&ssl=1 1x, https:\/\/i0.wp.com\/artstella-elixirs-floraux.com\/wp-content\/uploads\/2025\/03\/wp-image2354.png?resize=525%2C300&ssl=1 1.5x, https:\/\/i0.wp.com\/artstella-elixirs-floraux.com\/wp-content\/uploads\/2025\/03\/wp-image2354.png?resize=700%2C400&ssl=1 2x"},"classes":[]},{"id":5498,"url":"https:\/\/artstella-elixirs-floraux.com\/fr_fr\/produit\/la-guerison-par-les-fleurs\/","url_meta":{"origin":5598,"position":5},"title":"La gu\u00e9rison par les fleurs","author":"eveapprill","date":"9 mars 2025","format":false,"excerpt":"La gu\u00e9rison par les fleurs par le Dr Edward Bach","rel":"","context":"Article similaire","block_context":{"text":"Article similaire","link":""},"img":{"alt_text":"","src":"https:\/\/i0.wp.com\/artstella-elixirs-floraux.com\/wp-content\/uploads\/2025\/03\/wp-image1745.png?resize=350%2C200&ssl=1","width":350,"height":200},"classes":[]}],"_links":{"self":[{"href":"https:\/\/artstella-elixirs-floraux.com\/fr_fr\/wp-json\/wp\/v2\/product\/5598","targetHints":{"allow":["GET"]}}],"collection":[{"href":"https:\/\/artstella-elixirs-floraux.com\/fr_fr\/wp-json\/wp\/v2\/product"}],"about":[{"href":"https:\/\/artstella-elixirs-floraux.com\/fr_fr\/wp-json\/wp\/v2\/types\/product"}],"version-history":[{"count":0,"href":"https:\/\/artstella-elixirs-floraux.com\/fr_fr\/wp-json\/wp\/v2\/product\/5598\/revisions"}],"wp:featuredmedia":[{"embeddable":true,"href":"https:\/\/artstella-elixirs-floraux.com\/fr_fr\/wp-json\/wp\/v2\/media\/5599"}],"wp:attachment":[{"href":"https:\/\/artstella-elixirs-floraux.com\/fr_fr\/wp-json\/wp\/v2\/media?parent=5598"}],"wp:term":[{"taxonomy":"product_brand","embeddable":true,"href":"https:\/\/artstella-elixirs-floraux.com\/fr_fr\/wp-json\/wp\/v2\/product_brand?post=5598"},{"taxonomy":"product_cat","embeddable":true,"href":"https:\/\/artstella-elixirs-floraux.com\/fr_fr\/wp-json\/wp\/v2\/product_cat?post=5598"},{"taxonomy":"product_tag","embeddable":true,"href":"https:\/\/artstella-elixirs-floraux.com\/fr_fr\/wp-json\/wp\/v2\/product_tag?post=5598"}],"curies":[{"name":"wp","href":"https:\/\/api.w.org\/{rel}","templated":true}]}}