{"id":5600,"date":"2025-03-09T13:45:43","date_gmt":"2025-03-09T13:45:43","guid":{"rendered":"https:\/\/artstella-elixirs-floraux.com\/product\/coffret-96-elixirs-floraux-deva-10ml\/"},"modified":"2025-06-02T06:43:15","modified_gmt":"2025-06-02T06:43:15","slug":"coffret-96-elixirs-floraux-deva-10ml","status":"publish","type":"product","link":"https:\/\/artstella-elixirs-floraux.com\/fr_fr\/produit\/coffret-96-elixirs-floraux-deva-10ml\/","title":{"rendered":"Coffret 96 \u00e9lixirs floraux DEVA 15ml"},"content":{"rendered":"","protected":false},"excerpt":{"rendered":"<p class=\"produitsFicheAccroche1\"><strong>La gamme compl\u00e8te des 96 \u00e9lixirs floraux Deva<\/strong> issus de la recherche contemporaine.<\/p>\n","protected":false},"featured_media":5601,"template":"","meta":[],"product_brand":[],"product_cat":[118,184,82,183],"product_tag":[],"class_list":{"0":"post-5600","1":"product","2":"type-product","3":"status-publish","4":"has-post-thumbnail","6":"product_cat-elixir-deva","7":"product_cat-les-coffrets-deva","8":"product_cat-elixirs","9":"product_cat-les-elixirs-floraux-deva-unitaires","11":"first","12":"instock","13":"taxable","14":"shipping-taxable","15":"purchasable","16":"product-type-simple"},"etheme_brands":{"errors":{"invalid_taxonomy":["Taxonomie non valide."]},"error_data":[]},"jetpack_sharing_enabled":true,"jetpack-related-posts":[{"id":5598,"url":"https:\/\/artstella-elixirs-floraux.com\/fr_fr\/produit\/coffret-38-elixirs-floraux-du-dr-bach-10ml\/","url_meta":{"origin":5600,"position":0},"title":"Coffret 38 \u00e9lixirs floraux du Dr BACH 10ml","author":"eveapprill","date":"9 mars 2025","format":false,"excerpt":"La gamme compl\u00e8te des 38 \u00e9lixirs floraux du Dr BACH\u00a0 et 2 situations de crises en 15ml pr\u00e9par\u00e9s par le Laboratoire Deva selon la m\u00e9thode originelle du Dr Bach.","rel":"","context":"Article similaire","block_context":{"text":"Article similaire","link":""},"img":{"alt_text":"Coffrets les Elixirs Deva","src":"https:\/\/i0.wp.com\/artstella-elixirs-floraux.com\/wp-content\/uploads\/2025\/03\/wp-image2355.png?resize=350%2C200&ssl=1","width":350,"height":200,"srcset":"https:\/\/i0.wp.com\/artstella-elixirs-floraux.com\/wp-content\/uploads\/2025\/03\/wp-image2355.png?resize=350%2C200&ssl=1 1x, https:\/\/i0.wp.com\/artstella-elixirs-floraux.com\/wp-content\/uploads\/2025\/03\/wp-image2355.png?resize=525%2C300&ssl=1 1.5x, https:\/\/i0.wp.com\/artstella-elixirs-floraux.com\/wp-content\/uploads\/2025\/03\/wp-image2355.png?resize=700%2C400&ssl=1 2x"},"classes":[]},{"id":5362,"url":"https:\/\/artstella-elixirs-floraux.com\/fr_fr\/produit\/guide-des-elixirs-floraux-europeens-ph-deroide\/","url_meta":{"origin":5600,"position":1},"title":"Guide des Elixirs Floraux Europ\u00e9ens PH. Deroide","author":"eveapprill","date":"9 mars 2025","format":false,"excerpt":"Dans cet ouvrage de r\u00e9f\u00e9rence pour le n\u00e9ophyte comme pour le professionnel de la sant\u00e9 le plus exp\u00e9riment\u00e9, Philippe Deroide r\u00e9v\u00e8le l'efficacit\u00e9 des \u00e9lixirs floraux issus de notre environnement proche. 433 pages, 134 photos couleur.","rel":"","context":"Article similaire","block_context":{"text":"Article similaire","link":""},"img":{"alt_text":"","src":"https:\/\/i0.wp.com\/artstella-elixirs-floraux.com\/wp-content\/uploads\/2025\/03\/wp-image1800.png?resize=350%2C200&ssl=1","width":350,"height":200},"classes":[]},{"id":5726,"url":"https:\/\/artstella-elixirs-floraux.com\/fr_fr\/produit\/menthe-pouliot-15ml-deva\/","url_meta":{"origin":5600,"position":2},"title":"Menthe Pouliot 15ml DEVA","author":"eveapprill","date":"9 mars 2025","format":false,"excerpt":"Menthe Pouliot Protection, clart\u00e9 mentale. Pour ceux qui sont perturb\u00e9s par les pens\u00e9es n\u00e9gatives des autres.","rel":"","context":"Article similaire","block_context":{"text":"Article similaire","link":""},"img":{"alt_text":"","src":"https:\/\/i0.wp.com\/artstella-elixirs-floraux.com\/wp-content\/uploads\/2025\/03\/wp-image2421.png?resize=350%2C200&ssl=1","width":350,"height":200},"classes":[]},{"id":5596,"url":"https:\/\/artstella-elixirs-floraux.com\/fr_fr\/produit\/edelweiss-15ml-deva\/","url_meta":{"origin":5600,"position":3},"title":"Edelweiss 15ml DEVA","author":"eveapprill","date":"9 mars 2025","format":false,"excerpt":"Edelweiss Don de soi, lucidit\u00e9. Pour ceux qui se sentent perdus et qui ne savent plus quelle direction suivre dans les moments difficiles","rel":"","context":"Article similaire","block_context":{"text":"Article similaire","link":""},"img":{"alt_text":"","src":"https:\/\/i0.wp.com\/artstella-elixirs-floraux.com\/wp-content\/uploads\/2025\/03\/wp-image2396.png?resize=350%2C200&ssl=1","width":350,"height":200},"classes":[]},{"id":5610,"url":"https:\/\/artstella-elixirs-floraux.com\/fr_fr\/produit\/achillee-jaune-15ml-deva\/","url_meta":{"origin":5600,"position":4},"title":"Achill\u00e9e jaune 15ml DEVA","author":"eveapprill","date":"9 mars 2025","format":false,"excerpt":"Achill\u00e9e Jaune Ouverture, protection. Pour les temp\u00e9raments hypersensibles et vuln\u00e9rables qui ont tendance \u00e0 s\u2019isoler du monde ext\u00e9rieur pour se prot\u00e9ger.","rel":"","context":"Article similaire","block_context":{"text":"Article similaire","link":""},"img":{"alt_text":"","src":"https:\/\/i0.wp.com\/artstella-elixirs-floraux.com\/wp-content\/uploads\/2025\/03\/wp-image1807.png?resize=350%2C200&ssl=1","width":350,"height":200},"classes":[]},{"id":5700,"url":"https:\/\/artstella-elixirs-floraux.com\/fr_fr\/produit\/gueule-de-loup-15ml-deva\/","url_meta":{"origin":5600,"position":5},"title":"Gueule de Loup 15ml DEVA","author":"eveapprill","date":"9 mars 2025","format":false,"excerpt":"Gueule de Loup Expression de la parole vraie, l\u00e2cher-prise. Permet de se lib\u00e9rer des \u00e9motions r\u00e9prim\u00e9es et favorise le l\u00e2cher-prise \u00e0 travers l\u2019expression verbale.","rel":"","context":"Article similaire","block_context":{"text":"Article similaire","link":""},"img":{"alt_text":"","src":"https:\/\/i0.wp.com\/artstella-elixirs-floraux.com\/wp-content\/uploads\/2025\/03\/wp-image2407.png?resize=350%2C200&ssl=1","width":350,"height":200},"classes":[]}],"_links":{"self":[{"href":"https:\/\/artstella-elixirs-floraux.com\/fr_fr\/wp-json\/wp\/v2\/product\/5600","targetHints":{"allow":["GET"]}}],"collection":[{"href":"https:\/\/artstella-elixirs-floraux.com\/fr_fr\/wp-json\/wp\/v2\/product"}],"about":[{"href":"https:\/\/artstella-elixirs-floraux.com\/fr_fr\/wp-json\/wp\/v2\/types\/product"}],"version-history":[{"count":0,"href":"https:\/\/artstella-elixirs-floraux.com\/fr_fr\/wp-json\/wp\/v2\/product\/5600\/revisions"}],"wp:featuredmedia":[{"embeddable":true,"href":"https:\/\/artstella-elixirs-floraux.com\/fr_fr\/wp-json\/wp\/v2\/media\/5601"}],"wp:attachment":[{"href":"https:\/\/artstella-elixirs-floraux.com\/fr_fr\/wp-json\/wp\/v2\/media?parent=5600"}],"wp:term":[{"taxonomy":"product_brand","embeddable":true,"href":"https:\/\/artstella-elixirs-floraux.com\/fr_fr\/wp-json\/wp\/v2\/product_brand?post=5600"},{"taxonomy":"product_cat","embeddable":true,"href":"https:\/\/artstella-elixirs-floraux.com\/fr_fr\/wp-json\/wp\/v2\/product_cat?post=5600"},{"taxonomy":"product_tag","embeddable":true,"href":"https:\/\/artstella-elixirs-floraux.com\/fr_fr\/wp-json\/wp\/v2\/product_tag?post=5600"}],"curies":[{"name":"wp","href":"https:\/\/api.w.org\/{rel}","templated":true}]}}