{"id":5623,"date":"2025-03-09T13:46:01","date_gmt":"2025-03-09T13:46:01","guid":{"rendered":"https:\/\/artstella-elixirs-floraux.com\/product\/aneth-15-ml\/"},"modified":"2025-06-02T06:43:12","modified_gmt":"2025-06-02T06:43:12","slug":"aneth-15-ml","status":"publish","type":"product","link":"https:\/\/artstella-elixirs-floraux.com\/fr_fr\/produit\/aneth-15-ml\/","title":{"rendered":"Aneth 15 ML"},"content":{"rendered":"","protected":false},"excerpt":{"rendered":"<p><strong><em>Aneth <\/em><\/strong>Assimilation des exp\u00e9riences. Pour ceux qui se sentent d\u00e9pass\u00e9s<strong><em> <\/em><\/strong>par un rythme de vie trop rapide. Pour comprendre et assimiler<strong><em> <\/em><\/strong>les situations complexes ou inhabituelles.<strong><em><\/em><\/strong><\/p>\n","protected":false},"featured_media":5624,"template":"","meta":[],"product_brand":[],"product_cat":[183],"product_tag":[],"class_list":{"0":"post-5623","1":"product","2":"type-product","3":"status-publish","4":"has-post-thumbnail","6":"product_cat-les-elixirs-floraux-deva-unitaires","8":"first","9":"instock","10":"taxable","11":"shipping-taxable","12":"purchasable","13":"product-type-simple"},"etheme_brands":{"errors":{"invalid_taxonomy":["Taxonomie non valide."]},"error_data":[]},"jetpack_sharing_enabled":true,"jetpack-related-posts":[{"id":3241,"url":"https:\/\/artstella-elixirs-floraux.com\/fr_fr\/produit\/aneth-15ml-phi\/","url_meta":{"origin":5623,"position":0},"title":"ANETH 15ML PHI","author":"eveapprill","date":"9 mars 2025","format":false,"excerpt":"Aneth (Anethum graveolens) (Dill) Nous aide \u00e0 mieux assimiler une grande quantit\u00e9 d'impressions et d'exp\u00e9riences diverses qui nous submergent. Il est id\u00e9al pour les enfants tr\u00e8s sollicit\u00e9s, dans les situations d'apprentissage ou de voyage.","rel":"","context":"Article similaire","block_context":{"text":"Article similaire","link":""},"img":{"alt_text":"","src":"https:\/\/i0.wp.com\/artstella-elixirs-floraux.com\/wp-content\/uploads\/2025\/03\/wp-image661.png?resize=350%2C200&ssl=1","width":350,"height":200},"classes":[]},{"id":5877,"url":"https:\/\/artstella-elixirs-floraux.com\/fr_fr\/produit\/compose-n19-renaissance-deva-30ml\/","url_meta":{"origin":5623,"position":1},"title":"Compos\u00e9 n\u00b019 RENAISSANCE DEVA 30ml","author":"eveapprill","date":"9 mars 2025","format":false,"excerpt":"Compos\u00e9 n\u00b019 Renaissance DEVA 30ml Aide \u00e0 retrouver une paix profonde et sa pleine int\u00e9grit\u00e9 physique, mentale et \u00e9motionnelle apr\u00e8s une situation d'\u00e9puisement total.","rel":"","context":"Article similaire","block_context":{"text":"Article similaire","link":""},"img":{"alt_text":"","src":"https:\/\/i0.wp.com\/artstella-elixirs-floraux.com\/wp-content\/uploads\/2025\/03\/367f6051-abea-4271-a4de-e0b28fe2b56e.jpg?resize=350%2C200&ssl=1","width":350,"height":200,"srcset":"https:\/\/i0.wp.com\/artstella-elixirs-floraux.com\/wp-content\/uploads\/2025\/03\/367f6051-abea-4271-a4de-e0b28fe2b56e.jpg?resize=350%2C200&ssl=1 1x, https:\/\/i0.wp.com\/artstella-elixirs-floraux.com\/wp-content\/uploads\/2025\/03\/367f6051-abea-4271-a4de-e0b28fe2b56e.jpg?resize=525%2C300&ssl=1 1.5x, https:\/\/i0.wp.com\/artstella-elixirs-floraux.com\/wp-content\/uploads\/2025\/03\/367f6051-abea-4271-a4de-e0b28fe2b56e.jpg?resize=700%2C400&ssl=1 2x"},"classes":[]},{"id":4551,"url":"https:\/\/artstella-elixirs-floraux.com\/fr_fr\/produit\/coffret-fleurs-sauvages-15-ml\/","url_meta":{"origin":5623,"position":2},"title":"COFFRET FLEURS SAUVAGES 15 ML","author":"eveapprill","date":"9 mars 2025","format":false,"excerpt":"Les \u00e9lixirs de 40 fleurs Sauvages R\u00e9alis\u00e9s avec des fleurs europ\u00e9ennes communes dans la nature.","rel":"","context":"Article similaire","block_context":{"text":"Article similaire","link":""},"img":{"alt_text":"","src":"","width":0,"height":0},"classes":[]},{"id":2723,"url":"https:\/\/artstella-elixirs-floraux.com\/fr_fr\/produit\/focus-concentration-bush-30ml\/","url_meta":{"origin":5623,"position":3},"title":"FOCUS Concentration BUSH 30ml","author":"eveapprill","date":"9 mars 2025","format":false,"excerpt":"Focus, nouveau nom de Cognis -\u00a0Concentration R\u00eaverie, dispersion, d\u00e9pass\u00e9 par les \u00e9v\u00e9nements. Assimilation des id\u00e9es, clart\u00e9 et concentration. Compos\u00e9 de Bush Fuchsia, Isopogon, Jacaranda, Paw Paw et Sundew.","rel":"","context":"Article similaire","block_context":{"text":"Article similaire","link":""},"img":{"alt_text":"","src":"https:\/\/i0.wp.com\/artstella-elixirs-floraux.com\/wp-content\/uploads\/2025\/03\/fd1981cc-86d1-4c5c-b22e-c295771f1d79.jpg?resize=350%2C200&ssl=1","width":350,"height":200,"srcset":"https:\/\/i0.wp.com\/artstella-elixirs-floraux.com\/wp-content\/uploads\/2025\/03\/fd1981cc-86d1-4c5c-b22e-c295771f1d79.jpg?resize=350%2C200&ssl=1 1x, https:\/\/i0.wp.com\/artstella-elixirs-floraux.com\/wp-content\/uploads\/2025\/03\/fd1981cc-86d1-4c5c-b22e-c295771f1d79.jpg?resize=525%2C300&ssl=1 1.5x, https:\/\/i0.wp.com\/artstella-elixirs-floraux.com\/wp-content\/uploads\/2025\/03\/fd1981cc-86d1-4c5c-b22e-c295771f1d79.jpg?resize=700%2C400&ssl=1 2x"},"classes":[]},{"id":6217,"url":"https:\/\/artstella-elixirs-floraux.com\/fr_fr\/produit\/elixir-ocean-n-29-phi-15ml\/","url_meta":{"origin":5623,"position":4},"title":"ELIXIR OCEAN N\u00b0 29 PHI 15ml","author":"eveapprill","date":"9 mars 2025","format":false,"excerpt":"ELIXIR OCEAN N\u00b0 29\u00a0 soutient les processus d\u2019assimilation. Il agit \u00e9nerg\u00e9tiquement sur la peau et sur l\u2019intestin, exer\u00e7ant une action de renforcement et de nettoyage. Soutient la structure et la lib\u00e9ration de l\u2019ancien. Active les processus de nettoyage et de r\u00e9g\u00e9n\u00e9ration.","rel":"","context":"Article similaire","block_context":{"text":"Article similaire","link":""},"img":{"alt_text":"","src":"","width":0,"height":0},"classes":[]},{"id":2248,"url":"https:\/\/artstella-elixirs-floraux.com\/fr_fr\/produit\/opium-poppy-alaskan\/","url_meta":{"origin":5623,"position":5},"title":"Opium poppy Alaskan","author":"eveapprill","date":"9 mars 2025","format":false,"excerpt":"Opium poppy. Papaver commutatum Ne trouve pas l'\u00e9quilibre entre l'activit\u00e9 et le repos ; ext\u00e9nu\u00e9 ; ne retient rien des exp\u00e9riences pass\u00e9es, difficult\u00e9 \u00e0 les int\u00e9grer.","rel":"","context":"Article similaire","block_context":{"text":"Article similaire","link":""},"img":{"alt_text":"","src":"https:\/\/i0.wp.com\/artstella-elixirs-floraux.com\/wp-content\/uploads\/2025\/03\/wp-image572.png?resize=350%2C200&ssl=1","width":350,"height":200},"classes":[]}],"_links":{"self":[{"href":"https:\/\/artstella-elixirs-floraux.com\/fr_fr\/wp-json\/wp\/v2\/product\/5623","targetHints":{"allow":["GET"]}}],"collection":[{"href":"https:\/\/artstella-elixirs-floraux.com\/fr_fr\/wp-json\/wp\/v2\/product"}],"about":[{"href":"https:\/\/artstella-elixirs-floraux.com\/fr_fr\/wp-json\/wp\/v2\/types\/product"}],"version-history":[{"count":0,"href":"https:\/\/artstella-elixirs-floraux.com\/fr_fr\/wp-json\/wp\/v2\/product\/5623\/revisions"}],"wp:featuredmedia":[{"embeddable":true,"href":"https:\/\/artstella-elixirs-floraux.com\/fr_fr\/wp-json\/wp\/v2\/media\/5624"}],"wp:attachment":[{"href":"https:\/\/artstella-elixirs-floraux.com\/fr_fr\/wp-json\/wp\/v2\/media?parent=5623"}],"wp:term":[{"taxonomy":"product_brand","embeddable":true,"href":"https:\/\/artstella-elixirs-floraux.com\/fr_fr\/wp-json\/wp\/v2\/product_brand?post=5623"},{"taxonomy":"product_cat","embeddable":true,"href":"https:\/\/artstella-elixirs-floraux.com\/fr_fr\/wp-json\/wp\/v2\/product_cat?post=5623"},{"taxonomy":"product_tag","embeddable":true,"href":"https:\/\/artstella-elixirs-floraux.com\/fr_fr\/wp-json\/wp\/v2\/product_tag?post=5623"}],"curies":[{"name":"wp","href":"https:\/\/api.w.org\/{rel}","templated":true}]}}