{"id":5635,"date":"2025-03-09T13:46:09","date_gmt":"2025-03-09T13:46:09","guid":{"rendered":"https:\/\/artstella-elixirs-floraux.com\/product\/bistorte-15-ml-deva\/"},"modified":"2025-06-02T06:43:11","modified_gmt":"2025-06-02T06:43:11","slug":"bistorte-15-ml-deva","status":"publish","type":"product","link":"https:\/\/artstella-elixirs-floraux.com\/fr_fr\/produit\/bistorte-15-ml-deva\/","title":{"rendered":"Bistorte 15 ml Deva"},"content":{"rendered":"","protected":false},"excerpt":{"rendered":"<p><strong><em>Bistorte<\/em><\/strong><\/p>\n<p>Recentrage, contr\u00f4le de soi. Recentre et fortifie ceux qui n\u2019ont pas (ou plus) les pieds sur terre, en particulier dans les p\u00e9riodes de grand changement.<\/p>\n","protected":false},"featured_media":5636,"template":"","meta":[],"product_brand":[],"product_cat":[183],"product_tag":[],"class_list":{"0":"post-5635","1":"product","2":"type-product","3":"status-publish","4":"has-post-thumbnail","6":"product_cat-les-elixirs-floraux-deva-unitaires","8":"first","9":"instock","10":"taxable","11":"shipping-taxable","12":"purchasable","13":"product-type-simple"},"etheme_brands":{"errors":{"invalid_taxonomy":["Taxonomie non valide."]},"error_data":[]},"jetpack_sharing_enabled":true,"jetpack-related-posts":[{"id":3249,"url":"https:\/\/artstella-elixirs-floraux.com\/fr_fr\/produit\/bistorte-15-ml-phi\/","url_meta":{"origin":5635,"position":0},"title":"BISTORTE 15 ML PHI","author":"eveapprill","date":"9 mars 2025","format":false,"excerpt":"Bistorte (Polygonum bistorta) (Kn\u00f6terich) L'\u00e9lixir aide \u00e0 nous centrer et \u00e0 \u00eatre pleinement pr\u00e9sent. Pour les \u00eatres qui ont tendance \u00e0 la dispersion mentale.","rel":"","context":"Article similaire","block_context":{"text":"Article similaire","link":""},"img":{"alt_text":"","src":"https:\/\/i0.wp.com\/artstella-elixirs-floraux.com\/wp-content\/uploads\/2025\/03\/wp-image665.png?resize=350%2C200&ssl=1","width":350,"height":200},"classes":[]},{"id":5308,"url":"https:\/\/artstella-elixirs-floraux.com\/fr_fr\/produit\/complexe-n14-evolution-deva-30ml\/","url_meta":{"origin":5635,"position":1},"title":"COMPLEXE N\u00b014 \u00c9volution DEVA 30ML","author":"eveapprill","date":"9 mars 2025","format":false,"excerpt":"COMPLEXE N\u00b014 \u00c9volution 30ml Clart\u00e9, courage, engagement, r\u00e9solution, l\u00e2cher prise. Pour les p\u00e9riodes de changement, de transformation, de remise en question ou de transition (changement d'environnement social de carri\u00e8re, rupture, d\u00e9m\u00e9nagement)","rel":"","context":"Article similaire","block_context":{"text":"Article similaire","link":""},"img":{"alt_text":"Compos\u00e9s D\u00e9va","src":"https:\/\/i0.wp.com\/artstella-elixirs-floraux.com\/wp-content\/uploads\/2025\/03\/1a5f0cc3-4eec-4a3a-a231-ff3982cc3966.jpg?resize=350%2C200&ssl=1","width":350,"height":200,"srcset":"https:\/\/i0.wp.com\/artstella-elixirs-floraux.com\/wp-content\/uploads\/2025\/03\/1a5f0cc3-4eec-4a3a-a231-ff3982cc3966.jpg?resize=350%2C200&ssl=1 1x, https:\/\/i0.wp.com\/artstella-elixirs-floraux.com\/wp-content\/uploads\/2025\/03\/1a5f0cc3-4eec-4a3a-a231-ff3982cc3966.jpg?resize=525%2C300&ssl=1 1.5x, https:\/\/i0.wp.com\/artstella-elixirs-floraux.com\/wp-content\/uploads\/2025\/03\/1a5f0cc3-4eec-4a3a-a231-ff3982cc3966.jpg?resize=700%2C400&ssl=1 2x"},"classes":[]},{"id":4551,"url":"https:\/\/artstella-elixirs-floraux.com\/fr_fr\/produit\/coffret-fleurs-sauvages-15-ml\/","url_meta":{"origin":5635,"position":2},"title":"COFFRET FLEURS SAUVAGES 15 ML","author":"eveapprill","date":"9 mars 2025","format":false,"excerpt":"Les \u00e9lixirs de 40 fleurs Sauvages R\u00e9alis\u00e9s avec des fleurs europ\u00e9ennes communes dans la nature.","rel":"","context":"Article similaire","block_context":{"text":"Article similaire","link":""},"img":{"alt_text":"","src":"","width":0,"height":0},"classes":[]}],"_links":{"self":[{"href":"https:\/\/artstella-elixirs-floraux.com\/fr_fr\/wp-json\/wp\/v2\/product\/5635","targetHints":{"allow":["GET"]}}],"collection":[{"href":"https:\/\/artstella-elixirs-floraux.com\/fr_fr\/wp-json\/wp\/v2\/product"}],"about":[{"href":"https:\/\/artstella-elixirs-floraux.com\/fr_fr\/wp-json\/wp\/v2\/types\/product"}],"version-history":[{"count":0,"href":"https:\/\/artstella-elixirs-floraux.com\/fr_fr\/wp-json\/wp\/v2\/product\/5635\/revisions"}],"wp:featuredmedia":[{"embeddable":true,"href":"https:\/\/artstella-elixirs-floraux.com\/fr_fr\/wp-json\/wp\/v2\/media\/5636"}],"wp:attachment":[{"href":"https:\/\/artstella-elixirs-floraux.com\/fr_fr\/wp-json\/wp\/v2\/media?parent=5635"}],"wp:term":[{"taxonomy":"product_brand","embeddable":true,"href":"https:\/\/artstella-elixirs-floraux.com\/fr_fr\/wp-json\/wp\/v2\/product_brand?post=5635"},{"taxonomy":"product_cat","embeddable":true,"href":"https:\/\/artstella-elixirs-floraux.com\/fr_fr\/wp-json\/wp\/v2\/product_cat?post=5635"},{"taxonomy":"product_tag","embeddable":true,"href":"https:\/\/artstella-elixirs-floraux.com\/fr_fr\/wp-json\/wp\/v2\/product_tag?post=5635"}],"curies":[{"name":"wp","href":"https:\/\/api.w.org\/{rel}","templated":true}]}}