{"id":5659,"date":"2025-03-09T13:46:26","date_gmt":"2025-03-09T13:46:26","guid":{"rendered":"https:\/\/artstella-elixirs-floraux.com\/product\/cerisier-sauvage-15-ml-deva\/"},"modified":"2025-06-08T16:23:41","modified_gmt":"2025-06-08T16:23:41","slug":"cerisier-sauvage-15-ml-deva","status":"publish","type":"product","link":"https:\/\/artstella-elixirs-floraux.com\/fr_fr\/produit\/cerisier-sauvage-15-ml-deva\/","title":{"rendered":"Cerisier sauvage 15 ml DEVA"},"content":{"rendered":"","protected":false},"excerpt":{"rendered":"<p><strong><em>Cerisier Sauvage<\/em><\/strong><\/p>\n<p>Gaiet\u00e9, bonne humeur. Stimule la vitalit\u00e9 et permet de d\u00e9velopper une conception sereine et optimiste de la vie. Pour prendre conscience que l\u2019humeur est contr\u00f4lable et d\u00e9pend de nous. Pour faire face \u00e0 des ambiances maussades ou routini\u00e8res.<\/p>\n","protected":false},"featured_media":10526,"template":"","meta":[],"product_brand":[],"product_cat":[183],"product_tag":[],"class_list":{"0":"post-5659","1":"product","2":"type-product","3":"status-publish","4":"has-post-thumbnail","6":"product_cat-les-elixirs-floraux-deva-unitaires","8":"first","9":"instock","10":"taxable","11":"shipping-taxable","12":"purchasable","13":"product-type-simple"},"etheme_brands":{"errors":{"invalid_taxonomy":["Taxonomie non valide."]},"error_data":[]},"jetpack_sharing_enabled":true,"jetpack-related-posts":[{"id":6084,"url":"https:\/\/artstella-elixirs-floraux.com\/fr_fr\/produit\/complexe-n20-joie-de-vivre-deva-30ml\/","url_meta":{"origin":5659,"position":0},"title":"Complexe N\u00b020 JOIE DE VIVRE DEVA 30ML","author":"eveapprill","date":"9 mars 2025","format":false,"excerpt":"Le compos\u00e9 floral DEVA JOIE DE VIVRE, permet de retrouver la joie simple et spontan\u00e9e de la Nature. Habit\u00e9s par une \u00e9nergie fluide et l\u00e9g\u00e8re, reli\u00e9s \u00e0 la lumi\u00e8re, nous sommes invit\u00e9s \u00e0 danser avec la vie et \u00e0 r\u00e9aliser r\u00eaves et projets avec optimisme et enthousiasme.","rel":"","context":"Article similaire","block_context":{"text":"Article similaire","link":""},"img":{"alt_text":"","src":"https:\/\/i0.wp.com\/artstella-elixirs-floraux.com\/wp-content\/uploads\/2025\/03\/d12de6ff-3be4-4749-91e9-4503779cc823.jpg?resize=350%2C200&ssl=1","width":350,"height":200,"srcset":"https:\/\/i0.wp.com\/artstella-elixirs-floraux.com\/wp-content\/uploads\/2025\/03\/d12de6ff-3be4-4749-91e9-4503779cc823.jpg?resize=350%2C200&ssl=1 1x, https:\/\/i0.wp.com\/artstella-elixirs-floraux.com\/wp-content\/uploads\/2025\/03\/d12de6ff-3be4-4749-91e9-4503779cc823.jpg?resize=525%2C300&ssl=1 1.5x, https:\/\/i0.wp.com\/artstella-elixirs-floraux.com\/wp-content\/uploads\/2025\/03\/d12de6ff-3be4-4749-91e9-4503779cc823.jpg?resize=700%2C400&ssl=1 2x"},"classes":[]},{"id":6345,"url":"https:\/\/artstella-elixirs-floraux.com\/fr_fr\/produit\/le-repertoire-des-humeurs-fleurs-de-bach\/","url_meta":{"origin":5659,"position":1},"title":"Le R\u00e9pertoire des humeurs Fleurs de Bach","author":"eveapprill","date":"9 mars 2025","format":false,"excerpt":"Le R\u00e9pertoire des humeurs et des rem\u00e8des et dictionnaire des Fleurs de Bach par FJ Wheeler et T W Jones","rel":"","context":"Article similaire","block_context":{"text":"Article similaire","link":""},"img":{"alt_text":"","src":"https:\/\/i0.wp.com\/artstella-elixirs-floraux.com\/wp-content\/uploads\/2025\/03\/wp-image2348.png?resize=350%2C200&ssl=1","width":350,"height":200,"srcset":"https:\/\/i0.wp.com\/artstella-elixirs-floraux.com\/wp-content\/uploads\/2025\/03\/wp-image2348.png?resize=350%2C200&ssl=1 1x, https:\/\/i0.wp.com\/artstella-elixirs-floraux.com\/wp-content\/uploads\/2025\/03\/wp-image2348.png?resize=525%2C300&ssl=1 1.5x, https:\/\/i0.wp.com\/artstella-elixirs-floraux.com\/wp-content\/uploads\/2025\/03\/wp-image2348.png?resize=700%2C400&ssl=1 2x"},"classes":[]},{"id":3237,"url":"https:\/\/artstella-elixirs-floraux.com\/fr_fr\/produit\/mure-sauvage-15-ml-phi\/","url_meta":{"origin":5659,"position":2},"title":"MURE SAUVAGE 15 ML PHI","author":"eveapprill","date":"9 mars 2025","format":false,"excerpt":"M\u00fbre sauvage (Rubus Fructosus) (Brombeere) Permet de concr\u00e9tiser dans le monde physique notre force cr\u00e9atrice. Pour les personnes auxquelles manque l'impulsion de d\u00e9part.","rel":"","context":"Article similaire","block_context":{"text":"Article similaire","link":""},"img":{"alt_text":"","src":"https:\/\/i0.wp.com\/artstella-elixirs-floraux.com\/wp-content\/uploads\/2025\/03\/wp-image659.png?resize=350%2C200&ssl=1","width":350,"height":200},"classes":[]},{"id":4551,"url":"https:\/\/artstella-elixirs-floraux.com\/fr_fr\/produit\/coffret-fleurs-sauvages-15-ml\/","url_meta":{"origin":5659,"position":3},"title":"COFFRET FLEURS SAUVAGES 15 ML","author":"eveapprill","date":"9 mars 2025","format":false,"excerpt":"Les \u00e9lixirs de 40 fleurs Sauvages R\u00e9alis\u00e9s avec des fleurs europ\u00e9ennes communes dans la nature.","rel":"","context":"Article similaire","block_context":{"text":"Article similaire","link":""},"img":{"alt_text":"","src":"","width":0,"height":0},"classes":[]},{"id":3276,"url":"https:\/\/artstella-elixirs-floraux.com\/fr_fr\/produit\/ail-sauvage-phi-15-ml\/","url_meta":{"origin":5659,"position":4},"title":"AIL SAUVAGE PHI 15 ML","author":"eveapprill","date":"9 mars 2025","format":false,"excerpt":"Ail sauvage (Allium angulosum) (Wilder Knoblauch) Agit \u00e9nerg\u00e9tiquement sur toutes les formes de peurs. Les \u00e9nergies bloqu\u00e9es sont lib\u00e9r\u00e9es et l'ensemble de notre syst\u00e8me se renforce.","rel":"","context":"Article similaire","block_context":{"text":"Article similaire","link":""},"img":{"alt_text":"","src":"https:\/\/i0.wp.com\/artstella-elixirs-floraux.com\/wp-content\/uploads\/2025\/03\/wp-image678.png?resize=350%2C200&ssl=1","width":350,"height":200},"classes":[]},{"id":3279,"url":"https:\/\/artstella-elixirs-floraux.com\/fr_fr\/produit\/carotte-sauvage-15-ml-phi\/","url_meta":{"origin":5659,"position":5},"title":"CAROTTE SAUVAGE 15 ML PHI","author":"eveapprill","date":"9 mars 2025","format":false,"excerpt":"Carotte sauvage (Daucus carota) (Wild M\u00f6hre) Am\u00e9liore nos perceptions int\u00e9rieures comme ext\u00e9rieures. Renforce \u00e9nerg\u00e9tiquement la vision et la paix du mental. Id\u00e9al pour l'accompagnement du \u00ab\u00a0r\u00eave \u00e9veill\u00e9\u00a0\u00bb.","rel":"","context":"Article similaire","block_context":{"text":"Article similaire","link":""},"img":{"alt_text":"","src":"https:\/\/i0.wp.com\/artstella-elixirs-floraux.com\/wp-content\/uploads\/2025\/03\/wp-image679.png?resize=350%2C200&ssl=1","width":350,"height":200},"classes":[]}],"_links":{"self":[{"href":"https:\/\/artstella-elixirs-floraux.com\/fr_fr\/wp-json\/wp\/v2\/product\/5659","targetHints":{"allow":["GET"]}}],"collection":[{"href":"https:\/\/artstella-elixirs-floraux.com\/fr_fr\/wp-json\/wp\/v2\/product"}],"about":[{"href":"https:\/\/artstella-elixirs-floraux.com\/fr_fr\/wp-json\/wp\/v2\/types\/product"}],"version-history":[{"count":0,"href":"https:\/\/artstella-elixirs-floraux.com\/fr_fr\/wp-json\/wp\/v2\/product\/5659\/revisions"}],"wp:featuredmedia":[{"embeddable":true,"href":"https:\/\/artstella-elixirs-floraux.com\/fr_fr\/wp-json\/wp\/v2\/media\/10526"}],"wp:attachment":[{"href":"https:\/\/artstella-elixirs-floraux.com\/fr_fr\/wp-json\/wp\/v2\/media?parent=5659"}],"wp:term":[{"taxonomy":"product_brand","embeddable":true,"href":"https:\/\/artstella-elixirs-floraux.com\/fr_fr\/wp-json\/wp\/v2\/product_brand?post=5659"},{"taxonomy":"product_cat","embeddable":true,"href":"https:\/\/artstella-elixirs-floraux.com\/fr_fr\/wp-json\/wp\/v2\/product_cat?post=5659"},{"taxonomy":"product_tag","embeddable":true,"href":"https:\/\/artstella-elixirs-floraux.com\/fr_fr\/wp-json\/wp\/v2\/product_tag?post=5659"}],"curies":[{"name":"wp","href":"https:\/\/api.w.org\/{rel}","templated":true}]}}