{"id":5664,"date":"2025-03-09T13:46:29","date_gmt":"2025-03-09T13:46:29","guid":{"rendered":"https:\/\/artstella-elixirs-floraux.com\/product\/citronier-15-ml-deva\/"},"modified":"2025-06-02T06:42:45","modified_gmt":"2025-06-02T06:42:45","slug":"citronier-15-ml-deva","status":"publish","type":"product","link":"https:\/\/artstella-elixirs-floraux.com\/fr_fr\/produit\/citronier-15-ml-deva\/","title":{"rendered":"Citronier 15 ml DEVA"},"content":{"rendered":"","protected":false},"excerpt":{"rendered":"<p><strong><em>Citronnier<\/em><\/strong><\/p>\n<p>Tonicit\u00e9, clart\u00e9 mentale. Eclaircit le mental en coordonnant les pens\u00e9es. Aide \u00e0 retrouver le calme et la tranquillit\u00e9 d\u2019esprit. Stimule l\u2019intellect et favorise le raisonnement analytique.<\/p>\n","protected":false},"featured_media":5665,"template":"","meta":[],"product_brand":[],"product_cat":[183],"product_tag":[],"class_list":{"0":"post-5664","1":"product","2":"type-product","3":"status-publish","4":"has-post-thumbnail","6":"product_cat-les-elixirs-floraux-deva-unitaires","8":"first","9":"instock","10":"taxable","11":"shipping-taxable","12":"purchasable","13":"product-type-simple"},"etheme_brands":{"errors":{"invalid_taxonomy":["Taxonomie non valide."]},"error_data":[]},"jetpack_sharing_enabled":true,"jetpack-related-posts":[{"id":2351,"url":"https:\/\/artstella-elixirs-floraux.com\/fr_fr\/produit\/wild-rhubarb-alaskan\/","url_meta":{"origin":5664,"position":0},"title":"Wild rhubarb Alaskan","author":"eveapprill","date":"9 mars 2025","format":false,"excerpt":"Wild rhubar. Poligonum alaskanum R\u00e9sistance mentale et inflexibilit\u00e9 ; esprit influenc\u00e9 par l'ego ; communication entre le c\u0153ur et l'esprit bloqu\u00e9e ...","rel":"","context":"Article similaire","block_context":{"text":"Article similaire","link":""},"img":{"alt_text":"","src":"https:\/\/i0.wp.com\/artstella-elixirs-floraux.com\/wp-content\/uploads\/2025\/03\/wp-image601.png?resize=350%2C200&ssl=1","width":350,"height":200},"classes":[]},{"id":2219,"url":"https:\/\/artstella-elixirs-floraux.com\/fr_fr\/produit\/lambs-quarters-alaskan\/","url_meta":{"origin":5664,"position":1},"title":"Lamb\u2019s quarters Alaskan","author":"eveapprill","date":"9 mars 2025","format":false,"excerpt":"Lamb\u2019s quarters. Chenopodium album Quand nous sommes limit\u00e9s par ce que nous pouvons saisir avec le mental. Manque d'\u00e9quilibre entre le mental et le c\u0153ur, le rationnel et l'intuitif.","rel":"","context":"Article similaire","block_context":{"text":"Article similaire","link":""},"img":{"alt_text":"","src":"","width":0,"height":0},"classes":[]},{"id":5932,"url":"https:\/\/artstella-elixirs-floraux.com\/fr_fr\/produit\/marronnier-blanc-10-ml-deva\/","url_meta":{"origin":5664,"position":2},"title":"Marronnier blanc 10 ml DEVA","author":"eveapprill","date":"9 mars 2025","format":false,"excerpt":"Marronnier blanc - White chestnut Aesculus hippocastanum Clart\u00e9 mentale, tranquillit\u00e9 d\u2019esprit Calme le mental, favorise la concentration, l'intuition et la cr\u00e9ativit\u00e9. Pour supprimer le bavardage mental, les id\u00e9es fixes et les pens\u00e9es r\u00e9p\u00e9titives.","rel":"","context":"Article similaire","block_context":{"text":"Article similaire","link":""},"img":{"alt_text":"","src":"","width":0,"height":0},"classes":[]},{"id":5452,"url":"https:\/\/artstella-elixirs-floraux.com\/fr_fr\/produit\/digitale-foxglove-vingerhoedskruid-10ml\/","url_meta":{"origin":5664,"position":3},"title":"Digitale &#8211; Foxglove- VINGERHOEDSKRUID 10ml","author":"eveapprill","date":"9 mars 2025","format":false,"excerpt":"Digitale \/ Digitalis purpurea (foxglove) Pour d\u00e9passer le mental. Facilite les processus mentaux et permet de recontacter le c\u0153ur. Nous aide \u00e0 nous lib\u00e9rer de sch\u00e9mas de comportements que nous pensons devoir avoir.","rel":"","context":"Article similaire","block_context":{"text":"Article similaire","link":""},"img":{"alt_text":"","src":"","width":0,"height":0},"classes":[]},{"id":5724,"url":"https:\/\/artstella-elixirs-floraux.com\/fr_fr\/produit\/menthe-poivree-10ml-deva\/","url_meta":{"origin":5664,"position":4},"title":"Menthe poivr\u00e9e 10ml DEVA","author":"eveapprill","date":"9 mars 2025","format":false,"excerpt":"Menthe Poivr\u00e9e Attention, vivacit\u00e9 d\u2019esprit. Pour surmonter la paresse mentale et la tendance \u00e0 l\u2019endormissement. Pour ceux qui manifestent de la \u00ablourdeur mentale\u00bb suite \u00e0 un exc\u00e8s d\u2019activit\u00e9 intellectuelle.","rel":"","context":"Article similaire","block_context":{"text":"Article similaire","link":""},"img":{"alt_text":"","src":"https:\/\/i0.wp.com\/artstella-elixirs-floraux.com\/wp-content\/uploads\/2025\/03\/wp-image2420.png?resize=350%2C200&ssl=1","width":350,"height":200},"classes":[]},{"id":5572,"url":"https:\/\/artstella-elixirs-floraux.com\/fr_fr\/produit\/viperine-sylfos-15-ml\/","url_meta":{"origin":5664,"position":5},"title":"VIPERINE SYLFOS 15 ML","author":"eveapprill","date":"9 mars 2025","format":false,"excerpt":"VIP\u00c9RINE \/ VIBORERA\u00a0 Purple Viper's Bugloss Echium bonariense \u00a0 \u00a0 Pour les personnes s\u00e9rieuses, s\u00e8ches et sans sens de l\u2019humour. Apporte relaxation et lib\u00e8re des tensions accumul\u00e9es\u00a0; all\u00e8ge le mental, les \u00e9motions,","rel":"","context":"Article similaire","block_context":{"text":"Article similaire","link":""},"img":{"alt_text":"","src":"","width":0,"height":0},"classes":[]}],"_links":{"self":[{"href":"https:\/\/artstella-elixirs-floraux.com\/fr_fr\/wp-json\/wp\/v2\/product\/5664","targetHints":{"allow":["GET"]}}],"collection":[{"href":"https:\/\/artstella-elixirs-floraux.com\/fr_fr\/wp-json\/wp\/v2\/product"}],"about":[{"href":"https:\/\/artstella-elixirs-floraux.com\/fr_fr\/wp-json\/wp\/v2\/types\/product"}],"version-history":[{"count":0,"href":"https:\/\/artstella-elixirs-floraux.com\/fr_fr\/wp-json\/wp\/v2\/product\/5664\/revisions"}],"wp:featuredmedia":[{"embeddable":true,"href":"https:\/\/artstella-elixirs-floraux.com\/fr_fr\/wp-json\/wp\/v2\/media\/5665"}],"wp:attachment":[{"href":"https:\/\/artstella-elixirs-floraux.com\/fr_fr\/wp-json\/wp\/v2\/media?parent=5664"}],"wp:term":[{"taxonomy":"product_brand","embeddable":true,"href":"https:\/\/artstella-elixirs-floraux.com\/fr_fr\/wp-json\/wp\/v2\/product_brand?post=5664"},{"taxonomy":"product_cat","embeddable":true,"href":"https:\/\/artstella-elixirs-floraux.com\/fr_fr\/wp-json\/wp\/v2\/product_cat?post=5664"},{"taxonomy":"product_tag","embeddable":true,"href":"https:\/\/artstella-elixirs-floraux.com\/fr_fr\/wp-json\/wp\/v2\/product_tag?post=5664"}],"curies":[{"name":"wp","href":"https:\/\/api.w.org\/{rel}","templated":true}]}}