{"id":5678,"date":"2025-03-09T13:46:39","date_gmt":"2025-03-09T13:46:39","guid":{"rendered":"https:\/\/artstella-elixirs-floraux.com\/product\/cosmos-15-ml-deva\/"},"modified":"2025-06-02T06:42:19","modified_gmt":"2025-06-02T06:42:19","slug":"cosmos-15-ml-deva","status":"publish","type":"product","link":"https:\/\/artstella-elixirs-floraux.com\/fr_fr\/produit\/cosmos-15-ml-deva\/","title":{"rendered":"Cosmos 15 ml DEVA"},"content":{"rendered":"","protected":false},"excerpt":{"rendered":"<p><strong><em>Cosmos<\/em><\/strong><\/p>\n<p>Expression. Pour s\u2019exprimer avec calme et sang-froid face au public. Permet aux personnes timides, introverties ou h\u00e9sitantes, d\u2019exprimer plus clairement et plus facilement leurs conceptions.<\/p>\n","protected":false},"featured_media":5679,"template":"","meta":[],"product_brand":[],"product_cat":[183],"product_tag":[],"class_list":{"0":"post-5678","1":"product","2":"type-product","3":"status-publish","4":"has-post-thumbnail","6":"product_cat-les-elixirs-floraux-deva-unitaires","8":"first","9":"instock","10":"taxable","11":"shipping-taxable","12":"purchasable","13":"product-type-simple"},"etheme_brands":{"errors":{"invalid_taxonomy":["Taxonomie non valide."]},"error_data":[]},"jetpack_sharing_enabled":true,"jetpack-related-posts":[{"id":5296,"url":"https:\/\/artstella-elixirs-floraux.com\/fr_fr\/produit\/complexe-n8-etudes-et-examens-deva-30ml\/","url_meta":{"origin":5678,"position":0},"title":"COMPLEXE N\u00b08 Etudes et examens DEVA 30ML","author":"eveapprill","date":"9 mars 2025","format":false,"excerpt":"Le compos\u00e9 floral DEVA\u00a0\u00c9TUDES & EXAMENS\u00a0aide \u00e0 d\u00e9velopper l'esprit de synth\u00e8se. Il facilite une expression orale claire et coh\u00e9rente. Il est conseill\u00e9 aux \u00e9tudiants en p\u00e9riode d'examens ou aux personnes qui m\u00e8nent des travaux de recherche ou donnent des conf\u00e9rences.","rel":"","context":"Article similaire","block_context":{"text":"Article similaire","link":""},"img":{"alt_text":"","src":"https:\/\/i0.wp.com\/artstella-elixirs-floraux.com\/wp-content\/uploads\/2025\/03\/a0c22a76-9d02-484d-b5d8-57ffbb7b1305.jpg?resize=350%2C200&ssl=1","width":350,"height":200,"srcset":"https:\/\/i0.wp.com\/artstella-elixirs-floraux.com\/wp-content\/uploads\/2025\/03\/a0c22a76-9d02-484d-b5d8-57ffbb7b1305.jpg?resize=350%2C200&ssl=1 1x, https:\/\/i0.wp.com\/artstella-elixirs-floraux.com\/wp-content\/uploads\/2025\/03\/a0c22a76-9d02-484d-b5d8-57ffbb7b1305.jpg?resize=525%2C300&ssl=1 1.5x, https:\/\/i0.wp.com\/artstella-elixirs-floraux.com\/wp-content\/uploads\/2025\/03\/a0c22a76-9d02-484d-b5d8-57ffbb7b1305.jpg?resize=700%2C400&ssl=1 2x"},"classes":[]},{"id":5860,"url":"https:\/\/artstella-elixirs-floraux.com\/fr_fr\/produit\/papillon-morpho-peleides-morpho-falter-15-ml-phi\/","url_meta":{"origin":5678,"position":1},"title":"Papillon Morpho peleides &#8211; Morpho Falter 15 ml PHI","author":"eveapprill","date":"9 mars 2025","format":false,"excerpt":"Papillon Morpho peleides - Morpho Falter Le papillon Morpho est l'un des plus beaux papillons du monde et il repr\u00e9sente le rayon bleu.Les papillons se d\u00e9placent sur des spirales et apporter de l'\u00e9nergie cosmique \u00e0 la terre. Le rayon bleu repr\u00e9sente:Protection, courage, puissance, la force et la connaissance du cosmos.","rel":"","context":"Article similaire","block_context":{"text":"Article similaire","link":""},"img":{"alt_text":"","src":"https:\/\/i0.wp.com\/artstella-elixirs-floraux.com\/wp-content\/uploads\/2025\/03\/wp-image1944.png?resize=350%2C200&ssl=1","width":350,"height":200},"classes":[]},{"id":4334,"url":"https:\/\/artstella-elixirs-floraux.com\/fr_fr\/produit\/orca-orque-wea-experimentaux-30-ml\/","url_meta":{"origin":5678,"position":2},"title":"ORCA\/ORQUE WEA EXPERIMENTAUX 30 ML","author":"eveapprill","date":"9 mars 2025","format":false,"excerpt":"Etre le pont vers d\u2019autres mondes\u00a0; personnifier la conscience de l\u2019univers\u00a0; sagesse du cosmos","rel":"","context":"Article similaire","block_context":{"text":"Article similaire","link":""},"img":{"alt_text":"","src":"https:\/\/i0.wp.com\/artstella-elixirs-floraux.com\/wp-content\/uploads\/2025\/03\/wp-image2304.png?resize=350%2C200&ssl=1","width":350,"height":200,"srcset":"https:\/\/i0.wp.com\/artstella-elixirs-floraux.com\/wp-content\/uploads\/2025\/03\/wp-image2304.png?resize=350%2C200&ssl=1 1x, https:\/\/i0.wp.com\/artstella-elixirs-floraux.com\/wp-content\/uploads\/2025\/03\/wp-image2304.png?resize=525%2C300&ssl=1 1.5x, https:\/\/i0.wp.com\/artstella-elixirs-floraux.com\/wp-content\/uploads\/2025\/03\/wp-image2304.png?resize=700%2C400&ssl=1 2x, https:\/\/i0.wp.com\/artstella-elixirs-floraux.com\/wp-content\/uploads\/2025\/03\/wp-image2304.png?resize=1050%2C600&ssl=1 3x, https:\/\/i0.wp.com\/artstella-elixirs-floraux.com\/wp-content\/uploads\/2025\/03\/wp-image2304.png?resize=1400%2C800&ssl=1 4x"},"classes":[]},{"id":3647,"url":"https:\/\/artstella-elixirs-floraux.com\/fr_fr\/produit\/48-releasing-karmic-patterns-ltoe-15-ml\/","url_meta":{"origin":5678,"position":3},"title":"RELEASING KARMIC PATTERNS LTOE 15 ML","author":"eveapprill","date":"9 mars 2025","format":false,"excerpt":"Releasing Karmic Patterns\/ Lib\u00e9ration des sch\u00e9mas karmiques Lib\u00e8re les sch\u00e9mas karmiques, croyances rigides et id\u00e9es pr\u00e9con\u00e7ues, du 8e chakra, l\u00e0 o\u00f9 sont enregistr\u00e9s les abus pass\u00e9s du savoir et du pouvoir spirituels","rel":"","context":"Article similaire","block_context":{"text":"Article similaire","link":""},"img":{"alt_text":"","src":"https:\/\/i0.wp.com\/artstella-elixirs-floraux.com\/wp-content\/uploads\/2025\/03\/b3b9ee13-a2d2-42ad-8495-cd83129b6f34.jpg?resize=350%2C200&ssl=1","width":350,"height":200,"srcset":"https:\/\/i0.wp.com\/artstella-elixirs-floraux.com\/wp-content\/uploads\/2025\/03\/b3b9ee13-a2d2-42ad-8495-cd83129b6f34.jpg?resize=350%2C200&ssl=1 1x, https:\/\/i0.wp.com\/artstella-elixirs-floraux.com\/wp-content\/uploads\/2025\/03\/b3b9ee13-a2d2-42ad-8495-cd83129b6f34.jpg?resize=525%2C300&ssl=1 1.5x, https:\/\/i0.wp.com\/artstella-elixirs-floraux.com\/wp-content\/uploads\/2025\/03\/b3b9ee13-a2d2-42ad-8495-cd83129b6f34.jpg?resize=700%2C400&ssl=1 2x"},"classes":[]},{"id":5578,"url":"https:\/\/artstella-elixirs-floraux.com\/fr_fr\/produit\/mutt-corniaud-amour-inconditionnel-30ml\/","url_meta":{"origin":5678,"position":4},"title":"Mutt (Corniaud) \/ amour inconditionnel 30ml","author":"eveapprill","date":"9 mars 2025","format":false,"excerpt":"Mutt (Corniaud) \/ amour inconditionnel Pour ouvrir le c\u0153ur et sentir et exprimer l\u2019amour inconditionnel. Encourage notre capacit\u00e9 d\u2019avoir plus d\u2019amour pour nous-m\u00eames et les autres. Nous aide \u00e0 exprimer l\u2019affection. Cultive notre capacit\u00e9 de vivre de notre c\u0153ur doux et tendre et de partager notre amour avec le monde\u2026","rel":"","context":"Article similaire","block_context":{"text":"Article similaire","link":""},"img":{"alt_text":"","src":"https:\/\/i0.wp.com\/artstella-elixirs-floraux.com\/wp-content\/uploads\/2025\/03\/a70f0032-e7e7-458b-8de5-e37cddbe602d.jpg?resize=350%2C200&ssl=1","width":350,"height":200,"srcset":"https:\/\/i0.wp.com\/artstella-elixirs-floraux.com\/wp-content\/uploads\/2025\/03\/a70f0032-e7e7-458b-8de5-e37cddbe602d.jpg?resize=350%2C200&ssl=1 1x, https:\/\/i0.wp.com\/artstella-elixirs-floraux.com\/wp-content\/uploads\/2025\/03\/a70f0032-e7e7-458b-8de5-e37cddbe602d.jpg?resize=525%2C300&ssl=1 1.5x, https:\/\/i0.wp.com\/artstella-elixirs-floraux.com\/wp-content\/uploads\/2025\/03\/a70f0032-e7e7-458b-8de5-e37cddbe602d.jpg?resize=700%2C400&ssl=1 2x"},"classes":[]},{"id":5416,"url":"https:\/\/artstella-elixirs-floraux.com\/fr_fr\/produit\/alternanthere-pagegaaieblad\/","url_meta":{"origin":5678,"position":5},"title":"Alternanth\u00e8re PAGEGAAIEBLAD","author":"eveapprill","date":"9 mars 2025","format":false,"excerpt":"Althernathera \/ Alternanthera dentata\u00a0\u00a0Permet de rester centr\u00e9 et d\u2019exprimer ses sentiments sans se laisser perturber par autrui ou par des circonstances.\u00a0","rel":"","context":"Article similaire","block_context":{"text":"Article similaire","link":""},"img":{"alt_text":"","src":"","width":0,"height":0},"classes":[]}],"_links":{"self":[{"href":"https:\/\/artstella-elixirs-floraux.com\/fr_fr\/wp-json\/wp\/v2\/product\/5678","targetHints":{"allow":["GET"]}}],"collection":[{"href":"https:\/\/artstella-elixirs-floraux.com\/fr_fr\/wp-json\/wp\/v2\/product"}],"about":[{"href":"https:\/\/artstella-elixirs-floraux.com\/fr_fr\/wp-json\/wp\/v2\/types\/product"}],"version-history":[{"count":0,"href":"https:\/\/artstella-elixirs-floraux.com\/fr_fr\/wp-json\/wp\/v2\/product\/5678\/revisions"}],"wp:featuredmedia":[{"embeddable":true,"href":"https:\/\/artstella-elixirs-floraux.com\/fr_fr\/wp-json\/wp\/v2\/media\/5679"}],"wp:attachment":[{"href":"https:\/\/artstella-elixirs-floraux.com\/fr_fr\/wp-json\/wp\/v2\/media?parent=5678"}],"wp:term":[{"taxonomy":"product_brand","embeddable":true,"href":"https:\/\/artstella-elixirs-floraux.com\/fr_fr\/wp-json\/wp\/v2\/product_brand?post=5678"},{"taxonomy":"product_cat","embeddable":true,"href":"https:\/\/artstella-elixirs-floraux.com\/fr_fr\/wp-json\/wp\/v2\/product_cat?post=5678"},{"taxonomy":"product_tag","embeddable":true,"href":"https:\/\/artstella-elixirs-floraux.com\/fr_fr\/wp-json\/wp\/v2\/product_tag?post=5678"}],"curies":[{"name":"wp","href":"https:\/\/api.w.org\/{rel}","templated":true}]}}