{"id":5680,"date":"2025-03-09T13:46:40","date_gmt":"2025-03-09T13:46:40","guid":{"rendered":"https:\/\/artstella-elixirs-floraux.com\/product\/epicea-10-ml-deva\/"},"modified":"2025-06-02T06:42:19","modified_gmt":"2025-06-02T06:42:19","slug":"epicea-10-ml-deva","status":"publish","type":"product","link":"https:\/\/artstella-elixirs-floraux.com\/fr_fr\/produit\/epicea-10-ml-deva\/","title":{"rendered":"Epic\u00e9a 10 ml DEVA"},"content":{"rendered":"","protected":false},"excerpt":{"rendered":"<p>L&rsquo;\u00e9lixir floral d&rsquo;<strong>Epic\u00e9a<\/strong> d\u00e9veloppe la sensibilit\u00e9 et la compassion. Il Apporte cordialit\u00e9, droiture et perfection sans duret\u00e9 ni rigidit\u00e9. Il est conseill\u00e9 \u00e0 ceux qui sont rigoureux, froid, aust\u00e8res, \u00e0 la recherche d&rsquo;un id\u00e9al de perfection mais qui n&rsquo;acceptent pas les compromis et qui refusent de se remettre en cause.<\/p>\n","protected":false},"featured_media":5681,"template":"","meta":[],"product_brand":[],"product_cat":[183],"product_tag":[],"class_list":{"0":"post-5680","1":"product","2":"type-product","3":"status-publish","4":"has-post-thumbnail","6":"product_cat-les-elixirs-floraux-deva-unitaires","8":"first","9":"instock","10":"taxable","11":"shipping-taxable","12":"purchasable","13":"product-type-simple"},"etheme_brands":{"errors":{"invalid_taxonomy":["Taxonomie non valide."]},"error_data":[]},"jetpack_sharing_enabled":true,"jetpack-related-posts":[{"id":4175,"url":"https:\/\/artstella-elixirs-floraux.com\/fr_fr\/produit\/rafael-messagers-sylfos-15ml\/","url_meta":{"origin":5680,"position":0},"title":"RAFAEL (MESSAGERS) SYLFOS 15ML","author":"eveapprill","date":"9 mars 2025","format":false,"excerpt":"RAFAEL\u00a0 Int\u00e9grit\u00e9, Gu\u00e9rison, Reconstituant, Unit\u00e9, Perfection profonde. \u00a0 R\u00e9tablit l\u2019Int\u00e9grit\u00e9, ramenant un r\u00e9el \u00e9tat d\u2019\u00e9quilibre, d\u2019harmonie et de gr\u00e2ce.","rel":"","context":"Article similaire","block_context":{"text":"Article similaire","link":""},"img":{"alt_text":"","src":"","width":0,"height":0},"classes":[]},{"id":4169,"url":"https:\/\/artstella-elixirs-floraux.com\/fr_fr\/produit\/mere-divine-messagers-15ml\/","url_meta":{"origin":5680,"position":1},"title":"MERE DIVINE (MESSAGERS) 15ML","author":"eveapprill","date":"9 mars 2025","format":false,"excerpt":"MADRE DIVINA \/ MERE DIVINE Cr\u00e9ation des conditions de l\u2019\u00e9volution \u00b7 Acceptation des contraintes du karma \u00b7 Renforce la r\u00e9alisation de l\u2019\u00e9volution \u00b7 Perfection spirituelle\u00a0","rel":"","context":"Article similaire","block_context":{"text":"Article similaire","link":""},"img":{"alt_text":"","src":"","width":0,"height":0},"classes":[]},{"id":5926,"url":"https:\/\/artstella-elixirs-floraux.com\/fr_fr\/produit\/hetre-10ml-deva\/","url_meta":{"origin":5680,"position":2},"title":"H\u00eatre 15ml DEVA","author":"eveapprill","date":"9 mars 2025","format":false,"excerpt":"H\u00eatre - Beech Fagus silvatica Tol\u00e9rance, acceptation des autres Pour ceux qui sont critiques, tatillons, arrogants, intol\u00e9rants. Trop sensibles \u00e0 leur environnement, ils ne voient que le c\u00f4t\u00e9 n\u00e9gatif des choses. Souvent cyniques et stricts avec les autres, ils recherchent la perfection.","rel":"","context":"Article similaire","block_context":{"text":"Article similaire","link":""},"img":{"alt_text":"","src":"","width":0,"height":0},"classes":[]},{"id":5914,"url":"https:\/\/artstella-elixirs-floraux.com\/fr_fr\/produit\/eau-de-roche-10ml-deva\/","url_meta":{"origin":5680,"position":3},"title":"Eau de roche 10ml DEVA","author":"eveapprill","date":"9 mars 2025","format":false,"excerpt":"Eau de roche - Rock water Compr\u00e9hension, largesse d\u2019esprit Pour les personnes tr\u00e8s strictes, au caract\u00e8re rigide et rigoureux, qui se privent et se r\u00e9priment. Avides de perfection, souvent d'une strict moralit\u00e9, elles ont tendance \u00e0 \u00eatre id\u00e9alistes et peuvent souffrir d'une discipline trop rigoureuse.","rel":"","context":"Article similaire","block_context":{"text":"Article similaire","link":""},"img":{"alt_text":"","src":"","width":0,"height":0},"classes":[]},{"id":4336,"url":"https:\/\/artstella-elixirs-floraux.com\/fr_fr\/produit\/peregrine-falcon-faucon-pelerin-wea\/","url_meta":{"origin":5680,"position":4},"title":"PEREGRINE FALCON\/FAUCON PELERIN WEA","author":"eveapprill","date":"9 mars 2025","format":false,"excerpt":"Peregrine falcon (faucon p\u00e8lerin) Vitesse\u00a0: agilit\u00e9 spectaculaire\u00a0; action rapide et ancr\u00e9e\u00a0; contr\u00f4le sublime\u00a0; perfection du mouvement.","rel":"","context":"Article similaire","block_context":{"text":"Article similaire","link":""},"img":{"alt_text":"","src":"https:\/\/i0.wp.com\/artstella-elixirs-floraux.com\/wp-content\/uploads\/2025\/03\/wp-image2305.png?resize=350%2C200&ssl=1","width":350,"height":200,"srcset":"https:\/\/i0.wp.com\/artstella-elixirs-floraux.com\/wp-content\/uploads\/2025\/03\/wp-image2305.png?resize=350%2C200&ssl=1 1x, https:\/\/i0.wp.com\/artstella-elixirs-floraux.com\/wp-content\/uploads\/2025\/03\/wp-image2305.png?resize=525%2C300&ssl=1 1.5x, https:\/\/i0.wp.com\/artstella-elixirs-floraux.com\/wp-content\/uploads\/2025\/03\/wp-image2305.png?resize=700%2C400&ssl=1 2x, https:\/\/i0.wp.com\/artstella-elixirs-floraux.com\/wp-content\/uploads\/2025\/03\/wp-image2305.png?resize=1050%2C600&ssl=1 3x"},"classes":[]},{"id":3088,"url":"https:\/\/artstella-elixirs-floraux.com\/fr_fr\/produit\/pyramide-cheops-15-ml-phi\/","url_meta":{"origin":5680,"position":5},"title":"PYRAMIDE CHEOPS 15 ML PHI","author":"eveapprill","date":"9 mars 2025","format":false,"excerpt":"PYRAMIDE CHEOPS 15 ML PHI Favorise l\u2018enracinement. Puissant \u00e9lixir de protection","rel":"","context":"Article similaire","block_context":{"text":"Article similaire","link":""},"img":{"alt_text":"","src":"","width":0,"height":0},"classes":[]}],"_links":{"self":[{"href":"https:\/\/artstella-elixirs-floraux.com\/fr_fr\/wp-json\/wp\/v2\/product\/5680","targetHints":{"allow":["GET"]}}],"collection":[{"href":"https:\/\/artstella-elixirs-floraux.com\/fr_fr\/wp-json\/wp\/v2\/product"}],"about":[{"href":"https:\/\/artstella-elixirs-floraux.com\/fr_fr\/wp-json\/wp\/v2\/types\/product"}],"version-history":[{"count":0,"href":"https:\/\/artstella-elixirs-floraux.com\/fr_fr\/wp-json\/wp\/v2\/product\/5680\/revisions"}],"wp:featuredmedia":[{"embeddable":true,"href":"https:\/\/artstella-elixirs-floraux.com\/fr_fr\/wp-json\/wp\/v2\/media\/5681"}],"wp:attachment":[{"href":"https:\/\/artstella-elixirs-floraux.com\/fr_fr\/wp-json\/wp\/v2\/media?parent=5680"}],"wp:term":[{"taxonomy":"product_brand","embeddable":true,"href":"https:\/\/artstella-elixirs-floraux.com\/fr_fr\/wp-json\/wp\/v2\/product_brand?post=5680"},{"taxonomy":"product_cat","embeddable":true,"href":"https:\/\/artstella-elixirs-floraux.com\/fr_fr\/wp-json\/wp\/v2\/product_cat?post=5680"},{"taxonomy":"product_tag","embeddable":true,"href":"https:\/\/artstella-elixirs-floraux.com\/fr_fr\/wp-json\/wp\/v2\/product_tag?post=5680"}],"curies":[{"name":"wp","href":"https:\/\/api.w.org\/{rel}","templated":true}]}}