{"id":5686,"date":"2025-03-09T13:46:44","date_gmt":"2025-03-09T13:46:44","guid":{"rendered":"https:\/\/artstella-elixirs-floraux.com\/product\/erable-15-ml-deva\/"},"modified":"2025-06-02T06:42:17","modified_gmt":"2025-06-02T06:42:17","slug":"erable-15-ml-deva","status":"publish","type":"product","link":"https:\/\/artstella-elixirs-floraux.com\/fr_fr\/produit\/erable-15-ml-deva\/","title":{"rendered":"Erable 15 ml DEVA"},"content":{"rendered":"","protected":false},"excerpt":{"rendered":"<p><strong><em>Erable<\/em><\/strong><\/p>\n<p>Vitalit\u00e9, dynamisme, fluidit\u00e9. Favorise le r\u00e9\u00e9quilibrage et la circulation \u00e9nerg\u00e9tique.<\/p>\n","protected":false},"featured_media":5687,"template":"","meta":[],"product_brand":[],"product_cat":[183],"product_tag":[],"class_list":{"0":"post-5686","1":"product","2":"type-product","3":"status-publish","4":"has-post-thumbnail","6":"product_cat-les-elixirs-floraux-deva-unitaires","8":"first","9":"instock","10":"taxable","11":"shipping-taxable","12":"purchasable","13":"product-type-simple"},"etheme_brands":{"errors":{"invalid_taxonomy":["Taxonomie non valide."]},"error_data":[]},"jetpack_sharing_enabled":true,"jetpack-related-posts":[{"id":5670,"url":"https:\/\/artstella-elixirs-floraux.com\/fr_fr\/produit\/consoude-15-ml-deva\/","url_meta":{"origin":5686,"position":0},"title":"Consoude 15 ml DEVA","author":"eveapprill","date":"9 mars 2025","format":false,"excerpt":"Consoude Conscience corporelle, \u00e9limination des tensions. Apporte \u00e0 l\u2019organisme tonicit\u00e9 et vitalit\u00e9. Favorise la d\u00e9tente corporelle.","rel":"","context":"Article similaire","block_context":{"text":"Article similaire","link":""},"img":{"alt_text":"","src":"https:\/\/i0.wp.com\/artstella-elixirs-floraux.com\/wp-content\/uploads\/2025\/03\/wp-image2391.png?resize=350%2C200&ssl=1","width":350,"height":200},"classes":[]},{"id":5712,"url":"https:\/\/artstella-elixirs-floraux.com\/fr_fr\/produit\/lilas-15-ml-deva\/","url_meta":{"origin":5686,"position":1},"title":"Lilas 15 ml DEVA","author":"eveapprill","date":"9 mars 2025","format":false,"excerpt":"Lilas R\u00e9g\u00e9n\u00e9ration. Pour \u00e9quilibrer la circulation \u00e9nerg\u00e9tique du dos. Pour ceux qui se sentent bris\u00e9s et qui en ont \u00abplein le dos\u00bb. D\u00e9veloppe la flexibilit\u00e9 permettant de s\u2019adapter plus facilement \u00e0 des situations nouvelles. Pour se tenir \u00ab\u00a0droit\u00a0\u00bb face aux d\u00e9fis.","rel":"","context":"Article similaire","block_context":{"text":"Article similaire","link":""},"img":{"alt_text":"","src":"https:\/\/i0.wp.com\/artstella-elixirs-floraux.com\/wp-content\/uploads\/2025\/03\/wp-image2414.png?resize=350%2C200&ssl=1","width":350,"height":200},"classes":[]},{"id":5784,"url":"https:\/\/artstella-elixirs-floraux.com\/fr_fr\/produit\/pissenlit-15-ml-deva\/","url_meta":{"origin":5686,"position":2},"title":"Pissenlit 15 ml DEVA","author":"eveapprill","date":"9 mars 2025","format":false,"excerpt":"Pissenlit Aisance et dynamisme corporel. Favorise l\u2019assouplissement corporel, la d\u00e9tente musculaire et mentale. Facilite l\u2019ouverture spirituelle par la relaxation du corps physique.","rel":"","context":"Article similaire","block_context":{"text":"Article similaire","link":""},"img":{"alt_text":"","src":"https:\/\/i0.wp.com\/artstella-elixirs-floraux.com\/wp-content\/uploads\/2025\/03\/wp-image2442.png?resize=350%2C200&ssl=1","width":350,"height":200},"classes":[]},{"id":5796,"url":"https:\/\/artstella-elixirs-floraux.com\/fr_fr\/produit\/sureau-15-ml-deva\/","url_meta":{"origin":5686,"position":3},"title":"Sureau 15 ml DEVA","author":"eveapprill","date":"9 mars 2025","format":false,"excerpt":"Sureau Aide \u00e0 surmonter le sentiment de honte, de souillure ou d'imperfection. Pour les temp\u00e9raments ternes, effac\u00e9s, soumis, manquant de vitalit\u00e9.","rel":"","context":"Article similaire","block_context":{"text":"Article similaire","link":""},"img":{"alt_text":"","src":"https:\/\/i0.wp.com\/artstella-elixirs-floraux.com\/wp-content\/uploads\/2025\/03\/wp-image2448.png?resize=350%2C200&ssl=1","width":350,"height":200},"classes":[]},{"id":5706,"url":"https:\/\/artstella-elixirs-floraux.com\/fr_fr\/produit\/ipomee-15-ml-deva\/","url_meta":{"origin":5686,"position":4},"title":"Ipom\u00e9e 15 ml DEVA","author":"eveapprill","date":"9 mars 2025","format":false,"excerpt":"Ipom\u00e9e Vitalit\u00e9, stabilit\u00e9. Pour tonifier et rafra\u00eechir l\u2019organisme. Aide \u00e0 supporter l\u2019arr\u00eat des mauvaises habitudes (alcool, caf\u00e9, tabac...). R\u00e9gularise les rythmes de la vie quotidienne (heure des repas, du coucher).","rel":"","context":"Article similaire","block_context":{"text":"Article similaire","link":""},"img":{"alt_text":"","src":"https:\/\/i0.wp.com\/artstella-elixirs-floraux.com\/wp-content\/uploads\/2025\/03\/wp-image2410.png?resize=350%2C200&ssl=1","width":350,"height":200},"classes":[]},{"id":5732,"url":"https:\/\/artstella-elixirs-floraux.com\/fr_fr\/produit\/mimulus-ecarlate-15-ml-deva\/","url_meta":{"origin":5686,"position":5},"title":"Mimulus \u00e9carlate 15 ml DEVA","author":"eveapprill","date":"9 mars 2025","format":false,"excerpt":"Mimulus \u00e9carlate - Scarlet Monkeyflower Lib\u00e9ration des \u00e9motions intenses. Permet de r\u00e9soudre les situations de pouvoir et de col\u00e8re dans les relations interpersonnelles. Lib\u00e8re la vitalit\u00e9 lorsque celle-ci est paralys\u00e9e par la col\u00e8re ou le ressentiment.","rel":"","context":"Article similaire","block_context":{"text":"Article similaire","link":""},"img":{"alt_text":"","src":"https:\/\/i0.wp.com\/artstella-elixirs-floraux.com\/wp-content\/uploads\/2025\/03\/wp-image2424.png?resize=350%2C200&ssl=1","width":350,"height":200},"classes":[]}],"_links":{"self":[{"href":"https:\/\/artstella-elixirs-floraux.com\/fr_fr\/wp-json\/wp\/v2\/product\/5686","targetHints":{"allow":["GET"]}}],"collection":[{"href":"https:\/\/artstella-elixirs-floraux.com\/fr_fr\/wp-json\/wp\/v2\/product"}],"about":[{"href":"https:\/\/artstella-elixirs-floraux.com\/fr_fr\/wp-json\/wp\/v2\/types\/product"}],"version-history":[{"count":0,"href":"https:\/\/artstella-elixirs-floraux.com\/fr_fr\/wp-json\/wp\/v2\/product\/5686\/revisions"}],"wp:featuredmedia":[{"embeddable":true,"href":"https:\/\/artstella-elixirs-floraux.com\/fr_fr\/wp-json\/wp\/v2\/media\/5687"}],"wp:attachment":[{"href":"https:\/\/artstella-elixirs-floraux.com\/fr_fr\/wp-json\/wp\/v2\/media?parent=5686"}],"wp:term":[{"taxonomy":"product_brand","embeddable":true,"href":"https:\/\/artstella-elixirs-floraux.com\/fr_fr\/wp-json\/wp\/v2\/product_brand?post=5686"},{"taxonomy":"product_cat","embeddable":true,"href":"https:\/\/artstella-elixirs-floraux.com\/fr_fr\/wp-json\/wp\/v2\/product_cat?post=5686"},{"taxonomy":"product_tag","embeddable":true,"href":"https:\/\/artstella-elixirs-floraux.com\/fr_fr\/wp-json\/wp\/v2\/product_tag?post=5686"}],"curies":[{"name":"wp","href":"https:\/\/api.w.org\/{rel}","templated":true}]}}