{"id":5690,"date":"2025-03-09T13:46:46","date_gmt":"2025-03-09T13:46:46","guid":{"rendered":"https:\/\/artstella-elixirs-floraux.com\/product\/figuier-15-ml-deva\/"},"modified":"2025-06-02T06:42:17","modified_gmt":"2025-06-02T06:42:17","slug":"figuier-15-ml-deva","status":"publish","type":"product","link":"https:\/\/artstella-elixirs-floraux.com\/fr_fr\/produit\/figuier-15-ml-deva\/","title":{"rendered":"Figuier 15 ml DEVA"},"content":{"rendered":"","protected":false},"excerpt":{"rendered":"<p><strong><em>Figuier<\/em><\/strong><\/p>\n<p>Lucidit\u00e9, Contr\u00f4le de soi. D\u00e9veloppe la clart\u00e9 mentale, l\u2019assurance et la m\u00e9moire. Permet d\u2019assumer la complexit\u00e9 de la vie moderne d\u2019une mani\u00e8re calme et confiante en favorisant le contr\u00f4le de soi.<\/p>\n","protected":false},"featured_media":5691,"template":"","meta":[],"product_brand":[],"product_cat":[183],"product_tag":[],"class_list":{"0":"post-5690","1":"product","2":"type-product","3":"status-publish","4":"has-post-thumbnail","6":"product_cat-les-elixirs-floraux-deva-unitaires","8":"first","9":"instock","10":"taxable","11":"shipping-taxable","12":"purchasable","13":"product-type-simple"},"etheme_brands":{"errors":{"invalid_taxonomy":["Taxonomie non valide."]},"error_data":[]},"jetpack_sharing_enabled":true,"jetpack-related-posts":[{"id":6203,"url":"https:\/\/artstella-elixirs-floraux.com\/fr_fr\/produit\/elixir-ocean-n-22-phi-15ml\/","url_meta":{"origin":5690,"position":0},"title":"ELIXIR OCEAN N\u00b0 22 PHI 15ml","author":"eveapprill","date":"9 mars 2025","format":false,"excerpt":"ELIXIR OCEAN N\u00b0 22\u00a0 aide \u00e0 se centrer \u00e9motionnellement et \u00e0 s'harmoniser. Il aide les personnes ayant tendance \u00e0 vouloir contr\u00f4ler les autres \u00e0 pouvoir l\u00e2cher prise. Il favorise \u00e9nerg\u00e9tiquement la lib\u00e9ration de peurs telle la perte de contr\u00f4le.","rel":"","context":"Article similaire","block_context":{"text":"Article similaire","link":""},"img":{"alt_text":"","src":"https:\/\/i0.wp.com\/artstella-elixirs-floraux.com\/wp-content\/uploads\/2025\/03\/wp-image2196.png?resize=350%2C200&ssl=1","width":350,"height":200},"classes":[]},{"id":5394,"url":"https:\/\/artstella-elixirs-floraux.com\/fr_fr\/produit\/morfo-blanco-sylfos\/","url_meta":{"origin":5690,"position":1},"title":"MORFO BLANCO SYLFOS","author":"eveapprill","date":"9 mars 2025","format":false,"excerpt":"33 - MORFO BLANCO\/ MORPHO BLANC Morpho polyphemus\u00a0\u00a0 Contr\u00f4le de l\u2019ego -\u00a0 Reconnaissance Cet \u00e9lixir nous permet d\u2019accepter les \u00e9loges et la reconnaissance de la part des autres, car ils valorisent et reconnaissent nos contributions.","rel":"","context":"Article similaire","block_context":{"text":"Article similaire","link":""},"img":{"alt_text":"","src":"https:\/\/i0.wp.com\/artstella-elixirs-floraux.com\/wp-content\/uploads\/2025\/03\/a6f90f42-30f1-4d81-ac70-8af75cb91c09.jpg?resize=350%2C200&ssl=1","width":350,"height":200,"srcset":"https:\/\/i0.wp.com\/artstella-elixirs-floraux.com\/wp-content\/uploads\/2025\/03\/a6f90f42-30f1-4d81-ac70-8af75cb91c09.jpg?resize=350%2C200&ssl=1 1x, https:\/\/i0.wp.com\/artstella-elixirs-floraux.com\/wp-content\/uploads\/2025\/03\/a6f90f42-30f1-4d81-ac70-8af75cb91c09.jpg?resize=525%2C300&ssl=1 1.5x, https:\/\/i0.wp.com\/artstella-elixirs-floraux.com\/wp-content\/uploads\/2025\/03\/a6f90f42-30f1-4d81-ac70-8af75cb91c09.jpg?resize=700%2C400&ssl=1 2x"},"classes":[]},{"id":2198,"url":"https:\/\/artstella-elixirs-floraux.com\/fr_fr\/produit\/jacobs-ladder-alaskan\/","url_meta":{"origin":5690,"position":2},"title":"Jacob\u2019s ladder Alaskan","author":"eveapprill","date":"9 mars 2025","format":false,"excerpt":"Jacob\u2019s ladder. Polemonium pulcherrimum Manque de clart\u00e9 sur les motivations ou les intentions ; manque de confiance dans le monde spirituel, tentative de contr\u00f4le mental pour r\u00e9pondre \u00e0 ses besoins et d\u00e9sirs.DER ALASKA 7.5 ML","rel":"","context":"Article similaire","block_context":{"text":"Article similaire","link":""},"img":{"alt_text":"","src":"https:\/\/i0.wp.com\/artstella-elixirs-floraux.com\/wp-content\/uploads\/2025\/03\/wp-image545.png?resize=350%2C200&ssl=1","width":350,"height":200},"classes":[]},{"id":4110,"url":"https:\/\/artstella-elixirs-floraux.com\/fr_fr\/produit\/puma-el-chamaniques-15-ml\/","url_meta":{"origin":5690,"position":3},"title":"PUMA EL CHAMANIQUES 15 ML","author":"eveapprill","date":"9 mars 2025","format":false,"excerpt":"PUMA\u00a0 \" Le Gardien du Temple\" Leadership \u2013 Contr\u00f4le de l\u2019ego - Pouvoir L\u2019\u00e9lixir aide \u00e0 prendre nos responsabilit\u00e9s. Il soutient l\u2019action efficace et apporte l\u2019aide n\u00e9cessaire pour manifester nos r\u00eaves et nos visions.","rel":"","context":"Article similaire","block_context":{"text":"Article similaire","link":""},"img":{"alt_text":"","src":"","width":0,"height":0},"classes":[]},{"id":4422,"url":"https:\/\/artstella-elixirs-floraux.com\/fr_fr\/produit\/isopogon-15-ml-bush\/","url_meta":{"origin":5690,"position":4},"title":"ISOPOGON 15 ML BUSH","author":"eveapprill","date":"9 mars 2025","format":false,"excerpt":"Isopogon Ne pas comprendre les le\u00e7ons du pass\u00e9, contr\u00f4le des autres, personnalit\u00e9 manipulatrice. Comprendre les le\u00e7ons du pass\u00e9, retrouver les talents du pass\u00e9.","rel":"","context":"Article similaire","block_context":{"text":"Article similaire","link":""},"img":{"alt_text":"","src":"","width":0,"height":0},"classes":[]},{"id":5635,"url":"https:\/\/artstella-elixirs-floraux.com\/fr_fr\/produit\/bistorte-15-ml-deva\/","url_meta":{"origin":5690,"position":5},"title":"Bistorte 15 ml Deva","author":"eveapprill","date":"9 mars 2025","format":false,"excerpt":"Bistorte Recentrage, contr\u00f4le de soi. Recentre et fortifie ceux qui n\u2019ont pas (ou plus) les pieds sur terre, en particulier dans les p\u00e9riodes de grand changement.","rel":"","context":"Article similaire","block_context":{"text":"Article similaire","link":""},"img":{"alt_text":"","src":"https:\/\/i0.wp.com\/artstella-elixirs-floraux.com\/wp-content\/uploads\/2025\/03\/wp-image1822.png?resize=350%2C200&ssl=1","width":350,"height":200},"classes":[]}],"_links":{"self":[{"href":"https:\/\/artstella-elixirs-floraux.com\/fr_fr\/wp-json\/wp\/v2\/product\/5690","targetHints":{"allow":["GET"]}}],"collection":[{"href":"https:\/\/artstella-elixirs-floraux.com\/fr_fr\/wp-json\/wp\/v2\/product"}],"about":[{"href":"https:\/\/artstella-elixirs-floraux.com\/fr_fr\/wp-json\/wp\/v2\/types\/product"}],"version-history":[{"count":0,"href":"https:\/\/artstella-elixirs-floraux.com\/fr_fr\/wp-json\/wp\/v2\/product\/5690\/revisions"}],"wp:featuredmedia":[{"embeddable":true,"href":"https:\/\/artstella-elixirs-floraux.com\/fr_fr\/wp-json\/wp\/v2\/media\/5691"}],"wp:attachment":[{"href":"https:\/\/artstella-elixirs-floraux.com\/fr_fr\/wp-json\/wp\/v2\/media?parent=5690"}],"wp:term":[{"taxonomy":"product_brand","embeddable":true,"href":"https:\/\/artstella-elixirs-floraux.com\/fr_fr\/wp-json\/wp\/v2\/product_brand?post=5690"},{"taxonomy":"product_cat","embeddable":true,"href":"https:\/\/artstella-elixirs-floraux.com\/fr_fr\/wp-json\/wp\/v2\/product_cat?post=5690"},{"taxonomy":"product_tag","embeddable":true,"href":"https:\/\/artstella-elixirs-floraux.com\/fr_fr\/wp-json\/wp\/v2\/product_tag?post=5690"}],"curies":[{"name":"wp","href":"https:\/\/api.w.org\/{rel}","templated":true}]}}