{"id":5694,"date":"2025-03-09T13:46:49","date_gmt":"2025-03-09T13:46:49","guid":{"rendered":"https:\/\/artstella-elixirs-floraux.com\/product\/fuchsia10-ml-deva\/"},"modified":"2026-01-21T10:33:03","modified_gmt":"2026-01-21T10:33:03","slug":"fuchsia10-ml-deva","status":"publish","type":"product","link":"https:\/\/artstella-elixirs-floraux.com\/fr_fr\/produit\/fuchsia10-ml-deva\/","title":{"rendered":"Fuchsia15 ml DEVA"},"content":{"rendered":"","protected":false},"excerpt":{"rendered":"<p><strong><em>Fuchsia<\/em><\/strong><\/p>\n<p>Compr\u00e9hension des \u00e9motions enfouies. Catalyseur \u00e9motionnel favorisant l\u2019\u00e9mergence, la compr\u00e9hension et la r\u00e9solution des \u00e9motions li\u00e9es \u00e0 la col\u00e8re et au chagrin qui remontent souvent \u00e0 l\u2019enfance.<\/p>\n","protected":false},"featured_media":5695,"template":"","meta":[],"product_brand":[],"product_cat":[183],"product_tag":[],"class_list":{"0":"post-5694","1":"product","2":"type-product","3":"status-publish","4":"has-post-thumbnail","6":"product_cat-les-elixirs-floraux-deva-unitaires","8":"first","9":"instock","10":"taxable","11":"shipping-taxable","12":"purchasable","13":"product-type-simple"},"etheme_brands":{"errors":{"invalid_taxonomy":["Taxonomie non valide."]},"error_data":[]},"jetpack_sharing_enabled":true,"jetpack-related-posts":[{"id":5298,"url":"https:\/\/artstella-elixirs-floraux.com\/fr_fr\/produit\/complexe-n9-unite-familiale-deva-30ml\/","url_meta":{"origin":5694,"position":0},"title":"COMPLEXE N\u00b09 Unit\u00e9 familiale DEVA 30ML","author":"eveapprill","date":"9 mars 2025","format":false,"excerpt":"COMPLEXE N\u00b09 Unit\u00e9 familiale 30ml \u00c9coute, compr\u00e9hension, solidarit\u00e9 Renforce l'unit\u00e9 familiale. D\u00e9veloppe les liens du c\u0153ur.","rel":"","context":"Article similaire","block_context":{"text":"Article similaire","link":""},"img":{"alt_text":"","src":"https:\/\/i0.wp.com\/artstella-elixirs-floraux.com\/wp-content\/uploads\/2025\/03\/f4e29b6e-c225-4335-9a53-00298e16c3f6.jpg?resize=350%2C200&ssl=1","width":350,"height":200,"srcset":"https:\/\/i0.wp.com\/artstella-elixirs-floraux.com\/wp-content\/uploads\/2025\/03\/f4e29b6e-c225-4335-9a53-00298e16c3f6.jpg?resize=350%2C200&ssl=1 1x, https:\/\/i0.wp.com\/artstella-elixirs-floraux.com\/wp-content\/uploads\/2025\/03\/f4e29b6e-c225-4335-9a53-00298e16c3f6.jpg?resize=525%2C300&ssl=1 1.5x, https:\/\/i0.wp.com\/artstella-elixirs-floraux.com\/wp-content\/uploads\/2025\/03\/f4e29b6e-c225-4335-9a53-00298e16c3f6.jpg?resize=700%2C400&ssl=1 2x"},"classes":[]},{"id":4068,"url":"https:\/\/artstella-elixirs-floraux.com\/fr_fr\/produit\/quintral-gui-15-ml-sylfos\/","url_meta":{"origin":5694,"position":1},"title":"QUINTRAL \/ GUI A FLEURS ROUGES SYLFOS","author":"eveapprill","date":"9 mars 2025","format":false,"excerpt":"QUINTRAL Tristerix tetrandrus Peurs ancestrales, acceptation et compr\u00e9hension de nos croyances. Aide \u00e0 surmonter les peurs archa\u00efques, profondes et ancestrales, qui sont ancr\u00e9es dans le corps et qui influencent nos croyances profondes","rel":"","context":"Article similaire","block_context":{"text":"Article similaire","link":""},"img":{"alt_text":"","src":"","width":0,"height":0},"classes":[]},{"id":2094,"url":"https:\/\/artstella-elixirs-floraux.com\/fr_fr\/produit\/blue-elf-viola-alaskan\/","url_meta":{"origin":5694,"position":2},"title":"Blue Elf Viola Alaskan","author":"eveapprill","date":"9 mars 2025","format":false,"excerpt":"Blue Elf Viola Pour ceux qui sont incapables d'exprimer leur col\u00e8re d'une mani\u00e8re claire et non-violente, plus sp\u00e9cialement dans les groupes. Permet de dissoudre l'\u00e9nergie protectrice autour de votre col\u00e8re, rage ou frustrations et facilite la compr\u00e9hension de la racine de ces \u00e9motions de fa\u00e7on \u00e0 ce qu'elle puisse \u00eatre\u2026","rel":"","context":"Article similaire","block_context":{"text":"Article similaire","link":""},"img":{"alt_text":"","src":"https:\/\/i0.wp.com\/artstella-elixirs-floraux.com\/wp-content\/uploads\/2025\/03\/wp-image43.png?resize=350%2C200&ssl=1","width":350,"height":200},"classes":[]},{"id":5572,"url":"https:\/\/artstella-elixirs-floraux.com\/fr_fr\/produit\/viperine-sylfos-15-ml\/","url_meta":{"origin":5694,"position":3},"title":"VIPERINE SYLFOS 15 ML","author":"eveapprill","date":"9 mars 2025","format":false,"excerpt":"VIP\u00c9RINE \/ VIBORERA\u00a0 Purple Viper's Bugloss Echium bonariense \u00a0 \u00a0 Pour les personnes s\u00e9rieuses, s\u00e8ches et sans sens de l\u2019humour. Apporte relaxation et lib\u00e8re des tensions accumul\u00e9es\u00a0; all\u00e8ge le mental, les \u00e9motions,","rel":"","context":"Article similaire","block_context":{"text":"Article similaire","link":""},"img":{"alt_text":"","src":"","width":0,"height":0},"classes":[]},{"id":5300,"url":"https:\/\/artstella-elixirs-floraux.com\/fr_fr\/produit\/complexe-n10-emotions-de-grossesse-deva-30ml\/","url_meta":{"origin":5694,"position":4},"title":"COMPLEXE N\u00b010 Emotions de Grossesse DEVA 30ML","author":"eveapprill","date":"9 mars 2025","format":false,"excerpt":"COMPLEXE N\u00b010 Emotions de la Grossesse 30ml aide \u00e0 surmonter la sensibilit\u00e9 \u00e9motionnelle et l'inqui\u00e9tude chez la femme enceinte. Il optimisme les qualit\u00e9s maternelles et d\u00e9veloppe la confiance dans sa capacit\u00e9 \u00e0 \u00eatre m\u00e8re.","rel":"","context":"Article similaire","block_context":{"text":"Article similaire","link":""},"img":{"alt_text":"","src":"https:\/\/i0.wp.com\/artstella-elixirs-floraux.com\/wp-content\/uploads\/2025\/03\/ce77edc3-42f0-44cb-8d3f-84e70aaa2e0a.jpg?resize=350%2C200&ssl=1","width":350,"height":200,"srcset":"https:\/\/i0.wp.com\/artstella-elixirs-floraux.com\/wp-content\/uploads\/2025\/03\/ce77edc3-42f0-44cb-8d3f-84e70aaa2e0a.jpg?resize=350%2C200&ssl=1 1x, https:\/\/i0.wp.com\/artstella-elixirs-floraux.com\/wp-content\/uploads\/2025\/03\/ce77edc3-42f0-44cb-8d3f-84e70aaa2e0a.jpg?resize=525%2C300&ssl=1 1.5x, https:\/\/i0.wp.com\/artstella-elixirs-floraux.com\/wp-content\/uploads\/2025\/03\/ce77edc3-42f0-44cb-8d3f-84e70aaa2e0a.jpg?resize=700%2C400&ssl=1 2x"},"classes":[]},{"id":5304,"url":"https:\/\/artstella-elixirs-floraux.com\/fr_fr\/produit\/complexe-n12-emotions-de-ladolescence-deva-30ml\/","url_meta":{"origin":5694,"position":5},"title":"COMPLEXE N\u00b012 Emotions de l&rsquo;Adolescence DEVA 30ML","author":"eveapprill","date":"9 mars 2025","format":false,"excerpt":"COMPLEXE N\u00b012 en 30ml Le compos\u00e9 floral \u00c9motions de l'ADOLESCENCE facilite la transition de l'enfance \u00e0 l'\u00e2ge adulte. Il aide \u00e0 surmonter l'insatisfaction et l'immaturit\u00e9. Il est\u00a0 recommand\u00e9 pour affirmer positivement son individualit\u00e9 et d\u00e9fendre ses convictions. Pour faciliter les choix de vie et d'orientation et garder son cap.","rel":"","context":"Article similaire","block_context":{"text":"Article similaire","link":""},"img":{"alt_text":"","src":"https:\/\/i0.wp.com\/artstella-elixirs-floraux.com\/wp-content\/uploads\/2025\/03\/a59a17e7-574b-4ee7-a37f-0dbea1df662c.jpg?resize=350%2C200&ssl=1","width":350,"height":200,"srcset":"https:\/\/i0.wp.com\/artstella-elixirs-floraux.com\/wp-content\/uploads\/2025\/03\/a59a17e7-574b-4ee7-a37f-0dbea1df662c.jpg?resize=350%2C200&ssl=1 1x, https:\/\/i0.wp.com\/artstella-elixirs-floraux.com\/wp-content\/uploads\/2025\/03\/a59a17e7-574b-4ee7-a37f-0dbea1df662c.jpg?resize=525%2C300&ssl=1 1.5x, https:\/\/i0.wp.com\/artstella-elixirs-floraux.com\/wp-content\/uploads\/2025\/03\/a59a17e7-574b-4ee7-a37f-0dbea1df662c.jpg?resize=700%2C400&ssl=1 2x"},"classes":[]}],"_links":{"self":[{"href":"https:\/\/artstella-elixirs-floraux.com\/fr_fr\/wp-json\/wp\/v2\/product\/5694","targetHints":{"allow":["GET"]}}],"collection":[{"href":"https:\/\/artstella-elixirs-floraux.com\/fr_fr\/wp-json\/wp\/v2\/product"}],"about":[{"href":"https:\/\/artstella-elixirs-floraux.com\/fr_fr\/wp-json\/wp\/v2\/types\/product"}],"version-history":[{"count":1,"href":"https:\/\/artstella-elixirs-floraux.com\/fr_fr\/wp-json\/wp\/v2\/product\/5694\/revisions"}],"predecessor-version":[{"id":11983,"href":"https:\/\/artstella-elixirs-floraux.com\/fr_fr\/wp-json\/wp\/v2\/product\/5694\/revisions\/11983"}],"wp:featuredmedia":[{"embeddable":true,"href":"https:\/\/artstella-elixirs-floraux.com\/fr_fr\/wp-json\/wp\/v2\/media\/5695"}],"wp:attachment":[{"href":"https:\/\/artstella-elixirs-floraux.com\/fr_fr\/wp-json\/wp\/v2\/media?parent=5694"}],"wp:term":[{"taxonomy":"product_brand","embeddable":true,"href":"https:\/\/artstella-elixirs-floraux.com\/fr_fr\/wp-json\/wp\/v2\/product_brand?post=5694"},{"taxonomy":"product_cat","embeddable":true,"href":"https:\/\/artstella-elixirs-floraux.com\/fr_fr\/wp-json\/wp\/v2\/product_cat?post=5694"},{"taxonomy":"product_tag","embeddable":true,"href":"https:\/\/artstella-elixirs-floraux.com\/fr_fr\/wp-json\/wp\/v2\/product_tag?post=5694"}],"curies":[{"name":"wp","href":"https:\/\/api.w.org\/{rel}","templated":true}]}}