{"id":5704,"date":"2025-03-09T13:47:09","date_gmt":"2025-03-09T13:47:09","guid":{"rendered":"https:\/\/artstella-elixirs-floraux.com\/product\/hysope-15-ml-deva\/"},"modified":"2025-06-02T06:42:15","modified_gmt":"2025-06-02T06:42:15","slug":"hysope-15-ml-deva","status":"publish","type":"product","link":"https:\/\/artstella-elixirs-floraux.com\/fr_fr\/produit\/hysope-15-ml-deva\/","title":{"rendered":"Hysope 15 ml DEVA"},"content":{"rendered":"","protected":false},"excerpt":{"rendered":"<p><strong><em>Hysope<\/em><\/strong><\/p>\n<p>Repentir, pardon. Pour surmonter le sentiment de culpabilit\u00e9.<\/p>\n<p>Aide \u00e0 retrouver son identit\u00e9 propre, lib\u00e9r\u00e9 des besoins de conformit\u00e9. Permet de d\u00e9passer un sentiment de culpabilit\u00e9 pour se confronter activement aux pens\u00e9es, actes, comportements \u00e0 leur origine et faciliter ainsi la lib\u00e9ration des \u00e9motions qui y sont\u00a0 li\u00e9es.<\/p>\n","protected":false},"featured_media":5705,"template":"","meta":[],"product_brand":[],"product_cat":[183],"product_tag":[],"class_list":{"0":"post-5704","1":"product","2":"type-product","3":"status-publish","4":"has-post-thumbnail","6":"product_cat-les-elixirs-floraux-deva-unitaires","8":"first","9":"instock","10":"taxable","11":"shipping-taxable","12":"purchasable","13":"product-type-simple"},"etheme_brands":{"errors":{"invalid_taxonomy":["Taxonomie non valide."]},"error_data":[]},"jetpack_sharing_enabled":true,"jetpack-related-posts":[{"id":3298,"url":"https:\/\/artstella-elixirs-floraux.com\/fr_fr\/produit\/pin-canarien-15-ml-phi\/","url_meta":{"origin":5704,"position":0},"title":"PIN CANARIEN 15 ML PHI","author":"eveapprill","date":"9 mars 2025","format":false,"excerpt":"Pin canarien (Pinus canariensis) (Kanarische Kiefer) Aide \u00e0 lib\u00e9rer les sentiments de profonde culpabilit\u00e9 et de honte. Nous prot\u00e8ge des projections n\u00e9gatives des autres et nous permet de \u00ab\u00a0respirer\u00a0\u00bb.","rel":"","context":"Article similaire","block_context":{"text":"Article similaire","link":""},"img":{"alt_text":"","src":"","width":0,"height":0},"classes":[]},{"id":3422,"url":"https:\/\/artstella-elixirs-floraux.com\/fr_fr\/produit\/nonette-voilee-champ-15-ml-phi\/","url_meta":{"origin":5704,"position":1},"title":"NONETTE VOILEE CHAMP 15 ML PHI","author":"eveapprill","date":"9 mars 2025","format":false,"excerpt":"Nonette voil\u00e9e (Suillus luteus) (Butterr\u00f6hrling) Favorise la prise de conscience des causes profondes des sentiments de culpabilit\u00e9 et de honte. Son action lib\u00e8re les blocages qui proviennent des sentiments n\u00e9gatifs.","rel":"","context":"Article similaire","block_context":{"text":"Article similaire","link":""},"img":{"alt_text":"","src":"https:\/\/i0.wp.com\/artstella-elixirs-floraux.com\/wp-content\/uploads\/2025\/03\/wp-image314.png?resize=350%2C200&ssl=1","width":350,"height":200},"classes":[]},{"id":2725,"url":"https:\/\/artstella-elixirs-floraux.com\/fr_fr\/produit\/confid-confiance-bush-30ml\/","url_meta":{"origin":5704,"position":2},"title":"CONFID Confiance BUSH 30ml","author":"eveapprill","date":"9 mars 2025","format":false,"excerpt":"Confid -\u00a0Confiance Fait na\u00eetre les qualit\u00e9s positives que sont la confiance en soi et l'amour propre. Permet de se sentir \u00e0 l'aise et de combattre tous les complexes d'inf\u00e9riorit\u00e9 ainsi que tout sentiment de culpabilit\u00e9 concernant des actes pass\u00e9s.","rel":"","context":"Article similaire","block_context":{"text":"Article similaire","link":""},"img":{"alt_text":"","src":"https:\/\/i0.wp.com\/artstella-elixirs-floraux.com\/wp-content\/uploads\/2025\/03\/cc21bcd6-7999-45bb-9f36-13d8bcf95728.jpg?resize=350%2C200&ssl=1","width":350,"height":200,"srcset":"https:\/\/i0.wp.com\/artstella-elixirs-floraux.com\/wp-content\/uploads\/2025\/03\/cc21bcd6-7999-45bb-9f36-13d8bcf95728.jpg?resize=350%2C200&ssl=1 1x, https:\/\/i0.wp.com\/artstella-elixirs-floraux.com\/wp-content\/uploads\/2025\/03\/cc21bcd6-7999-45bb-9f36-13d8bcf95728.jpg?resize=525%2C300&ssl=1 1.5x, https:\/\/i0.wp.com\/artstella-elixirs-floraux.com\/wp-content\/uploads\/2025\/03\/cc21bcd6-7999-45bb-9f36-13d8bcf95728.jpg?resize=700%2C400&ssl=1 2x"},"classes":[]},{"id":6038,"url":"https:\/\/artstella-elixirs-floraux.com\/fr_fr\/produit\/elixir-ocean-n05-phi15ml\/","url_meta":{"origin":5704,"position":3},"title":"ELIXIR OCEAN N\u00b005 PHI15ML","author":"eveapprill","date":"9 mars 2025","format":false,"excerpt":"La honte et la culpabilit\u00e9 profond\u00e9ment ancr\u00e9es dans le subconscient peuvent se dissoudre. Action \u00e9nerg\u00e9tique sur le 2\u00e8me chakra, les reins et les organes sexuels.","rel":"","context":"Article similaire","block_context":{"text":"Article similaire","link":""},"img":{"alt_text":"","src":"https:\/\/i0.wp.com\/artstella-elixirs-floraux.com\/wp-content\/uploads\/2025\/03\/wp-image2043.png?resize=350%2C200&ssl=1","width":350,"height":200},"classes":[]},{"id":2150,"url":"https:\/\/artstella-elixirs-floraux.com\/fr_fr\/produit\/forget-me-not-alaska\/","url_meta":{"origin":5704,"position":4},"title":"FORGET ME NOT ALASKA","author":"eveapprill","date":"9 mars 2025","format":false,"excerpt":"FORGET ME NOT ALASKA Sensation d'\u00eatre s\u00e9par\u00e9 ; difficult\u00e9 \u00e0 connecter la dimension spirituelle, connexion aux autres bloqu\u00e9e par des peurs inconscientes, sensation de culpabilit\u00e9 en rapport avec des actions du pass\u00e9. Permet de rel\u00e2cher les peurs, sentiments de culpabilit\u00e9 et souffrances subconscientes, permet de retrouver respect et compassion envers\u2026","rel":"","context":"Article similaire","block_context":{"text":"Article similaire","link":""},"img":{"alt_text":"","src":"https:\/\/i0.wp.com\/artstella-elixirs-floraux.com\/wp-content\/uploads\/2025\/03\/wp-image561.png?resize=350%2C200&ssl=1","width":350,"height":200},"classes":[]},{"id":2864,"url":"https:\/\/artstella-elixirs-floraux.com\/fr_fr\/produit\/pine-phi-15ml\/","url_meta":{"origin":5704,"position":5},"title":"PINE PHI 15ML","author":"eveapprill","date":"9 mars 2025","format":false,"excerpt":"Pine (Pinus sylvestris) (Pin sylvestre) Nous aide \u00e0 d\u00e9passer les sentiments de culpabilit\u00e9 et \u00e0 accepter nos capacit\u00e9s","rel":"","context":"Article similaire","block_context":{"text":"Article similaire","link":""},"img":{"alt_text":"","src":"https:\/\/i0.wp.com\/artstella-elixirs-floraux.com\/wp-content\/uploads\/2025\/03\/wp-image1091.png?resize=350%2C200&ssl=1","width":350,"height":200},"classes":[]}],"_links":{"self":[{"href":"https:\/\/artstella-elixirs-floraux.com\/fr_fr\/wp-json\/wp\/v2\/product\/5704","targetHints":{"allow":["GET"]}}],"collection":[{"href":"https:\/\/artstella-elixirs-floraux.com\/fr_fr\/wp-json\/wp\/v2\/product"}],"about":[{"href":"https:\/\/artstella-elixirs-floraux.com\/fr_fr\/wp-json\/wp\/v2\/types\/product"}],"version-history":[{"count":0,"href":"https:\/\/artstella-elixirs-floraux.com\/fr_fr\/wp-json\/wp\/v2\/product\/5704\/revisions"}],"wp:featuredmedia":[{"embeddable":true,"href":"https:\/\/artstella-elixirs-floraux.com\/fr_fr\/wp-json\/wp\/v2\/media\/5705"}],"wp:attachment":[{"href":"https:\/\/artstella-elixirs-floraux.com\/fr_fr\/wp-json\/wp\/v2\/media?parent=5704"}],"wp:term":[{"taxonomy":"product_brand","embeddable":true,"href":"https:\/\/artstella-elixirs-floraux.com\/fr_fr\/wp-json\/wp\/v2\/product_brand?post=5704"},{"taxonomy":"product_cat","embeddable":true,"href":"https:\/\/artstella-elixirs-floraux.com\/fr_fr\/wp-json\/wp\/v2\/product_cat?post=5704"},{"taxonomy":"product_tag","embeddable":true,"href":"https:\/\/artstella-elixirs-floraux.com\/fr_fr\/wp-json\/wp\/v2\/product_tag?post=5704"}],"curies":[{"name":"wp","href":"https:\/\/api.w.org\/{rel}","templated":true}]}}