{"id":5710,"date":"2025-03-09T13:47:13","date_gmt":"2025-03-09T13:47:13","guid":{"rendered":"https:\/\/artstella-elixirs-floraux.com\/product\/lavande-15-ml-deva\/"},"modified":"2025-06-02T06:42:14","modified_gmt":"2025-06-02T06:42:14","slug":"lavande-15-ml-deva","status":"publish","type":"product","link":"https:\/\/artstella-elixirs-floraux.com\/fr_fr\/produit\/lavande-15-ml-deva\/","title":{"rendered":"Lavande 15 ml DEVA"},"content":{"rendered":"","protected":false},"excerpt":{"rendered":"<p><strong><em>Lavande<\/em><\/strong><\/p>\n<p>Purification, \u00e9quilibre \u00e9motionnel. Harmonisant de grande valeur. Pour ceux qui sont soumis aux tensions nerveuses provoqu\u00e9es par un exc\u00e8s de stimulation.<\/p>\n","protected":false},"featured_media":5711,"template":"","meta":[],"product_brand":[],"product_cat":[183],"product_tag":[],"class_list":{"0":"post-5710","1":"product","2":"type-product","3":"status-publish","4":"has-post-thumbnail","6":"product_cat-les-elixirs-floraux-deva-unitaires","8":"first","9":"instock","10":"taxable","11":"shipping-taxable","12":"purchasable","13":"product-type-simple"},"etheme_brands":{"errors":{"invalid_taxonomy":["Taxonomie non valide."]},"error_data":[]},"jetpack_sharing_enabled":true,"jetpack-related-posts":[{"id":5279,"url":"https:\/\/artstella-elixirs-floraux.com\/fr_fr\/produit\/complexe-n2-nuits-paisibles-deva-30ml\/","url_meta":{"origin":5710,"position":0},"title":"COMPLEXE N\u00b02 Nuits paisibles DEVA 30ml","author":"eveapprill","date":"9 mars 2025","format":false,"excerpt":"COMPLEXE N\u00b02 Nuits paisibles \u00a0est recommand\u00e9\u00a0aux personnes de tout \u00e2ge qui \u00e9prouvent des difficult\u00e9s \u00e0 s\u2019endormir ou d\u00e9sireuses d\u2019am\u00e9liorer la qualit\u00e9 de leur sommeil : cauchemars, r\u00e9veils nocturnes, pens\u00e9es r\u00e9p\u00e9titives. Il favorise une d\u00e9tente profonde.","rel":"","context":"Article similaire","block_context":{"text":"Article similaire","link":""},"img":{"alt_text":"","src":"https:\/\/i0.wp.com\/artstella-elixirs-floraux.com\/wp-content\/uploads\/2025\/03\/77b358f5-17ad-4d93-a132-524060537df4.jpg?resize=350%2C200&ssl=1","width":350,"height":200,"srcset":"https:\/\/i0.wp.com\/artstella-elixirs-floraux.com\/wp-content\/uploads\/2025\/03\/77b358f5-17ad-4d93-a132-524060537df4.jpg?resize=350%2C200&ssl=1 1x, https:\/\/i0.wp.com\/artstella-elixirs-floraux.com\/wp-content\/uploads\/2025\/03\/77b358f5-17ad-4d93-a132-524060537df4.jpg?resize=525%2C300&ssl=1 1.5x, https:\/\/i0.wp.com\/artstella-elixirs-floraux.com\/wp-content\/uploads\/2025\/03\/77b358f5-17ad-4d93-a132-524060537df4.jpg?resize=700%2C400&ssl=1 2x"},"classes":[]},{"id":4551,"url":"https:\/\/artstella-elixirs-floraux.com\/fr_fr\/produit\/coffret-fleurs-sauvages-15-ml\/","url_meta":{"origin":5710,"position":1},"title":"COFFRET FLEURS SAUVAGES 15 ML","author":"eveapprill","date":"9 mars 2025","format":false,"excerpt":"Les \u00e9lixirs de 40 fleurs Sauvages R\u00e9alis\u00e9s avec des fleurs europ\u00e9ennes communes dans la nature.","rel":"","context":"Article similaire","block_context":{"text":"Article similaire","link":""},"img":{"alt_text":"","src":"","width":0,"height":0},"classes":[]},{"id":5875,"url":"https:\/\/artstella-elixirs-floraux.com\/fr_fr\/produit\/soul-support-spray-120ml\/","url_meta":{"origin":5710,"position":2},"title":"SOUL SUPPORT SPRAY ALASKA","author":"eveapprill","date":"9 mars 2025","format":false,"excerpt":"Soul support (Soutien de l\u2019\u00e2me) Correspond \u00e0 la pr\u00e9paration d\u2019urgence.","rel":"","context":"Article similaire","block_context":{"text":"Article similaire","link":""},"img":{"alt_text":"Sprays","src":"https:\/\/i0.wp.com\/artstella-elixirs-floraux.com\/wp-content\/uploads\/2025\/03\/7691d083-6c4b-4693-8449-eb757c5320ed.jpg?resize=350%2C200&ssl=1","width":350,"height":200,"srcset":"https:\/\/i0.wp.com\/artstella-elixirs-floraux.com\/wp-content\/uploads\/2025\/03\/7691d083-6c4b-4693-8449-eb757c5320ed.jpg?resize=350%2C200&ssl=1 1x, https:\/\/i0.wp.com\/artstella-elixirs-floraux.com\/wp-content\/uploads\/2025\/03\/7691d083-6c4b-4693-8449-eb757c5320ed.jpg?resize=525%2C300&ssl=1 1.5x, https:\/\/i0.wp.com\/artstella-elixirs-floraux.com\/wp-content\/uploads\/2025\/03\/7691d083-6c4b-4693-8449-eb757c5320ed.jpg?resize=700%2C400&ssl=1 2x"},"classes":[]},{"id":3701,"url":"https:\/\/artstella-elixirs-floraux.com\/fr_fr\/produit\/being-present-blue-spray\/","url_meta":{"origin":5710,"position":3},"title":"BEING PRESENT BLUE SPRAY","author":"eveapprill","date":"9 mars 2025","format":false,"excerpt":"Being Present (Etre Pr\u00e9sent) Permet de se r\u00e9harmoniser apr\u00e8s un long voyage en avion (pour un effet accru utiliser \u00e9galement Being Present ou Being in time en gouttes) \u00ab\u00a0bleu\u00bb avec des huiles essentielles de Bois de Santal, Rose bulgare et lavande","rel":"","context":"Article similaire","block_context":{"text":"Article similaire","link":""},"img":{"alt_text":"","src":"","width":0,"height":0},"classes":[]},{"id":5488,"url":"https:\/\/artstella-elixirs-floraux.com\/fr_fr\/produit\/shield-of-light-spray\/","url_meta":{"origin":5710,"position":4},"title":"SHIELD OF LIGHT SPRAY","author":"eveapprill","date":"9 mars 2025","format":false,"excerpt":"Shield of light - Bouclier de lumi\u00e8re Parmi les derni\u00e8res cr\u00e9ations de Don Denis en collaboration du Dr. Adrian Brito-Babapulle, voici un nouveau compos\u00e9 majeur pour se prot\u00e9ger des \u00e9nergies sombres. Sa formule permet \u00e0 l\u2019aura de refl\u00e9ter tel un miroir, de fa\u00e7on \u00e0 ce que de telles \u00e9nergies ne\u2026","rel":"","context":"Article similaire","block_context":{"text":"Article similaire","link":""},"img":{"alt_text":"","src":"","width":0,"height":0},"classes":[]},{"id":6396,"url":"https:\/\/artstella-elixirs-floraux.com\/fr_fr\/produit\/sleep-sommeil-spay-50ml-bush-australien\/","url_meta":{"origin":5710,"position":5},"title":"Sleep &#8211; Sommeil Spray 50ml Bush Australien","author":"eveapprill","date":"9 mars 2025","format":false,"excerpt":"Un nouveau spray du Bush australien pour favoriser le sommeil.","rel":"","context":"Article similaire","block_context":{"text":"Article similaire","link":""},"img":{"alt_text":"Sommeil Spray 50ml Bush Australien","src":"https:\/\/i0.wp.com\/artstella-elixirs-floraux.com\/wp-content\/uploads\/2025\/03\/7efb9cc8-f479-4a0f-be39-aca972b654d6.webp?resize=350%2C200&ssl=1","width":350,"height":200,"srcset":"https:\/\/i0.wp.com\/artstella-elixirs-floraux.com\/wp-content\/uploads\/2025\/03\/7efb9cc8-f479-4a0f-be39-aca972b654d6.webp?resize=350%2C200&ssl=1 1x, https:\/\/i0.wp.com\/artstella-elixirs-floraux.com\/wp-content\/uploads\/2025\/03\/7efb9cc8-f479-4a0f-be39-aca972b654d6.webp?resize=525%2C300&ssl=1 1.5x, https:\/\/i0.wp.com\/artstella-elixirs-floraux.com\/wp-content\/uploads\/2025\/03\/7efb9cc8-f479-4a0f-be39-aca972b654d6.webp?resize=700%2C400&ssl=1 2x"},"classes":[]}],"_links":{"self":[{"href":"https:\/\/artstella-elixirs-floraux.com\/fr_fr\/wp-json\/wp\/v2\/product\/5710","targetHints":{"allow":["GET"]}}],"collection":[{"href":"https:\/\/artstella-elixirs-floraux.com\/fr_fr\/wp-json\/wp\/v2\/product"}],"about":[{"href":"https:\/\/artstella-elixirs-floraux.com\/fr_fr\/wp-json\/wp\/v2\/types\/product"}],"version-history":[{"count":0,"href":"https:\/\/artstella-elixirs-floraux.com\/fr_fr\/wp-json\/wp\/v2\/product\/5710\/revisions"}],"wp:featuredmedia":[{"embeddable":true,"href":"https:\/\/artstella-elixirs-floraux.com\/fr_fr\/wp-json\/wp\/v2\/media\/5711"}],"wp:attachment":[{"href":"https:\/\/artstella-elixirs-floraux.com\/fr_fr\/wp-json\/wp\/v2\/media?parent=5710"}],"wp:term":[{"taxonomy":"product_brand","embeddable":true,"href":"https:\/\/artstella-elixirs-floraux.com\/fr_fr\/wp-json\/wp\/v2\/product_brand?post=5710"},{"taxonomy":"product_cat","embeddable":true,"href":"https:\/\/artstella-elixirs-floraux.com\/fr_fr\/wp-json\/wp\/v2\/product_cat?post=5710"},{"taxonomy":"product_tag","embeddable":true,"href":"https:\/\/artstella-elixirs-floraux.com\/fr_fr\/wp-json\/wp\/v2\/product_tag?post=5710"}],"curies":[{"name":"wp","href":"https:\/\/api.w.org\/{rel}","templated":true}]}}