{"id":5716,"date":"2025-03-09T13:47:17","date_gmt":"2025-03-09T13:47:17","guid":{"rendered":"https:\/\/artstella-elixirs-floraux.com\/product\/lis-martagon-15-ml-deva\/"},"modified":"2025-06-02T06:42:12","modified_gmt":"2025-06-02T06:42:12","slug":"lis-martagon-15-ml-deva","status":"publish","type":"product","link":"https:\/\/artstella-elixirs-floraux.com\/fr_fr\/produit\/lis-martagon-15-ml-deva\/","title":{"rendered":"Lis Martagon 15 ml DEVA"},"content":{"rendered":"","protected":false},"excerpt":{"rendered":"<p><strong><em>Lis Martagon<\/em><\/strong><\/p>\n<p>Pond\u00e9ration, coop\u00e9ration. D\u00e9veloppe la coop\u00e9ration, la solidarit\u00e9 et l\u2019\u00e9coute de l\u2019autre dans les \u00e9changes interpersonnels. Facilite le travail de groupe et la recherche d\u2019une r\u00e9ussite collective.<\/p>\n","protected":false},"featured_media":5717,"template":"","meta":[],"product_brand":[],"product_cat":[183],"product_tag":[],"class_list":{"0":"post-5716","1":"product","2":"type-product","3":"status-publish","4":"has-post-thumbnail","6":"product_cat-les-elixirs-floraux-deva-unitaires","8":"first","9":"instock","10":"taxable","11":"shipping-taxable","12":"purchasable","13":"product-type-simple"},"etheme_brands":{"errors":{"invalid_taxonomy":["Taxonomie non valide."]},"error_data":[]},"jetpack_sharing_enabled":true,"jetpack-related-posts":[{"id":6276,"url":"https:\/\/artstella-elixirs-floraux.com\/fr_fr\/produit\/flor-de-lis-sylfos-15ml\/","url_meta":{"origin":5716,"position":0},"title":"FLOR de LIS SYLFOS 15ML","author":"eveapprill","date":"9 mars 2025","format":false,"excerpt":"FLOR de LIS \/ LYS des AZTEQUES (Spekeliaformosissima) V\u00e9rit\u00e9 et Concentration. Protection psychique Convient \u00e0 ceux qui se trompent sur eux-m\u00eames ; \u00e0 ceux qui sont incapables de concentrer leur attention, de sorte qu'ils interrompent ce qu'ils font ou se perdent dans des pr\u00e9occupations sans rapport avec l'activit\u00e9 en cours,\u2026","rel":"","context":"Article similaire","block_context":{"text":"Article similaire","link":""},"img":{"alt_text":"","src":"https:\/\/i0.wp.com\/artstella-elixirs-floraux.com\/wp-content\/uploads\/2025\/03\/wp-image2227.png?resize=350%2C200&ssl=1","width":350,"height":200},"classes":[]},{"id":5747,"url":"https:\/\/artstella-elixirs-floraux.com\/fr_fr\/produit\/nenuphar-15-ml-deva\/","url_meta":{"origin":5716,"position":1},"title":"N\u00e9nuphar 15 ml DEVA","author":"eveapprill","date":"9 mars 2025","format":false,"excerpt":"N\u00e9nuphar Blanc D\u00e9tachement, abondance. Pour exprimer la pl\u00e9nitude et l'abondance non pas en terme de concurrence mais de coop\u00e9ration.","rel":"","context":"Article similaire","block_context":{"text":"Article similaire","link":""},"img":{"alt_text":"","src":"https:\/\/i0.wp.com\/artstella-elixirs-floraux.com\/wp-content\/uploads\/2025\/03\/wp-image2431.png?resize=350%2C200&ssl=1","width":350,"height":200},"classes":[]},{"id":4466,"url":"https:\/\/artstella-elixirs-floraux.com\/fr_fr\/produit\/slender-rice-flower-15-ml-bush\/","url_meta":{"origin":5716,"position":2},"title":"SLENDER RICE FLOWER 15 ML BUSH","author":"eveapprill","date":"9 mars 2025","format":false,"excerpt":"Slender Rice Flower Duret\u00e9, refus de la diff\u00e9rence, se compare aux autres. Coop\u00e9ration et harmonie au sein d\u2019un groupe, humilit\u00e9, appr\u00e9cier et accepter la beaut\u00e9 des autres.","rel":"","context":"Article similaire","block_context":{"text":"Article similaire","link":""},"img":{"alt_text":"","src":"https:\/\/i0.wp.com\/artstella-elixirs-floraux.com\/wp-content\/uploads\/2025\/03\/wp-image1063.png?resize=350%2C200&ssl=1","width":350,"height":200},"classes":[]},{"id":5414,"url":"https:\/\/artstella-elixirs-floraux.com\/fr_fr\/produit\/aegopode-zevenblad-10ml\/","url_meta":{"origin":5716,"position":3},"title":"Aegopode ZEVENBLAD 10ML","author":"eveapprill","date":"9 mars 2025","format":false,"excerpt":"Aegopode\/ Aegopodium podagraria\u00a0(ground elder\/)\u00a0 Pour une meilleure connexion avec le moi sup\u00e9rieur. Pour surmonter les blocages du d\u00e9veloppement d\u00fbs \u00e0 d\u2019anciennes limitations ou \u00e9motions. Pour travailler sur terre \u00e0 des causes \u00e9lev\u00e9es en coop\u00e9ration avec l\u2019environnement par l\u2019expression du c\u0153ur.\u00a0","rel":"","context":"Article similaire","block_context":{"text":"Article similaire","link":""},"img":{"alt_text":"","src":"","width":0,"height":0},"classes":[]},{"id":6300,"url":"https:\/\/artstella-elixirs-floraux.com\/fr_fr\/produit\/yucca-sylfos\/","url_meta":{"origin":5716,"position":4},"title":"YUCCA Sylfos","author":"eveapprill","date":"9 mars 2025","format":false,"excerpt":"YUCCA Yucca elata Personnalit\u00e9 - Action - Harmonie Pour ceux qui ne parviennent pas \u00e0 transformer leurs sch\u00e9mas comportementaux ; pour ceux qui ont peur des nouveaux d\u00e9fis ; pour les personnes en d\u00e9s\u00e9quilibre, d\u00e9prim\u00e9es, isol\u00e9s.","rel":"","context":"Article similaire","block_context":{"text":"Article similaire","link":""},"img":{"alt_text":"","src":"https:\/\/i0.wp.com\/artstella-elixirs-floraux.com\/wp-content\/uploads\/2025\/03\/wp-image2239.png?resize=350%2C200&ssl=1","width":350,"height":200},"classes":[]},{"id":12366,"url":"https:\/\/artstella-elixirs-floraux.com\/fr_fr\/produit\/pierre-de-soleil-piedra-sol-15ml-sylfos\/","url_meta":{"origin":5716,"position":5},"title":"PIERRE DE SOLEIL &#8211; PIEDRA SOL 15ml Sylfos","author":"eveapprill","date":"16 mars 2026","format":false,"excerpt":"Elle nous apporte la joie de vivre, nous rend de bonne humeur, aide \u00e0 combattre les \u00e9tats d\u00e9pressifs et \u00e0 faire dispara\u00eetre le sentiment d'\u00eatre d\u00e9favoris\u00e9. Elle renforce notre estime de soi et notre confiance en nous. Elle favorise l'optimisme et le besoin d'agir. Elle stimule les forces d'auto-gu\u00e9rison et\u2026","rel":"","context":"Article similaire","block_context":{"text":"Article similaire","link":""},"img":{"alt_text":"","src":"https:\/\/i0.wp.com\/artstella-elixirs-floraux.com\/wp-content\/uploads\/2026\/03\/PiedraSol_1.png?resize=350%2C200&ssl=1","width":350,"height":200},"classes":[]}],"_links":{"self":[{"href":"https:\/\/artstella-elixirs-floraux.com\/fr_fr\/wp-json\/wp\/v2\/product\/5716","targetHints":{"allow":["GET"]}}],"collection":[{"href":"https:\/\/artstella-elixirs-floraux.com\/fr_fr\/wp-json\/wp\/v2\/product"}],"about":[{"href":"https:\/\/artstella-elixirs-floraux.com\/fr_fr\/wp-json\/wp\/v2\/types\/product"}],"version-history":[{"count":0,"href":"https:\/\/artstella-elixirs-floraux.com\/fr_fr\/wp-json\/wp\/v2\/product\/5716\/revisions"}],"wp:featuredmedia":[{"embeddable":true,"href":"https:\/\/artstella-elixirs-floraux.com\/fr_fr\/wp-json\/wp\/v2\/media\/5717"}],"wp:attachment":[{"href":"https:\/\/artstella-elixirs-floraux.com\/fr_fr\/wp-json\/wp\/v2\/media?parent=5716"}],"wp:term":[{"taxonomy":"product_brand","embeddable":true,"href":"https:\/\/artstella-elixirs-floraux.com\/fr_fr\/wp-json\/wp\/v2\/product_brand?post=5716"},{"taxonomy":"product_cat","embeddable":true,"href":"https:\/\/artstella-elixirs-floraux.com\/fr_fr\/wp-json\/wp\/v2\/product_cat?post=5716"},{"taxonomy":"product_tag","embeddable":true,"href":"https:\/\/artstella-elixirs-floraux.com\/fr_fr\/wp-json\/wp\/v2\/product_tag?post=5716"}],"curies":[{"name":"wp","href":"https:\/\/api.w.org\/{rel}","templated":true}]}}