{"id":5722,"date":"2025-03-09T13:47:21","date_gmt":"2025-03-09T13:47:21","guid":{"rendered":"https:\/\/artstella-elixirs-floraux.com\/product\/mauve-15ml-deva\/"},"modified":"2025-06-08T12:49:57","modified_gmt":"2025-06-08T12:49:57","slug":"mauve-15ml-deva","status":"publish","type":"product","link":"https:\/\/artstella-elixirs-floraux.com\/fr_fr\/produit\/mauve-15ml-deva\/","title":{"rendered":"Mauve 15ml DEVA"},"content":{"rendered":"","protected":false},"excerpt":{"rendered":"<p><strong><em>Mauve<\/em><\/strong><\/p>\n<p>Acceptation de soi, ouverture sociale. Pour accepter les processus de transformation qui se manifestent au cours de l\u2019existence, en particulier ceux li\u00e9s au vieillissement. Elixir conseill\u00e9 \u00e0 ceux qui sont mal \u00e0 l\u2019aise socialement.<\/p>\n","protected":false},"featured_media":5723,"template":"","meta":[],"product_brand":[],"product_cat":[183],"product_tag":[],"class_list":{"0":"post-5722","1":"product","2":"type-product","3":"status-publish","4":"has-post-thumbnail","6":"product_cat-les-elixirs-floraux-deva-unitaires","8":"first","9":"instock","10":"taxable","11":"shipping-taxable","12":"purchasable","13":"product-type-simple"},"etheme_brands":{"errors":{"invalid_taxonomy":["Taxonomie non valide."]},"error_data":[]},"jetpack_sharing_enabled":true,"jetpack-related-posts":[{"id":6157,"url":"https:\/\/artstella-elixirs-floraux.com\/fr_fr\/produit\/flabelline-mauve-15ml-phi\/","url_meta":{"origin":5722,"position":0},"title":"FLABELLINE MAUVE 15ML PHI","author":"eveapprill","date":"9 mars 2025","format":false,"excerpt":"FLABELINE MAUVE (Flabellina affinis) Cet \u00e9lixir nous relie avec la l\u00e9g\u00e8ret\u00e9 de l\u2019Etre. Il nous aide \u00e0 voir les choses avec recul et ouvre le c\u0153ur. Nous pouvons ainsi consid\u00e9rer les choses avec plus de l\u00e9g\u00e8ret\u00e9 et accepter les gens tels qu\u2019ils sont, en les voyant avec le c\u0153ur. La\u2026","rel":"","context":"Article similaire","block_context":{"text":"Article similaire","link":""},"img":{"alt_text":"","src":"https:\/\/i0.wp.com\/artstella-elixirs-floraux.com\/wp-content\/uploads\/2025\/03\/wp-image2161.png?resize=350%2C200&ssl=1","width":350,"height":200},"classes":[]},{"id":6284,"url":"https:\/\/artstella-elixirs-floraux.com\/fr_fr\/produit\/lierre-veneneux-poison-oak-sylfos-15ml\/","url_meta":{"origin":5722,"position":1},"title":"LIERRE V\u00c9N\u00c9NEUX \/ POISON OAK Sylfos 15ML","author":"eveapprill","date":"9 mars 2025","format":false,"excerpt":"Lierre v\u00e9n\u00e9neux (Toxicodendron diversiloba) Confiance \u2013 Sexualit\u00e9 - Ancrage Pour ceux qui manquent de confiance parce qu'ils ne reconnaissent pas les limites entre eux et les autres. Ils ont tendance \u00e0 mettre une barri\u00e8re envers leurs contacts intimes, par peur du rejet et\/ou d'une \u00e9ventuelle douleur physique notamment dans leurs\u2026","rel":"","context":"Article similaire","block_context":{"text":"Article similaire","link":""},"img":{"alt_text":"","src":"https:\/\/i0.wp.com\/artstella-elixirs-floraux.com\/wp-content\/uploads\/2025\/03\/wp-image2230.png?resize=350%2C200&ssl=1","width":350,"height":200},"classes":[]},{"id":2074,"url":"https:\/\/artstella-elixirs-floraux.com\/fr_fr\/produit\/alpine-azalea-alaskan\/","url_meta":{"origin":5722,"position":2},"title":"Alpine Azal\u00e9a Alaskan","author":"eveapprill","date":"9 mars 2025","format":false,"excerpt":"Alpine Azal\u00e9a Loiseleuria proculiens. Pour ceux qui doutent d'eux m\u00eames, retiennent amour et compassion et ne peuvent pas accepter certaines parts d'eux-memes. Permet de s'accepter soi-meme en dissolvant le doute.ouvre le coeir \u00e0 l'esprit d'am. Nous\u00a0 apprenons la compassion \u00e0 travers la comprehension.","rel":"","context":"Article similaire","block_context":{"text":"Article similaire","link":""},"img":{"alt_text":"","src":"https:\/\/i0.wp.com\/artstella-elixirs-floraux.com\/wp-content\/uploads\/2025\/03\/wp-image38-220x300-1.webp?resize=350%2C200&ssl=1","width":350,"height":200},"classes":[]},{"id":2721,"url":"https:\/\/artstella-elixirs-floraux.com\/fr_fr\/produit\/calm-and-clear-serenite-bush-30ml\/","url_meta":{"origin":5722,"position":3},"title":"CALM AND CLEAR S\u00e9r\u00e9nit\u00e9 BUSH 30ml","author":"eveapprill","date":"9 mars 2025","format":false,"excerpt":"Calm and Clear -\u00a0S\u00e9r\u00e9nit\u00e9 Destin\u00e9 \u00e0 ceux qui en font trop, s'oubliant volontiers dans l'agitation quotidienne. Pour favoriser l'acceptation du l\u00e2cher-prise, trouver du temps pour soi, d\u00e9compresser et prendre plaisir \u00e0 se d\u00e9tendre.","rel":"","context":"Article similaire","block_context":{"text":"Article similaire","link":""},"img":{"alt_text":"","src":"https:\/\/i0.wp.com\/artstella-elixirs-floraux.com\/wp-content\/uploads\/2025\/03\/d750407b-2703-4a0a-b346-dcf0fc4d3072.jpg?resize=350%2C200&ssl=1","width":350,"height":200,"srcset":"https:\/\/i0.wp.com\/artstella-elixirs-floraux.com\/wp-content\/uploads\/2025\/03\/d750407b-2703-4a0a-b346-dcf0fc4d3072.jpg?resize=350%2C200&ssl=1 1x, https:\/\/i0.wp.com\/artstella-elixirs-floraux.com\/wp-content\/uploads\/2025\/03\/d750407b-2703-4a0a-b346-dcf0fc4d3072.jpg?resize=525%2C300&ssl=1 1.5x, https:\/\/i0.wp.com\/artstella-elixirs-floraux.com\/wp-content\/uploads\/2025\/03\/d750407b-2703-4a0a-b346-dcf0fc4d3072.jpg?resize=700%2C400&ssl=1 2x"},"classes":[]},{"id":2719,"url":"https:\/\/artstella-elixirs-floraux.com\/fr_fr\/produit\/adol-adolescence-bush-australien\/","url_meta":{"origin":5722,"position":4},"title":"ADOL Adolescence BUSH-AUSTRALIEN","author":"eveapprill","date":"9 mars 2025","format":false,"excerpt":"Adol -\u00a0Adolescence Pour les probl\u00e8mes des adolescents. Facilite l'acceptation, la communication, l'aptitude \u00e0 la sociabilit\u00e9, l'harmonie des relations sociales, favorise la maturit\u00e9 et la stabilit\u00e9 \u00e9motionnelle ainsi que l'optimisme.","rel":"","context":"Article similaire","block_context":{"text":"Article similaire","link":""},"img":{"alt_text":"","src":"https:\/\/i0.wp.com\/artstella-elixirs-floraux.com\/wp-content\/uploads\/2025\/03\/928eb091-7d41-45ea-8553-4f02498aae78.jpg?resize=350%2C200&ssl=1","width":350,"height":200,"srcset":"https:\/\/i0.wp.com\/artstella-elixirs-floraux.com\/wp-content\/uploads\/2025\/03\/928eb091-7d41-45ea-8553-4f02498aae78.jpg?resize=350%2C200&ssl=1 1x, https:\/\/i0.wp.com\/artstella-elixirs-floraux.com\/wp-content\/uploads\/2025\/03\/928eb091-7d41-45ea-8553-4f02498aae78.jpg?resize=525%2C300&ssl=1 1.5x, https:\/\/i0.wp.com\/artstella-elixirs-floraux.com\/wp-content\/uploads\/2025\/03\/928eb091-7d41-45ea-8553-4f02498aae78.jpg?resize=700%2C400&ssl=1 2x"},"classes":[]},{"id":5948,"url":"https:\/\/artstella-elixirs-floraux.com\/fr_fr\/produit\/pin-10ml-deva\/","url_meta":{"origin":5722,"position":5},"title":"Pin 10ml DEVA","author":"eveapprill","date":"9 mars 2025","format":false,"excerpt":"Pin sylvestre Pinus sylvestris Acceptation, repentir, compr\u00e9hension Pour ceux qui se sentent coupables, qui s'adressent des reproches et qui pensent qu'ils pourraient mieux faire. Pour ceux qui ont besoin de tout contr\u00f4ler et qui sont accabl\u00e9s par leur sens du devoir et par leurs obligations.","rel":"","context":"Article similaire","block_context":{"text":"Article similaire","link":""},"img":{"alt_text":"","src":"","width":0,"height":0},"classes":[]}],"_links":{"self":[{"href":"https:\/\/artstella-elixirs-floraux.com\/fr_fr\/wp-json\/wp\/v2\/product\/5722","targetHints":{"allow":["GET"]}}],"collection":[{"href":"https:\/\/artstella-elixirs-floraux.com\/fr_fr\/wp-json\/wp\/v2\/product"}],"about":[{"href":"https:\/\/artstella-elixirs-floraux.com\/fr_fr\/wp-json\/wp\/v2\/types\/product"}],"version-history":[{"count":0,"href":"https:\/\/artstella-elixirs-floraux.com\/fr_fr\/wp-json\/wp\/v2\/product\/5722\/revisions"}],"wp:featuredmedia":[{"embeddable":true,"href":"https:\/\/artstella-elixirs-floraux.com\/fr_fr\/wp-json\/wp\/v2\/media\/5723"}],"wp:attachment":[{"href":"https:\/\/artstella-elixirs-floraux.com\/fr_fr\/wp-json\/wp\/v2\/media?parent=5722"}],"wp:term":[{"taxonomy":"product_brand","embeddable":true,"href":"https:\/\/artstella-elixirs-floraux.com\/fr_fr\/wp-json\/wp\/v2\/product_brand?post=5722"},{"taxonomy":"product_cat","embeddable":true,"href":"https:\/\/artstella-elixirs-floraux.com\/fr_fr\/wp-json\/wp\/v2\/product_cat?post=5722"},{"taxonomy":"product_tag","embeddable":true,"href":"https:\/\/artstella-elixirs-floraux.com\/fr_fr\/wp-json\/wp\/v2\/product_tag?post=5722"}],"curies":[{"name":"wp","href":"https:\/\/api.w.org\/{rel}","templated":true}]}}