{"id":5728,"date":"2025-03-09T13:47:26","date_gmt":"2025-03-09T13:47:26","guid":{"rendered":"https:\/\/artstella-elixirs-floraux.com\/product\/millepertuis-15-ml-deva\/"},"modified":"2025-06-02T06:41:51","modified_gmt":"2025-06-02T06:41:51","slug":"millepertuis-15-ml-deva","status":"publish","type":"product","link":"https:\/\/artstella-elixirs-floraux.com\/fr_fr\/produit\/millepertuis-15-ml-deva\/","title":{"rendered":"Millepertuis 15 ml DEVA"},"content":{"rendered":"","protected":false},"excerpt":{"rendered":"<p><strong><em>Millepertuis<\/em><\/strong><\/p>\n<p>Protection, force de l\u2019\u00e2me. Apporte force et protection \u00e0 ceux qui se sentent trop ouverts ou trop vuln\u00e9rables.<\/p>\n","protected":false},"featured_media":5729,"template":"","meta":[],"product_brand":[],"product_cat":[183],"product_tag":[],"class_list":{"0":"post-5728","1":"product","2":"type-product","3":"status-publish","4":"has-post-thumbnail","6":"product_cat-les-elixirs-floraux-deva-unitaires","8":"first","9":"instock","10":"taxable","11":"shipping-taxable","12":"purchasable","13":"product-type-simple"},"etheme_brands":{"errors":{"invalid_taxonomy":["Taxonomie non valide."]},"error_data":[]},"jetpack_sharing_enabled":true,"jetpack-related-posts":[{"id":3205,"url":"https:\/\/artstella-elixirs-floraux.com\/fr_fr\/produit\/millepertuis-15-ml-phi\/","url_meta":{"origin":5728,"position":0},"title":"MILLEPERTUIS 15 ML PHI","author":"eveapprill","date":"9 mars 2025","format":false,"excerpt":"Millepertuis (Hypericum perforatum) (Johanniskraut) Pour les peurs infantiles et les cauchemars. Les d\u00e9fenses psychiques sont renforc\u00e9es et nos pens\u00e9es retrouvent l'optimisme. Ainsi, la lumi\u00e8re revient dans l'obscurit\u00e9.","rel":"","context":"Article similaire","block_context":{"text":"Article similaire","link":""},"img":{"alt_text":"","src":"https:\/\/i0.wp.com\/artstella-elixirs-floraux.com\/wp-content\/uploads\/2025\/03\/wp-image385.png?resize=350%2C200&ssl=1","width":350,"height":200},"classes":[]},{"id":5283,"url":"https:\/\/artstella-elixirs-floraux.com\/fr_fr\/produit\/complexe-n4-protection-emotionelle-deva-30ml\/","url_meta":{"origin":5728,"position":1},"title":"COMPLEXE N\u00b04 Protection \u00e9motionelle DEVA 30ml","author":"eveapprill","date":"9 mars 2025","format":false,"excerpt":"COMPLEXE N\u00b04 PROTECTION \u00c9MOTIONNELLE est conseill\u00e9 \u00e0 ceux qui se sentent vuln\u00e9rables, fragiles, en ins\u00e9curit\u00e9 face aux autres et \u00e0 leur environnement. Recommand\u00e9 aux personnes \u00e9motives, sensibles ou facilement influen\u00e7ables. Il aide \u00e0 se prot\u00e9ger de le n\u00e9gativit\u00e9 ambiante.","rel":"","context":"Article similaire","block_context":{"text":"Article similaire","link":""},"img":{"alt_text":"","src":"https:\/\/i0.wp.com\/artstella-elixirs-floraux.com\/wp-content\/uploads\/2025\/03\/cb8ab318-97e5-4fe9-8283-e7796df4bc23.jpg?resize=350%2C200&ssl=1","width":350,"height":200,"srcset":"https:\/\/i0.wp.com\/artstella-elixirs-floraux.com\/wp-content\/uploads\/2025\/03\/cb8ab318-97e5-4fe9-8283-e7796df4bc23.jpg?resize=350%2C200&ssl=1 1x, https:\/\/i0.wp.com\/artstella-elixirs-floraux.com\/wp-content\/uploads\/2025\/03\/cb8ab318-97e5-4fe9-8283-e7796df4bc23.jpg?resize=525%2C300&ssl=1 1.5x, https:\/\/i0.wp.com\/artstella-elixirs-floraux.com\/wp-content\/uploads\/2025\/03\/cb8ab318-97e5-4fe9-8283-e7796df4bc23.jpg?resize=700%2C400&ssl=1 2x"},"classes":[]},{"id":5329,"url":"https:\/\/artstella-elixirs-floraux.com\/fr_fr\/produit\/creme-echinaflor\/","url_meta":{"origin":5728,"position":2},"title":"Cr\u00e8me Echinaflor","author":"eveapprill","date":"9 mars 2025","format":false,"excerpt":"La cr\u00e8me ECHINAFLOR r\u00e9g\u00e9n\u00e8re l'\u00e9piderme en restaurant l'\u00e9quilibre de ses fonctions naturelles et en luttant efficacement contre les agressions ext\u00e9rieures. La cr\u00e8me ECHINAFLOR pr\u00e9serve la souplesse, la vitalit\u00e9 et l'int\u00e9grit\u00e9 de la peau. Elle prot\u00e8ge les peaux sensibles et fortifie les peaux fatigu\u00e9es ou ab\u00eem\u00e9es.","rel":"","context":"Article similaire","block_context":{"text":"Article similaire","link":""},"img":{"alt_text":"","src":"https:\/\/i0.wp.com\/artstella-elixirs-floraux.com\/wp-content\/uploads\/2025\/03\/wp-image1600.png?resize=350%2C200&ssl=1","width":350,"height":200},"classes":[]},{"id":5279,"url":"https:\/\/artstella-elixirs-floraux.com\/fr_fr\/produit\/complexe-n2-nuits-paisibles-deva-30ml\/","url_meta":{"origin":5728,"position":3},"title":"COMPLEXE N\u00b02 Nuits paisibles DEVA 30ml","author":"eveapprill","date":"9 mars 2025","format":false,"excerpt":"COMPLEXE N\u00b02 Nuits paisibles \u00a0est recommand\u00e9\u00a0aux personnes de tout \u00e2ge qui \u00e9prouvent des difficult\u00e9s \u00e0 s\u2019endormir ou d\u00e9sireuses d\u2019am\u00e9liorer la qualit\u00e9 de leur sommeil : cauchemars, r\u00e9veils nocturnes, pens\u00e9es r\u00e9p\u00e9titives. Il favorise une d\u00e9tente profonde.","rel":"","context":"Article similaire","block_context":{"text":"Article similaire","link":""},"img":{"alt_text":"","src":"https:\/\/i0.wp.com\/artstella-elixirs-floraux.com\/wp-content\/uploads\/2025\/03\/77b358f5-17ad-4d93-a132-524060537df4.jpg?resize=350%2C200&ssl=1","width":350,"height":200,"srcset":"https:\/\/i0.wp.com\/artstella-elixirs-floraux.com\/wp-content\/uploads\/2025\/03\/77b358f5-17ad-4d93-a132-524060537df4.jpg?resize=350%2C200&ssl=1 1x, https:\/\/i0.wp.com\/artstella-elixirs-floraux.com\/wp-content\/uploads\/2025\/03\/77b358f5-17ad-4d93-a132-524060537df4.jpg?resize=525%2C300&ssl=1 1.5x, https:\/\/i0.wp.com\/artstella-elixirs-floraux.com\/wp-content\/uploads\/2025\/03\/77b358f5-17ad-4d93-a132-524060537df4.jpg?resize=700%2C400&ssl=1 2x"},"classes":[]},{"id":4551,"url":"https:\/\/artstella-elixirs-floraux.com\/fr_fr\/produit\/coffret-fleurs-sauvages-15-ml\/","url_meta":{"origin":5728,"position":4},"title":"COFFRET FLEURS SAUVAGES 15 ML","author":"eveapprill","date":"9 mars 2025","format":false,"excerpt":"Les \u00e9lixirs de 40 fleurs Sauvages R\u00e9alis\u00e9s avec des fleurs europ\u00e9ennes communes dans la nature.","rel":"","context":"Article similaire","block_context":{"text":"Article similaire","link":""},"img":{"alt_text":"","src":"","width":0,"height":0},"classes":[]},{"id":4128,"url":"https:\/\/artstella-elixirs-floraux.com\/fr_fr\/produit\/capuccino-sylfos-15ml-pap\/","url_meta":{"origin":5728,"position":5},"title":"CAPUCCINO SYLFOS 15ML PAP","author":"eveapprill","date":"9 mars 2025","format":false,"excerpt":"CAPUCCINO Siproeta stelenesForce - Objectifs Un \u00e9lixir pour effacer les obstacles qui sont dans notre trajectoire de croissance, nous permettant ainsi de surpasser les excuses que nous nous donnons pour ne pas faire ce que nous devons faire car nous pensons qu\u2019il s\u2019agit d\u2019objectifs trop lointains ou trop difficiles \u00e0\u2026","rel":"","context":"Article similaire","block_context":{"text":"Article similaire","link":""},"img":{"alt_text":"","src":"https:\/\/i0.wp.com\/artstella-elixirs-floraux.com\/wp-content\/uploads\/2025\/03\/1ae9a5c3-cd10-4a6f-8b94-f5a1127d456a.jpg?resize=350%2C200&ssl=1","width":350,"height":200,"srcset":"https:\/\/i0.wp.com\/artstella-elixirs-floraux.com\/wp-content\/uploads\/2025\/03\/1ae9a5c3-cd10-4a6f-8b94-f5a1127d456a.jpg?resize=350%2C200&ssl=1 1x, https:\/\/i0.wp.com\/artstella-elixirs-floraux.com\/wp-content\/uploads\/2025\/03\/1ae9a5c3-cd10-4a6f-8b94-f5a1127d456a.jpg?resize=525%2C300&ssl=1 1.5x, https:\/\/i0.wp.com\/artstella-elixirs-floraux.com\/wp-content\/uploads\/2025\/03\/1ae9a5c3-cd10-4a6f-8b94-f5a1127d456a.jpg?resize=700%2C400&ssl=1 2x"},"classes":[]}],"_links":{"self":[{"href":"https:\/\/artstella-elixirs-floraux.com\/fr_fr\/wp-json\/wp\/v2\/product\/5728","targetHints":{"allow":["GET"]}}],"collection":[{"href":"https:\/\/artstella-elixirs-floraux.com\/fr_fr\/wp-json\/wp\/v2\/product"}],"about":[{"href":"https:\/\/artstella-elixirs-floraux.com\/fr_fr\/wp-json\/wp\/v2\/types\/product"}],"version-history":[{"count":0,"href":"https:\/\/artstella-elixirs-floraux.com\/fr_fr\/wp-json\/wp\/v2\/product\/5728\/revisions"}],"wp:featuredmedia":[{"embeddable":true,"href":"https:\/\/artstella-elixirs-floraux.com\/fr_fr\/wp-json\/wp\/v2\/media\/5729"}],"wp:attachment":[{"href":"https:\/\/artstella-elixirs-floraux.com\/fr_fr\/wp-json\/wp\/v2\/media?parent=5728"}],"wp:term":[{"taxonomy":"product_brand","embeddable":true,"href":"https:\/\/artstella-elixirs-floraux.com\/fr_fr\/wp-json\/wp\/v2\/product_brand?post=5728"},{"taxonomy":"product_cat","embeddable":true,"href":"https:\/\/artstella-elixirs-floraux.com\/fr_fr\/wp-json\/wp\/v2\/product_cat?post=5728"},{"taxonomy":"product_tag","embeddable":true,"href":"https:\/\/artstella-elixirs-floraux.com\/fr_fr\/wp-json\/wp\/v2\/product_tag?post=5728"}],"curies":[{"name":"wp","href":"https:\/\/api.w.org\/{rel}","templated":true}]}}