{"id":5734,"date":"2025-03-09T13:47:32","date_gmt":"2025-03-09T13:47:32","guid":{"rendered":"https:\/\/artstella-elixirs-floraux.com\/product\/mimulus-orange-15-ml-deva\/"},"modified":"2025-06-02T06:41:50","modified_gmt":"2025-06-02T06:41:50","slug":"mimulus-orange-15-ml-deva","status":"publish","type":"product","link":"https:\/\/artstella-elixirs-floraux.com\/fr_fr\/produit\/mimulus-orange-15-ml-deva\/","title":{"rendered":"Mimulus orange 15 ml DEVA"},"content":{"rendered":"","protected":false},"excerpt":{"rendered":"<p><strong><em>Mimulus orang\u00e9 &#8211; Sticky Monkeyflower<\/em><\/strong><\/p>\n<p>Lib\u00e9ration des peurs li\u00e9es \u00e0 la sexualit\u00e9. Pour \u00e9liminer la confusion concernant la sexualit\u00e9 et l\u2019intimit\u00e9.<\/p>\n","protected":false},"featured_media":5735,"template":"","meta":[],"product_brand":[],"product_cat":[183],"product_tag":[],"class_list":{"0":"post-5734","1":"product","2":"type-product","3":"status-publish","4":"has-post-thumbnail","6":"product_cat-les-elixirs-floraux-deva-unitaires","8":"first","9":"instock","10":"taxable","11":"shipping-taxable","12":"purchasable","13":"product-type-simple"},"etheme_brands":{"errors":{"invalid_taxonomy":["Taxonomie non valide."]},"error_data":[]},"jetpack_sharing_enabled":true,"jetpack-related-posts":[{"id":5285,"url":"https:\/\/artstella-elixirs-floraux.com\/fr_fr\/produit\/complexe-n5-vie-affective-et-sexualite-30ml\/","url_meta":{"origin":5734,"position":0},"title":"COMPLEXE N\u00b05 Vie affective et sexualit\u00e9 30ml","author":"eveapprill","date":"9 mars 2025","format":false,"excerpt":"COMPLEXE N\u00b05 Vie affective et sexualit\u00e9 est conseill\u00e9 lorsque la vie affective est d\u00e9s\u00e9quilibr\u00e9e, lorsque la sexualit\u00e9 devient pr\u00e9dominante au d\u00e9triment des autres valeurs. Il favorise l'expression des sentiments profonds et d\u00e9veloppe l'authenticit\u00e9 au niveau de la relation amoureuse.","rel":"","context":"Article similaire","block_context":{"text":"Article similaire","link":""},"img":{"alt_text":"","src":"https:\/\/i0.wp.com\/artstella-elixirs-floraux.com\/wp-content\/uploads\/2025\/03\/ad399809-a071-4945-853e-c27fb9967aa3.jpg?resize=350%2C200&ssl=1","width":350,"height":200,"srcset":"https:\/\/i0.wp.com\/artstella-elixirs-floraux.com\/wp-content\/uploads\/2025\/03\/ad399809-a071-4945-853e-c27fb9967aa3.jpg?resize=350%2C200&ssl=1 1x, https:\/\/i0.wp.com\/artstella-elixirs-floraux.com\/wp-content\/uploads\/2025\/03\/ad399809-a071-4945-853e-c27fb9967aa3.jpg?resize=525%2C300&ssl=1 1.5x, https:\/\/i0.wp.com\/artstella-elixirs-floraux.com\/wp-content\/uploads\/2025\/03\/ad399809-a071-4945-853e-c27fb9967aa3.jpg?resize=700%2C400&ssl=1 2x"},"classes":[]},{"id":2853,"url":"https:\/\/artstella-elixirs-floraux.com\/fr_fr\/produit\/mimulus-15-ml-phi\/","url_meta":{"origin":5734,"position":1},"title":"MIMULUS 15 ML PHI","author":"eveapprill","date":"9 mars 2025","format":false,"excerpt":"Mimulus (Mimulus guttatus) (Muscade) Pour surmonter les peurs concr\u00e8tes et d\u00e9velopper le courage de les regarder en face.","rel":"","context":"Article similaire","block_context":{"text":"Article similaire","link":""},"img":{"alt_text":"","src":"https:\/\/i0.wp.com\/artstella-elixirs-floraux.com\/wp-content\/uploads\/2025\/03\/wp-image354.png?resize=350%2C200&ssl=1","width":350,"height":200},"classes":[]},{"id":5938,"url":"https:\/\/artstella-elixirs-floraux.com\/fr_fr\/produit\/mimulus-15-ml-bach-deva\/","url_meta":{"origin":5734,"position":2},"title":"Mimulus 15 ml Bach DEVA","author":"eveapprill","date":"9 mars 2025","format":false,"excerpt":"Mimulus jaune - Mimulus Mimulus guttatus Courage Pour faire face aux \u00e9v\u00e9nements et aux challenges de la vie quotidienne, sans inqui\u00e9tude ni appr\u00e9hension. Pour surmonter toutes les peurs connues de la vie quotidienne\u00a0 : peur des animaux, de la maladie, du noir, des autres personnes.","rel":"","context":"Article similaire","block_context":{"text":"Article similaire","link":""},"img":{"alt_text":"elixirs deva les \u00e9motions","src":"https:\/\/i0.wp.com\/artstella-elixirs-floraux.com\/wp-content\/uploads\/2025\/03\/wp-image2425-e1748372128900.png?resize=350%2C200&ssl=1","width":350,"height":200},"classes":[]},{"id":5732,"url":"https:\/\/artstella-elixirs-floraux.com\/fr_fr\/produit\/mimulus-ecarlate-15-ml-deva\/","url_meta":{"origin":5734,"position":3},"title":"Mimulus \u00e9carlate 15 ml DEVA","author":"eveapprill","date":"9 mars 2025","format":false,"excerpt":"Mimulus \u00e9carlate - Scarlet Monkeyflower Lib\u00e9ration des \u00e9motions intenses. Permet de r\u00e9soudre les situations de pouvoir et de col\u00e8re dans les relations interpersonnelles. Lib\u00e8re la vitalit\u00e9 lorsque celle-ci est paralys\u00e9e par la col\u00e8re ou le ressentiment.","rel":"","context":"Article similaire","block_context":{"text":"Article similaire","link":""},"img":{"alt_text":"","src":"https:\/\/i0.wp.com\/artstella-elixirs-floraux.com\/wp-content\/uploads\/2025\/03\/wp-image2424.png?resize=350%2C200&ssl=1","width":350,"height":200},"classes":[]},{"id":3243,"url":"https:\/\/artstella-elixirs-floraux.com\/fr_fr\/produit\/lys-orange-15-ml-phi\/","url_meta":{"origin":5734,"position":4},"title":"LYS ORANGE 15 ML PHI","author":"eveapprill","date":"9 mars 2025","format":false,"excerpt":"Lys orang\u00e9 (Lilium bulbiferum) (Feuerlilie) Unit le deuxi\u00e8me et le quatri\u00e8me chakra (sexuel et c\u0153ur). Il nous apprend \u00e0 acqu\u00e9rir une attitude juste face \u00e0 la sexualit\u00e9 et \u00e0 laisser monter nos \u00e9nergies jusqu'au niveau du c\u0153ur.","rel":"","context":"Article similaire","block_context":{"text":"Article similaire","link":""},"img":{"alt_text":"","src":"https:\/\/i0.wp.com\/artstella-elixirs-floraux.com\/wp-content\/uploads\/2025\/03\/wp-image662.png?resize=350%2C200&ssl=1","width":350,"height":200},"classes":[]},{"id":5631,"url":"https:\/\/artstella-elixirs-floraux.com\/fr_fr\/produit\/basilic-10ml\/","url_meta":{"origin":5734,"position":5},"title":"Basilic 10ml","author":"eveapprill","date":"9 mars 2025","format":false,"excerpt":"Basilic Sexualit\u00e9 \u00e9quilibr\u00e9e. Pour int\u00e9grer les d\u00e9sirs \u00e9motionnels et sexuels aux valeurs spirituelles sp\u00e9cialement lorsque sexualit\u00e9 et spiritualit\u00e9 sont per\u00e7ues en tant que forces antagonistes.","rel":"","context":"Article similaire","block_context":{"text":"Article similaire","link":""},"img":{"alt_text":"","src":"https:\/\/i0.wp.com\/artstella-elixirs-floraux.com\/wp-content\/uploads\/2025\/03\/wp-image1818.png?resize=350%2C200&ssl=1","width":350,"height":200},"classes":[]}],"_links":{"self":[{"href":"https:\/\/artstella-elixirs-floraux.com\/fr_fr\/wp-json\/wp\/v2\/product\/5734","targetHints":{"allow":["GET"]}}],"collection":[{"href":"https:\/\/artstella-elixirs-floraux.com\/fr_fr\/wp-json\/wp\/v2\/product"}],"about":[{"href":"https:\/\/artstella-elixirs-floraux.com\/fr_fr\/wp-json\/wp\/v2\/types\/product"}],"version-history":[{"count":0,"href":"https:\/\/artstella-elixirs-floraux.com\/fr_fr\/wp-json\/wp\/v2\/product\/5734\/revisions"}],"wp:featuredmedia":[{"embeddable":true,"href":"https:\/\/artstella-elixirs-floraux.com\/fr_fr\/wp-json\/wp\/v2\/media\/5735"}],"wp:attachment":[{"href":"https:\/\/artstella-elixirs-floraux.com\/fr_fr\/wp-json\/wp\/v2\/media?parent=5734"}],"wp:term":[{"taxonomy":"product_brand","embeddable":true,"href":"https:\/\/artstella-elixirs-floraux.com\/fr_fr\/wp-json\/wp\/v2\/product_brand?post=5734"},{"taxonomy":"product_cat","embeddable":true,"href":"https:\/\/artstella-elixirs-floraux.com\/fr_fr\/wp-json\/wp\/v2\/product_cat?post=5734"},{"taxonomy":"product_tag","embeddable":true,"href":"https:\/\/artstella-elixirs-floraux.com\/fr_fr\/wp-json\/wp\/v2\/product_tag?post=5734"}],"curies":[{"name":"wp","href":"https:\/\/api.w.org\/{rel}","templated":true}]}}