{"id":5740,"date":"2025-03-09T13:47:36","date_gmt":"2025-03-09T13:47:36","guid":{"rendered":"https:\/\/artstella-elixirs-floraux.com\/product\/muguet-10-ml-deva\/"},"modified":"2026-05-13T15:30:11","modified_gmt":"2026-05-13T15:30:11","slug":"muguet-10-ml-deva","status":"publish","type":"product","link":"https:\/\/artstella-elixirs-floraux.com\/fr_fr\/produit\/muguet-10-ml-deva\/","title":{"rendered":"Muguet 15 ml DEVA"},"content":{"rendered":"","protected":false},"excerpt":{"rendered":"<p><strong><em>Muguet<\/em><\/strong><\/p>\n<p>Pour ceux dont la vie est dict\u00e9e par les devoirs, les obligations et les conventions sociales.<\/p>\n","protected":false},"featured_media":5741,"template":"","meta":[],"product_brand":[],"product_cat":[183],"product_tag":[],"class_list":{"0":"post-5740","1":"product","2":"type-product","3":"status-publish","4":"has-post-thumbnail","6":"product_cat-les-elixirs-floraux-deva-unitaires","8":"first","9":"instock","10":"taxable","11":"shipping-taxable","12":"purchasable","13":"product-type-simple"},"etheme_brands":{"errors":{"invalid_taxonomy":["Taxonomie non valide."]},"error_data":[]},"jetpack_sharing_enabled":true,"jetpack-related-posts":[{"id":5906,"url":"https:\/\/artstella-elixirs-floraux.com\/fr_fr\/produit\/chene-15-ml-deva\/","url_meta":{"origin":5740,"position":0},"title":"Ch\u00eane 15 ml DEVA","author":"eveapprill","date":"9 mars 2025","format":false,"excerpt":"Ch\u00eane - Oak Quercus robur Reconnaissance de ses limites, l\u00e2cher-prise Pour r\u00e9aliser que la vie n'est pas un combat permanent. Pour ceux qui veulent toujours assumer plus qu'ils ne peuvent et qui s'\u00e9puisent.","rel":"","context":"Article similaire","block_context":{"text":"Article similaire","link":""},"img":{"alt_text":"","src":"","width":0,"height":0},"classes":[]},{"id":5934,"url":"https:\/\/artstella-elixirs-floraux.com\/fr_fr\/produit\/marronnier-rouge-15-ml-deva\/","url_meta":{"origin":5740,"position":1},"title":"Marronnier rouge 15 ml DEVA","author":"eveapprill","date":"9 mars 2025","format":false,"excerpt":"Marronnier rouge - Red chestnut Aesculus carnea Confiance en la vie Supprime l'inqui\u00e9tude et la crainte du pire pour les autres. Pour ceux qui ont tendance \u00e0 trop s'impliquer dans la vie des autres. Pour ceux qui ne peuvent s'emp\u00eacher de se faire du souci pour autrui.","rel":"","context":"Article similaire","block_context":{"text":"Article similaire","link":""},"img":{"alt_text":"","src":"","width":0,"height":0},"classes":[]},{"id":5698,"url":"https:\/\/artstella-elixirs-floraux.com\/fr_fr\/produit\/grenadier-10-ml-deva\/","url_meta":{"origin":5740,"position":2},"title":"Grenadier 15 ml DEVA","author":"eveapprill","date":"9 mars 2025","format":false,"excerpt":"Grenadier Cr\u00e9ativit\u00e9 f\u00e9minine. Aide les femmes \u00e0 r\u00e9soudre les conflits dont la source est un d\u00e9s\u00e9quilibre entre carri\u00e8re professionnelle et vie familiale. Elixir conseill\u00e9 aux femmes qui rejettent leur f\u00e9minit\u00e9.","rel":"","context":"Article similaire","block_context":{"text":"Article similaire","link":""},"img":{"alt_text":"","src":"https:\/\/i0.wp.com\/artstella-elixirs-floraux.com\/wp-content\/uploads\/2025\/03\/wp-image2406.png?resize=350%2C200&ssl=1","width":350,"height":200},"classes":[]},{"id":5625,"url":"https:\/\/artstella-elixirs-floraux.com\/fr_fr\/produit\/angelique-15-ml-deva\/","url_meta":{"origin":5740,"position":3},"title":"Ang\u00e9lique 15 ML Deva","author":"eveapprill","date":"9 mars 2025","format":false,"excerpt":"Ang\u00e9lique Protection spirituelle. Elixir majeur conseill\u00e9 dans les situations de crise et chaque fois que la vie est en jeu. Renforce la confiance en la vie et apporte force et vigueur morale lorsque l\u2019avenir est incertain.","rel":"","context":"Article similaire","block_context":{"text":"Article similaire","link":""},"img":{"alt_text":"","src":"https:\/\/i0.wp.com\/artstella-elixirs-floraux.com\/wp-content\/uploads\/2025\/03\/wp-image1815.png?resize=350%2C200&ssl=1","width":350,"height":200},"classes":[]},{"id":5892,"url":"https:\/\/artstella-elixirs-floraux.com\/fr_fr\/produit\/aigremoine-15-ml-deva\/","url_meta":{"origin":5740,"position":4},"title":"Aigremoine 15 ml DEVA","author":"eveapprill","date":"9 mars 2025","format":false,"excerpt":"Aigremoine - Agrimony Agrimonia eupatoria Joie int\u00e9rieure, acceptation de soi L'\u00e9lixir floral d'aigremoine est recommand\u00e9 pour ceux qui cachent leurs vrais sentiments et leur inqui\u00e9tude sous un masque d'insouciance ou derri\u00e8re une apparence joviale.","rel":"","context":"Article similaire","block_context":{"text":"Article similaire","link":""},"img":{"alt_text":"","src":"","width":0,"height":0},"classes":[]},{"id":5623,"url":"https:\/\/artstella-elixirs-floraux.com\/fr_fr\/produit\/aneth-15-ml\/","url_meta":{"origin":5740,"position":5},"title":"Aneth 15 ML","author":"eveapprill","date":"9 mars 2025","format":false,"excerpt":"Aneth Assimilation des exp\u00e9riences. Pour ceux qui se sentent d\u00e9pass\u00e9s par un rythme de vie trop rapide. Pour comprendre et assimiler les situations complexes ou inhabituelles.","rel":"","context":"Article similaire","block_context":{"text":"Article similaire","link":""},"img":{"alt_text":"","src":"https:\/\/i0.wp.com\/artstella-elixirs-floraux.com\/wp-content\/uploads\/2025\/03\/wp-image1814.png?resize=350%2C200&ssl=1","width":350,"height":200},"classes":[]}],"_links":{"self":[{"href":"https:\/\/artstella-elixirs-floraux.com\/fr_fr\/wp-json\/wp\/v2\/product\/5740","targetHints":{"allow":["GET"]}}],"collection":[{"href":"https:\/\/artstella-elixirs-floraux.com\/fr_fr\/wp-json\/wp\/v2\/product"}],"about":[{"href":"https:\/\/artstella-elixirs-floraux.com\/fr_fr\/wp-json\/wp\/v2\/types\/product"}],"version-history":[{"count":1,"href":"https:\/\/artstella-elixirs-floraux.com\/fr_fr\/wp-json\/wp\/v2\/product\/5740\/revisions"}],"predecessor-version":[{"id":12717,"href":"https:\/\/artstella-elixirs-floraux.com\/fr_fr\/wp-json\/wp\/v2\/product\/5740\/revisions\/12717"}],"wp:featuredmedia":[{"embeddable":true,"href":"https:\/\/artstella-elixirs-floraux.com\/fr_fr\/wp-json\/wp\/v2\/media\/5741"}],"wp:attachment":[{"href":"https:\/\/artstella-elixirs-floraux.com\/fr_fr\/wp-json\/wp\/v2\/media?parent=5740"}],"wp:term":[{"taxonomy":"product_brand","embeddable":true,"href":"https:\/\/artstella-elixirs-floraux.com\/fr_fr\/wp-json\/wp\/v2\/product_brand?post=5740"},{"taxonomy":"product_cat","embeddable":true,"href":"https:\/\/artstella-elixirs-floraux.com\/fr_fr\/wp-json\/wp\/v2\/product_cat?post=5740"},{"taxonomy":"product_tag","embeddable":true,"href":"https:\/\/artstella-elixirs-floraux.com\/fr_fr\/wp-json\/wp\/v2\/product_tag?post=5740"}],"curies":[{"name":"wp","href":"https:\/\/api.w.org\/{rel}","templated":true}]}}