{"id":5742,"date":"2025-03-09T13:47:37","date_gmt":"2025-03-09T13:47:37","guid":{"rendered":"https:\/\/artstella-elixirs-floraux.com\/product\/mure-sauvage-15-ml-deva\/"},"modified":"2025-06-02T06:41:49","modified_gmt":"2025-06-02T06:41:49","slug":"mure-sauvage-15-ml-deva","status":"publish","type":"product","link":"https:\/\/artstella-elixirs-floraux.com\/fr_fr\/produit\/mure-sauvage-15-ml-deva\/","title":{"rendered":"Mure sauvage 15 ml DEVA"},"content":{"rendered":"","protected":false},"excerpt":{"rendered":"<p><strong><em>M\u00fbre Sauvage<\/em><\/strong><\/p>\n<p>Concr\u00e9tisation, visualisation. Pour ceux qui n\u2019arrivent pas \u00e0 concr\u00e9tiser leurs projets, leurs intentions et qui ont des difficult\u00e9s \u00e0 mettre leurs id\u00e9es en pratique. Catalyseur permettant de surmonter l\u2019inaction et l\u2019immobilisme.<\/p>\n","protected":false},"featured_media":5743,"template":"","meta":[],"product_brand":[],"product_cat":[183],"product_tag":[],"class_list":{"0":"post-5742","1":"product","2":"type-product","3":"status-publish","4":"has-post-thumbnail","6":"product_cat-les-elixirs-floraux-deva-unitaires","8":"first","9":"instock","10":"taxable","11":"shipping-taxable","12":"purchasable","13":"product-type-simple"},"etheme_brands":{"errors":{"invalid_taxonomy":["Taxonomie non valide."]},"error_data":[]},"jetpack_sharing_enabled":true,"jetpack-related-posts":[{"id":3237,"url":"https:\/\/artstella-elixirs-floraux.com\/fr_fr\/produit\/mure-sauvage-15-ml-phi\/","url_meta":{"origin":5742,"position":0},"title":"MURE SAUVAGE 15 ML PHI","author":"eveapprill","date":"9 mars 2025","format":false,"excerpt":"M\u00fbre sauvage (Rubus Fructosus) (Brombeere) Permet de concr\u00e9tiser dans le monde physique notre force cr\u00e9atrice. Pour les personnes auxquelles manque l'impulsion de d\u00e9part.","rel":"","context":"Article similaire","block_context":{"text":"Article similaire","link":""},"img":{"alt_text":"","src":"https:\/\/i0.wp.com\/artstella-elixirs-floraux.com\/wp-content\/uploads\/2025\/03\/wp-image659.png?resize=350%2C200&ssl=1","width":350,"height":200},"classes":[]},{"id":4551,"url":"https:\/\/artstella-elixirs-floraux.com\/fr_fr\/produit\/coffret-fleurs-sauvages-15-ml\/","url_meta":{"origin":5742,"position":1},"title":"COFFRET FLEURS SAUVAGES 15 ML","author":"eveapprill","date":"9 mars 2025","format":false,"excerpt":"Les \u00e9lixirs de 40 fleurs Sauvages R\u00e9alis\u00e9s avec des fleurs europ\u00e9ennes communes dans la nature.","rel":"","context":"Article similaire","block_context":{"text":"Article similaire","link":""},"img":{"alt_text":"","src":"","width":0,"height":0},"classes":[]},{"id":5952,"url":"https:\/\/artstella-elixirs-floraux.com\/fr_fr\/produit\/pommier-sauvage-10ml-deva\/","url_meta":{"origin":5742,"position":2},"title":"Pommier sauvage 10ml DEVA","author":"eveapprill","date":"9 mars 2025","format":false,"excerpt":"Pommier sauvage - Crab apple Malus sylvestris Purification Pour ceux qui se sentent intoxiqu\u00e9s ou contamin\u00e9s \u00e0 quelque niveau que ce soit. Pour surmonter le sentiment d'impuret\u00e9 et de d\u00e9go\u00fbt de soi.","rel":"","context":"Article similaire","block_context":{"text":"Article similaire","link":""},"img":{"alt_text":"","src":"","width":0,"height":0},"classes":[]},{"id":5259,"url":"https:\/\/artstella-elixirs-floraux.com\/fr_fr\/produit\/jeu-de-40-cartes-de-fleurs-sauvages\/","url_meta":{"origin":5742,"position":3},"title":"Jeu de 40 cartes de fleurs sauvages","author":"eveapprill","date":"9 mars 2025","format":false,"excerpt":"Jeu de 40 cartes de fleurs sauvages europ\u00e9ennes repr\u00e9sentant les fleurs \u00e0 partir desquelles ces \u00e9lixirs ont \u00e9t\u00e9 r\u00e9alis\u00e9s","rel":"","context":"Article similaire","block_context":{"text":"Article similaire","link":""},"img":{"alt_text":"","src":"","width":0,"height":0},"classes":[]},{"id":5659,"url":"https:\/\/artstella-elixirs-floraux.com\/fr_fr\/produit\/cerisier-sauvage-15-ml-deva\/","url_meta":{"origin":5742,"position":4},"title":"Cerisier sauvage 15 ml DEVA","author":"eveapprill","date":"9 mars 2025","format":false,"excerpt":"Cerisier Sauvage Gaiet\u00e9, bonne humeur. Stimule la vitalit\u00e9 et permet de d\u00e9velopper une conception sereine et optimiste de la vie. Pour prendre conscience que l\u2019humeur est contr\u00f4lable et d\u00e9pend de nous. Pour faire face \u00e0 des ambiances maussades ou routini\u00e8res.","rel":"","context":"Article similaire","block_context":{"text":"Article similaire","link":""},"img":{"alt_text":"","src":"https:\/\/i0.wp.com\/artstella-elixirs-floraux.com\/wp-content\/uploads\/2025\/03\/ca6d9b91-5326-4acb-94e4-a0c872cb75f8.jpg?resize=350%2C200&ssl=1","width":350,"height":200,"srcset":"https:\/\/i0.wp.com\/artstella-elixirs-floraux.com\/wp-content\/uploads\/2025\/03\/ca6d9b91-5326-4acb-94e4-a0c872cb75f8.jpg?resize=350%2C200&ssl=1 1x, https:\/\/i0.wp.com\/artstella-elixirs-floraux.com\/wp-content\/uploads\/2025\/03\/ca6d9b91-5326-4acb-94e4-a0c872cb75f8.jpg?resize=525%2C300&ssl=1 1.5x, https:\/\/i0.wp.com\/artstella-elixirs-floraux.com\/wp-content\/uploads\/2025\/03\/ca6d9b91-5326-4acb-94e4-a0c872cb75f8.jpg?resize=700%2C400&ssl=1 2x"},"classes":[]},{"id":3161,"url":"https:\/\/artstella-elixirs-floraux.com\/fr_fr\/produit\/rose-sauvage-15-ml-phi\/","url_meta":{"origin":5742,"position":5},"title":"ROSE SAUVAGE 15 ML PHI","author":"eveapprill","date":"9 mars 2025","format":false,"excerpt":"Rose sauvage (Rosa X pruhoniciana) (Wildrosen Hybride) Dans un monde o\u00f9 nous rencontrons beaucoup d'opposition, cette rose permet de d\u00e9velopper notre r\u00e9sistance. Notre c\u0153ur peut se sentir reli\u00e9 \u00e0 la terre ce qui nous donne une meilleure assise, et renouvelle notre amour de la vie.","rel":"","context":"Article similaire","block_context":{"text":"Article similaire","link":""},"img":{"alt_text":"","src":"https:\/\/i0.wp.com\/artstella-elixirs-floraux.com\/wp-content\/uploads\/2025\/03\/wp-image401.png?resize=350%2C200&ssl=1","width":350,"height":200},"classes":[]}],"_links":{"self":[{"href":"https:\/\/artstella-elixirs-floraux.com\/fr_fr\/wp-json\/wp\/v2\/product\/5742","targetHints":{"allow":["GET"]}}],"collection":[{"href":"https:\/\/artstella-elixirs-floraux.com\/fr_fr\/wp-json\/wp\/v2\/product"}],"about":[{"href":"https:\/\/artstella-elixirs-floraux.com\/fr_fr\/wp-json\/wp\/v2\/types\/product"}],"version-history":[{"count":0,"href":"https:\/\/artstella-elixirs-floraux.com\/fr_fr\/wp-json\/wp\/v2\/product\/5742\/revisions"}],"wp:featuredmedia":[{"embeddable":true,"href":"https:\/\/artstella-elixirs-floraux.com\/fr_fr\/wp-json\/wp\/v2\/media\/5743"}],"wp:attachment":[{"href":"https:\/\/artstella-elixirs-floraux.com\/fr_fr\/wp-json\/wp\/v2\/media?parent=5742"}],"wp:term":[{"taxonomy":"product_brand","embeddable":true,"href":"https:\/\/artstella-elixirs-floraux.com\/fr_fr\/wp-json\/wp\/v2\/product_brand?post=5742"},{"taxonomy":"product_cat","embeddable":true,"href":"https:\/\/artstella-elixirs-floraux.com\/fr_fr\/wp-json\/wp\/v2\/product_cat?post=5742"},{"taxonomy":"product_tag","embeddable":true,"href":"https:\/\/artstella-elixirs-floraux.com\/fr_fr\/wp-json\/wp\/v2\/product_tag?post=5742"}],"curies":[{"name":"wp","href":"https:\/\/api.w.org\/{rel}","templated":true}]}}