{"id":5747,"date":"2025-03-09T13:47:40","date_gmt":"2025-03-09T13:47:40","guid":{"rendered":"https:\/\/artstella-elixirs-floraux.com\/product\/nenuphar-15-ml-deva\/"},"modified":"2025-06-02T06:41:48","modified_gmt":"2025-06-02T06:41:48","slug":"nenuphar-15-ml-deva","status":"publish","type":"product","link":"https:\/\/artstella-elixirs-floraux.com\/fr_fr\/produit\/nenuphar-15-ml-deva\/","title":{"rendered":"N\u00e9nuphar 15 ml DEVA"},"content":{"rendered":"","protected":false},"excerpt":{"rendered":"<p><strong><em>N\u00e9nuphar Blanc<\/em><\/strong><\/p>\n<p>D\u00e9tachement, abondance. Pour exprimer la pl\u00e9nitude et l&rsquo;abondance non pas en terme de concurrence mais de coop\u00e9ration.<\/p>\n","protected":false},"featured_media":5748,"template":"","meta":[],"product_brand":[],"product_cat":[183],"product_tag":[],"class_list":{"0":"post-5747","1":"product","2":"type-product","3":"status-publish","4":"has-post-thumbnail","6":"product_cat-les-elixirs-floraux-deva-unitaires","8":"first","9":"instock","10":"taxable","11":"shipping-taxable","12":"purchasable","13":"product-type-simple"},"etheme_brands":{"errors":{"invalid_taxonomy":["Taxonomie non valide."]},"error_data":[]},"jetpack_sharing_enabled":true,"jetpack-related-posts":[{"id":2663,"url":"https:\/\/artstella-elixirs-floraux.com\/fr_fr\/produit\/abund-abondance-30-ml-bush\/","url_meta":{"origin":5747,"position":0},"title":"ABUND Abondance 30 ML BUSH","author":"eveapprill","date":"9 mars 2025","format":false,"excerpt":"Abund - Abondance Permet d'abandonner les croyances n\u00e9gatives, les mod\u00e8les et sch\u00e9mas familiaux. Lib\u00e8re de la tendance \u00e0 l'autodestruction et de la peur de manquer. Permet l'ouverture donnant acc\u00e8s aux richesses de tous les niveaux et pas seulement p\u00e9cuniaire. Compos\u00e9 de Bluebell, Boab, Five Corners, Philoteca, Southern Cross, Sunshine Wattle\u2026","rel":"","context":"Article similaire","block_context":{"text":"Article similaire","link":""},"img":{"alt_text":"","src":"https:\/\/i0.wp.com\/artstella-elixirs-floraux.com\/wp-content\/uploads\/2025\/03\/0c1366aa-b1b9-4d6f-88cd-f28788a5c7e3.jpg?resize=350%2C200&ssl=1","width":350,"height":200,"srcset":"https:\/\/i0.wp.com\/artstella-elixirs-floraux.com\/wp-content\/uploads\/2025\/03\/0c1366aa-b1b9-4d6f-88cd-f28788a5c7e3.jpg?resize=350%2C200&ssl=1 1x, https:\/\/i0.wp.com\/artstella-elixirs-floraux.com\/wp-content\/uploads\/2025\/03\/0c1366aa-b1b9-4d6f-88cd-f28788a5c7e3.jpg?resize=525%2C300&ssl=1 1.5x, https:\/\/i0.wp.com\/artstella-elixirs-floraux.com\/wp-content\/uploads\/2025\/03\/0c1366aa-b1b9-4d6f-88cd-f28788a5c7e3.jpg?resize=700%2C400&ssl=1 2x"},"classes":[]},{"id":2098,"url":"https:\/\/artstella-elixirs-floraux.com\/fr_fr\/produit\/bog-blueberry-alaskan\/","url_meta":{"origin":5747,"position":1},"title":"Bog Blueberry Alaskan","author":"eveapprill","date":"9 mars 2025","format":false,"excerpt":"Bog Blueberry Conception \u00ab donnant-donnant \u00bb de l'abondance, trop attach\u00e9 \u00e0 la forme mat\u00e9rielle de la manifestation de la vie.Permet de neutraliser les croyances limitant l'abondance sur tous les niveaux, encourage \u00e0 s'ouvrir \u00e0 l'abondance qui s'offre avec acceptation et gratitude.","rel":"","context":"Article similaire","block_context":{"text":"Article similaire","link":""},"img":{"alt_text":"","src":"https:\/\/i0.wp.com\/artstella-elixirs-floraux.com\/wp-content\/uploads\/2025\/03\/wp-image44.png?resize=350%2C200&ssl=1","width":350,"height":200},"classes":[]},{"id":4150,"url":"https:\/\/artstella-elixirs-floraux.com\/fr_fr\/produit\/verde-pequena-sylfos-15ml-pap\/","url_meta":{"origin":5747,"position":2},"title":"VERDE PEQUENA SYLFOS 15ML PAP","author":"eveapprill","date":"9 mars 2025","format":false,"excerpt":"VERDE PEQUE\u00d1A Callophrys rubi Abondance - prosp\u00e9rit\u00e9 Afin d\u2019atteindre les situations de prosp\u00e9rit\u00e9 et d\u2019abondance. Cet \u00e9lixir permet que cette \u00e9nergie nous arrive au lieu de ressentir que nous devons la poursuivre lorsque nous pensons qu\u2019elle essaye de nous \u00e9chapper...","rel":"","context":"Article similaire","block_context":{"text":"Article similaire","link":""},"img":{"alt_text":"","src":"https:\/\/i0.wp.com\/artstella-elixirs-floraux.com\/wp-content\/uploads\/2025\/03\/verde-pequena-.jpg?resize=350%2C200&ssl=1","width":350,"height":200},"classes":[]},{"id":5522,"url":"https:\/\/artstella-elixirs-floraux.com\/fr_fr\/produit\/vanadinite-30-ml\/","url_meta":{"origin":5747,"position":3},"title":"VANADINITE 30 ml","author":"eveapprill","date":"9 mars 2025","format":false,"excerpt":"Vanadinite \u2013 Vanadinite\u00a0: Flux \u00e9nerg\u00e9tique in\u00e9gal au cours de la journ\u00e9e ; fluctue entre l\u2019intention et le d\u00e9sint\u00e9r\u00eat ; t\u00eatu ; manque de flexibilit\u00e9. Aide \u00e0 r\u00e9guler et diriger l\u2019\u00e9nergie de l\u2019\u00e9l\u00e9ment feu ;","rel":"","context":"Article similaire","block_context":{"text":"Article similaire","link":""},"img":{"alt_text":"","src":"","width":0,"height":0},"classes":[]},{"id":2090,"url":"https:\/\/artstella-elixirs-floraux.com\/fr_fr\/produit\/blueberry-pollen-alaskan\/","url_meta":{"origin":5747,"position":4},"title":"Blueberry Pollen Alaskan","author":"eveapprill","date":"9 mars 2025","format":false,"excerpt":"Blueberry Pollen Alaska Pour ceux qui ne croient pas assez \u00e0 leur potentiel d'abondance, ont une faible id\u00e9e de la prosp\u00e9rit\u00e9, et connaissent des difficult\u00e9s \u00e0 recevoir des autres et de la terre. Permet une extension sur tous les niveaux pour s'accorder \u00e0 l'abondance ; facilite la dissolution des sch\u00e9mas\u2026","rel":"","context":"Article similaire","block_context":{"text":"Article similaire","link":""},"img":{"alt_text":"","src":"https:\/\/i0.wp.com\/artstella-elixirs-floraux.com\/wp-content\/uploads\/2025\/03\/wp-image42.webp?resize=350%2C200&ssl=1","width":350,"height":200},"classes":[]},{"id":5376,"url":"https:\/\/artstella-elixirs-floraux.com\/fr_fr\/produit\/agua-marina-listada-15-ml-sylfos\/","url_meta":{"origin":5747,"position":5},"title":"AGUA MARINA LISTADA 15 ML SYLFOS","author":"eveapprill","date":"9 mars 2025","format":false,"excerpt":"22 - AGUA-MARINA LISTADA \/ AIGUE MARINE RAY\u00c9E Oenomaus ortygnus\u00a0 L\u00e2cher-prise \u2013 Renouveau \u2013 Abondance Cet \u00e9lixir permet de l\u00e2cher tout ce qui est ancien de fa\u00e7on a ce que le nouveau puisse entrer. Il permet de l\u00e2cher ce qui ne nous sert plus et qui emp\u00eache notre cheminement. Il\u2026","rel":"","context":"Article similaire","block_context":{"text":"Article similaire","link":""},"img":{"alt_text":"","src":"https:\/\/i0.wp.com\/artstella-elixirs-floraux.com\/wp-content\/uploads\/2025\/03\/6e9f3bfa-15ed-4531-8eb6-5b1de3a744f8.jpg?resize=350%2C200&ssl=1","width":350,"height":200,"srcset":"https:\/\/i0.wp.com\/artstella-elixirs-floraux.com\/wp-content\/uploads\/2025\/03\/6e9f3bfa-15ed-4531-8eb6-5b1de3a744f8.jpg?resize=350%2C200&ssl=1 1x, https:\/\/i0.wp.com\/artstella-elixirs-floraux.com\/wp-content\/uploads\/2025\/03\/6e9f3bfa-15ed-4531-8eb6-5b1de3a744f8.jpg?resize=525%2C300&ssl=1 1.5x, https:\/\/i0.wp.com\/artstella-elixirs-floraux.com\/wp-content\/uploads\/2025\/03\/6e9f3bfa-15ed-4531-8eb6-5b1de3a744f8.jpg?resize=700%2C400&ssl=1 2x"},"classes":[]}],"_links":{"self":[{"href":"https:\/\/artstella-elixirs-floraux.com\/fr_fr\/wp-json\/wp\/v2\/product\/5747","targetHints":{"allow":["GET"]}}],"collection":[{"href":"https:\/\/artstella-elixirs-floraux.com\/fr_fr\/wp-json\/wp\/v2\/product"}],"about":[{"href":"https:\/\/artstella-elixirs-floraux.com\/fr_fr\/wp-json\/wp\/v2\/types\/product"}],"version-history":[{"count":0,"href":"https:\/\/artstella-elixirs-floraux.com\/fr_fr\/wp-json\/wp\/v2\/product\/5747\/revisions"}],"wp:featuredmedia":[{"embeddable":true,"href":"https:\/\/artstella-elixirs-floraux.com\/fr_fr\/wp-json\/wp\/v2\/media\/5748"}],"wp:attachment":[{"href":"https:\/\/artstella-elixirs-floraux.com\/fr_fr\/wp-json\/wp\/v2\/media?parent=5747"}],"wp:term":[{"taxonomy":"product_brand","embeddable":true,"href":"https:\/\/artstella-elixirs-floraux.com\/fr_fr\/wp-json\/wp\/v2\/product_brand?post=5747"},{"taxonomy":"product_cat","embeddable":true,"href":"https:\/\/artstella-elixirs-floraux.com\/fr_fr\/wp-json\/wp\/v2\/product_cat?post=5747"},{"taxonomy":"product_tag","embeddable":true,"href":"https:\/\/artstella-elixirs-floraux.com\/fr_fr\/wp-json\/wp\/v2\/product_tag?post=5747"}],"curies":[{"name":"wp","href":"https:\/\/api.w.org\/{rel}","templated":true}]}}