{"id":5751,"date":"2025-03-09T13:47:43","date_gmt":"2025-03-09T13:47:43","guid":{"rendered":"https:\/\/artstella-elixirs-floraux.com\/product\/oranger-10-ml-deva\/"},"modified":"2025-06-23T21:07:40","modified_gmt":"2025-06-23T21:07:40","slug":"oranger-10-ml-deva","status":"publish","type":"product","link":"https:\/\/artstella-elixirs-floraux.com\/fr_fr\/produit\/oranger-10-ml-deva\/","title":{"rendered":"Oranger 15 ml DEVA"},"content":{"rendered":"","protected":false},"excerpt":{"rendered":"<p><strong><em>Oranger<\/em><\/strong><\/p>\n<p>L\u00e2cher-prise \u00e9motionnel. Catalyseur puissant utilis\u00e9 pour favoriser une catharsis \u00e9motionnelle.<\/p>\n","protected":false},"featured_media":5752,"template":"","meta":[],"product_brand":[],"product_cat":[183],"product_tag":[],"class_list":{"0":"post-5751","1":"product","2":"type-product","3":"status-publish","4":"has-post-thumbnail","6":"product_cat-les-elixirs-floraux-deva-unitaires","8":"first","9":"instock","10":"taxable","11":"shipping-taxable","12":"purchasable","13":"product-type-simple"},"etheme_brands":{"errors":{"invalid_taxonomy":["Taxonomie non valide."]},"error_data":[]},"jetpack_sharing_enabled":true,"jetpack-related-posts":[{"id":5749,"url":"https:\/\/artstella-elixirs-floraux.com\/fr_fr\/produit\/oignon-15-ml-deva\/","url_meta":{"origin":5751,"position":0},"title":"Oignon 15 ml DEVA","author":"eveapprill","date":"9 mars 2025","format":false,"excerpt":"Oignon L\u00e2cher-prise, lib\u00e9ration \u00e9motionnelle. Apporte son aide lors du travail sur soi, en brisant les barri\u00e8res psychologiques et en facilitant l\u2019\u00e9mergence des \u00e9motions enfouies.","rel":"","context":"Article similaire","block_context":{"text":"Article similaire","link":""},"img":{"alt_text":"","src":"https:\/\/i0.wp.com\/artstella-elixirs-floraux.com\/wp-content\/uploads\/2025\/03\/wp-image2432.png?resize=350%2C200&ssl=1","width":350,"height":200},"classes":[]},{"id":5772,"url":"https:\/\/artstella-elixirs-floraux.com\/fr_fr\/produit\/passiflore-15-ml-deva\/","url_meta":{"origin":5751,"position":1},"title":"Passiflore 15 ml DEVA","author":"eveapprill","date":"9 mars 2025","format":false,"excerpt":"Passiflore L\u00e2cher-prise, s\u00e9r\u00e9nit\u00e9. Permet de consid\u00e9rer les \u00e9v\u00e9nements de la vie avec calme et s\u00e9r\u00e9nit\u00e9. Apporte stabilit\u00e9 et \u00e9limine la confusion \u00e9motionnelle.","rel":"","context":"Article similaire","block_context":{"text":"Article similaire","link":""},"img":{"alt_text":"","src":"https:\/\/i0.wp.com\/artstella-elixirs-floraux.com\/wp-content\/uploads\/2025\/03\/wp-image2436.png?resize=350%2C200&ssl=1","width":350,"height":200},"classes":[]},{"id":5694,"url":"https:\/\/artstella-elixirs-floraux.com\/fr_fr\/produit\/fuchsia10-ml-deva\/","url_meta":{"origin":5751,"position":2},"title":"Fuchsia15 ml DEVA","author":"eveapprill","date":"9 mars 2025","format":false,"excerpt":"Fuchsia Compr\u00e9hension des \u00e9motions enfouies. Catalyseur \u00e9motionnel favorisant l\u2019\u00e9mergence, la compr\u00e9hension et la r\u00e9solution des \u00e9motions li\u00e9es \u00e0 la col\u00e8re et au chagrin qui remontent souvent \u00e0 l\u2019enfance.","rel":"","context":"Article similaire","block_context":{"text":"Article similaire","link":""},"img":{"alt_text":"","src":"https:\/\/i0.wp.com\/artstella-elixirs-floraux.com\/wp-content\/uploads\/2025\/03\/wp-image2401.png?resize=350%2C200&ssl=1","width":350,"height":200},"classes":[]},{"id":4207,"url":"https:\/\/artstella-elixirs-floraux.com\/fr_fr\/produit\/butterfly-papillon-wea-30-ml\/","url_meta":{"origin":5751,"position":3},"title":"BUTTERFLY\/PAPILLON WEA 30 ML","author":"eveapprill","date":"9 mars 2025","format":false,"excerpt":"Butterfly (papillon) Catalyseur de transformation, cet \u00e9lixir apporte le soutien dans les moments de transition \u00e9motionnelle et spirituelle. Pour l\u00e2cher prise et aller de l\u2019avant. D\u00e9veloppe la l\u00e9g\u00e8ret\u00e9, la gr\u00e2ce, et l\u2019\u00e9quilibre entre la vuln\u00e9rabilit\u00e9 et la force.","rel":"","context":"Article similaire","block_context":{"text":"Article similaire","link":""},"img":{"alt_text":"","src":"","width":0,"height":0},"classes":[]},{"id":5734,"url":"https:\/\/artstella-elixirs-floraux.com\/fr_fr\/produit\/mimulus-orange-15-ml-deva\/","url_meta":{"origin":5751,"position":4},"title":"Mimulus orange 15 ml DEVA","author":"eveapprill","date":"9 mars 2025","format":false,"excerpt":"Mimulus orang\u00e9 - Sticky Monkeyflower Lib\u00e9ration des peurs li\u00e9es \u00e0 la sexualit\u00e9. Pour \u00e9liminer la confusion concernant la sexualit\u00e9 et l\u2019intimit\u00e9.","rel":"","context":"Article similaire","block_context":{"text":"Article similaire","link":""},"img":{"alt_text":"","src":"https:\/\/i0.wp.com\/artstella-elixirs-floraux.com\/wp-content\/uploads\/2025\/03\/wp-image2426.png?resize=350%2C200&ssl=1","width":350,"height":200},"classes":[]},{"id":4474,"url":"https:\/\/artstella-elixirs-floraux.com\/fr_fr\/produit\/sturt-desert-pea-15-ml-bush\/","url_meta":{"origin":5751,"position":5},"title":"STURT DESERT PEA 15 ML BUSH","author":"eveapprill","date":"9 mars 2025","format":false,"excerpt":"Sturt Desert Pea Douleur, blessure \u00e9motionnelle profonde, tristesse. Att\u00e9nuation des souvenirs tristes, l\u00e2cher-prise, motivation.","rel":"","context":"Article similaire","block_context":{"text":"Article similaire","link":""},"img":{"alt_text":"","src":"https:\/\/i0.wp.com\/artstella-elixirs-floraux.com\/wp-content\/uploads\/2025\/03\/wp-image1067.png?resize=350%2C200&ssl=1","width":350,"height":200},"classes":[]}],"_links":{"self":[{"href":"https:\/\/artstella-elixirs-floraux.com\/fr_fr\/wp-json\/wp\/v2\/product\/5751","targetHints":{"allow":["GET"]}}],"collection":[{"href":"https:\/\/artstella-elixirs-floraux.com\/fr_fr\/wp-json\/wp\/v2\/product"}],"about":[{"href":"https:\/\/artstella-elixirs-floraux.com\/fr_fr\/wp-json\/wp\/v2\/types\/product"}],"version-history":[{"count":1,"href":"https:\/\/artstella-elixirs-floraux.com\/fr_fr\/wp-json\/wp\/v2\/product\/5751\/revisions"}],"predecessor-version":[{"id":10946,"href":"https:\/\/artstella-elixirs-floraux.com\/fr_fr\/wp-json\/wp\/v2\/product\/5751\/revisions\/10946"}],"wp:featuredmedia":[{"embeddable":true,"href":"https:\/\/artstella-elixirs-floraux.com\/fr_fr\/wp-json\/wp\/v2\/media\/5752"}],"wp:attachment":[{"href":"https:\/\/artstella-elixirs-floraux.com\/fr_fr\/wp-json\/wp\/v2\/media?parent=5751"}],"wp:term":[{"taxonomy":"product_brand","embeddable":true,"href":"https:\/\/artstella-elixirs-floraux.com\/fr_fr\/wp-json\/wp\/v2\/product_brand?post=5751"},{"taxonomy":"product_cat","embeddable":true,"href":"https:\/\/artstella-elixirs-floraux.com\/fr_fr\/wp-json\/wp\/v2\/product_cat?post=5751"},{"taxonomy":"product_tag","embeddable":true,"href":"https:\/\/artstella-elixirs-floraux.com\/fr_fr\/wp-json\/wp\/v2\/product_tag?post=5751"}],"curies":[{"name":"wp","href":"https:\/\/api.w.org\/{rel}","templated":true}]}}