{"id":5753,"date":"2025-03-09T13:47:44","date_gmt":"2025-03-09T13:47:44","guid":{"rendered":"https:\/\/artstella-elixirs-floraux.com\/product\/ortie-10-ml-deva\/"},"modified":"2025-08-25T07:10:24","modified_gmt":"2025-08-25T07:10:24","slug":"ortie-10-ml-deva","status":"publish","type":"product","link":"https:\/\/artstella-elixirs-floraux.com\/fr_fr\/produit\/ortie-10-ml-deva\/","title":{"rendered":"Ortie 15 ml DEVA"},"content":{"rendered":"","protected":false},"excerpt":{"rendered":"<p><strong><em>Ortie<\/em><\/strong><\/p>\n<p>Unit\u00e9, apaisement. Aide \u00e0 r\u00e9soudre les conflits au sein d\u2019un groupe ou d\u2019une communaut\u00e9. Apporte calme et courage apr\u00e8s une rupture familiale. Renforce l\u2019unit\u00e9 familiale.<\/p>\n","protected":false},"featured_media":5754,"template":"","meta":[],"product_brand":[],"product_cat":[183],"product_tag":[],"class_list":{"0":"post-5753","1":"product","2":"type-product","3":"status-publish","4":"has-post-thumbnail","6":"product_cat-les-elixirs-floraux-deva-unitaires","8":"first","9":"instock","10":"taxable","11":"shipping-taxable","12":"purchasable","13":"product-type-simple"},"etheme_brands":{"errors":{"invalid_taxonomy":["Taxonomie non valide."]},"error_data":[]},"jetpack_sharing_enabled":true,"jetpack-related-posts":[{"id":5298,"url":"https:\/\/artstella-elixirs-floraux.com\/fr_fr\/produit\/complexe-n9-unite-familiale-deva-30ml\/","url_meta":{"origin":5753,"position":0},"title":"COMPLEXE N\u00b09 Unit\u00e9 familiale DEVA 30ML","author":"eveapprill","date":"9 mars 2025","format":false,"excerpt":"COMPLEXE N\u00b09 Unit\u00e9 familiale 30ml \u00c9coute, compr\u00e9hension, solidarit\u00e9 Renforce l'unit\u00e9 familiale. D\u00e9veloppe les liens du c\u0153ur.","rel":"","context":"Article similaire","block_context":{"text":"Article similaire","link":""},"img":{"alt_text":"","src":"https:\/\/i0.wp.com\/artstella-elixirs-floraux.com\/wp-content\/uploads\/2025\/03\/f4e29b6e-c225-4335-9a53-00298e16c3f6.jpg?resize=350%2C200&ssl=1","width":350,"height":200,"srcset":"https:\/\/i0.wp.com\/artstella-elixirs-floraux.com\/wp-content\/uploads\/2025\/03\/f4e29b6e-c225-4335-9a53-00298e16c3f6.jpg?resize=350%2C200&ssl=1 1x, https:\/\/i0.wp.com\/artstella-elixirs-floraux.com\/wp-content\/uploads\/2025\/03\/f4e29b6e-c225-4335-9a53-00298e16c3f6.jpg?resize=525%2C300&ssl=1 1.5x, https:\/\/i0.wp.com\/artstella-elixirs-floraux.com\/wp-content\/uploads\/2025\/03\/f4e29b6e-c225-4335-9a53-00298e16c3f6.jpg?resize=700%2C400&ssl=1 2x"},"classes":[]},{"id":3287,"url":"https:\/\/artstella-elixirs-floraux.com\/fr_fr\/produit\/ortie-15-ml-phi\/","url_meta":{"origin":5753,"position":1},"title":"ORTIE 15 ML PHI","author":"eveapprill","date":"9 mars 2025","format":false,"excerpt":"Ortie (Urtica diodica) (Brennessel) Harmonise les conflits de groupe. L\u2019\u00e9lixir nous aide \u00e0 trouver un appui les uns sur les autres, sans nous blesser.","rel":"","context":"Article similaire","block_context":{"text":"Article similaire","link":""},"img":{"alt_text":"","src":"https:\/\/i0.wp.com\/artstella-elixirs-floraux.com\/wp-content\/uploads\/2025\/03\/wp-image683.png?resize=350%2C200&ssl=1","width":350,"height":200},"classes":[]},{"id":6193,"url":"https:\/\/artstella-elixirs-floraux.com\/fr_fr\/produit\/4-elements-compose-bloesem-remedies\/","url_meta":{"origin":5753,"position":2},"title":"4 ELEMENTS COMPOSE BLOESEM REMEDIES","author":"eveapprill","date":"9 mars 2025","format":false,"excerpt":"COMPOS\u00c9 4 ELEMENTS \u2013 4 ELEMENTEN COMBINATIE \u2013 permet d\u2019\u00eatre ouvert et chaleureux avec des autres tout en restant fid\u00e8le \u00e0 soi-m\u00eame. Le lien avec l\u2019\u00e2me et le but de l\u2019\u00e2me deviennent plus clair","rel":"","context":"Article similaire","block_context":{"text":"Article similaire","link":""},"img":{"alt_text":"","src":"https:\/\/i0.wp.com\/artstella-elixirs-floraux.com\/wp-content\/uploads\/2025\/03\/wp-image2192.png?resize=350%2C200&ssl=1","width":350,"height":200},"classes":[]},{"id":4553,"url":"https:\/\/artstella-elixirs-floraux.com\/fr_fr\/produit\/coffret-fleurs-sauvages-supplementaires-phi-15-ml\/","url_meta":{"origin":5753,"position":3},"title":"COFFRET Fleurs sauvages suppl\u00e9mentaires PHI 15 ML","author":"eveapprill","date":"9 mars 2025","format":false,"excerpt":"Contient 20 \u00e9lixirs de fleurs sauvages suppl\u00e9mentaires","rel":"","context":"Article similaire","block_context":{"text":"Article similaire","link":""},"img":{"alt_text":"","src":"","width":0,"height":0},"classes":[]},{"id":5007,"url":"https:\/\/artstella-elixirs-floraux.com\/fr_fr\/produit\/stinging-nettle-alaskan-f-sup\/","url_meta":{"origin":5753,"position":4},"title":"STINGING NETTLE ALASKAN F SUP","author":"eveapprill","date":"9 mars 2025","format":false,"excerpt":"Stinging Nettle Urtica gracilis Ortie Indications\u00a0: sur la d\u00e9fensive en raison de traumatismes non r\u00e9solus\u00a0; en col\u00e8re, contrari\u00e9\u00a0; d\u00e9connect\u00e9 quand il y a beaucoup \u00e0 faire.","rel":"","context":"Article similaire","block_context":{"text":"Article similaire","link":""},"img":{"alt_text":"","src":"","width":0,"height":0},"classes":[]},{"id":2633,"url":"https:\/\/artstella-elixirs-floraux.com\/fr_fr\/produit\/boab-15ml\/","url_meta":{"origin":5753,"position":5},"title":"BOAB 15ml","author":"eveapprill","date":"9 mars 2025","format":false,"excerpt":"BOAB Etre pris dans les structures familiales n\u00e9gatives, pour ceux qui ont \u00e9t\u00e9 l\u2019objet d\u2019abus ou de pr\u00e9judice. Se lib\u00e9rer des actions n\u00e9gatives familiales (abus, pr\u00e9judices) et des attaches karmiques n\u00e9gatives.","rel":"","context":"Article similaire","block_context":{"text":"Article similaire","link":""},"img":{"alt_text":"","src":"https:\/\/i0.wp.com\/artstella-elixirs-floraux.com\/wp-content\/uploads\/2025\/03\/wp-image260.png?resize=350%2C200&ssl=1","width":350,"height":200},"classes":[]}],"_links":{"self":[{"href":"https:\/\/artstella-elixirs-floraux.com\/fr_fr\/wp-json\/wp\/v2\/product\/5753","targetHints":{"allow":["GET"]}}],"collection":[{"href":"https:\/\/artstella-elixirs-floraux.com\/fr_fr\/wp-json\/wp\/v2\/product"}],"about":[{"href":"https:\/\/artstella-elixirs-floraux.com\/fr_fr\/wp-json\/wp\/v2\/types\/product"}],"version-history":[{"count":1,"href":"https:\/\/artstella-elixirs-floraux.com\/fr_fr\/wp-json\/wp\/v2\/product\/5753\/revisions"}],"predecessor-version":[{"id":11217,"href":"https:\/\/artstella-elixirs-floraux.com\/fr_fr\/wp-json\/wp\/v2\/product\/5753\/revisions\/11217"}],"wp:featuredmedia":[{"embeddable":true,"href":"https:\/\/artstella-elixirs-floraux.com\/fr_fr\/wp-json\/wp\/v2\/media\/5754"}],"wp:attachment":[{"href":"https:\/\/artstella-elixirs-floraux.com\/fr_fr\/wp-json\/wp\/v2\/media?parent=5753"}],"wp:term":[{"taxonomy":"product_brand","embeddable":true,"href":"https:\/\/artstella-elixirs-floraux.com\/fr_fr\/wp-json\/wp\/v2\/product_brand?post=5753"},{"taxonomy":"product_cat","embeddable":true,"href":"https:\/\/artstella-elixirs-floraux.com\/fr_fr\/wp-json\/wp\/v2\/product_cat?post=5753"},{"taxonomy":"product_tag","embeddable":true,"href":"https:\/\/artstella-elixirs-floraux.com\/fr_fr\/wp-json\/wp\/v2\/product_tag?post=5753"}],"curies":[{"name":"wp","href":"https:\/\/api.w.org\/{rel}","templated":true}]}}