{"id":5755,"date":"2025-03-09T13:47:46","date_gmt":"2025-03-09T13:47:46","guid":{"rendered":"https:\/\/artstella-elixirs-floraux.com\/product\/paquerette-10-ml-deva\/"},"modified":"2025-06-08T13:01:50","modified_gmt":"2025-06-08T13:01:50","slug":"paquerette-10-ml-deva","status":"publish","type":"product","link":"https:\/\/artstella-elixirs-floraux.com\/fr_fr\/produit\/paquerette-10-ml-deva\/","title":{"rendered":"Paquerette 10 ml DEVA"},"content":{"rendered":"","protected":false},"excerpt":{"rendered":"<p><strong><em>P\u00e2querette<\/em><\/strong><\/p>\n<p>Synth\u00e8se des id\u00e9es, int\u00e9gration. Aide le mental \u00e0 synth\u00e9tiser les informations en provenance de diff\u00e9rentes sources et \u00e0 les int\u00e9grer dans une perspective globale et unitaire.<\/p>\n","protected":false},"featured_media":5756,"template":"","meta":[],"product_brand":[],"product_cat":[183],"product_tag":[],"class_list":{"0":"post-5755","1":"product","2":"type-product","3":"status-publish","4":"has-post-thumbnail","6":"product_cat-les-elixirs-floraux-deva-unitaires","8":"first","9":"instock","10":"taxable","11":"shipping-taxable","12":"purchasable","13":"product-type-simple"},"etheme_brands":{"errors":{"invalid_taxonomy":["Taxonomie non valide."]},"error_data":[]},"jetpack_sharing_enabled":true,"jetpack-related-posts":[{"id":3245,"url":"https:\/\/artstella-elixirs-floraux.com\/fr_fr\/produit\/paquerette-15-ml-phi\/","url_meta":{"origin":5755,"position":0},"title":"PAQUERETTE 15 ML PHI","author":"eveapprill","date":"9 mars 2025","format":false,"excerpt":"\u00a0 P\u00e2querette (Bellis perennis) (G\u00e4nsenbl\u00fcmchen) Nous aide \u00e0 faire la synth\u00e8se des pens\u00e9es. Id\u00e9ale pour les enfants et les personnes en situation d'apprendre.","rel":"","context":"Article similaire","block_context":{"text":"Article similaire","link":""},"img":{"alt_text":"","src":"https:\/\/i0.wp.com\/artstella-elixirs-floraux.com\/wp-content\/uploads\/2025\/03\/wp-image663.png?resize=350%2C200&ssl=1","width":350,"height":200},"classes":[]},{"id":5296,"url":"https:\/\/artstella-elixirs-floraux.com\/fr_fr\/produit\/complexe-n8-etudes-et-examens-deva-30ml\/","url_meta":{"origin":5755,"position":1},"title":"COMPLEXE N\u00b08 Etudes et examens DEVA 30ML","author":"eveapprill","date":"9 mars 2025","format":false,"excerpt":"Le compos\u00e9 floral DEVA\u00a0\u00c9TUDES & EXAMENS\u00a0aide \u00e0 d\u00e9velopper l'esprit de synth\u00e8se. Il facilite une expression orale claire et coh\u00e9rente. Il est conseill\u00e9 aux \u00e9tudiants en p\u00e9riode d'examens ou aux personnes qui m\u00e8nent des travaux de recherche ou donnent des conf\u00e9rences.","rel":"","context":"Article similaire","block_context":{"text":"Article similaire","link":""},"img":{"alt_text":"","src":"https:\/\/i0.wp.com\/artstella-elixirs-floraux.com\/wp-content\/uploads\/2025\/03\/a0c22a76-9d02-484d-b5d8-57ffbb7b1305.jpg?resize=350%2C200&ssl=1","width":350,"height":200,"srcset":"https:\/\/i0.wp.com\/artstella-elixirs-floraux.com\/wp-content\/uploads\/2025\/03\/a0c22a76-9d02-484d-b5d8-57ffbb7b1305.jpg?resize=350%2C200&ssl=1 1x, https:\/\/i0.wp.com\/artstella-elixirs-floraux.com\/wp-content\/uploads\/2025\/03\/a0c22a76-9d02-484d-b5d8-57ffbb7b1305.jpg?resize=525%2C300&ssl=1 1.5x, https:\/\/i0.wp.com\/artstella-elixirs-floraux.com\/wp-content\/uploads\/2025\/03\/a0c22a76-9d02-484d-b5d8-57ffbb7b1305.jpg?resize=700%2C400&ssl=1 2x"},"classes":[]},{"id":4551,"url":"https:\/\/artstella-elixirs-floraux.com\/fr_fr\/produit\/coffret-fleurs-sauvages-15-ml\/","url_meta":{"origin":5755,"position":2},"title":"COFFRET FLEURS SAUVAGES 15 ML","author":"eveapprill","date":"9 mars 2025","format":false,"excerpt":"Les \u00e9lixirs de 40 fleurs Sauvages R\u00e9alis\u00e9s avec des fleurs europ\u00e9ennes communes dans la nature.","rel":"","context":"Article similaire","block_context":{"text":"Article similaire","link":""},"img":{"alt_text":"","src":"","width":0,"height":0},"classes":[]},{"id":4005,"url":"https:\/\/artstella-elixirs-floraux.com\/fr_fr\/produit\/bougainvillee-sylfos-15-ml\/","url_meta":{"origin":5755,"position":3},"title":"BOUGAINVILLEA \/ BOUGAINVILLEE SYLFOS","author":"eveapprill","date":"9 mars 2025","format":false,"excerpt":"BOUGAINVILLEA Bougainvillea glabra Compr\u00e9hension et int\u00e9gration du pass\u00e9 ancestral, renaissance Pour prendre conscience et int\u00e9grer pleinement l\u2019h\u00e9ritage ancestral...","rel":"","context":"Article similaire","block_context":{"text":"Article similaire","link":""},"img":{"alt_text":"","src":"","width":0,"height":0},"classes":[]},{"id":3910,"url":"https:\/\/artstella-elixirs-floraux.com\/fr_fr\/produit\/salamandre-a-e-15-ml-phi\/","url_meta":{"origin":5755,"position":4},"title":"SALAMANDRE A.E 15 ML PHI","author":"eveapprill","date":"9 mars 2025","format":false,"excerpt":"Salamandre (Salamandra maculosa) Feuersalamander nous ram\u00e8ne en douceur vers notre pass\u00e9 et nous aide \u00e0 retrouver des \u00e9v\u00e9nements anciens que nous pouvons int\u00e9grer.","rel":"","context":"Article similaire","block_context":{"text":"Article similaire","link":""},"img":{"alt_text":"","src":"","width":0,"height":0},"classes":[]},{"id":2194,"url":"https:\/\/artstella-elixirs-floraux.com\/fr_fr\/produit\/icelandic-poppy-alaskan\/","url_meta":{"origin":5755,"position":5},"title":"Icelandic poppy Alaskan","author":"eveapprill","date":"9 mars 2025","format":false,"excerpt":"Icelandic poppy. Papaver nudicaule Peu de conscience de l'identit\u00e9 spirituelle ; aspects de survie, de sexualit\u00e9 et de spiritualit\u00e9 non int\u00e9gr\u00e9s, manque d'\u00e9nergie spirituelle dans les chakras inf\u00e9rieurs.","rel":"","context":"Article similaire","block_context":{"text":"Article similaire","link":""},"img":{"alt_text":"","src":"https:\/\/i0.wp.com\/artstella-elixirs-floraux.com\/wp-content\/uploads\/2025\/03\/wp-image544.png?resize=350%2C200&ssl=1","width":350,"height":200},"classes":[]}],"_links":{"self":[{"href":"https:\/\/artstella-elixirs-floraux.com\/fr_fr\/wp-json\/wp\/v2\/product\/5755","targetHints":{"allow":["GET"]}}],"collection":[{"href":"https:\/\/artstella-elixirs-floraux.com\/fr_fr\/wp-json\/wp\/v2\/product"}],"about":[{"href":"https:\/\/artstella-elixirs-floraux.com\/fr_fr\/wp-json\/wp\/v2\/types\/product"}],"version-history":[{"count":0,"href":"https:\/\/artstella-elixirs-floraux.com\/fr_fr\/wp-json\/wp\/v2\/product\/5755\/revisions"}],"wp:featuredmedia":[{"embeddable":true,"href":"https:\/\/artstella-elixirs-floraux.com\/fr_fr\/wp-json\/wp\/v2\/media\/5756"}],"wp:attachment":[{"href":"https:\/\/artstella-elixirs-floraux.com\/fr_fr\/wp-json\/wp\/v2\/media?parent=5755"}],"wp:term":[{"taxonomy":"product_brand","embeddable":true,"href":"https:\/\/artstella-elixirs-floraux.com\/fr_fr\/wp-json\/wp\/v2\/product_brand?post=5755"},{"taxonomy":"product_cat","embeddable":true,"href":"https:\/\/artstella-elixirs-floraux.com\/fr_fr\/wp-json\/wp\/v2\/product_cat?post=5755"},{"taxonomy":"product_tag","embeddable":true,"href":"https:\/\/artstella-elixirs-floraux.com\/fr_fr\/wp-json\/wp\/v2\/product_tag?post=5755"}],"curies":[{"name":"wp","href":"https:\/\/api.w.org\/{rel}","templated":true}]}}