{"id":5757,"date":"2025-03-09T13:47:47","date_gmt":"2025-03-09T13:47:47","guid":{"rendered":"https:\/\/artstella-elixirs-floraux.com\/product\/elixir-de-cercle-de-ble-15-ml-phi\/"},"modified":"2025-07-12T15:57:14","modified_gmt":"2025-07-12T15:57:14","slug":"elixir-de-cercle-de-ble-15-ml-phi","status":"publish","type":"product","link":"https:\/\/artstella-elixirs-floraux.com\/fr_fr\/produit\/elixir-de-cercle-de-ble-15-ml-phi\/","title":{"rendered":"Elixir de cercle de bl\u00e9 15 ml PHI"},"content":{"rendered":"","protected":false},"excerpt":{"rendered":"<p>Il existe 247 \u00e9lixirs de cercle de bl\u00e9 \u00e9labor\u00e9s depuis 1996.<\/p>\n<p>Pour commander merci de pr\u00e9ciser le N\u00b0 que vous souhaitez recevoir.<\/p>\n<p><a href=\"http:\/\/artstella.com\/IMG\/pdf\/Brochure_Cercles_de_ble_24.pdf\">Pour t\u00e9l\u00e9charger la brochure<\/a><\/p>\n","protected":false},"featured_media":5758,"template":"","meta":[],"product_brand":[],"product_cat":[185],"product_tag":[],"class_list":{"0":"post-5757","1":"product","2":"type-product","3":"status-publish","4":"has-post-thumbnail","6":"product_cat-elixirs-de-cercles-de-ble-crop-circles","8":"first","9":"instock","10":"taxable","11":"shipping-taxable","12":"purchasable","13":"product-type-simple"},"etheme_brands":{"errors":{"invalid_taxonomy":["Taxonomie non valide."]},"error_data":[]},"jetpack_sharing_enabled":true,"jetpack-related-posts":[{"id":5245,"url":"https:\/\/artstella-elixirs-floraux.com\/fr_fr\/produit\/le-secret-des-cercles-de-ble\/","url_meta":{"origin":5757,"position":0},"title":"Le secret des cercles de bl\u00e9","author":"eveapprill","date":"9 mars 2025","format":false,"excerpt":"Ce livre par Andr\u00e9as Korte est une introduction aux ph\u00e9nom\u00e8nes de cercles de bl\u00e9 et pr\u00e9sente une description de 131 \u00e9lixirs r\u00e9alis\u00e9s avec l'\u00e9nergie de certains cercles apparus depuis 1996","rel":"","context":"Article similaire","block_context":{"text":"Article similaire","link":""},"img":{"alt_text":"","src":"","width":0,"height":0},"classes":[]},{"id":5251,"url":"https:\/\/artstella-elixirs-floraux.com\/fr_fr\/produit\/108-cartes-de-crops-circle\/","url_meta":{"origin":5757,"position":1},"title":"108 Cartes de Crops Circle","author":"eveapprill","date":"9 mars 2025","format":false,"excerpt":"Un jeu de cartes repr\u00e9sentant 108 cercles de bl\u00e9 dont Andr\u00e9as Korte a recueilli l'\u00e9nergie dans ses \u00e9lixirs de crop Circle","rel":"","context":"Article similaire","block_context":{"text":"Article similaire","link":""},"img":{"alt_text":"","src":"","width":0,"height":0},"classes":[]},{"id":6199,"url":"https:\/\/artstella-elixirs-floraux.com\/fr_fr\/produit\/collier-angel-phi\/","url_meta":{"origin":5757,"position":2},"title":"Collier \u00ab\u00a0ANGEL\u00a0\u00bb PHI","author":"eveapprill","date":"9 mars 2025","format":false,"excerpt":"NOUVEAU PENDENTIF ! Il allie l'\u00e9nergie du cercle de bl\u00e9 n\u00b0215 Angel et du nouvel \u00e9lixir Oc\u00e9an n\u00b031. Il aide au niveau \u00e9nerg\u00e9tique \u00e0 traverser les p\u00e9riodes difficiles. Il apporte un sentiment de protection.","rel":"","context":"Article similaire","block_context":{"text":"Article similaire","link":""},"img":{"alt_text":"","src":"https:\/\/i0.wp.com\/artstella-elixirs-floraux.com\/wp-content\/uploads\/2025\/03\/wp-image2194.png?resize=350%2C200&ssl=1","width":350,"height":200},"classes":[]},{"id":6093,"url":"https:\/\/artstella-elixirs-floraux.com\/fr_fr\/produit\/collier-mammendorf-phi\/","url_meta":{"origin":5757,"position":3},"title":"COLLIER \u00ab\u00a0MAMMENDORF\u00a0\u00bb PHI","author":"eveapprill","date":"9 mars 2025","format":false,"excerpt":"\u00a0 Le cercle de bl\u00e9 \"Mammendorf\"\u00a0 montre la perfection du nombre PHI de la g\u00e9om\u00e9trie sacr\u00e9 : le souvenir du lien de toute vie avec le divin. Cet \u00e9lixir r\u00e9g\u00e9n\u00e8re \u00e9nerg\u00e9tiquement l\u2019information dans son \u00e9tat originel. L\u2019\u00eatre humain peut se recentrer \u00e9nerg\u00e9tiquement. Avec un\u00a0 cristal de roche. plaqu\u00e9 or 24\u2026","rel":"","context":"Article similaire","block_context":{"text":"Article similaire","link":""},"img":{"alt_text":"","src":"https:\/\/i0.wp.com\/artstella-elixirs-floraux.com\/wp-content\/uploads\/2025\/03\/wp-image2128.png?resize=350%2C200&ssl=1","width":350,"height":200,"srcset":"https:\/\/i0.wp.com\/artstella-elixirs-floraux.com\/wp-content\/uploads\/2025\/03\/wp-image2128.png?resize=350%2C200&ssl=1 1x, https:\/\/i0.wp.com\/artstella-elixirs-floraux.com\/wp-content\/uploads\/2025\/03\/wp-image2128.png?resize=525%2C300&ssl=1 1.5x, https:\/\/i0.wp.com\/artstella-elixirs-floraux.com\/wp-content\/uploads\/2025\/03\/wp-image2128.png?resize=700%2C400&ssl=1 2x"},"classes":[]},{"id":6159,"url":"https:\/\/artstella-elixirs-floraux.com\/fr_fr\/produit\/luminotherapie-hlt-andreas-korte\/","url_meta":{"origin":5757,"position":4},"title":"Luminotherapie HLT Andreas Korte","author":"eveapprill","date":"9 mars 2025","format":false,"excerpt":"Le livre : La luminoth\u00e9rapie\u00a0 Holistic Light Therapy\u00ae par Andr\u00e9as Korte pr\u00e9sente sa recherche sur es effets combin\u00e9s de la lumi\u00e8re, de la couleur, de la,musique et des \u00e9lixirs.","rel":"","context":"Article similaire","block_context":{"text":"Article similaire","link":""},"img":{"alt_text":"","src":"https:\/\/i0.wp.com\/artstella-elixirs-floraux.com\/wp-content\/uploads\/2025\/03\/wp-image2162.png?resize=350%2C200&ssl=1","width":350,"height":200},"classes":[]},{"id":6034,"url":"https:\/\/artstella-elixirs-floraux.com\/fr_fr\/produit\/elixir-ocean-n03-phi15ml\/","url_meta":{"origin":5757,"position":5},"title":"ELIXIR OCEAN N\u00b003 PHI15ML","author":"eveapprill","date":"9 mars 2025","format":false,"excerpt":"De la m\u00eame fa\u00e7on que l\u2019animal monte des profondeurs, l\u2019\u00e9lixir fait remonter l\u2019information des profondeurs de l\u2019inconscient \u00e0 la surface. L\u2019ancien peut \u00eatre l\u00e2ch\u00e9 et nettoy\u00e9. Il agit \u00e9nerg\u00e9tiquement sur la r\u00e9g\u00e9n\u00e9ration cellulaire. Le vieux peut \u00eatre remplac\u00e9 par du nouveau. Rajeunit \u00e9nerg\u00e9tique. Il stimule le m\u00e9tabolisme \u00e9galement des plaquettes\u2026","rel":"","context":"Article similaire","block_context":{"text":"Article similaire","link":""},"img":{"alt_text":"","src":"https:\/\/i0.wp.com\/artstella-elixirs-floraux.com\/wp-content\/uploads\/2025\/03\/wp-image2041.png?resize=350%2C200&ssl=1","width":350,"height":200},"classes":[]}],"_links":{"self":[{"href":"https:\/\/artstella-elixirs-floraux.com\/fr_fr\/wp-json\/wp\/v2\/product\/5757","targetHints":{"allow":["GET"]}}],"collection":[{"href":"https:\/\/artstella-elixirs-floraux.com\/fr_fr\/wp-json\/wp\/v2\/product"}],"about":[{"href":"https:\/\/artstella-elixirs-floraux.com\/fr_fr\/wp-json\/wp\/v2\/types\/product"}],"version-history":[{"count":2,"href":"https:\/\/artstella-elixirs-floraux.com\/fr_fr\/wp-json\/wp\/v2\/product\/5757\/revisions"}],"predecessor-version":[{"id":11030,"href":"https:\/\/artstella-elixirs-floraux.com\/fr_fr\/wp-json\/wp\/v2\/product\/5757\/revisions\/11030"}],"wp:featuredmedia":[{"embeddable":true,"href":"https:\/\/artstella-elixirs-floraux.com\/fr_fr\/wp-json\/wp\/v2\/media\/5758"}],"wp:attachment":[{"href":"https:\/\/artstella-elixirs-floraux.com\/fr_fr\/wp-json\/wp\/v2\/media?parent=5757"}],"wp:term":[{"taxonomy":"product_brand","embeddable":true,"href":"https:\/\/artstella-elixirs-floraux.com\/fr_fr\/wp-json\/wp\/v2\/product_brand?post=5757"},{"taxonomy":"product_cat","embeddable":true,"href":"https:\/\/artstella-elixirs-floraux.com\/fr_fr\/wp-json\/wp\/v2\/product_cat?post=5757"},{"taxonomy":"product_tag","embeddable":true,"href":"https:\/\/artstella-elixirs-floraux.com\/fr_fr\/wp-json\/wp\/v2\/product_tag?post=5757"}],"curies":[{"name":"wp","href":"https:\/\/api.w.org\/{rel}","templated":true}]}}