{"id":5762,"date":"2025-03-09T13:47:52","date_gmt":"2025-03-09T13:47:52","guid":{"rendered":"https:\/\/artstella-elixirs-floraux.com\/product\/flacon-vide-10ml-avec-compte-goutte\/"},"modified":"2025-06-12T17:18:26","modified_gmt":"2025-06-12T17:18:26","slug":"flacon-vide-10ml-avec-compte-goutte","status":"publish","type":"product","link":"https:\/\/artstella-elixirs-floraux.com\/fr_fr\/produit\/flacon-vide-10ml-avec-compte-goutte\/","title":{"rendered":"Flacon vide 10ml avec compte goutte"},"content":{"rendered":"","protected":false},"excerpt":{"rendered":"<p>Flacon vide en verre jaune 10ml avec compte goutte<\/p>\n","protected":false},"featured_media":9951,"template":"","meta":[],"product_brand":[],"product_cat":[187,186],"product_tag":[],"class_list":{"0":"post-5762","1":"product","2":"type-product","3":"status-publish","4":"has-post-thumbnail","6":"product_cat-les-flacons-vides","7":"product_cat-ressources","9":"first","10":"instock","11":"taxable","12":"shipping-taxable","13":"purchasable","14":"product-type-simple"},"etheme_brands":{"errors":{"invalid_taxonomy":["Taxonomie non valide."]},"error_data":[]},"jetpack_sharing_enabled":true,"jetpack-related-posts":[{"id":5760,"url":"https:\/\/artstella-elixirs-floraux.com\/fr_fr\/produit\/flacon-vide-30ml-avec-compte-goutte\/","url_meta":{"origin":5762,"position":0},"title":"Flacon vide 30ml avec compte goutte","author":"eveapprill","date":"9 mars 2025","format":false,"excerpt":"Flacon vide en verre jaune 30ml compte goutte","rel":"","context":"Article similaire","block_context":{"text":"Article similaire","link":""},"img":{"alt_text":"","src":"https:\/\/i0.wp.com\/artstella-elixirs-floraux.com\/wp-content\/uploads\/2025\/03\/b6cc0192-75cd-4311-b524-0792fe9df313.jpg?resize=350%2C200&ssl=1","width":350,"height":200,"srcset":"https:\/\/i0.wp.com\/artstella-elixirs-floraux.com\/wp-content\/uploads\/2025\/03\/b6cc0192-75cd-4311-b524-0792fe9df313.jpg?resize=350%2C200&ssl=1 1x, https:\/\/i0.wp.com\/artstella-elixirs-floraux.com\/wp-content\/uploads\/2025\/03\/b6cc0192-75cd-4311-b524-0792fe9df313.jpg?resize=525%2C300&ssl=1 1.5x, https:\/\/i0.wp.com\/artstella-elixirs-floraux.com\/wp-content\/uploads\/2025\/03\/b6cc0192-75cd-4311-b524-0792fe9df313.jpg?resize=700%2C400&ssl=1 2x"},"classes":[]},{"id":5764,"url":"https:\/\/artstella-elixirs-floraux.com\/fr_fr\/produit\/flacon-vide-60ml-avec-compte-goutte\/","url_meta":{"origin":5762,"position":1},"title":"Flacon vide 60ml avec compte goutte","author":"eveapprill","date":"9 mars 2025","format":false,"excerpt":"Flacon vide en verre jaune 60ml avec compte goutte","rel":"","context":"Article similaire","block_context":{"text":"Article similaire","link":""},"img":{"alt_text":"","src":"https:\/\/i0.wp.com\/artstella-elixirs-floraux.com\/wp-content\/uploads\/2025\/03\/aa544efc-6841-4129-8560-7797048856b4.jpg?resize=350%2C200&ssl=1","width":350,"height":200,"srcset":"https:\/\/i0.wp.com\/artstella-elixirs-floraux.com\/wp-content\/uploads\/2025\/03\/aa544efc-6841-4129-8560-7797048856b4.jpg?resize=350%2C200&ssl=1 1x, https:\/\/i0.wp.com\/artstella-elixirs-floraux.com\/wp-content\/uploads\/2025\/03\/aa544efc-6841-4129-8560-7797048856b4.jpg?resize=525%2C300&ssl=1 1.5x, https:\/\/i0.wp.com\/artstella-elixirs-floraux.com\/wp-content\/uploads\/2025\/03\/aa544efc-6841-4129-8560-7797048856b4.jpg?resize=700%2C400&ssl=1 2x"},"classes":[]},{"id":4810,"url":"https:\/\/artstella-elixirs-floraux.com\/fr_fr\/produit\/nerveux-mbp\/","url_meta":{"origin":5762,"position":2},"title":"NERVEUX MBP","author":"eveapprill","date":"9 mars 2025","format":false,"excerpt":"NERVEUX MBP 59.1 Equilibrer et stabiliser l\u2019architecture \u00e9nerg\u00e9tique du syst\u00e8me \u00ab Nerveux \u00bb.","rel":"","context":"Article similaire","block_context":{"text":"Article similaire","link":""},"img":{"alt_text":"","src":"https:\/\/i0.wp.com\/artstella-elixirs-floraux.com\/wp-content\/uploads\/2025\/03\/wp-image1337.png?resize=350%2C200&ssl=1","width":350,"height":200},"classes":[]},{"id":5766,"url":"https:\/\/artstella-elixirs-floraux.com\/fr_fr\/produit\/flacon-spray-vide-50ml\/","url_meta":{"origin":5762,"position":3},"title":"Flacon spray vide 50ml","author":"eveapprill","date":"9 mars 2025","format":false,"excerpt":"Flacon SPRAY vide en verre jaune 50ml","rel":"","context":"Article similaire","block_context":{"text":"Article similaire","link":""},"img":{"alt_text":"","src":"https:\/\/i0.wp.com\/artstella-elixirs-floraux.com\/wp-content\/uploads\/2025\/03\/d2ea72d9-da83-44ec-910c-b0672dec82df.jpg?resize=350%2C200&ssl=1","width":350,"height":200,"srcset":"https:\/\/i0.wp.com\/artstella-elixirs-floraux.com\/wp-content\/uploads\/2025\/03\/d2ea72d9-da83-44ec-910c-b0672dec82df.jpg?resize=350%2C200&ssl=1 1x, https:\/\/i0.wp.com\/artstella-elixirs-floraux.com\/wp-content\/uploads\/2025\/03\/d2ea72d9-da83-44ec-910c-b0672dec82df.jpg?resize=525%2C300&ssl=1 1.5x, https:\/\/i0.wp.com\/artstella-elixirs-floraux.com\/wp-content\/uploads\/2025\/03\/d2ea72d9-da83-44ec-910c-b0672dec82df.jpg?resize=700%2C400&ssl=1 2x"},"classes":[]},{"id":5768,"url":"https:\/\/artstella-elixirs-floraux.com\/fr_fr\/produit\/flacon-spray-vide-100ml\/","url_meta":{"origin":5762,"position":4},"title":"Flacon spray vide 100ml","author":"eveapprill","date":"9 mars 2025","format":false,"excerpt":"Flacon spray vide 100ml en verre jaune","rel":"","context":"Article similaire","block_context":{"text":"Article similaire","link":""},"img":{"alt_text":"","src":"https:\/\/i0.wp.com\/artstella-elixirs-floraux.com\/wp-content\/uploads\/2025\/03\/4d7f5cc5-336a-47c8-9f47-8618036929fc.jpg?resize=350%2C200&ssl=1","width":350,"height":200,"srcset":"https:\/\/i0.wp.com\/artstella-elixirs-floraux.com\/wp-content\/uploads\/2025\/03\/4d7f5cc5-336a-47c8-9f47-8618036929fc.jpg?resize=350%2C200&ssl=1 1x, https:\/\/i0.wp.com\/artstella-elixirs-floraux.com\/wp-content\/uploads\/2025\/03\/4d7f5cc5-336a-47c8-9f47-8618036929fc.jpg?resize=525%2C300&ssl=1 1.5x, https:\/\/i0.wp.com\/artstella-elixirs-floraux.com\/wp-content\/uploads\/2025\/03\/4d7f5cc5-336a-47c8-9f47-8618036929fc.jpg?resize=700%2C400&ssl=1 2x"},"classes":[]},{"id":4819,"url":"https:\/\/artstella-elixirs-floraux.com\/fr_fr\/produit\/squelette-mbp-59-1ml\/","url_meta":{"origin":5762,"position":5},"title":"SQUELETTE MBP 59.1ML","author":"eveapprill","date":"9 mars 2025","format":false,"excerpt":"SQUELETTE MBP\u00a0 Equilibrer et stabiliser l\u2019architecture \u00e9nerg\u00e9tique du syst\u00e8me \u00ab Squelette \u00bb.","rel":"","context":"Article similaire","block_context":{"text":"Article similaire","link":""},"img":{"alt_text":"","src":"https:\/\/i0.wp.com\/artstella-elixirs-floraux.com\/wp-content\/uploads\/2025\/03\/wp-image1341.png?resize=350%2C200&ssl=1","width":350,"height":200},"classes":[]}],"_links":{"self":[{"href":"https:\/\/artstella-elixirs-floraux.com\/fr_fr\/wp-json\/wp\/v2\/product\/5762","targetHints":{"allow":["GET"]}}],"collection":[{"href":"https:\/\/artstella-elixirs-floraux.com\/fr_fr\/wp-json\/wp\/v2\/product"}],"about":[{"href":"https:\/\/artstella-elixirs-floraux.com\/fr_fr\/wp-json\/wp\/v2\/types\/product"}],"version-history":[{"count":2,"href":"https:\/\/artstella-elixirs-floraux.com\/fr_fr\/wp-json\/wp\/v2\/product\/5762\/revisions"}],"predecessor-version":[{"id":10696,"href":"https:\/\/artstella-elixirs-floraux.com\/fr_fr\/wp-json\/wp\/v2\/product\/5762\/revisions\/10696"}],"wp:featuredmedia":[{"embeddable":true,"href":"https:\/\/artstella-elixirs-floraux.com\/fr_fr\/wp-json\/wp\/v2\/media\/9951"}],"wp:attachment":[{"href":"https:\/\/artstella-elixirs-floraux.com\/fr_fr\/wp-json\/wp\/v2\/media?parent=5762"}],"wp:term":[{"taxonomy":"product_brand","embeddable":true,"href":"https:\/\/artstella-elixirs-floraux.com\/fr_fr\/wp-json\/wp\/v2\/product_brand?post=5762"},{"taxonomy":"product_cat","embeddable":true,"href":"https:\/\/artstella-elixirs-floraux.com\/fr_fr\/wp-json\/wp\/v2\/product_cat?post=5762"},{"taxonomy":"product_tag","embeddable":true,"href":"https:\/\/artstella-elixirs-floraux.com\/fr_fr\/wp-json\/wp\/v2\/product_tag?post=5762"}],"curies":[{"name":"wp","href":"https:\/\/api.w.org\/{rel}","templated":true}]}}