{"id":5776,"date":"2025-03-09T13:48:01","date_gmt":"2025-03-09T13:48:01","guid":{"rendered":"https:\/\/artstella-elixirs-floraux.com\/product\/pecher-10-ml-deva\/"},"modified":"2025-06-08T13:01:50","modified_gmt":"2025-06-08T13:01:50","slug":"pecher-10-ml-deva","status":"publish","type":"product","link":"https:\/\/artstella-elixirs-floraux.com\/fr_fr\/produit\/pecher-10-ml-deva\/","title":{"rendered":"P\u00eacher 10 ml DEVA"},"content":{"rendered":"","protected":false},"excerpt":{"rendered":"<p><strong><em>P\u00eacher<\/em><\/strong><\/p>\n<p>Altruisme, l\u00e2cher-prise. Catalyseur de gu\u00e9rison qui facilite la lib\u00e9ration des tensions.<\/p>\n","protected":false},"featured_media":5777,"template":"","meta":[],"product_brand":[],"product_cat":[183],"product_tag":[],"class_list":{"0":"post-5776","1":"product","2":"type-product","3":"status-publish","4":"has-post-thumbnail","6":"product_cat-les-elixirs-floraux-deva-unitaires","8":"first","9":"instock","10":"taxable","11":"shipping-taxable","12":"purchasable","13":"product-type-simple"},"etheme_brands":{"errors":{"invalid_taxonomy":["Taxonomie non valide."]},"error_data":[]},"jetpack_sharing_enabled":true,"jetpack-related-posts":[{"id":5751,"url":"https:\/\/artstella-elixirs-floraux.com\/fr_fr\/produit\/oranger-10-ml-deva\/","url_meta":{"origin":5776,"position":0},"title":"Oranger 15 ml DEVA","author":"eveapprill","date":"9 mars 2025","format":false,"excerpt":"Oranger L\u00e2cher-prise \u00e9motionnel. Catalyseur puissant utilis\u00e9 pour favoriser une catharsis \u00e9motionnelle.","rel":"","context":"Article similaire","block_context":{"text":"Article similaire","link":""},"img":{"alt_text":"","src":"https:\/\/i0.wp.com\/artstella-elixirs-floraux.com\/wp-content\/uploads\/2025\/03\/wp-image2433.png?resize=350%2C200&ssl=1","width":350,"height":200},"classes":[]},{"id":5749,"url":"https:\/\/artstella-elixirs-floraux.com\/fr_fr\/produit\/oignon-15-ml-deva\/","url_meta":{"origin":5776,"position":1},"title":"Oignon 15 ml DEVA","author":"eveapprill","date":"9 mars 2025","format":false,"excerpt":"Oignon L\u00e2cher-prise, lib\u00e9ration \u00e9motionnelle. Apporte son aide lors du travail sur soi, en brisant les barri\u00e8res psychologiques et en facilitant l\u2019\u00e9mergence des \u00e9motions enfouies.","rel":"","context":"Article similaire","block_context":{"text":"Article similaire","link":""},"img":{"alt_text":"","src":"https:\/\/i0.wp.com\/artstella-elixirs-floraux.com\/wp-content\/uploads\/2025\/03\/wp-image2432.png?resize=350%2C200&ssl=1","width":350,"height":200},"classes":[]},{"id":3657,"url":"https:\/\/artstella-elixirs-floraux.com\/fr_fr\/produit\/53-sacral-release-ltoe-15-ml\/","url_meta":{"origin":5776,"position":2},"title":"SACRAL RELEASE LTOE 15 ML","author":"eveapprill","date":"9 mars 2025","format":false,"excerpt":"Sacral Release\/ Lib\u00e9ration sacrale V\u00e9hiculant s\u00e9curit\u00e9 et force, il soutient l'\u00e9nergie vitale qui aide au l\u00e2cher prise.","rel":"","context":"Article similaire","block_context":{"text":"Article similaire","link":""},"img":{"alt_text":"","src":"https:\/\/i0.wp.com\/artstella-elixirs-floraux.com\/wp-content\/uploads\/2025\/03\/6e154e2b-ecb4-4f43-bda7-dd59af754b4e.jpg?resize=350%2C200&ssl=1","width":350,"height":200,"srcset":"https:\/\/i0.wp.com\/artstella-elixirs-floraux.com\/wp-content\/uploads\/2025\/03\/6e154e2b-ecb4-4f43-bda7-dd59af754b4e.jpg?resize=350%2C200&ssl=1 1x, https:\/\/i0.wp.com\/artstella-elixirs-floraux.com\/wp-content\/uploads\/2025\/03\/6e154e2b-ecb4-4f43-bda7-dd59af754b4e.jpg?resize=525%2C300&ssl=1 1.5x, https:\/\/i0.wp.com\/artstella-elixirs-floraux.com\/wp-content\/uploads\/2025\/03\/6e154e2b-ecb4-4f43-bda7-dd59af754b4e.jpg?resize=700%2C400&ssl=1 2x"},"classes":[]},{"id":4189,"url":"https:\/\/artstella-elixirs-floraux.com\/fr_fr\/produit\/letting-go-wea-30-ml\/","url_meta":{"origin":5776,"position":3},"title":"LETTING GO WEA 30 ML","author":"eveapprill","date":"9 mars 2025","format":false,"excerpt":"Letting Go (l\u00e2cher-prise) Aide \u00e0 se lib\u00e9rer des sentiments, croyances et actions devenus inutiles ; \u00e0 remettre le contr\u00f4le de sa vie au Divin.","rel":"","context":"Article similaire","block_context":{"text":"Article similaire","link":""},"img":{"alt_text":"","src":"https:\/\/i0.wp.com\/artstella-elixirs-floraux.com\/wp-content\/uploads\/2025\/03\/wp-image1013.png?resize=350%2C200&ssl=1","width":350,"height":200},"classes":[]},{"id":5645,"url":"https:\/\/artstella-elixirs-floraux.com\/fr_fr\/produit\/brunelle-15-ml-deva\/","url_meta":{"origin":5776,"position":4},"title":"Brunelle 15 ml DEVA","author":"eveapprill","date":"9 mars 2025","format":false,"excerpt":"Brunelle Force int\u00e9rieure de gu\u00e9rison. Catalyseur de transformation. Pour \u00e9veiller les capacit\u00e9s int\u00e9rieures de r\u00e9g\u00e9n\u00e9ration par l\u2019acceptation de soi. Apporte la force et la motivation n\u00e9cessaires pour recouvrer ses forces.","rel":"","context":"Article similaire","block_context":{"text":"Article similaire","link":""},"img":{"alt_text":"","src":"https:\/\/i0.wp.com\/artstella-elixirs-floraux.com\/wp-content\/uploads\/2025\/03\/wp-image2404.png?resize=350%2C200&ssl=1","width":350,"height":200},"classes":[]},{"id":5700,"url":"https:\/\/artstella-elixirs-floraux.com\/fr_fr\/produit\/gueule-de-loup-15ml-deva\/","url_meta":{"origin":5776,"position":5},"title":"Gueule de Loup 15ml DEVA","author":"eveapprill","date":"9 mars 2025","format":false,"excerpt":"Gueule de Loup Expression de la parole vraie, l\u00e2cher-prise. Permet de se lib\u00e9rer des \u00e9motions r\u00e9prim\u00e9es et favorise le l\u00e2cher-prise \u00e0 travers l\u2019expression verbale.","rel":"","context":"Article similaire","block_context":{"text":"Article similaire","link":""},"img":{"alt_text":"","src":"https:\/\/i0.wp.com\/artstella-elixirs-floraux.com\/wp-content\/uploads\/2025\/03\/wp-image2407.png?resize=350%2C200&ssl=1","width":350,"height":200},"classes":[]}],"_links":{"self":[{"href":"https:\/\/artstella-elixirs-floraux.com\/fr_fr\/wp-json\/wp\/v2\/product\/5776","targetHints":{"allow":["GET"]}}],"collection":[{"href":"https:\/\/artstella-elixirs-floraux.com\/fr_fr\/wp-json\/wp\/v2\/product"}],"about":[{"href":"https:\/\/artstella-elixirs-floraux.com\/fr_fr\/wp-json\/wp\/v2\/types\/product"}],"version-history":[{"count":0,"href":"https:\/\/artstella-elixirs-floraux.com\/fr_fr\/wp-json\/wp\/v2\/product\/5776\/revisions"}],"wp:featuredmedia":[{"embeddable":true,"href":"https:\/\/artstella-elixirs-floraux.com\/fr_fr\/wp-json\/wp\/v2\/media\/5777"}],"wp:attachment":[{"href":"https:\/\/artstella-elixirs-floraux.com\/fr_fr\/wp-json\/wp\/v2\/media?parent=5776"}],"wp:term":[{"taxonomy":"product_brand","embeddable":true,"href":"https:\/\/artstella-elixirs-floraux.com\/fr_fr\/wp-json\/wp\/v2\/product_brand?post=5776"},{"taxonomy":"product_cat","embeddable":true,"href":"https:\/\/artstella-elixirs-floraux.com\/fr_fr\/wp-json\/wp\/v2\/product_cat?post=5776"},{"taxonomy":"product_tag","embeddable":true,"href":"https:\/\/artstella-elixirs-floraux.com\/fr_fr\/wp-json\/wp\/v2\/product_tag?post=5776"}],"curies":[{"name":"wp","href":"https:\/\/api.w.org\/{rel}","templated":true}]}}