{"id":5780,"date":"2025-03-09T13:48:03","date_gmt":"2025-03-09T13:48:03","guid":{"rendered":"https:\/\/artstella-elixirs-floraux.com\/product\/petunia-15-ml-deva\/"},"modified":"2025-06-08T13:01:14","modified_gmt":"2025-06-08T13:01:14","slug":"petunia-15-ml-deva","status":"publish","type":"product","link":"https:\/\/artstella-elixirs-floraux.com\/fr_fr\/produit\/petunia-15-ml-deva\/","title":{"rendered":"Petunia 15 ml DEVA"},"content":{"rendered":"","protected":false},"excerpt":{"rendered":"<p><strong><em>P\u00e9tunia<\/em><\/strong><\/p>\n<p>Clart\u00e9 mentale, enthousiasme. Aide \u00e0 examiner les priorit\u00e9s, \u00e0 \u00e9liminer le superflu, \u00e0 se focaliser sur l\u2019essentiel pour aller droit au but.<\/p>\n","protected":false},"featured_media":5781,"template":"","meta":[],"product_brand":[],"product_cat":[183],"product_tag":[],"class_list":{"0":"post-5780","1":"product","2":"type-product","3":"status-publish","4":"has-post-thumbnail","6":"product_cat-les-elixirs-floraux-deva-unitaires","8":"first","9":"instock","10":"taxable","11":"shipping-taxable","12":"purchasable","13":"product-type-simple"},"etheme_brands":{"errors":{"invalid_taxonomy":["Taxonomie non valide."]},"error_data":[]},"jetpack_sharing_enabled":true,"jetpack-related-posts":[{"id":3308,"url":"https:\/\/artstella-elixirs-floraux.com\/fr_fr\/produit\/petunia-15-ml-phi\/","url_meta":{"origin":5780,"position":0},"title":"PETUNIA 15 ML PHI","author":"eveapprill","date":"9 mars 2025","format":false,"excerpt":"Petunia (Petunia hybr.)(Petunie) Permet de mieux canaliser notre \u00e9nergie mentale, am\u00e9liore nos capacit\u00e9s de concentration.","rel":"","context":"Article similaire","block_context":{"text":"Article similaire","link":""},"img":{"alt_text":"","src":"","width":0,"height":0},"classes":[]},{"id":4553,"url":"https:\/\/artstella-elixirs-floraux.com\/fr_fr\/produit\/coffret-fleurs-sauvages-supplementaires-phi-15-ml\/","url_meta":{"origin":5780,"position":1},"title":"COFFRET Fleurs sauvages suppl\u00e9mentaires PHI 15 ML","author":"eveapprill","date":"9 mars 2025","format":false,"excerpt":"Contient 20 \u00e9lixirs de fleurs sauvages suppl\u00e9mentaires","rel":"","context":"Article similaire","block_context":{"text":"Article similaire","link":""},"img":{"alt_text":"","src":"","width":0,"height":0},"classes":[]},{"id":6333,"url":"https:\/\/artstella-elixirs-floraux.com\/fr_fr\/produit\/hyperactivite-n22-comp-deva-30-ml\/","url_meta":{"origin":5780,"position":2},"title":"Hyperactivit\u00e9 N\u00b022 Comp Deva 30 ml","author":"eveapprill","date":"9 mars 2025","format":false,"excerpt":"e compos\u00e9 floral Deva HYPERACTIVIT\u00c9 stabilise humeur, attention et activit\u00e9 chez l'enfant et l'adulte hypersensibles et hyper\u00e9motifs. Apaise les tensions li\u00e9es \u00e0 l'impulsivit\u00e9. Renforce l'estime de soi, l'\u00e9coute, la concentration. Apporte douceur, confiance et protection.","rel":"","context":"Article similaire","block_context":{"text":"Article similaire","link":""},"img":{"alt_text":"","src":"https:\/\/i0.wp.com\/artstella-elixirs-floraux.com\/wp-content\/uploads\/2025\/03\/wp-image2341.png?resize=350%2C200&ssl=1","width":350,"height":200,"srcset":"https:\/\/i0.wp.com\/artstella-elixirs-floraux.com\/wp-content\/uploads\/2025\/03\/wp-image2341.png?resize=350%2C200&ssl=1 1x, https:\/\/i0.wp.com\/artstella-elixirs-floraux.com\/wp-content\/uploads\/2025\/03\/wp-image2341.png?resize=525%2C300&ssl=1 1.5x, https:\/\/i0.wp.com\/artstella-elixirs-floraux.com\/wp-content\/uploads\/2025\/03\/wp-image2341.png?resize=700%2C400&ssl=1 2x"},"classes":[]},{"id":5462,"url":"https:\/\/artstella-elixirs-floraux.com\/fr_fr\/produit\/strophaire-a-anneau-rugueux-10ml-bl\/","url_meta":{"origin":5780,"position":3},"title":"Strophaire \u00e0 anneau rugueux 10ml BL","author":"eveapprill","date":"9 mars 2025","format":false,"excerpt":"Strophaire \u00e0 anneau rugueux \/ Stropharia rugoso annulata\u00a0\u00a0\u00a0\u00a0\u00a0\u00a0\u00a0\u00a0\u00a0\u00a0\u00a0\u00a0\u00a0\u00a0 Peut atteindre 40 \u00e0 50 cm de circonf\u00e9rence. Pour trouver de nouvelles intuitions dans ses activit\u00e9s.","rel":"","context":"Article similaire","block_context":{"text":"Article similaire","link":""},"img":{"alt_text":"","src":"","width":0,"height":0},"classes":[]},{"id":2186,"url":"https:\/\/artstella-elixirs-floraux.com\/fr_fr\/produit\/harebell-alaskan\/","url_meta":{"origin":5780,"position":4},"title":"Harebell Alaskan","author":"eveapprill","date":"9 mars 2025","format":false,"excerpt":"Harebell. Campanula lasiocarpa. Campanule Ne se sent pas aim\u00e9 et coup\u00e9 de la Source ; \u00e0 la recherche de l\u2019amour \u00e0 l'ext\u00e9rieur.","rel":"","context":"Article similaire","block_context":{"text":"Article similaire","link":""},"img":{"alt_text":"","src":"https:\/\/i0.wp.com\/artstella-elixirs-floraux.com\/wp-content\/uploads\/2025\/03\/wp-image542.png?resize=350%2C200&ssl=1","width":350,"height":200},"classes":[]},{"id":5840,"url":"https:\/\/artstella-elixirs-floraux.com\/fr_fr\/produit\/paresseux-a-deux-doigts-15-ml-phi\/","url_meta":{"origin":5780,"position":5},"title":"Paresseux \u00e0 deux doigts 15 ml PHI","author":"eveapprill","date":"9 mars 2025","format":false,"excerpt":"Paresseux \u00e0 deux doigts - Southern two toed Sloth (Choloepus didactylus) Cet animal nous aide \u00e0 d\u00e9velopper une meilleure relation au temps et \u00e0 la relaxation. Il nous aide \u00e0 mieux g\u00e9rer des situations de stress, en prenant les choses plus l\u00e9g\u00e8rement et de fa\u00e7on plus d\u00e9tendue. Il nous aide\u2026","rel":"","context":"Article similaire","block_context":{"text":"Article similaire","link":""},"img":{"alt_text":"","src":"","width":0,"height":0},"classes":[]}],"_links":{"self":[{"href":"https:\/\/artstella-elixirs-floraux.com\/fr_fr\/wp-json\/wp\/v2\/product\/5780","targetHints":{"allow":["GET"]}}],"collection":[{"href":"https:\/\/artstella-elixirs-floraux.com\/fr_fr\/wp-json\/wp\/v2\/product"}],"about":[{"href":"https:\/\/artstella-elixirs-floraux.com\/fr_fr\/wp-json\/wp\/v2\/types\/product"}],"version-history":[{"count":0,"href":"https:\/\/artstella-elixirs-floraux.com\/fr_fr\/wp-json\/wp\/v2\/product\/5780\/revisions"}],"wp:featuredmedia":[{"embeddable":true,"href":"https:\/\/artstella-elixirs-floraux.com\/fr_fr\/wp-json\/wp\/v2\/media\/5781"}],"wp:attachment":[{"href":"https:\/\/artstella-elixirs-floraux.com\/fr_fr\/wp-json\/wp\/v2\/media?parent=5780"}],"wp:term":[{"taxonomy":"product_brand","embeddable":true,"href":"https:\/\/artstella-elixirs-floraux.com\/fr_fr\/wp-json\/wp\/v2\/product_brand?post=5780"},{"taxonomy":"product_cat","embeddable":true,"href":"https:\/\/artstella-elixirs-floraux.com\/fr_fr\/wp-json\/wp\/v2\/product_cat?post=5780"},{"taxonomy":"product_tag","embeddable":true,"href":"https:\/\/artstella-elixirs-floraux.com\/fr_fr\/wp-json\/wp\/v2\/product_tag?post=5780"}],"curies":[{"name":"wp","href":"https:\/\/api.w.org\/{rel}","templated":true}]}}