{"id":5782,"date":"2025-03-09T13:48:05","date_gmt":"2025-03-09T13:48:05","guid":{"rendered":"https:\/\/artstella-elixirs-floraux.com\/product\/perce-neige-15ml-deva\/"},"modified":"2025-06-08T13:01:13","modified_gmt":"2025-06-08T13:01:13","slug":"perce-neige-15ml-deva","status":"publish","type":"product","link":"https:\/\/artstella-elixirs-floraux.com\/fr_fr\/produit\/perce-neige-15ml-deva\/","title":{"rendered":"Perce Neige 15ml DEVA"},"content":{"rendered":"<p>Base Alcool : Eau de source, cognac*, infusion solaire de fleurs * (0,5%) &#8211; Alcool 20% vol.<\/p>\n","protected":false},"excerpt":{"rendered":"<div class=\"tab-pane fade in extra\" id=\"extra-0\">\n<p>L&rsquo;\u00e9lixir floral DEVA de Perce neige favorise\u00a0l&rsquo;engagement dans l\u2019action en prenant le risque d\u2019affirmer sa personnalit\u00e9.<\/p>\n<p>Il apporte le support moral pour se lib\u00e9rer des souffrances du pass\u00e9 et aller de l\u2019avant.<\/p>\n<\/div>\n","protected":false},"featured_media":5783,"template":"","meta":[],"product_brand":[],"product_cat":[183],"product_tag":[],"class_list":{"0":"post-5782","1":"product","2":"type-product","3":"status-publish","4":"has-post-thumbnail","6":"product_cat-les-elixirs-floraux-deva-unitaires","8":"first","9":"instock","10":"taxable","11":"shipping-taxable","12":"purchasable","13":"product-type-simple"},"etheme_brands":{"errors":{"invalid_taxonomy":["Taxonomie non valide."]},"error_data":[]},"jetpack_sharing_enabled":true,"jetpack-related-posts":[{"id":5450,"url":"https:\/\/artstella-elixirs-floraux.com\/fr_fr\/produit\/perce-neige-sneeuwwklokje\/","url_meta":{"origin":5782,"position":0},"title":"Perce-neige &#8211; SNEEUWWKLOKJE","author":"eveapprill","date":"9 mars 2025","format":false,"excerpt":"Perce-neige \/ Galanthus nivalis (snow drop) Lib\u00e8re des douleurs profondes, larmes et traumas qui ont \u00e9t\u00e9 emmagasin\u00e9s depuis longtemps, surtout s\u2019ils ont pour origine une difficult\u00e9 \u00e0 suivre son c\u0153ur et \u00e0 faire respecter ses sentiments.","rel":"","context":"Article similaire","block_context":{"text":"Article similaire","link":""},"img":{"alt_text":"","src":"","width":0,"height":0},"classes":[]},{"id":5486,"url":"https:\/\/artstella-elixirs-floraux.com\/fr_fr\/produit\/love-30-ml-liefde-bloesem-remedies\/","url_meta":{"origin":5782,"position":1},"title":"LOVE Liefde Bloesem Remedies","author":"eveapprill","date":"9 mars 2025","format":false,"excerpt":"Love 30 ml Liefde\u00a0 Bloesem Remedies (Bourrache, Digitale, Ch\u00e9lidoine, Coquelicot, Lamier rouge, Perce-neige, Yelow Star Tulip) ouvre le c\u0153ur \u00e0 l\u2019amour envers soi-m\u00eame et les autres. Connecte \u00e0 la terre","rel":"","context":"Article similaire","block_context":{"text":"Article similaire","link":""},"img":{"alt_text":"","src":"","width":0,"height":0},"classes":[]},{"id":4352,"url":"https:\/\/artstella-elixirs-floraux.com\/fr_fr\/produit\/snow-leopard-leopard-des-neiges-wea\/","url_meta":{"origin":5782,"position":2},"title":"SNOW LEOPARD\/LEOPARD DES NEIGES WEA","author":"eveapprill","date":"9 mars 2025","format":false,"excerpt":"Snow Leopard (l\u00e9opard des neiges) Sagesse de l\u2019Himalaya\u00a0; centrage et connexion spirituelle\u00a0; conscience tib\u00e9taine\u00a0; mysticisme oriental.","rel":"","context":"Article similaire","block_context":{"text":"Article similaire","link":""},"img":{"alt_text":"","src":"https:\/\/i0.wp.com\/artstella-elixirs-floraux.com\/wp-content\/uploads\/2025\/03\/wp-image2313.png?resize=350%2C200&ssl=1","width":350,"height":200,"srcset":"https:\/\/i0.wp.com\/artstella-elixirs-floraux.com\/wp-content\/uploads\/2025\/03\/wp-image2313.png?resize=350%2C200&ssl=1 1x, https:\/\/i0.wp.com\/artstella-elixirs-floraux.com\/wp-content\/uploads\/2025\/03\/wp-image2313.png?resize=525%2C300&ssl=1 1.5x, https:\/\/i0.wp.com\/artstella-elixirs-floraux.com\/wp-content\/uploads\/2025\/03\/wp-image2313.png?resize=700%2C400&ssl=1 2x, https:\/\/i0.wp.com\/artstella-elixirs-floraux.com\/wp-content\/uploads\/2025\/03\/wp-image2313.png?resize=1050%2C600&ssl=1 3x"},"classes":[]},{"id":1935,"url":"https:\/\/artstella-elixirs-floraux.com\/fr_fr\/produit\/leopard-des-neiges-phi-15ml\/","url_meta":{"origin":5782,"position":3},"title":"LEOPARD DES NEIGES PHI 15ML","author":"eveapprill","date":"27 mai 2025","format":false,"excerpt":"","rel":"","context":"Article similaire","block_context":{"text":"Article similaire","link":""},"img":{"alt_text":"","src":"","width":0,"height":0},"classes":[]},{"id":6333,"url":"https:\/\/artstella-elixirs-floraux.com\/fr_fr\/produit\/hyperactivite-n22-comp-deva-30-ml\/","url_meta":{"origin":5782,"position":4},"title":"Hyperactivit\u00e9 N\u00b022 Comp Deva 30 ml","author":"eveapprill","date":"9 mars 2025","format":false,"excerpt":"e compos\u00e9 floral Deva HYPERACTIVIT\u00c9 stabilise humeur, attention et activit\u00e9 chez l'enfant et l'adulte hypersensibles et hyper\u00e9motifs. Apaise les tensions li\u00e9es \u00e0 l'impulsivit\u00e9. Renforce l'estime de soi, l'\u00e9coute, la concentration. Apporte douceur, confiance et protection.","rel":"","context":"Article similaire","block_context":{"text":"Article similaire","link":""},"img":{"alt_text":"","src":"https:\/\/i0.wp.com\/artstella-elixirs-floraux.com\/wp-content\/uploads\/2025\/03\/wp-image2341.png?resize=350%2C200&ssl=1","width":350,"height":200,"srcset":"https:\/\/i0.wp.com\/artstella-elixirs-floraux.com\/wp-content\/uploads\/2025\/03\/wp-image2341.png?resize=350%2C200&ssl=1 1x, https:\/\/i0.wp.com\/artstella-elixirs-floraux.com\/wp-content\/uploads\/2025\/03\/wp-image2341.png?resize=525%2C300&ssl=1 1.5x, https:\/\/i0.wp.com\/artstella-elixirs-floraux.com\/wp-content\/uploads\/2025\/03\/wp-image2341.png?resize=700%2C400&ssl=1 2x"},"classes":[]},{"id":5842,"url":"https:\/\/artstella-elixirs-floraux.com\/fr_fr\/produit\/leopard-des-neiges-snow-leopard-15-ml-phi\/","url_meta":{"origin":5782,"position":5},"title":"L\u00e9opard des neiges &#8211; Snow Leopard 15 ml PHI","author":"eveapprill","date":"9 mars 2025","format":false,"excerpt":"L\u00e9opard des neiges - Snow Leopard (Panthera unica)\u00a0 C\u2019est l\u2019\u00e9lixir qui accfro\u00eet le sentiment de s\u00e9curit\u00e9 et d\u2019\u00e9quilibre. Nous apprenons \u00e0 une vision d\u2019ensemble de nos vies tout en developpant gentillesse et d\u00e9termination","rel":"","context":"Article similaire","block_context":{"text":"Article similaire","link":""},"img":{"alt_text":"","src":"","width":0,"height":0},"classes":[]}],"_links":{"self":[{"href":"https:\/\/artstella-elixirs-floraux.com\/fr_fr\/wp-json\/wp\/v2\/product\/5782","targetHints":{"allow":["GET"]}}],"collection":[{"href":"https:\/\/artstella-elixirs-floraux.com\/fr_fr\/wp-json\/wp\/v2\/product"}],"about":[{"href":"https:\/\/artstella-elixirs-floraux.com\/fr_fr\/wp-json\/wp\/v2\/types\/product"}],"version-history":[{"count":0,"href":"https:\/\/artstella-elixirs-floraux.com\/fr_fr\/wp-json\/wp\/v2\/product\/5782\/revisions"}],"wp:featuredmedia":[{"embeddable":true,"href":"https:\/\/artstella-elixirs-floraux.com\/fr_fr\/wp-json\/wp\/v2\/media\/5783"}],"wp:attachment":[{"href":"https:\/\/artstella-elixirs-floraux.com\/fr_fr\/wp-json\/wp\/v2\/media?parent=5782"}],"wp:term":[{"taxonomy":"product_brand","embeddable":true,"href":"https:\/\/artstella-elixirs-floraux.com\/fr_fr\/wp-json\/wp\/v2\/product_brand?post=5782"},{"taxonomy":"product_cat","embeddable":true,"href":"https:\/\/artstella-elixirs-floraux.com\/fr_fr\/wp-json\/wp\/v2\/product_cat?post=5782"},{"taxonomy":"product_tag","embeddable":true,"href":"https:\/\/artstella-elixirs-floraux.com\/fr_fr\/wp-json\/wp\/v2\/product_tag?post=5782"}],"curies":[{"name":"wp","href":"https:\/\/api.w.org\/{rel}","templated":true}]}}