{"id":5786,"date":"2025-03-09T13:48:08","date_gmt":"2025-03-09T13:48:08","guid":{"rendered":"https:\/\/artstella-elixirs-floraux.com\/product\/poirier-15-ml-deva\/"},"modified":"2025-06-02T06:41:04","modified_gmt":"2025-06-02T06:41:04","slug":"poirier-15-ml-deva","status":"publish","type":"product","link":"https:\/\/artstella-elixirs-floraux.com\/fr_fr\/produit\/poirier-15-ml-deva\/","title":{"rendered":"Poirier 15 ml DEVA"},"content":{"rendered":"","protected":false},"excerpt":{"rendered":"<p><strong><em>Poirier<\/em><\/strong><\/p>\n<p>Equilibre, aisance corporelle. Aide \u00e0 se recentrer apr\u00e8s toutes situations de d\u00e9s\u00e9quilibre.<\/p>\n","protected":false},"featured_media":5787,"template":"","meta":[],"product_brand":[],"product_cat":[183],"product_tag":[],"class_list":{"0":"post-5786","1":"product","2":"type-product","3":"status-publish","4":"has-post-thumbnail","6":"product_cat-les-elixirs-floraux-deva-unitaires","8":"first","9":"instock","10":"taxable","11":"shipping-taxable","12":"purchasable","13":"product-type-simple"},"etheme_brands":{"errors":{"invalid_taxonomy":["Taxonomie non valide."]},"error_data":[]},"jetpack_sharing_enabled":true,"jetpack-related-posts":[{"id":5281,"url":"https:\/\/artstella-elixirs-floraux.com\/fr_fr\/produit\/complexe-n3-detente-corporelle-deva-30ml\/","url_meta":{"origin":5786,"position":0},"title":"COMPLEXE N\u00b03 D\u00e9tente corporelle DEVA 30ml","author":"eveapprill","date":"9 mars 2025","format":false,"excerpt":"COMPLEXE N\u00b03 D\u00e9tente corporelle s'utilise avant et apr\u00e8s l'effort pour favoriser l'\u00e9limination, l'assouplissement corporel et l'\u00e9lasticit\u00e9. Il est conseill\u00e9 \u00e0 ceux qui ont une pratique sportive r\u00e9guli\u00e8re ou un effort physique inhabituel \u00e0 fournir. Il est recommand\u00e9 pour \u00eatre \u00e0 l'\u00e9coute de son corps.","rel":"","context":"Article similaire","block_context":{"text":"Article similaire","link":""},"img":{"alt_text":"","src":"https:\/\/i0.wp.com\/artstella-elixirs-floraux.com\/wp-content\/uploads\/2025\/03\/1aa3298e-fafe-4a65-9e97-9bddc22b27ed.jpg?resize=350%2C200&ssl=1","width":350,"height":200,"srcset":"https:\/\/i0.wp.com\/artstella-elixirs-floraux.com\/wp-content\/uploads\/2025\/03\/1aa3298e-fafe-4a65-9e97-9bddc22b27ed.jpg?resize=350%2C200&ssl=1 1x, https:\/\/i0.wp.com\/artstella-elixirs-floraux.com\/wp-content\/uploads\/2025\/03\/1aa3298e-fafe-4a65-9e97-9bddc22b27ed.jpg?resize=525%2C300&ssl=1 1.5x, https:\/\/i0.wp.com\/artstella-elixirs-floraux.com\/wp-content\/uploads\/2025\/03\/1aa3298e-fafe-4a65-9e97-9bddc22b27ed.jpg?resize=700%2C400&ssl=1 2x"},"classes":[]},{"id":5784,"url":"https:\/\/artstella-elixirs-floraux.com\/fr_fr\/produit\/pissenlit-15-ml-deva\/","url_meta":{"origin":5786,"position":1},"title":"Pissenlit 15 ml DEVA","author":"eveapprill","date":"9 mars 2025","format":false,"excerpt":"Pissenlit Aisance et dynamisme corporel. Favorise l\u2019assouplissement corporel, la d\u00e9tente musculaire et mentale. Facilite l\u2019ouverture spirituelle par la relaxation du corps physique.","rel":"","context":"Article similaire","block_context":{"text":"Article similaire","link":""},"img":{"alt_text":"","src":"https:\/\/i0.wp.com\/artstella-elixirs-floraux.com\/wp-content\/uploads\/2025\/03\/wp-image2442.png?resize=350%2C200&ssl=1","width":350,"height":200},"classes":[]},{"id":3221,"url":"https:\/\/artstella-elixirs-floraux.com\/fr_fr\/produit\/trefle-rouge-15-ml-phi\/","url_meta":{"origin":5786,"position":2},"title":"TREFLE ROUGE 15 ML PHI","author":"eveapprill","date":"9 mars 2025","format":false,"excerpt":"Tr\u00e8fle rouge (Trifolium pratense) (Rotklee) Il nous aide \u00e0 nous recentrer et \u00e0 rester nous-m\u00eames, particuli\u00e8rement dans les situations de panique ambiante et de peur collective.","rel":"","context":"Article similaire","block_context":{"text":"Article similaire","link":""},"img":{"alt_text":"","src":"https:\/\/i0.wp.com\/artstella-elixirs-floraux.com\/wp-content\/uploads\/2025\/03\/wp-image391.png?resize=350%2C200&ssl=1","width":350,"height":200},"classes":[]},{"id":5712,"url":"https:\/\/artstella-elixirs-floraux.com\/fr_fr\/produit\/lilas-15-ml-deva\/","url_meta":{"origin":5786,"position":3},"title":"Lilas 15 ml DEVA","author":"eveapprill","date":"9 mars 2025","format":false,"excerpt":"Lilas R\u00e9g\u00e9n\u00e9ration. Pour \u00e9quilibrer la circulation \u00e9nerg\u00e9tique du dos. Pour ceux qui se sentent bris\u00e9s et qui en ont \u00abplein le dos\u00bb. D\u00e9veloppe la flexibilit\u00e9 permettant de s\u2019adapter plus facilement \u00e0 des situations nouvelles. Pour se tenir \u00ab\u00a0droit\u00a0\u00bb face aux d\u00e9fis.","rel":"","context":"Article similaire","block_context":{"text":"Article similaire","link":""},"img":{"alt_text":"","src":"https:\/\/i0.wp.com\/artstella-elixirs-floraux.com\/wp-content\/uploads\/2025\/03\/wp-image2414.png?resize=350%2C200&ssl=1","width":350,"height":200},"classes":[]},{"id":5670,"url":"https:\/\/artstella-elixirs-floraux.com\/fr_fr\/produit\/consoude-15-ml-deva\/","url_meta":{"origin":5786,"position":4},"title":"Consoude 15 ml DEVA","author":"eveapprill","date":"9 mars 2025","format":false,"excerpt":"Consoude Conscience corporelle, \u00e9limination des tensions. Apporte \u00e0 l\u2019organisme tonicit\u00e9 et vitalit\u00e9. Favorise la d\u00e9tente corporelle.","rel":"","context":"Article similaire","block_context":{"text":"Article similaire","link":""},"img":{"alt_text":"","src":"https:\/\/i0.wp.com\/artstella-elixirs-floraux.com\/wp-content\/uploads\/2025\/03\/wp-image2391.png?resize=350%2C200&ssl=1","width":350,"height":200},"classes":[]},{"id":5804,"url":"https:\/\/artstella-elixirs-floraux.com\/fr_fr\/produit\/tournesol-15-ml-deva\/","url_meta":{"origin":5786,"position":5},"title":"Tournesol 15 ml DEVA","author":"eveapprill","date":"9 mars 2025","format":false,"excerpt":"Tournesol Expression de soi \u00e9quilibr\u00e9e. Aide \u00e0 r\u00e9soudre les conflits li\u00e9s aux parents ou \u00e0 l\u2019image parentale. Pour \u00e9quilibrer l\u2019ego lorsque celui-ci est trop pr\u00e9dominant (\u00e9go\u00efsme, vanit\u00e9) ou trop effac\u00e9 (manque d\u2019estime de soi).","rel":"","context":"Article similaire","block_context":{"text":"Article similaire","link":""},"img":{"alt_text":"","src":"https:\/\/i0.wp.com\/artstella-elixirs-floraux.com\/wp-content\/uploads\/2025\/03\/wp-image2452.png?resize=350%2C200&ssl=1","width":350,"height":200},"classes":[]}],"_links":{"self":[{"href":"https:\/\/artstella-elixirs-floraux.com\/fr_fr\/wp-json\/wp\/v2\/product\/5786","targetHints":{"allow":["GET"]}}],"collection":[{"href":"https:\/\/artstella-elixirs-floraux.com\/fr_fr\/wp-json\/wp\/v2\/product"}],"about":[{"href":"https:\/\/artstella-elixirs-floraux.com\/fr_fr\/wp-json\/wp\/v2\/types\/product"}],"version-history":[{"count":0,"href":"https:\/\/artstella-elixirs-floraux.com\/fr_fr\/wp-json\/wp\/v2\/product\/5786\/revisions"}],"wp:featuredmedia":[{"embeddable":true,"href":"https:\/\/artstella-elixirs-floraux.com\/fr_fr\/wp-json\/wp\/v2\/media\/5787"}],"wp:attachment":[{"href":"https:\/\/artstella-elixirs-floraux.com\/fr_fr\/wp-json\/wp\/v2\/media?parent=5786"}],"wp:term":[{"taxonomy":"product_brand","embeddable":true,"href":"https:\/\/artstella-elixirs-floraux.com\/fr_fr\/wp-json\/wp\/v2\/product_brand?post=5786"},{"taxonomy":"product_cat","embeddable":true,"href":"https:\/\/artstella-elixirs-floraux.com\/fr_fr\/wp-json\/wp\/v2\/product_cat?post=5786"},{"taxonomy":"product_tag","embeddable":true,"href":"https:\/\/artstella-elixirs-floraux.com\/fr_fr\/wp-json\/wp\/v2\/product_tag?post=5786"}],"curies":[{"name":"wp","href":"https:\/\/api.w.org\/{rel}","templated":true}]}}