{"id":5788,"date":"2025-03-09T13:48:09","date_gmt":"2025-03-09T13:48:09","guid":{"rendered":"https:\/\/artstella-elixirs-floraux.com\/product\/rhododendron-10ml-deva\/"},"modified":"2025-08-25T07:09:16","modified_gmt":"2025-08-25T07:09:16","slug":"rhododendron-10ml-deva","status":"publish","type":"product","link":"https:\/\/artstella-elixirs-floraux.com\/fr_fr\/produit\/rhododendron-10ml-deva\/","title":{"rendered":"Rhododendron 15ml DEVA"},"content":{"rendered":"","protected":false},"excerpt":{"rendered":"<p><strong><em>Rhododendron<\/em><\/strong><\/p>\n<p>Joie, r\u00e9confort. Apporte chaleur et r\u00e9confort \u00e0 ceux qui sont enclins \u00e0 la tristesse, \u00e0 la m\u00e9lancolie et au d\u00e9couragement.<\/p>\n","protected":false},"featured_media":5789,"template":"","meta":[],"product_brand":[],"product_cat":[183],"product_tag":[],"class_list":{"0":"post-5788","1":"product","2":"type-product","3":"status-publish","4":"has-post-thumbnail","6":"product_cat-les-elixirs-floraux-deva-unitaires","8":"first","9":"instock","10":"taxable","11":"shipping-taxable","12":"purchasable","13":"product-type-simple"},"etheme_brands":{"errors":{"invalid_taxonomy":["Taxonomie non valide."]},"error_data":[]},"jetpack_sharing_enabled":true,"jetpack-related-posts":[{"id":3651,"url":"https:\/\/artstella-elixirs-floraux.com\/fr_fr\/produit\/rhododendron-brocade-plus-15-ml\/","url_meta":{"origin":5788,"position":0},"title":"RHODODENDRON BROCADE PLUS 15 ML","author":"eveapprill","date":"9 mars 2025","format":false,"excerpt":"Rhododendron Brocade Plus Une fleur hybride d\u2019un magnifique rose. C\u2019est l\u2019\u00e9lixir de la joie rayonnante, comme une fontaine douce et riante jaillissant dans le c\u0153ur.","rel":"","context":"Article similaire","block_context":{"text":"Article similaire","link":""},"img":{"alt_text":"","src":"https:\/\/i0.wp.com\/artstella-elixirs-floraux.com\/wp-content\/uploads\/2025\/03\/a02b41b3-178b-4b88-90a3-5af9addc9b43.jpg?resize=350%2C200&ssl=1","width":350,"height":200,"srcset":"https:\/\/i0.wp.com\/artstella-elixirs-floraux.com\/wp-content\/uploads\/2025\/03\/a02b41b3-178b-4b88-90a3-5af9addc9b43.jpg?resize=350%2C200&ssl=1 1x, https:\/\/i0.wp.com\/artstella-elixirs-floraux.com\/wp-content\/uploads\/2025\/03\/a02b41b3-178b-4b88-90a3-5af9addc9b43.jpg?resize=525%2C300&ssl=1 1.5x, https:\/\/i0.wp.com\/artstella-elixirs-floraux.com\/wp-content\/uploads\/2025\/03\/a02b41b3-178b-4b88-90a3-5af9addc9b43.jpg?resize=700%2C400&ssl=1 2x"},"classes":[]},{"id":3653,"url":"https:\/\/artstella-elixirs-floraux.com\/fr_fr\/produit\/rhododendron-griffithianum-15-ml-ltoe\/","url_meta":{"origin":5788,"position":1},"title":"RHODODENDRON GRIFFITHIANUM 15 ML LTOE","author":"eveapprill","date":"9 mars 2025","format":false,"excerpt":"Rhododendron griffithianum Une esp\u00e8ce d\u2019un blanc presque immacul\u00e9. En prenant quelques gouttes on peut ressentir rapidement s\u00e9r\u00e9nit\u00e9, paix et tranquillit\u00e9.","rel":"","context":"Article similaire","block_context":{"text":"Article similaire","link":""},"img":{"alt_text":"","src":"https:\/\/i0.wp.com\/artstella-elixirs-floraux.com\/wp-content\/uploads\/2025\/03\/7059cac5-ea4f-40bb-b387-bd96b7f95ccb.jpg?resize=350%2C200&ssl=1","width":350,"height":200,"srcset":"https:\/\/i0.wp.com\/artstella-elixirs-floraux.com\/wp-content\/uploads\/2025\/03\/7059cac5-ea4f-40bb-b387-bd96b7f95ccb.jpg?resize=350%2C200&ssl=1 1x, https:\/\/i0.wp.com\/artstella-elixirs-floraux.com\/wp-content\/uploads\/2025\/03\/7059cac5-ea4f-40bb-b387-bd96b7f95ccb.jpg?resize=525%2C300&ssl=1 1.5x, https:\/\/i0.wp.com\/artstella-elixirs-floraux.com\/wp-content\/uploads\/2025\/03\/7059cac5-ea4f-40bb-b387-bd96b7f95ccb.jpg?resize=700%2C400&ssl=1 2x"},"classes":[]},{"id":3497,"url":"https:\/\/artstella-elixirs-floraux.com\/fr_fr\/produit\/gentle-sleep-ltoe-15ml\/","url_meta":{"origin":5788,"position":2},"title":"GENTLE SLEEP LTOE 15ML","author":"eveapprill","date":"9 mars 2025","format":false,"excerpt":"Gentle sleep \/ Doux sommeil : Est une version am\u00e9lior\u00e9e de Gentle Geisha avec le Rhododendron griffithianum, made by Don dans les jardins d'Achamore House.","rel":"","context":"Article similaire","block_context":{"text":"Article similaire","link":""},"img":{"alt_text":"","src":"https:\/\/i0.wp.com\/artstella-elixirs-floraux.com\/wp-content\/uploads\/2025\/03\/f1da7075-2893-4090-8141-56d98c0424f3.jpg?resize=350%2C200&ssl=1","width":350,"height":200,"srcset":"https:\/\/i0.wp.com\/artstella-elixirs-floraux.com\/wp-content\/uploads\/2025\/03\/f1da7075-2893-4090-8141-56d98c0424f3.jpg?resize=350%2C200&ssl=1 1x, https:\/\/i0.wp.com\/artstella-elixirs-floraux.com\/wp-content\/uploads\/2025\/03\/f1da7075-2893-4090-8141-56d98c0424f3.jpg?resize=525%2C300&ssl=1 1.5x, https:\/\/i0.wp.com\/artstella-elixirs-floraux.com\/wp-content\/uploads\/2025\/03\/f1da7075-2893-4090-8141-56d98c0424f3.jpg?resize=700%2C400&ssl=1 2x"},"classes":[]},{"id":4938,"url":"https:\/\/artstella-elixirs-floraux.com\/fr_fr\/produit\/lapland-rosebay-alas-f-sup\/","url_meta":{"origin":5788,"position":3},"title":"LAPLAND ROSEBAY ALAS F SUP","author":"eveapprill","date":"9 mars 2025","format":false,"excerpt":"Lapland Rosebay Rhododendron lapponicum Pour une vision int\u00e9rieure p\u00e9n\u00e9trante de soi et de la Nature ; voir sans d\u00e9formation ; aide \u00e0 un retour \u00e0 soi pour r\u00e9pondre \u00e0 ses questions ; nous rappelle que par l\u2019introspection on trouve sagesse, perspective et direction.","rel":"","context":"Article similaire","block_context":{"text":"Article similaire","link":""},"img":{"alt_text":"","src":"https:\/\/i0.wp.com\/artstella-elixirs-floraux.com\/wp-content\/uploads\/2025\/03\/wp-image1393.png?resize=350%2C200&ssl=1","width":350,"height":200},"classes":[]},{"id":5310,"url":"https:\/\/artstella-elixirs-floraux.com\/fr_fr\/produit\/complexe-n15-courage-deva-30ml\/","url_meta":{"origin":5788,"position":4},"title":"COMPLEXE N\u00b015 Courage DEVA 30ML","author":"eveapprill","date":"9 mars 2025","format":false,"excerpt":"COMPLEXE N\u00b015 Courage DEVA 30 ml Le compos\u00e9 floral COURAGE permet de conserver son sang-froid au c\u0153ur des environnements d\u00e9stabilisants, lorsque les \u00e9motions collectives perturbent le libre-arbitre. Il renforce la confiance en l'avenir et donne le courage d'avancer. Il est recommand\u00e9 lors de tout travail sur soi.","rel":"","context":"Article similaire","block_context":{"text":"Article similaire","link":""},"img":{"alt_text":"","src":"https:\/\/i0.wp.com\/artstella-elixirs-floraux.com\/wp-content\/uploads\/2025\/03\/47113796-1beb-439b-ad17-62421c1f2753.jpg?resize=350%2C200&ssl=1","width":350,"height":200,"srcset":"https:\/\/i0.wp.com\/artstella-elixirs-floraux.com\/wp-content\/uploads\/2025\/03\/47113796-1beb-439b-ad17-62421c1f2753.jpg?resize=350%2C200&ssl=1 1x, https:\/\/i0.wp.com\/artstella-elixirs-floraux.com\/wp-content\/uploads\/2025\/03\/47113796-1beb-439b-ad17-62421c1f2753.jpg?resize=525%2C300&ssl=1 1.5x, https:\/\/i0.wp.com\/artstella-elixirs-floraux.com\/wp-content\/uploads\/2025\/03\/47113796-1beb-439b-ad17-62421c1f2753.jpg?resize=700%2C400&ssl=1 2x"},"classes":[]},{"id":4099,"url":"https:\/\/artstella-elixirs-floraux.com\/fr_fr\/produit\/lama-el-chamaniques-15ml\/","url_meta":{"origin":5788,"position":5},"title":"LAMA EL CHAMANIQUES 15ML","author":"eveapprill","date":"9 mars 2025","format":false,"excerpt":"LAMA Protection \u2013 Renforce le c\u00f4t\u00e9 f\u00e9minin \u2013 R\u00e9confort de l\u2019inconscient. Elixir de protection permettant d\u2019affronter et de nettoyer les \u00e9nergies n\u00e9gatives qui nous entourent.","rel":"","context":"Article similaire","block_context":{"text":"Article similaire","link":""},"img":{"alt_text":"","src":"","width":0,"height":0},"classes":[]}],"_links":{"self":[{"href":"https:\/\/artstella-elixirs-floraux.com\/fr_fr\/wp-json\/wp\/v2\/product\/5788","targetHints":{"allow":["GET"]}}],"collection":[{"href":"https:\/\/artstella-elixirs-floraux.com\/fr_fr\/wp-json\/wp\/v2\/product"}],"about":[{"href":"https:\/\/artstella-elixirs-floraux.com\/fr_fr\/wp-json\/wp\/v2\/types\/product"}],"version-history":[{"count":1,"href":"https:\/\/artstella-elixirs-floraux.com\/fr_fr\/wp-json\/wp\/v2\/product\/5788\/revisions"}],"predecessor-version":[{"id":11216,"href":"https:\/\/artstella-elixirs-floraux.com\/fr_fr\/wp-json\/wp\/v2\/product\/5788\/revisions\/11216"}],"wp:featuredmedia":[{"embeddable":true,"href":"https:\/\/artstella-elixirs-floraux.com\/fr_fr\/wp-json\/wp\/v2\/media\/5789"}],"wp:attachment":[{"href":"https:\/\/artstella-elixirs-floraux.com\/fr_fr\/wp-json\/wp\/v2\/media?parent=5788"}],"wp:term":[{"taxonomy":"product_brand","embeddable":true,"href":"https:\/\/artstella-elixirs-floraux.com\/fr_fr\/wp-json\/wp\/v2\/product_brand?post=5788"},{"taxonomy":"product_cat","embeddable":true,"href":"https:\/\/artstella-elixirs-floraux.com\/fr_fr\/wp-json\/wp\/v2\/product_cat?post=5788"},{"taxonomy":"product_tag","embeddable":true,"href":"https:\/\/artstella-elixirs-floraux.com\/fr_fr\/wp-json\/wp\/v2\/product_tag?post=5788"}],"curies":[{"name":"wp","href":"https:\/\/api.w.org\/{rel}","templated":true}]}}