{"id":5794,"date":"2025-03-09T13:48:14","date_gmt":"2025-03-09T13:48:14","guid":{"rendered":"https:\/\/artstella-elixirs-floraux.com\/product\/sauge-15-ml-deva\/"},"modified":"2025-06-02T06:41:02","modified_gmt":"2025-06-02T06:41:02","slug":"sauge-15-ml-deva","status":"publish","type":"product","link":"https:\/\/artstella-elixirs-floraux.com\/fr_fr\/produit\/sauge-15-ml-deva\/","title":{"rendered":"Sauge 15 ml DEVA"},"content":{"rendered":"","protected":false},"excerpt":{"rendered":"<p><strong><em>Sauge<\/em><\/strong><\/p>\n<p>Compr\u00e9hension de la vie. Favorise la r\u00e9flexion sur la signification des \u00e9v\u00e9nements de l\u2019existence. Apporte compr\u00e9hension et paix int\u00e9rieure.<\/p>\n","protected":false},"featured_media":5795,"template":"","meta":[],"product_brand":[],"product_cat":[183],"product_tag":[],"class_list":{"0":"post-5794","1":"product","2":"type-product","3":"status-publish","4":"has-post-thumbnail","6":"product_cat-les-elixirs-floraux-deva-unitaires","8":"first","9":"instock","10":"taxable","11":"shipping-taxable","12":"purchasable","13":"product-type-simple"},"etheme_brands":{"errors":{"invalid_taxonomy":["Taxonomie non valide."]},"error_data":[]},"jetpack_sharing_enabled":true,"jetpack-related-posts":[{"id":6149,"url":"https:\/\/artstella-elixirs-floraux.com\/fr_fr\/produit\/sauge-blanche-eau-florale-60ml\/","url_meta":{"origin":5794,"position":0},"title":"Sauge Blanche Eau florale 60ml","author":"eveapprill","date":"9 mars 2025","format":false,"excerpt":"WHITE SAGE HYDROSOL 60ML ou Eau florale de Sauge Blanche EN SPRAYA vaporiser dans les pi\u00e8ces charg\u00e9es ou autour de soi","rel":"","context":"Article similaire","block_context":{"text":"Article similaire","link":""},"img":{"alt_text":"","src":"https:\/\/i0.wp.com\/artstella-elixirs-floraux.com\/wp-content\/uploads\/2025\/03\/7949f0e0-77ae-497c-b13e-d751a7ca4f84.jpg?resize=350%2C200&ssl=1","width":350,"height":200,"srcset":"https:\/\/i0.wp.com\/artstella-elixirs-floraux.com\/wp-content\/uploads\/2025\/03\/7949f0e0-77ae-497c-b13e-d751a7ca4f84.jpg?resize=350%2C200&ssl=1 1x, https:\/\/i0.wp.com\/artstella-elixirs-floraux.com\/wp-content\/uploads\/2025\/03\/7949f0e0-77ae-497c-b13e-d751a7ca4f84.jpg?resize=525%2C300&ssl=1 1.5x, https:\/\/i0.wp.com\/artstella-elixirs-floraux.com\/wp-content\/uploads\/2025\/03\/7949f0e0-77ae-497c-b13e-d751a7ca4f84.jpg?resize=700%2C400&ssl=1 2x"},"classes":[]},{"id":6151,"url":"https:\/\/artstella-elixirs-floraux.com\/fr_fr\/produit\/sauge-blanche-eau-florale-120ml\/","url_meta":{"origin":5794,"position":1},"title":"Sauge Blanche Eau florale 120ml","author":"eveapprill","date":"9 mars 2025","format":false,"excerpt":"WHITE SAGE HYDROSOL 120ML ou Eau florale de Sauge Blanche EN SPRAYA vaporiser dans les pi\u00e8ces charg\u00e9es ou autour de soi","rel":"","context":"Article similaire","block_context":{"text":"Article similaire","link":""},"img":{"alt_text":"","src":"https:\/\/i0.wp.com\/artstella-elixirs-floraux.com\/wp-content\/uploads\/2025\/03\/07cc19b1-fb27-4a2b-8ee9-5221662c6092.jpg?resize=350%2C200&ssl=1","width":350,"height":200,"srcset":"https:\/\/i0.wp.com\/artstella-elixirs-floraux.com\/wp-content\/uploads\/2025\/03\/07cc19b1-fb27-4a2b-8ee9-5221662c6092.jpg?resize=350%2C200&ssl=1 1x, https:\/\/i0.wp.com\/artstella-elixirs-floraux.com\/wp-content\/uploads\/2025\/03\/07cc19b1-fb27-4a2b-8ee9-5221662c6092.jpg?resize=525%2C300&ssl=1 1.5x, https:\/\/i0.wp.com\/artstella-elixirs-floraux.com\/wp-content\/uploads\/2025\/03\/07cc19b1-fb27-4a2b-8ee9-5221662c6092.jpg?resize=700%2C400&ssl=1 2x"},"classes":[]},{"id":3268,"url":"https:\/\/artstella-elixirs-floraux.com\/fr_fr\/produit\/sauge-15-ml-phi\/","url_meta":{"origin":5794,"position":2},"title":"SAUGE 15 ML PHI","author":"eveapprill","date":"9 mars 2025","format":false,"excerpt":"Sauge (Salvia officinalis (Salbei) Son action purifiante au niveau \u00e9nerg\u00e9tique est tr\u00e8s puissante. L'\u00e9lixir favorise l'accord avec nos rythmes internes et les harmonise, notamment en cas de d\u00e9calages horaires. Il favorise \u00e9galement l'int\u00e9gration consciente de nos exp\u00e9riences de vie.","rel":"","context":"Article similaire","block_context":{"text":"Article similaire","link":""},"img":{"alt_text":"","src":"https:\/\/i0.wp.com\/artstella-elixirs-floraux.com\/wp-content\/uploads\/2025\/03\/wp-image675.png?resize=350%2C200&ssl=1","width":350,"height":200},"classes":[]},{"id":5694,"url":"https:\/\/artstella-elixirs-floraux.com\/fr_fr\/produit\/fuchsia10-ml-deva\/","url_meta":{"origin":5794,"position":3},"title":"Fuchsia15 ml DEVA","author":"eveapprill","date":"9 mars 2025","format":false,"excerpt":"Fuchsia Compr\u00e9hension des \u00e9motions enfouies. Catalyseur \u00e9motionnel favorisant l\u2019\u00e9mergence, la compr\u00e9hension et la r\u00e9solution des \u00e9motions li\u00e9es \u00e0 la col\u00e8re et au chagrin qui remontent souvent \u00e0 l\u2019enfance.","rel":"","context":"Article similaire","block_context":{"text":"Article similaire","link":""},"img":{"alt_text":"","src":"https:\/\/i0.wp.com\/artstella-elixirs-floraux.com\/wp-content\/uploads\/2025\/03\/wp-image2401.png?resize=350%2C200&ssl=1","width":350,"height":200},"classes":[]},{"id":5331,"url":"https:\/\/artstella-elixirs-floraux.com\/fr_fr\/produit\/energy-matrix-protection\/","url_meta":{"origin":5794,"position":4},"title":"ENERGY MATRIX PROTECTION SPRAY","author":"eveapprill","date":"9 mars 2025","format":false,"excerpt":"Energy Matrix Protection (Matrice de Protection) Combinaison cr\u00e9\u00e9e en r\u00e9ponse \u00e0 la situation pr\u00e9occupante du Japon en 2011, apr\u00e8s le tremblement de terre et le tsunami. Notre but avec ce spray est de cr\u00e9er un champ de protection \u00e9nerg\u00e9tique sain du corps jusqu\u2019 au niveau cellulaire. Tr\u00e8s utile \u00e0 ceux\u2026","rel":"","context":"Article similaire","block_context":{"text":"Article similaire","link":""},"img":{"alt_text":"","src":"","width":0,"height":0},"classes":[]},{"id":3473,"url":"https:\/\/artstella-elixirs-floraux.com\/fr_fr\/produit\/rossolis-filiforme-15-ml-phi\/","url_meta":{"origin":5794,"position":5},"title":"ROSSOLIS FILIFORME 15 ML PHI","author":"eveapprill","date":"9 mars 2025","format":false,"excerpt":"Rossolis filiforme (Drosera filliformis) (Sonnentau) Favorise une compr\u00e9hension profonde pour se lib\u00e9rer du karma. Il permet de prendre conscience de vieilles exp\u00e9riences dont nous pouvons nous lib\u00e9rer par l'amour et la compr\u00e9hension. De cette mani\u00e8re, nous \u00e9levons notre vibration.","rel":"","context":"Article similaire","block_context":{"text":"Article similaire","link":""},"img":{"alt_text":"","src":"https:\/\/i0.wp.com\/artstella-elixirs-floraux.com\/wp-content\/uploads\/2025\/03\/wp-image433.png?resize=350%2C200&ssl=1","width":350,"height":200},"classes":[]}],"_links":{"self":[{"href":"https:\/\/artstella-elixirs-floraux.com\/fr_fr\/wp-json\/wp\/v2\/product\/5794","targetHints":{"allow":["GET"]}}],"collection":[{"href":"https:\/\/artstella-elixirs-floraux.com\/fr_fr\/wp-json\/wp\/v2\/product"}],"about":[{"href":"https:\/\/artstella-elixirs-floraux.com\/fr_fr\/wp-json\/wp\/v2\/types\/product"}],"version-history":[{"count":0,"href":"https:\/\/artstella-elixirs-floraux.com\/fr_fr\/wp-json\/wp\/v2\/product\/5794\/revisions"}],"wp:featuredmedia":[{"embeddable":true,"href":"https:\/\/artstella-elixirs-floraux.com\/fr_fr\/wp-json\/wp\/v2\/media\/5795"}],"wp:attachment":[{"href":"https:\/\/artstella-elixirs-floraux.com\/fr_fr\/wp-json\/wp\/v2\/media?parent=5794"}],"wp:term":[{"taxonomy":"product_brand","embeddable":true,"href":"https:\/\/artstella-elixirs-floraux.com\/fr_fr\/wp-json\/wp\/v2\/product_brand?post=5794"},{"taxonomy":"product_cat","embeddable":true,"href":"https:\/\/artstella-elixirs-floraux.com\/fr_fr\/wp-json\/wp\/v2\/product_cat?post=5794"},{"taxonomy":"product_tag","embeddable":true,"href":"https:\/\/artstella-elixirs-floraux.com\/fr_fr\/wp-json\/wp\/v2\/product_tag?post=5794"}],"curies":[{"name":"wp","href":"https:\/\/api.w.org\/{rel}","templated":true}]}}