{"id":5798,"date":"2025-03-09T13:48:29","date_gmt":"2025-03-09T13:48:29","guid":{"rendered":"https:\/\/artstella-elixirs-floraux.com\/product\/tabacum-15-ml-deva\/"},"modified":"2025-06-02T06:41:01","modified_gmt":"2025-06-02T06:41:01","slug":"tabacum-15-ml-deva","status":"publish","type":"product","link":"https:\/\/artstella-elixirs-floraux.com\/fr_fr\/produit\/tabacum-15-ml-deva\/","title":{"rendered":"Tabacum 15 ml DEVA"},"content":{"rendered":"","protected":false},"excerpt":{"rendered":"<p><strong><em>Tabac<\/em><\/strong><\/p>\n<p>Ouverture du coeur. Pour les temp\u00e9raments nerveux, secs et tendus qui ont perdu tout lien du coeur avec leur environnement.<\/p>\n","protected":false},"featured_media":5799,"template":"","meta":[],"product_brand":[],"product_cat":[183],"product_tag":[],"class_list":{"0":"post-5798","1":"product","2":"type-product","3":"status-publish","4":"has-post-thumbnail","6":"product_cat-les-elixirs-floraux-deva-unitaires","8":"first","9":"instock","10":"taxable","11":"shipping-taxable","12":"purchasable","13":"product-type-simple"},"etheme_brands":{"errors":{"invalid_taxonomy":["Taxonomie non valide."]},"error_data":[]},"jetpack_sharing_enabled":true,"jetpack-related-posts":[{"id":5666,"url":"https:\/\/artstella-elixirs-floraux.com\/fr_fr\/produit\/coeur-de-marie-15-ml-deva\/","url_meta":{"origin":5798,"position":0},"title":"Coeur de Marie 15 ml DEVA","author":"eveapprill","date":"9 mars 2025","format":false,"excerpt":"C\u0153ur de Marie Lib\u00e9ration des attachements \u00e9motionnels. Pour ceux qui vivent une exp\u00e9rience douloureuse de s\u00e9paration : perte d\u2019un \u00eatre cher, rupture relationnelle. Pour harmoniser les affaires de coeur dans une relation trop possessive.","rel":"","context":"Article similaire","block_context":{"text":"Article similaire","link":""},"img":{"alt_text":"","src":"https:\/\/i0.wp.com\/artstella-elixirs-floraux.com\/wp-content\/uploads\/2025\/03\/wp-image2389.png?resize=350%2C200&ssl=1","width":350,"height":200},"classes":[]},{"id":5702,"url":"https:\/\/artstella-elixirs-floraux.com\/fr_fr\/produit\/hibiscus-15-ml-deva\/","url_meta":{"origin":5798,"position":1},"title":"Hibiscus 15 ml DEVA","author":"eveapprill","date":"9 mars 2025","format":false,"excerpt":"Hibiscus Int\u00e9gration de l\u2019amour dans la sexualit\u00e9. Pour les femmes qui ont perdu tout \u00abfeeling\u00bb, tout contact avec leur sexualit\u00e9.","rel":"","context":"Article similaire","block_context":{"text":"Article similaire","link":""},"img":{"alt_text":"","src":"https:\/\/i0.wp.com\/artstella-elixirs-floraux.com\/wp-content\/uploads\/2025\/03\/wp-image2408.png?resize=350%2C200&ssl=1","width":350,"height":200},"classes":[]},{"id":4064,"url":"https:\/\/artstella-elixirs-floraux.com\/fr_fr\/produit\/quinoa-15-ml-sylfos\/","url_meta":{"origin":5798,"position":2},"title":"QUINOA SYLFOS","author":"eveapprill","date":"9 mars 2025","format":false,"excerpt":"QUINOA Chenopodium quinoa Ouverture du coeur, compassion. Favorise une ouverture du coeur profonde et sinc\u00e8re en d\u00e9veloppant l\u2019acceptation de soi et la compassion envers autrui.","rel":"","context":"Article similaire","block_context":{"text":"Article similaire","link":""},"img":{"alt_text":"","src":"","width":0,"height":0},"classes":[]},{"id":5310,"url":"https:\/\/artstella-elixirs-floraux.com\/fr_fr\/produit\/complexe-n15-courage-deva-30ml\/","url_meta":{"origin":5798,"position":3},"title":"COMPLEXE N\u00b015 Courage DEVA 30ML","author":"eveapprill","date":"9 mars 2025","format":false,"excerpt":"COMPLEXE N\u00b015 Courage DEVA 30 ml Le compos\u00e9 floral COURAGE permet de conserver son sang-froid au c\u0153ur des environnements d\u00e9stabilisants, lorsque les \u00e9motions collectives perturbent le libre-arbitre. Il renforce la confiance en l'avenir et donne le courage d'avancer. Il est recommand\u00e9 lors de tout travail sur soi.","rel":"","context":"Article similaire","block_context":{"text":"Article similaire","link":""},"img":{"alt_text":"","src":"https:\/\/i0.wp.com\/artstella-elixirs-floraux.com\/wp-content\/uploads\/2025\/03\/47113796-1beb-439b-ad17-62421c1f2753.jpg?resize=350%2C200&ssl=1","width":350,"height":200,"srcset":"https:\/\/i0.wp.com\/artstella-elixirs-floraux.com\/wp-content\/uploads\/2025\/03\/47113796-1beb-439b-ad17-62421c1f2753.jpg?resize=350%2C200&ssl=1 1x, https:\/\/i0.wp.com\/artstella-elixirs-floraux.com\/wp-content\/uploads\/2025\/03\/47113796-1beb-439b-ad17-62421c1f2753.jpg?resize=525%2C300&ssl=1 1.5x, https:\/\/i0.wp.com\/artstella-elixirs-floraux.com\/wp-content\/uploads\/2025\/03\/47113796-1beb-439b-ad17-62421c1f2753.jpg?resize=700%2C400&ssl=1 2x"},"classes":[]},{"id":6264,"url":"https:\/\/artstella-elixirs-floraux.com\/fr_fr\/produit\/yareta-15-ml-sylfos\/","url_meta":{"origin":5798,"position":4},"title":"YARETA 15 ML SYLFOS","author":"eveapprill","date":"9 mars 2025","format":false,"excerpt":"YARETA (Azorella compacta) Ouverture du c\u0153ur. Gu\u00e9rison des traumatismes et des pertes \u00e9motionnelles qui ont ferm\u00e9 le c\u0153ur Yareta permet de rouvrir \u00a0le c\u0153ur ferm\u00e9 par de grandes pertes, le rejet ou le manque d'affection qui ont pu cr\u00e9er froideur ou duret\u00e9.","rel":"","context":"Article similaire","block_context":{"text":"Article similaire","link":""},"img":{"alt_text":"","src":"https:\/\/i0.wp.com\/artstella-elixirs-floraux.com\/wp-content\/uploads\/2025\/03\/wp-image2222.png?resize=350%2C200&ssl=1","width":350,"height":200},"classes":[]},{"id":5629,"url":"https:\/\/artstella-elixirs-floraux.com\/fr_fr\/produit\/aubepine-15-ml\/","url_meta":{"origin":5798,"position":5},"title":"Aub\u00e9pine 15 ml","author":"eveapprill","date":"9 mars 2025","format":false,"excerpt":"Aub\u00e9pine Paix du c\u0153ur. Pour se lib\u00e9rer des influences ext\u00e9rieures et des attachements \u00e9motionnels. Adoucit la douleur de la s\u00e9paration et apaise le chagrin. Soulage les peines de coeur.","rel":"","context":"Article similaire","block_context":{"text":"Article similaire","link":""},"img":{"alt_text":"","src":"https:\/\/i0.wp.com\/artstella-elixirs-floraux.com\/wp-content\/uploads\/2025\/03\/wp-image1817.png?resize=350%2C200&ssl=1","width":350,"height":200},"classes":[]}],"_links":{"self":[{"href":"https:\/\/artstella-elixirs-floraux.com\/fr_fr\/wp-json\/wp\/v2\/product\/5798","targetHints":{"allow":["GET"]}}],"collection":[{"href":"https:\/\/artstella-elixirs-floraux.com\/fr_fr\/wp-json\/wp\/v2\/product"}],"about":[{"href":"https:\/\/artstella-elixirs-floraux.com\/fr_fr\/wp-json\/wp\/v2\/types\/product"}],"version-history":[{"count":0,"href":"https:\/\/artstella-elixirs-floraux.com\/fr_fr\/wp-json\/wp\/v2\/product\/5798\/revisions"}],"wp:featuredmedia":[{"embeddable":true,"href":"https:\/\/artstella-elixirs-floraux.com\/fr_fr\/wp-json\/wp\/v2\/media\/5799"}],"wp:attachment":[{"href":"https:\/\/artstella-elixirs-floraux.com\/fr_fr\/wp-json\/wp\/v2\/media?parent=5798"}],"wp:term":[{"taxonomy":"product_brand","embeddable":true,"href":"https:\/\/artstella-elixirs-floraux.com\/fr_fr\/wp-json\/wp\/v2\/product_brand?post=5798"},{"taxonomy":"product_cat","embeddable":true,"href":"https:\/\/artstella-elixirs-floraux.com\/fr_fr\/wp-json\/wp\/v2\/product_cat?post=5798"},{"taxonomy":"product_tag","embeddable":true,"href":"https:\/\/artstella-elixirs-floraux.com\/fr_fr\/wp-json\/wp\/v2\/product_tag?post=5798"}],"curies":[{"name":"wp","href":"https:\/\/api.w.org\/{rel}","templated":true}]}}