{"id":5800,"date":"2025-03-09T13:48:31","date_gmt":"2025-03-09T13:48:31","guid":{"rendered":"https:\/\/artstella-elixirs-floraux.com\/product\/tanaisie-15-ml-deva\/"},"modified":"2025-06-08T13:01:12","modified_gmt":"2025-06-08T13:01:12","slug":"tanaisie-15-ml-deva","status":"publish","type":"product","link":"https:\/\/artstella-elixirs-floraux.com\/fr_fr\/produit\/tanaisie-15-ml-deva\/","title":{"rendered":"Tanaisie 15 ml DEVA"},"content":{"rendered":"","protected":false},"excerpt":{"rendered":"<p><strong><em>Tanaisie<\/em><\/strong><\/p>\n<p>Esprit de d\u00e9cision, action. Pour les temp\u00e9raments ind\u00e9cis, lents et apathiques, qui refusent d\u2019agir, d\u2019aller de l\u2019avant et qui remettent toujours tout \u00e0 plus tard.<\/p>\n","protected":false},"featured_media":5801,"template":"","meta":[],"product_brand":[],"product_cat":[183],"product_tag":[],"class_list":{"0":"post-5800","1":"product","2":"type-product","3":"status-publish","4":"has-post-thumbnail","6":"product_cat-les-elixirs-floraux-deva-unitaires","8":"first","9":"instock","10":"taxable","11":"shipping-taxable","12":"purchasable","13":"product-type-simple"},"etheme_brands":{"errors":{"invalid_taxonomy":["Taxonomie non valide."]},"error_data":[]},"jetpack_sharing_enabled":true,"jetpack-related-posts":[{"id":5440,"url":"https:\/\/artstella-elixirs-floraux.com\/fr_fr\/produit\/tanaisie-tansy-10-ml\/","url_meta":{"origin":5800,"position":0},"title":"Tanaisie &#8211; Tansy 10 ml","author":"eveapprill","date":"9 mars 2025","format":false,"excerpt":"Tanaisie \/ Tanacetum vulgare - Tansy\u00a0 Pour sortir du doute et de l\u2019ind\u00e9cision, pour apprendre \u00e0 trancher et \u00e0 agir. Aide \u00e0 percevoir les processus de d\u00e9cisions et \u00e0 comprendre que tant que l\u2019on ne prend pas une d\u00e9cision, rien n\u2019arrivera.","rel":"","context":"Article similaire","block_context":{"text":"Article similaire","link":""},"img":{"alt_text":"","src":"","width":0,"height":0},"classes":[]},{"id":6193,"url":"https:\/\/artstella-elixirs-floraux.com\/fr_fr\/produit\/4-elements-compose-bloesem-remedies\/","url_meta":{"origin":5800,"position":1},"title":"4 ELEMENTS COMPOSE BLOESEM REMEDIES","author":"eveapprill","date":"9 mars 2025","format":false,"excerpt":"COMPOS\u00c9 4 ELEMENTS \u2013 4 ELEMENTEN COMBINATIE \u2013 permet d\u2019\u00eatre ouvert et chaleureux avec des autres tout en restant fid\u00e8le \u00e0 soi-m\u00eame. Le lien avec l\u2019\u00e2me et le but de l\u2019\u00e2me deviennent plus clair","rel":"","context":"Article similaire","block_context":{"text":"Article similaire","link":""},"img":{"alt_text":"","src":"https:\/\/i0.wp.com\/artstella-elixirs-floraux.com\/wp-content\/uploads\/2025\/03\/wp-image2192.png?resize=350%2C200&ssl=1","width":350,"height":200},"classes":[]}],"_links":{"self":[{"href":"https:\/\/artstella-elixirs-floraux.com\/fr_fr\/wp-json\/wp\/v2\/product\/5800","targetHints":{"allow":["GET"]}}],"collection":[{"href":"https:\/\/artstella-elixirs-floraux.com\/fr_fr\/wp-json\/wp\/v2\/product"}],"about":[{"href":"https:\/\/artstella-elixirs-floraux.com\/fr_fr\/wp-json\/wp\/v2\/types\/product"}],"version-history":[{"count":0,"href":"https:\/\/artstella-elixirs-floraux.com\/fr_fr\/wp-json\/wp\/v2\/product\/5800\/revisions"}],"wp:featuredmedia":[{"embeddable":true,"href":"https:\/\/artstella-elixirs-floraux.com\/fr_fr\/wp-json\/wp\/v2\/media\/5801"}],"wp:attachment":[{"href":"https:\/\/artstella-elixirs-floraux.com\/fr_fr\/wp-json\/wp\/v2\/media?parent=5800"}],"wp:term":[{"taxonomy":"product_brand","embeddable":true,"href":"https:\/\/artstella-elixirs-floraux.com\/fr_fr\/wp-json\/wp\/v2\/product_brand?post=5800"},{"taxonomy":"product_cat","embeddable":true,"href":"https:\/\/artstella-elixirs-floraux.com\/fr_fr\/wp-json\/wp\/v2\/product_cat?post=5800"},{"taxonomy":"product_tag","embeddable":true,"href":"https:\/\/artstella-elixirs-floraux.com\/fr_fr\/wp-json\/wp\/v2\/product_tag?post=5800"}],"curies":[{"name":"wp","href":"https:\/\/api.w.org\/{rel}","templated":true}]}}