{"id":5808,"date":"2025-03-09T13:48:36","date_gmt":"2025-03-09T13:48:36","guid":{"rendered":"https:\/\/artstella-elixirs-floraux.com\/product\/violette-des-bois-15-ml-deva\/"},"modified":"2025-06-08T13:01:12","modified_gmt":"2025-06-08T13:01:12","slug":"violette-des-bois-15-ml-deva","status":"publish","type":"product","link":"https:\/\/artstella-elixirs-floraux.com\/fr_fr\/produit\/violette-des-bois-15-ml-deva\/","title":{"rendered":"Violette des bois 15 ml DEVA"},"content":{"rendered":"","protected":false},"excerpt":{"rendered":"<p><strong><em>Violette des Bois<\/em><\/strong><\/p>\n<p>Sensibilit\u00e9 \u00e9panouie. Pour les temp\u00e9raments timides, vuln\u00e9rables, effac\u00e9s qui aiment la solitude. Aide \u00e0 communiquer et \u00e0 sortir d\u2019une trop grande discr\u00e9tion sans renier sa sensibilit\u00e9.<\/p>\n","protected":false},"featured_media":5809,"template":"","meta":[],"product_brand":[],"product_cat":[183],"product_tag":[],"class_list":{"0":"post-5808","1":"product","2":"type-product","3":"status-publish","4":"has-post-thumbnail","6":"product_cat-les-elixirs-floraux-deva-unitaires","8":"first","9":"instock","10":"taxable","11":"shipping-taxable","12":"purchasable","13":"product-type-simple"},"etheme_brands":{"errors":{"invalid_taxonomy":["Taxonomie non valide."]},"error_data":[]},"jetpack_sharing_enabled":true,"jetpack-related-posts":[{"id":2343,"url":"https:\/\/artstella-elixirs-floraux.com\/fr_fr\/produit\/white-violet-alaskan\/","url_meta":{"origin":5808,"position":0},"title":"White violet Alaskan","author":"eveapprill","date":"9 mars 2025","format":false,"excerpt":"White violet. Viola renifolia Claustrophobie ; peur de perdre son identit\u00e9 au sein d'un groupe ; incapacit\u00e9 \u00e0 exprimer sa sensibilit\u00e9 d'une mani\u00e8re ais\u00e9e.","rel":"","context":"Article similaire","block_context":{"text":"Article similaire","link":""},"img":{"alt_text":"","src":"https:\/\/i0.wp.com\/artstella-elixirs-floraux.com\/wp-content\/uploads\/2025\/03\/wp-image599.png?resize=350%2C200&ssl=1","width":350,"height":200},"classes":[]},{"id":2895,"url":"https:\/\/artstella-elixirs-floraux.com\/fr_fr\/produit\/water-violet-15-ml-phi\/","url_meta":{"origin":5808,"position":1},"title":"WATER VIOLET 15 ML PHI","author":"eveapprill","date":"9 mars 2025","format":false,"excerpt":"Water Violet (Hottonia palustris) (Hottonie des marais ou violette d\u2019eau) Nous aide \u00e0 sortir d'un isolement volontaire et \u00e0 accepter la proximit\u00e9 et l'aide des autres.","rel":"","context":"Article similaire","block_context":{"text":"Article similaire","link":""},"img":{"alt_text":"","src":"https:\/\/i0.wp.com\/artstella-elixirs-floraux.com\/wp-content\/uploads\/2025\/03\/wp-image1101.png?resize=350%2C200&ssl=1","width":350,"height":200},"classes":[]},{"id":3052,"url":"https:\/\/artstella-elixirs-floraux.com\/fr_fr\/produit\/sugilite-violette-phi-15-ml\/","url_meta":{"origin":5808,"position":2},"title":"SUGILITE VIOLETTE PHI 15 ML","author":"eveapprill","date":"9 mars 2025","format":false,"excerpt":"Sugilite violette (Violetter Sugilit) Aide \u00e0 l'int\u00e9gration de la spiritualit\u00e9 dans la vie quotidienne. Son action harmonise les \u00e9motions et aide \u00e0 dissoudre l'affliction et la m\u00e9lancolie.","rel":"","context":"Article similaire","block_context":{"text":"Article similaire","link":""},"img":{"alt_text":"","src":"https:\/\/i0.wp.com\/artstella-elixirs-floraux.com\/wp-content\/uploads\/2025\/03\/wp-image649.png?resize=350%2C200&ssl=1","width":350,"height":200},"classes":[]},{"id":3229,"url":"https:\/\/artstella-elixirs-floraux.com\/fr_fr\/produit\/violette-15-ml-phi\/","url_meta":{"origin":5808,"position":3},"title":"VIOLETTE 15 ML PHI","author":"eveapprill","date":"9 mars 2025","format":false,"excerpt":"Violette (Viola Hirta) (Veilchen) Pour les personnes qui se sentent isol\u00e9es dans un groupe. Nous apprenons \u00e0 nous ouvrir davantage aux autres et \u00e0 d\u00e9velopper chaleur et confiance dans nos rapports avec autrui. Facilite l'acc\u00e8s \u00e0 nos souvenirs.","rel":"","context":"Article similaire","block_context":{"text":"Article similaire","link":""},"img":{"alt_text":"","src":"https:\/\/i0.wp.com\/artstella-elixirs-floraux.com\/wp-content\/uploads\/2025\/03\/wp-image395.png?resize=350%2C200&ssl=1","width":350,"height":200},"classes":[]},{"id":4126,"url":"https:\/\/artstella-elixirs-floraux.com\/fr_fr\/produit\/capitan-violeta-sylfos-15ml-pap\/","url_meta":{"origin":5808,"position":4},"title":"CAPITAN VIOLETA SYLFOS 15ML PAP","author":"eveapprill","date":"9 mars 2025","format":false,"excerpt":"CAPITAN VIOLETA Nyctelius nyctelius Eveil spirituel \u2013 Initiation Cet \u00e9lixir et un catalyseur de transformation, qui permet de faire l\u2019exp\u00e9rience des rites de l\u2019initiation spirituelle... \u00a0","rel":"","context":"Article similaire","block_context":{"text":"Article similaire","link":""},"img":{"alt_text":"","src":"","width":0,"height":0},"classes":[]},{"id":5992,"url":"https:\/\/artstella-elixirs-floraux.com\/fr_fr\/produit\/cobre-violeta-sylfos-pap-15-ml\/","url_meta":{"origin":5808,"position":5},"title":"COBRE VIOLETA SYLFOS PAP 15 ml","author":"eveapprill","date":"9 mars 2025","format":false,"excerpt":"COBRE VIOLETA \/ CUIVRE VIOLET Lycaena helle Prosp\u00e9rit\u00e9 - Responsabilit\u00e9 Permet de comprendre que prosp\u00e9rit\u00e9 et abondance dont nous pouvons disposer d\u00e9pend uniquement de nous. Nous ne pouvons compter sur personne en dehors de nous; il faut chercher \u00e0 l\u2019int\u00e9rieur et nous connecter avec notre propre prosp\u00e9rit\u00e9.","rel":"","context":"Article similaire","block_context":{"text":"Article similaire","link":""},"img":{"alt_text":"","src":"","width":0,"height":0},"classes":[]}],"_links":{"self":[{"href":"https:\/\/artstella-elixirs-floraux.com\/fr_fr\/wp-json\/wp\/v2\/product\/5808","targetHints":{"allow":["GET"]}}],"collection":[{"href":"https:\/\/artstella-elixirs-floraux.com\/fr_fr\/wp-json\/wp\/v2\/product"}],"about":[{"href":"https:\/\/artstella-elixirs-floraux.com\/fr_fr\/wp-json\/wp\/v2\/types\/product"}],"version-history":[{"count":0,"href":"https:\/\/artstella-elixirs-floraux.com\/fr_fr\/wp-json\/wp\/v2\/product\/5808\/revisions"}],"wp:featuredmedia":[{"embeddable":true,"href":"https:\/\/artstella-elixirs-floraux.com\/fr_fr\/wp-json\/wp\/v2\/media\/5809"}],"wp:attachment":[{"href":"https:\/\/artstella-elixirs-floraux.com\/fr_fr\/wp-json\/wp\/v2\/media?parent=5808"}],"wp:term":[{"taxonomy":"product_brand","embeddable":true,"href":"https:\/\/artstella-elixirs-floraux.com\/fr_fr\/wp-json\/wp\/v2\/product_brand?post=5808"},{"taxonomy":"product_cat","embeddable":true,"href":"https:\/\/artstella-elixirs-floraux.com\/fr_fr\/wp-json\/wp\/v2\/product_cat?post=5808"},{"taxonomy":"product_tag","embeddable":true,"href":"https:\/\/artstella-elixirs-floraux.com\/fr_fr\/wp-json\/wp\/v2\/product_tag?post=5808"}],"curies":[{"name":"wp","href":"https:\/\/api.w.org\/{rel}","templated":true}]}}