{"id":5814,"date":"2025-03-09T13:48:40","date_gmt":"2025-03-09T13:48:40","guid":{"rendered":"https:\/\/artstella-elixirs-floraux.com\/product\/fourmi-ant-formicidae-15ml-phi\/"},"modified":"2025-04-29T14:11:10","modified_gmt":"2025-04-29T14:11:10","slug":"fourmi-ant-formicidae-15ml-phi","status":"publish","type":"product","link":"https:\/\/artstella-elixirs-floraux.com\/fr_fr\/produit\/fourmi-ant-formicidae-15ml-phi\/","title":{"rendered":"Fourmi (Ant) (Formicidae) 15ml PHI"},"content":{"rendered":"","protected":false},"excerpt":{"rendered":"<p><strong>Fourmi (Ant) (Formicidae)<\/strong>\u00a0<\/p>\n<p>L\u2019\u00e9lixir aide \u00e0 \u00e9quilibrer \u00e9nerg\u00e9tiquement l\u2019acidit\u00e9 dans le corps. Aide \u00e0 dissoudre les d\u00e9p\u00f4ts au niveau des articulations. Nous apprenons \u00e0 d\u00e9passer l\u2019\u00e9nergie de l\u2019\u00e9go au niveau du plexus solaire et \u00e0 d\u00e9velopper la volont\u00e9 et la d\u00e9termination au service du bien commun.<\/p>\n","protected":false},"featured_media":5815,"template":"","meta":[],"product_brand":[],"product_cat":[188],"product_tag":[],"class_list":{"0":"post-5814","1":"product","2":"type-product","3":"status-publish","4":"has-post-thumbnail","6":"product_cat-les-nouveax-elixirs-d-animaux-par-phi","8":"first","9":"instock","10":"taxable","11":"shipping-taxable","12":"purchasable","13":"product-type-simple"},"etheme_brands":{"errors":{"invalid_taxonomy":["Taxonomie non valide."]},"error_data":[]},"jetpack_sharing_enabled":true,"jetpack-related-posts":[{"id":4292,"url":"https:\/\/artstella-elixirs-floraux.com\/fr_fr\/produit\/ant-fourmi-wea-30-ml\/","url_meta":{"origin":5814,"position":0},"title":"ANT\/FOURMI WEA 30 ML","author":"eveapprill","date":"9 mars 2025","format":false,"excerpt":"Ant (fourmi) Infatigable au travail\u00a0; excellente productivit\u00e9\u00a0; action pr\u00e9cise\u00a0; engagement\u00a0; accomplir\u00a0; efficacit\u00e9 prodigieuse\u00a0; service communautaire.","rel":"","context":"Article similaire","block_context":{"text":"Article similaire","link":""},"img":{"alt_text":"","src":"https:\/\/i0.wp.com\/artstella-elixirs-floraux.com\/wp-content\/uploads\/2025\/03\/wp-image2283.png?resize=350%2C200&ssl=1","width":350,"height":200,"srcset":"https:\/\/i0.wp.com\/artstella-elixirs-floraux.com\/wp-content\/uploads\/2025\/03\/wp-image2283.png?resize=350%2C200&ssl=1 1x, https:\/\/i0.wp.com\/artstella-elixirs-floraux.com\/wp-content\/uploads\/2025\/03\/wp-image2283.png?resize=525%2C300&ssl=1 1.5x, https:\/\/i0.wp.com\/artstella-elixirs-floraux.com\/wp-content\/uploads\/2025\/03\/wp-image2283.png?resize=700%2C400&ssl=1 2x"},"classes":[]},{"id":3938,"url":"https:\/\/artstella-elixirs-floraux.com\/fr_fr\/produit\/fourmi-phi-15-ml\/","url_meta":{"origin":5814,"position":1},"title":"FOURMI PHI 15 ML","author":"eveapprill","date":"27 mai 2025","format":false,"excerpt":"Fourmi (Formicoidea) Ameise\u00a0 Il aide \u00e0 r\u00e9guler \u00e9nerg\u00e9tiquement l'acidit\u00e9 dans le corps,","rel":"","context":"Article similaire","block_context":{"text":"Article similaire","link":""},"img":{"alt_text":"","src":"","width":0,"height":0},"classes":[]},{"id":5532,"url":"https:\/\/artstella-elixirs-floraux.com\/fr_fr\/produit\/coffret-10-animaux-n2-phi-15ml\/","url_meta":{"origin":5814,"position":2},"title":"COFFRET 10 ANIMAUX N\u00b02 PHI 15ML","author":"eveapprill","date":"9 mars 2025","format":false,"excerpt":"Coffret n\u00b0 2 10 \u00e9lixirs d'animaux Contient : Alligator, Lamantin, Anaconda, Fourmi, Abeille, Chameau, Flamant rouge, Gibbon, Girafe, Gorille.","rel":"","context":"Article similaire","block_context":{"text":"Article similaire","link":""},"img":{"alt_text":"","src":"https:\/\/i0.wp.com\/artstella-elixirs-floraux.com\/wp-content\/uploads\/2025\/03\/wp-image1761.png?resize=350%2C200&ssl=1","width":350,"height":200},"classes":[]},{"id":6054,"url":"https:\/\/artstella-elixirs-floraux.com\/fr_fr\/produit\/elixir-ocean-n13-phi-15ml\/","url_meta":{"origin":5814,"position":3},"title":"ELIXIR OCEAN N\u00b013 PHI 15ML","author":"eveapprill","date":"9 mars 2025","format":false,"excerpt":"Cet \u00e9lixir aide \u00e9motionnellement les personnes sensibles, facilement bless\u00e9es qui se trouvent invisibles au contact des autres. Il les aide \u00e0 se renforcer et \u00e0 devenir plus souples. Pour se sentir plus l\u00e9gitime et avancer plus surement.","rel":"","context":"Article similaire","block_context":{"text":"Article similaire","link":""},"img":{"alt_text":"","src":"https:\/\/i0.wp.com\/artstella-elixirs-floraux.com\/wp-content\/uploads\/2025\/03\/wp-image2051.png?resize=350%2C200&ssl=1","width":350,"height":200},"classes":[]},{"id":6050,"url":"https:\/\/artstella-elixirs-floraux.com\/fr_fr\/produit\/elixir-ocean-n11-phi-15ml\/","url_meta":{"origin":5814,"position":4},"title":"ELIXIR OCEAN N\u00b011 PHI 15ML","author":"eveapprill","date":"9 mars 2025","format":false,"excerpt":"L\u2019\u00e9lixir soutient les processus m\u00e9taboliques et l\u2019\u00e9limination. Psychosomatique de l\u2019intestin. Nous rassure \u00e9nerg\u00e9tiquement au niveau de nos \u00e9motions. Nous comprenons mieux les \u00e9v\u00e9nements et les \u00e9motions et pouvons ainsi mieux les appr\u00e9hender. Soutien et protection \u00e9nerg\u00e9tique de l\u2019organisme.","rel":"","context":"Article similaire","block_context":{"text":"Article similaire","link":""},"img":{"alt_text":"","src":"https:\/\/i0.wp.com\/artstella-elixirs-floraux.com\/wp-content\/uploads\/2025\/03\/wp-image2049.png?resize=350%2C200&ssl=1","width":350,"height":200},"classes":[]},{"id":5089,"url":"https:\/\/artstella-elixirs-floraux.com\/fr_fr\/produit\/mangano-calcite-7-5-ml-gem-sup\/","url_meta":{"origin":5814,"position":5},"title":"MANGANO CALCITE 7.5 ML GEM SUP","author":"eveapprill","date":"9 mars 2025","format":false,"excerpt":"Mangano Calcite \u2013 Manganocalcite Indication : C\u0153ur bris\u00e9; accumulation de souffrances \u00e9motionnelles dues \u00e0 des exp\u00e9riences pass\u00e9es d\u2019abus ou de perte\u00a0; anxi\u00e9t\u00e9 de s\u00e9paration\u00a0; coinc\u00e9 dans l\u2019amertume et la critique\u00a0; sensation d\u2019ins\u00e9curit\u00e9 dans le c\u0153ur et le corps","rel":"","context":"Article similaire","block_context":{"text":"Article similaire","link":""},"img":{"alt_text":"","src":"https:\/\/i0.wp.com\/artstella-elixirs-floraux.com\/wp-content\/uploads\/2025\/03\/wp-image1414.png?resize=350%2C200&ssl=1","width":350,"height":200},"classes":[]}],"_links":{"self":[{"href":"https:\/\/artstella-elixirs-floraux.com\/fr_fr\/wp-json\/wp\/v2\/product\/5814","targetHints":{"allow":["GET"]}}],"collection":[{"href":"https:\/\/artstella-elixirs-floraux.com\/fr_fr\/wp-json\/wp\/v2\/product"}],"about":[{"href":"https:\/\/artstella-elixirs-floraux.com\/fr_fr\/wp-json\/wp\/v2\/types\/product"}],"version-history":[{"count":0,"href":"https:\/\/artstella-elixirs-floraux.com\/fr_fr\/wp-json\/wp\/v2\/product\/5814\/revisions"}],"wp:featuredmedia":[{"embeddable":true,"href":"https:\/\/artstella-elixirs-floraux.com\/fr_fr\/wp-json\/wp\/v2\/media\/5815"}],"wp:attachment":[{"href":"https:\/\/artstella-elixirs-floraux.com\/fr_fr\/wp-json\/wp\/v2\/media?parent=5814"}],"wp:term":[{"taxonomy":"product_brand","embeddable":true,"href":"https:\/\/artstella-elixirs-floraux.com\/fr_fr\/wp-json\/wp\/v2\/product_brand?post=5814"},{"taxonomy":"product_cat","embeddable":true,"href":"https:\/\/artstella-elixirs-floraux.com\/fr_fr\/wp-json\/wp\/v2\/product_cat?post=5814"},{"taxonomy":"product_tag","embeddable":true,"href":"https:\/\/artstella-elixirs-floraux.com\/fr_fr\/wp-json\/wp\/v2\/product_tag?post=5814"}],"curies":[{"name":"wp","href":"https:\/\/api.w.org\/{rel}","templated":true}]}}