{"id":5820,"date":"2025-03-09T13:48:44","date_gmt":"2025-03-09T13:48:44","guid":{"rendered":"https:\/\/artstella-elixirs-floraux.com\/product\/flamant-des-caraibes-ou-flamant-rouge15-ml-phi\/"},"modified":"2025-06-08T13:01:11","modified_gmt":"2025-06-08T13:01:11","slug":"flamant-des-caraibes-ou-flamant-rouge15-ml-phi","status":"publish","type":"product","link":"https:\/\/artstella-elixirs-floraux.com\/fr_fr\/produit\/flamant-des-caraibes-ou-flamant-rouge15-ml-phi\/","title":{"rendered":"Flamant des Cara\u00efbes ou flamant rouge15 ml PHI"},"content":{"rendered":"","protected":false},"excerpt":{"rendered":"<p><strong>Flamant des Cara\u00efbes ou flamant rouge &#8211; Flamingo (Phoenicopterus ruber)\u00a0<\/strong><\/p>\n<p>Cet \u00e9lixir peut nous aider \u00e0 trouver une meilleure posture. Il nous aide \u00e0 nous redresser int\u00e9rieurement et \u00e0 \u00eatre plus honn\u00eate aussi bien envers nous-m\u00eames que les autres. Ainsi nous pouvons d\u00e9velopper une meilleure vie sociale, en nous respectant nous-m\u00eames et les autres.<\/p>\n","protected":false},"featured_media":5821,"template":"","meta":[],"product_brand":[],"product_cat":[188],"product_tag":[],"class_list":{"0":"post-5820","1":"product","2":"type-product","3":"status-publish","4":"has-post-thumbnail","6":"product_cat-les-nouveax-elixirs-d-animaux-par-phi","8":"first","9":"instock","10":"taxable","11":"shipping-taxable","12":"purchasable","13":"product-type-simple"},"etheme_brands":{"errors":{"invalid_taxonomy":["Taxonomie non valide."]},"error_data":[]},"jetpack_sharing_enabled":true,"jetpack-related-posts":[{"id":1924,"url":"https:\/\/artstella-elixirs-floraux.com\/fr_fr\/produit\/flamant-phi-15ml\/","url_meta":{"origin":5820,"position":0},"title":"FLAMANT PHI 15ML","author":"eveapprill","date":"27 mai 2025","format":false,"excerpt":"","rel":"","context":"Article similaire","block_context":{"text":"Article similaire","link":""},"img":{"alt_text":"","src":"","width":0,"height":0},"classes":[]},{"id":2659,"url":"https:\/\/artstella-elixirs-floraux.com\/fr_fr\/produit\/illawara-flame-tree-15-ml-bush\/","url_meta":{"origin":5820,"position":1},"title":"ILLAWARA FLAME TREE 15 ML BUSH","author":"eveapprill","date":"9 mars 2025","format":false,"excerpt":"Illawarra Flame Tree Sentiment de rejet, peur d\u2019assumer des responsabilit\u00e9s. Avoir confiance en soi, force inn\u00e9e, ind\u00e9pendance.","rel":"","context":"Article similaire","block_context":{"text":"Article similaire","link":""},"img":{"alt_text":"","src":"https:\/\/i0.wp.com\/artstella-elixirs-floraux.com\/wp-content\/uploads\/2025\/03\/wp-image609.png?resize=350%2C200&ssl=1","width":350,"height":200},"classes":[]},{"id":4310,"url":"https:\/\/artstella-elixirs-floraux.com\/fr_fr\/produit\/flamingo-flamant-wea-30-ml\/","url_meta":{"origin":5820,"position":2},"title":"FLAMINGO\/FLAMANT WEA 30 ML","author":"eveapprill","date":"9 mars 2025","format":false,"excerpt":"Flamingo (flamand rose) Int\u00e9gration personnifi\u00e9e du Ciel et dela Terre\u00a0; ancrage des \u00e9nergies sup\u00e9rieures\u00a0; expansion spirituelle.","rel":"","context":"Article similaire","block_context":{"text":"Article similaire","link":""},"img":{"alt_text":"","src":"https:\/\/i0.wp.com\/artstella-elixirs-floraux.com\/wp-content\/uploads\/2025\/03\/wp-image2292.png?resize=350%2C200&ssl=1","width":350,"height":200,"srcset":"https:\/\/i0.wp.com\/artstella-elixirs-floraux.com\/wp-content\/uploads\/2025\/03\/wp-image2292.png?resize=350%2C200&ssl=1 1x, https:\/\/i0.wp.com\/artstella-elixirs-floraux.com\/wp-content\/uploads\/2025\/03\/wp-image2292.png?resize=525%2C300&ssl=1 1.5x, https:\/\/i0.wp.com\/artstella-elixirs-floraux.com\/wp-content\/uploads\/2025\/03\/wp-image2292.png?resize=700%2C400&ssl=1 2x"},"classes":[]},{"id":2729,"url":"https:\/\/artstella-elixirs-floraux.com\/fr_fr\/produit\/dynamis-dynamisme-bush-30ml\/","url_meta":{"origin":5820,"position":3},"title":"DYNAMIS Dynamisme BUSH 30ml","author":"eveapprill","date":"9 mars 2025","format":false,"excerpt":"Dynamis -\u00a0Dynamisme A utiliser par ceux qui ne se sentent pas \u00ab\u00a0bien dans leur peau\u00a0\u00bb.\u00a0 Il renouvelle l'enthousiasme et la joie de vivre. Compos\u00e9 de Illawara Flame Tree, OId Man Banksia, clama, Macrocarpa Banksia Robur et de Yellow Cowslip Orchid.","rel":"","context":"Article similaire","block_context":{"text":"Article similaire","link":""},"img":{"alt_text":"","src":"https:\/\/i0.wp.com\/artstella-elixirs-floraux.com\/wp-content\/uploads\/2025\/03\/12a9bccb-7db2-4d6e-aaee-83e9bd5dd99a.jpg?resize=350%2C200&ssl=1","width":350,"height":200,"srcset":"https:\/\/i0.wp.com\/artstella-elixirs-floraux.com\/wp-content\/uploads\/2025\/03\/12a9bccb-7db2-4d6e-aaee-83e9bd5dd99a.jpg?resize=350%2C200&ssl=1 1x, https:\/\/i0.wp.com\/artstella-elixirs-floraux.com\/wp-content\/uploads\/2025\/03\/12a9bccb-7db2-4d6e-aaee-83e9bd5dd99a.jpg?resize=525%2C300&ssl=1 1.5x, https:\/\/i0.wp.com\/artstella-elixirs-floraux.com\/wp-content\/uploads\/2025\/03\/12a9bccb-7db2-4d6e-aaee-83e9bd5dd99a.jpg?resize=700%2C400&ssl=1 2x"},"classes":[]},{"id":5532,"url":"https:\/\/artstella-elixirs-floraux.com\/fr_fr\/produit\/coffret-10-animaux-n2-phi-15ml\/","url_meta":{"origin":5820,"position":4},"title":"COFFRET 10 ANIMAUX N\u00b02 PHI 15ML","author":"eveapprill","date":"9 mars 2025","format":false,"excerpt":"Coffret n\u00b0 2 10 \u00e9lixirs d'animaux Contient : Alligator, Lamantin, Anaconda, Fourmi, Abeille, Chameau, Flamant rouge, Gibbon, Girafe, Gorille.","rel":"","context":"Article similaire","block_context":{"text":"Article similaire","link":""},"img":{"alt_text":"","src":"https:\/\/i0.wp.com\/artstella-elixirs-floraux.com\/wp-content\/uploads\/2025\/03\/wp-image1761.png?resize=350%2C200&ssl=1","width":350,"height":200},"classes":[]},{"id":3748,"url":"https:\/\/artstella-elixirs-floraux.com\/fr_fr\/produit\/nuns-dome-coiffe-cuba-15ml-phi\/","url_meta":{"origin":5820,"position":5},"title":"NUNS DOME COIFFE (CUBA) 15ML PHI","author":"eveapprill","date":"9 mars 2025","format":false,"excerpt":"NONNENHAUBE Prosthechea cochleata\u00a0\u00ab\u00a0Voilette de nonne\u00a0\u00bbOrchid\u00e9e en forme d\u2019ange avec une voilette sur la t\u00eate. C\u2019est une esp\u00e8ce end\u00e9mique des Cara\u00efbes.","rel":"","context":"Article similaire","block_context":{"text":"Article similaire","link":""},"img":{"alt_text":"","src":"","width":0,"height":0},"classes":[]}],"_links":{"self":[{"href":"https:\/\/artstella-elixirs-floraux.com\/fr_fr\/wp-json\/wp\/v2\/product\/5820","targetHints":{"allow":["GET"]}}],"collection":[{"href":"https:\/\/artstella-elixirs-floraux.com\/fr_fr\/wp-json\/wp\/v2\/product"}],"about":[{"href":"https:\/\/artstella-elixirs-floraux.com\/fr_fr\/wp-json\/wp\/v2\/types\/product"}],"version-history":[{"count":0,"href":"https:\/\/artstella-elixirs-floraux.com\/fr_fr\/wp-json\/wp\/v2\/product\/5820\/revisions"}],"wp:featuredmedia":[{"embeddable":true,"href":"https:\/\/artstella-elixirs-floraux.com\/fr_fr\/wp-json\/wp\/v2\/media\/5821"}],"wp:attachment":[{"href":"https:\/\/artstella-elixirs-floraux.com\/fr_fr\/wp-json\/wp\/v2\/media?parent=5820"}],"wp:term":[{"taxonomy":"product_brand","embeddable":true,"href":"https:\/\/artstella-elixirs-floraux.com\/fr_fr\/wp-json\/wp\/v2\/product_brand?post=5820"},{"taxonomy":"product_cat","embeddable":true,"href":"https:\/\/artstella-elixirs-floraux.com\/fr_fr\/wp-json\/wp\/v2\/product_cat?post=5820"},{"taxonomy":"product_tag","embeddable":true,"href":"https:\/\/artstella-elixirs-floraux.com\/fr_fr\/wp-json\/wp\/v2\/product_tag?post=5820"}],"curies":[{"name":"wp","href":"https:\/\/api.w.org\/{rel}","templated":true}]}}