{"id":5826,"date":"2025-03-09T13:48:49","date_gmt":"2025-03-09T13:48:49","guid":{"rendered":"https:\/\/artstella-elixirs-floraux.com\/product\/colibri-hummingbird-phi-calypte-costae15-ml-phi\/"},"modified":"2025-04-29T14:11:06","modified_gmt":"2025-04-29T14:11:06","slug":"colibri-hummingbird-phi-calypte-costae15-ml-phi","status":"publish","type":"product","link":"https:\/\/artstella-elixirs-floraux.com\/fr_fr\/produit\/colibri-hummingbird-phi-calypte-costae15-ml-phi\/","title":{"rendered":"Colibri &#8211; Hummingbird PHI (Calypte costae)15 ml PHI"},"content":{"rendered":"","protected":false},"excerpt":{"rendered":"<p><strong>Colibri &#8211; Hummingbird (Calypte costae)\u00a0<\/strong><\/p>\n<p>Cet \u00e9lixir qui am\u00e9liore la performance est rafra\u00eechissant au niveau des corps physique, \u00e9motionnel et mental. Nous apprenons \u00e0 rel\u00e2cher des sch\u00e9mas anciens et \u00e0 nous ouvrir \u00e0 de nouvelles formes pens\u00e9es. C\u2019est un \u00e9lixir de l\u00e9g\u00e8ret\u00e9.<\/p>\n","protected":false},"featured_media":5827,"template":"","meta":[],"product_brand":[],"product_cat":[188],"product_tag":[],"class_list":{"0":"post-5826","1":"product","2":"type-product","3":"status-publish","4":"has-post-thumbnail","6":"product_cat-les-nouveax-elixirs-d-animaux-par-phi","8":"first","9":"instock","10":"taxable","11":"shipping-taxable","12":"purchasable","13":"product-type-simple"},"etheme_brands":{"errors":{"invalid_taxonomy":["Taxonomie non valide."]},"error_data":[]},"jetpack_sharing_enabled":true,"jetpack-related-posts":[{"id":1928,"url":"https:\/\/artstella-elixirs-floraux.com\/fr_fr\/produit\/colibri-phi-15ml\/","url_meta":{"origin":5826,"position":0},"title":"COLIBRI PHI 15ML","author":"eveapprill","date":"27 mai 2025","format":false,"excerpt":"","rel":"","context":"Article similaire","block_context":{"text":"Article similaire","link":""},"img":{"alt_text":"","src":"","width":0,"height":0},"classes":[]},{"id":6052,"url":"https:\/\/artstella-elixirs-floraux.com\/fr_fr\/produit\/elixir-ocean-n12-phi-15ml\/","url_meta":{"origin":5826,"position":1},"title":"ELIXIR OCEAN N\u00b012 PHI 15ML","author":"eveapprill","date":"9 mars 2025","format":false,"excerpt":"L\u2019\u00e9lixir nous ram\u00e8ne au tout d\u00e9but, \u00e0 la cr\u00e9ation divine. Il nous relie avec l\u2019information originelle, pure, qui est aussi contenue dans les toutes premi\u00e8res cellules. Equilibre le plexus solaire et le chakra du c\u0153ur. Harmonise et \u00e9quilibre le sentiment d\u2019\u00eatre reli\u00e9 \u00e0 la Source.","rel":"","context":"Article similaire","block_context":{"text":"Article similaire","link":""},"img":{"alt_text":"","src":"https:\/\/i0.wp.com\/artstella-elixirs-floraux.com\/wp-content\/uploads\/2025\/03\/wp-image2050.png?resize=350%2C200&ssl=1","width":350,"height":200},"classes":[]},{"id":6048,"url":"https:\/\/artstella-elixirs-floraux.com\/fr_fr\/produit\/elixir-ocean-n10-phi-15ml\/","url_meta":{"origin":5826,"position":2},"title":"ELIXIR OCEAN N\u00b010 PHI 15ML","author":"eveapprill","date":"9 mars 2025","format":false,"excerpt":"L\u2019\u00e9lixir aide \u00e0 \u00e9quilibrer nos \u00e9motions et notre Ego. De cette fa\u00e7on, nous pouvons mieux nous int\u00e9grer dans un groupe et agir de fa\u00e7on coordonn\u00e9e. Il nous aide \u00e9nerg\u00e9tiquement (cellules, groupes) \u00e0 int\u00e9grer des structures et soutient la collaboration pour le succ\u00e8s de tous. Coordination et harmonisation.","rel":"","context":"Article similaire","block_context":{"text":"Article similaire","link":""},"img":{"alt_text":"","src":"https:\/\/i0.wp.com\/artstella-elixirs-floraux.com\/wp-content\/uploads\/2025\/03\/wp-image2048.png?resize=350%2C200&ssl=1","width":350,"height":200},"classes":[]},{"id":6213,"url":"https:\/\/artstella-elixirs-floraux.com\/fr_fr\/produit\/elixir-ocean-n-27-phi-15ml\/","url_meta":{"origin":5826,"position":3},"title":"ELIXIR OCEAN N\u00b0 27 PHI 15ml","author":"eveapprill","date":"9 mars 2025","format":false,"excerpt":"ELIXIR OCEAN N\u00b0 27 Dans les temps incertains cet \u00e9lixir aide \u00e0 retrouver confiance. En renfor\u00e7ant\u00a0 la confiance, il nous aide \u00e0 mieux ma\u00eetriser les situations difficiles de la vie. Avec confiance et pers\u00e9v\u00e9rance, nous pouvons ne pas abandonner et \u00e0 garder le cap.","rel":"","context":"Article similaire","block_context":{"text":"Article similaire","link":""},"img":{"alt_text":"","src":"https:\/\/i0.wp.com\/artstella-elixirs-floraux.com\/wp-content\/uploads\/2025\/03\/wp-image2201.png?resize=350%2C200&ssl=1","width":350,"height":200},"classes":[]},{"id":6064,"url":"https:\/\/artstella-elixirs-floraux.com\/fr_fr\/produit\/elixir-ocean-n18-phi-15ml\/","url_meta":{"origin":5826,"position":4},"title":"ELIXIR OCEAN N\u00b018 PHI 15ML","author":"eveapprill","date":"9 mars 2025","format":false,"excerpt":"L\u2019\u00e9lixir aide \u00e0 nettoyer le corps mental. Son action commence dans la zone de la t\u00eate, les pens\u00e9es peuvent s\u2019\u00e9claircir et \u00eatre trait\u00e9es avec plus de facilit\u00e9. La t\u00eate est libre, les pens\u00e9es claires et conscientes. Ensuite, cette lumi\u00e8re coule dans le corps.","rel":"","context":"Article similaire","block_context":{"text":"Article similaire","link":""},"img":{"alt_text":"","src":"","width":0,"height":0},"classes":[]},{"id":6058,"url":"https:\/\/artstella-elixirs-floraux.com\/fr_fr\/produit\/elixir-ocean-n15-phi-15-ml\/","url_meta":{"origin":5826,"position":5},"title":"ELIXIR OCEAN N\u00b015 PHI 15 ML","author":"eveapprill","date":"9 mars 2025","format":false,"excerpt":"L\u2019\u00e9lixir nous ram\u00e8ne \u00e0 l\u2019origine, \u00e0 l\u2019information de la toute premi\u00e8re cellule apr\u00e8s la fusion de l\u2019ADN dans le processus de cr\u00e9ation de la vie. Nous nous rappelons de l\u2019information originelle, sans perturbation, inchang\u00e9e, le moment de la cr\u00e9ation divine, l\u2019essence de l\u2019origine en nous.","rel":"","context":"Article similaire","block_context":{"text":"Article similaire","link":""},"img":{"alt_text":"","src":"https:\/\/i0.wp.com\/artstella-elixirs-floraux.com\/wp-content\/uploads\/2025\/03\/wp-image2053.png?resize=350%2C200&ssl=1","width":350,"height":200},"classes":[]}],"_links":{"self":[{"href":"https:\/\/artstella-elixirs-floraux.com\/fr_fr\/wp-json\/wp\/v2\/product\/5826","targetHints":{"allow":["GET"]}}],"collection":[{"href":"https:\/\/artstella-elixirs-floraux.com\/fr_fr\/wp-json\/wp\/v2\/product"}],"about":[{"href":"https:\/\/artstella-elixirs-floraux.com\/fr_fr\/wp-json\/wp\/v2\/types\/product"}],"version-history":[{"count":0,"href":"https:\/\/artstella-elixirs-floraux.com\/fr_fr\/wp-json\/wp\/v2\/product\/5826\/revisions"}],"wp:featuredmedia":[{"embeddable":true,"href":"https:\/\/artstella-elixirs-floraux.com\/fr_fr\/wp-json\/wp\/v2\/media\/5827"}],"wp:attachment":[{"href":"https:\/\/artstella-elixirs-floraux.com\/fr_fr\/wp-json\/wp\/v2\/media?parent=5826"}],"wp:term":[{"taxonomy":"product_brand","embeddable":true,"href":"https:\/\/artstella-elixirs-floraux.com\/fr_fr\/wp-json\/wp\/v2\/product_brand?post=5826"},{"taxonomy":"product_cat","embeddable":true,"href":"https:\/\/artstella-elixirs-floraux.com\/fr_fr\/wp-json\/wp\/v2\/product_cat?post=5826"},{"taxonomy":"product_tag","embeddable":true,"href":"https:\/\/artstella-elixirs-floraux.com\/fr_fr\/wp-json\/wp\/v2\/product_tag?post=5826"}],"curies":[{"name":"wp","href":"https:\/\/api.w.org\/{rel}","templated":true}]}}