{"id":5836,"date":"2025-03-09T13:48:55","date_gmt":"2025-03-09T13:48:55","guid":{"rendered":"https:\/\/artstella-elixirs-floraux.com\/product\/pingouin-penguin-spheniscus-humboldtii15-ml-phi\/"},"modified":"2025-06-08T12:49:24","modified_gmt":"2025-06-08T12:49:24","slug":"pingouin-penguin-spheniscus-humboldtii15-ml-phi","status":"publish","type":"product","link":"https:\/\/artstella-elixirs-floraux.com\/fr_fr\/produit\/pingouin-penguin-spheniscus-humboldtii15-ml-phi\/","title":{"rendered":"Pingouin &#8211; Penguin (Spheniscus humboldtii)15 ml PHI"},"content":{"rendered":"","protected":false},"excerpt":{"rendered":"<p><strong>Pingouin &#8211; Penguin (Spheniscus humboldtii)\u00a0<\/strong><\/p>\n<p>Cet \u00e9lixir nous aide \u00e0 d\u00e9passer les peurs et \u00e0 apprendre \u00e0 faire confiance. Il accro\u00eet notre confiance et notre capacit\u00e9 \u00e0 nous adapter \u00e0 des situations nouvelles.<\/p>\n","protected":false},"featured_media":5837,"template":"","meta":[],"product_brand":[],"product_cat":[188],"product_tag":[],"class_list":{"0":"post-5836","1":"product","2":"type-product","3":"status-publish","4":"has-post-thumbnail","6":"product_cat-les-nouveax-elixirs-d-animaux-par-phi","8":"first","9":"instock","10":"taxable","11":"shipping-taxable","12":"purchasable","13":"product-type-simple"},"etheme_brands":{"errors":{"invalid_taxonomy":["Taxonomie non valide."]},"error_data":[]},"jetpack_sharing_enabled":true,"jetpack-related-posts":[{"id":4105,"url":"https:\/\/artstella-elixirs-floraux.com\/fr_fr\/produit\/pingouin-el-chamaniques-15-ml\/","url_meta":{"origin":5836,"position":0},"title":"PINGOUIN EL CHAMANIQUES 15 ML","author":"eveapprill","date":"9 mars 2025","format":false,"excerpt":"PING\u00dcINO \/ PINGOUIN\u00a0 Agilit\u00e9 \u2013 Jeux \u2013 Esprit communautaire.\u00a0\u00a0 Pour sortir des situations bloqu\u00e9es, quitter les \u00e9tats de d\u00e9pression l\u00e9g\u00e8re ou de peur, surtout pour les personnes ayant tendance \u00e0 \u00eatre pr\u00e9occup\u00e9es.","rel":"","context":"Article similaire","block_context":{"text":"Article similaire","link":""},"img":{"alt_text":"","src":"https:\/\/i0.wp.com\/artstella-elixirs-floraux.com\/wp-content\/uploads\/2025\/03\/wp-image766.png?resize=350%2C200&ssl=1","width":350,"height":200},"classes":[]},{"id":1932,"url":"https:\/\/artstella-elixirs-floraux.com\/fr_fr\/produit\/pingouin-phi-15ml\/","url_meta":{"origin":5836,"position":1},"title":"PINGOUIN PHI 15ML","author":"eveapprill","date":"27 mai 2025","format":false,"excerpt":"","rel":"","context":"Article similaire","block_context":{"text":"Article similaire","link":""},"img":{"alt_text":"","src":"","width":0,"height":0},"classes":[]},{"id":5534,"url":"https:\/\/artstella-elixirs-floraux.com\/fr_fr\/produit\/coffret-10-elixirs-danimaux-n-3-15ml\/","url_meta":{"origin":5836,"position":2},"title":"COFFRET 10 \u00e9lixirs d&rsquo;ANIMAUX N\u00b0 3 15ML","author":"eveapprill","date":"9 mars 2025","format":false,"excerpt":"Coffret 10 \u00e9lixirs d'animaux 15ml : Colibri, Lama, L\u00e9zard, pandan, Perroquet, Pingouin, Scorpion, Paresseux \u00e0 2 doigts, L\u00e9opard des neiges, Ours \u00e0 lunettes","rel":"","context":"Article similaire","block_context":{"text":"Article similaire","link":""},"img":{"alt_text":"","src":"https:\/\/i0.wp.com\/artstella-elixirs-floraux.com\/wp-content\/uploads\/2025\/03\/wp-image1762.png?resize=350%2C200&ssl=1","width":350,"height":200},"classes":[]},{"id":2725,"url":"https:\/\/artstella-elixirs-floraux.com\/fr_fr\/produit\/confid-confiance-bush-30ml\/","url_meta":{"origin":5836,"position":3},"title":"CONFID Confiance BUSH 30ml","author":"eveapprill","date":"9 mars 2025","format":false,"excerpt":"Confid -\u00a0Confiance Fait na\u00eetre les qualit\u00e9s positives que sont la confiance en soi et l'amour propre. Permet de se sentir \u00e0 l'aise et de combattre tous les complexes d'inf\u00e9riorit\u00e9 ainsi que tout sentiment de culpabilit\u00e9 concernant des actes pass\u00e9s.","rel":"","context":"Article similaire","block_context":{"text":"Article similaire","link":""},"img":{"alt_text":"","src":"https:\/\/i0.wp.com\/artstella-elixirs-floraux.com\/wp-content\/uploads\/2025\/03\/cc21bcd6-7999-45bb-9f36-13d8bcf95728.jpg?resize=350%2C200&ssl=1","width":350,"height":200,"srcset":"https:\/\/i0.wp.com\/artstella-elixirs-floraux.com\/wp-content\/uploads\/2025\/03\/cc21bcd6-7999-45bb-9f36-13d8bcf95728.jpg?resize=350%2C200&ssl=1 1x, https:\/\/i0.wp.com\/artstella-elixirs-floraux.com\/wp-content\/uploads\/2025\/03\/cc21bcd6-7999-45bb-9f36-13d8bcf95728.jpg?resize=525%2C300&ssl=1 1.5x, https:\/\/i0.wp.com\/artstella-elixirs-floraux.com\/wp-content\/uploads\/2025\/03\/cc21bcd6-7999-45bb-9f36-13d8bcf95728.jpg?resize=700%2C400&ssl=1 2x"},"classes":[]},{"id":6213,"url":"https:\/\/artstella-elixirs-floraux.com\/fr_fr\/produit\/elixir-ocean-n-27-phi-15ml\/","url_meta":{"origin":5836,"position":4},"title":"ELIXIR OCEAN N\u00b0 27 PHI 15ml","author":"eveapprill","date":"9 mars 2025","format":false,"excerpt":"ELIXIR OCEAN N\u00b0 27 Dans les temps incertains cet \u00e9lixir aide \u00e0 retrouver confiance. En renfor\u00e7ant\u00a0 la confiance, il nous aide \u00e0 mieux ma\u00eetriser les situations difficiles de la vie. Avec confiance et pers\u00e9v\u00e9rance, nous pouvons ne pas abandonner et \u00e0 garder le cap.","rel":"","context":"Article similaire","block_context":{"text":"Article similaire","link":""},"img":{"alt_text":"","src":"https:\/\/i0.wp.com\/artstella-elixirs-floraux.com\/wp-content\/uploads\/2025\/03\/wp-image2201.png?resize=350%2C200&ssl=1","width":350,"height":200},"classes":[]},{"id":3867,"url":"https:\/\/artstella-elixirs-floraux.com\/fr_fr\/produit\/aplysie-phi-15-ml\/","url_meta":{"origin":5836,"position":5},"title":"APLYSIE PHI 15 ML","author":"eveapprill","date":"9 mars 2025","format":false,"excerpt":"Aplysie\u00a0(Aplysia dactylomela) Seeschnecke Elle tire sa s\u00e9curit\u00e9 de la confiance. Notre propre confiance est ainsi renforc\u00e9e. Nous apprenons \u00e9galement \u00e0 faire confiance \u00e0 notre protection permanente.","rel":"","context":"Article similaire","block_context":{"text":"Article similaire","link":""},"img":{"alt_text":"","src":"","width":0,"height":0},"classes":[]}],"_links":{"self":[{"href":"https:\/\/artstella-elixirs-floraux.com\/fr_fr\/wp-json\/wp\/v2\/product\/5836","targetHints":{"allow":["GET"]}}],"collection":[{"href":"https:\/\/artstella-elixirs-floraux.com\/fr_fr\/wp-json\/wp\/v2\/product"}],"about":[{"href":"https:\/\/artstella-elixirs-floraux.com\/fr_fr\/wp-json\/wp\/v2\/types\/product"}],"version-history":[{"count":0,"href":"https:\/\/artstella-elixirs-floraux.com\/fr_fr\/wp-json\/wp\/v2\/product\/5836\/revisions"}],"wp:featuredmedia":[{"embeddable":true,"href":"https:\/\/artstella-elixirs-floraux.com\/fr_fr\/wp-json\/wp\/v2\/media\/5837"}],"wp:attachment":[{"href":"https:\/\/artstella-elixirs-floraux.com\/fr_fr\/wp-json\/wp\/v2\/media?parent=5836"}],"wp:term":[{"taxonomy":"product_brand","embeddable":true,"href":"https:\/\/artstella-elixirs-floraux.com\/fr_fr\/wp-json\/wp\/v2\/product_brand?post=5836"},{"taxonomy":"product_cat","embeddable":true,"href":"https:\/\/artstella-elixirs-floraux.com\/fr_fr\/wp-json\/wp\/v2\/product_cat?post=5836"},{"taxonomy":"product_tag","embeddable":true,"href":"https:\/\/artstella-elixirs-floraux.com\/fr_fr\/wp-json\/wp\/v2\/product_tag?post=5836"}],"curies":[{"name":"wp","href":"https:\/\/api.w.org\/{rel}","templated":true}]}}