{"id":5838,"date":"2025-03-09T13:48:57","date_gmt":"2025-03-09T13:48:57","guid":{"rendered":"https:\/\/artstella-elixirs-floraux.com\/product\/scorpion-anroctonus-crassicaude15-ml-phi\/"},"modified":"2025-04-29T14:10:16","modified_gmt":"2025-04-29T14:10:16","slug":"scorpion-anroctonus-crassicaude15-ml-phi","status":"publish","type":"product","link":"https:\/\/artstella-elixirs-floraux.com\/fr_fr\/produit\/scorpion-anroctonus-crassicaude15-ml-phi\/","title":{"rendered":"Scorpion (Anroctonus crassicaude)15 ml PHI"},"content":{"rendered":"","protected":false},"excerpt":{"rendered":"<p><strong>Scorpion (Anroctonus crassicaude)\u00a0<\/strong><\/p>\n<p>Cet \u00e9lixir peut nous aider quand nous sommes dans des situations \u00e9nerg\u00e9tiques difficiles ou quand nous sommes manipul\u00e9s par d\u2019autres. Nous apprenons \u00e0 d\u00e9velopper une vision plus claire et \u00e0 nous lib\u00e9rer des forces manipulatrices.<\/p>\n","protected":false},"featured_media":5839,"template":"","meta":[],"product_brand":[],"product_cat":[188],"product_tag":[],"class_list":{"0":"post-5838","1":"product","2":"type-product","3":"status-publish","4":"has-post-thumbnail","6":"product_cat-les-nouveax-elixirs-d-animaux-par-phi","8":"first","9":"instock","10":"taxable","11":"shipping-taxable","12":"purchasable","13":"product-type-simple"},"etheme_brands":{"errors":{"invalid_taxonomy":["Taxonomie non valide."]},"error_data":[]},"jetpack_sharing_enabled":true,"jetpack-related-posts":[{"id":1933,"url":"https:\/\/artstella-elixirs-floraux.com\/fr_fr\/produit\/scorpion-phi-15ml\/","url_meta":{"origin":5838,"position":0},"title":"SCORPION PHI 15ML","author":"eveapprill","date":"27 mai 2025","format":false,"excerpt":"","rel":"","context":"Article similaire","block_context":{"text":"Article similaire","link":""},"img":{"alt_text":"","src":"","width":0,"height":0},"classes":[]},{"id":5534,"url":"https:\/\/artstella-elixirs-floraux.com\/fr_fr\/produit\/coffret-10-elixirs-danimaux-n-3-15ml\/","url_meta":{"origin":5838,"position":1},"title":"COFFRET 10 \u00e9lixirs d&rsquo;ANIMAUX N\u00b0 3 15ML","author":"eveapprill","date":"9 mars 2025","format":false,"excerpt":"Coffret 10 \u00e9lixirs d'animaux 15ml : Colibri, Lama, L\u00e9zard, pandan, Perroquet, Pingouin, Scorpion, Paresseux \u00e0 2 doigts, L\u00e9opard des neiges, Ours \u00e0 lunettes","rel":"","context":"Article similaire","block_context":{"text":"Article similaire","link":""},"img":{"alt_text":"","src":"https:\/\/i0.wp.com\/artstella-elixirs-floraux.com\/wp-content\/uploads\/2025\/03\/wp-image1762.png?resize=350%2C200&ssl=1","width":350,"height":200},"classes":[]},{"id":3914,"url":"https:\/\/artstella-elixirs-floraux.com\/fr_fr\/produit\/libellule-a-e-phi-15-ml\/","url_meta":{"origin":5838,"position":2},"title":"LIBELLULE A.E PHI 15 ML","author":"eveapprill","date":"9 mars 2025","format":false,"excerpt":"Libellule (Odonata) Libelle Pour voir plus clair dans le mar\u00e9cage de nos sentiments, quand nous ne savons pas ce que nous voulons et sommes comme dans l\u2019eau trouble.","rel":"","context":"Article similaire","block_context":{"text":"Article similaire","link":""},"img":{"alt_text":"","src":"","width":0,"height":0},"classes":[]},{"id":3752,"url":"https:\/\/artstella-elixirs-floraux.com\/fr_fr\/produit\/power-orchid-cuba-15ml-phi\/","url_meta":{"origin":5838,"position":3},"title":"POWER ORCHID (CUBA) 15ML PHI","author":"eveapprill","date":"9 mars 2025","format":false,"excerpt":"POWER ORCHID Cirrhopetalum ornatissimum\u00a0\u00ab\u00a0Orchid\u00e9e de pouvoir\u00a0\u00bb\u00a0Cette orchid\u00e9e est originaire d\u2019Asie. L\u2019\u00e9lixir\u00a0: quand dans notre vie, nous sommes arriv\u00e9s \u00e0 un point o\u00f9 nous d\u00e9sirons nous d\u00e9velopper int\u00e9rieurement.","rel":"","context":"Article similaire","block_context":{"text":"Article similaire","link":""},"img":{"alt_text":"","src":"","width":0,"height":0},"classes":[]},{"id":3356,"url":"https:\/\/artstella-elixirs-floraux.com\/fr_fr\/produit\/golden-barrel-cactus-15-ml-phi\/","url_meta":{"origin":5838,"position":4},"title":"GOLDEN BARREL CACTUS 15 ML PHI","author":"eveapprill","date":"9 mars 2025","format":false,"excerpt":"Golden barrel cactus dit \u00ab\u00a0coussin de belle m\u00e8re\u00a0\u00bb. (Echinocactus grusonii) Quand nous sommes soumis \u00e0 de trop nombreuses influences et facteurs perturbateurs, l'\u00e9lixir favorise le recentrage, et notamment des personnes qui ont tendance \u00e0 se laisser influencer trop facilement.","rel":"","context":"Article similaire","block_context":{"text":"Article similaire","link":""},"img":{"alt_text":"","src":"https:\/\/i0.wp.com\/artstella-elixirs-floraux.com\/wp-content\/uploads\/2025\/03\/wp-image360.png?resize=350%2C200&ssl=1","width":350,"height":200},"classes":[]},{"id":2367,"url":"https:\/\/artstella-elixirs-floraux.com\/fr_fr\/produit\/chalice-well\/","url_meta":{"origin":5838,"position":5},"title":"CHALICE WELL","author":"eveapprill","date":"9 mars 2025","format":false,"excerpt":"CHALICE WELL. Le puits du calice Cet \u00e9lixir a \u00e9t\u00e9 r\u00e9alis\u00e9 dans le jardin de Chalice Well de Glastonbury, en Angleterre, avec de l'eau provenant de Chalice Well (Le puits du Calice). Il nous met en relation avec le soutien profond, toujours disponible des r\u00e8gnes \u00e9l\u00e9mentaux, min\u00e9ral, v\u00e9g\u00e9tal, et ang\u00e9liques.","rel":"","context":"Article similaire","block_context":{"text":"Article similaire","link":""},"img":{"alt_text":"","src":"https:\/\/i0.wp.com\/artstella-elixirs-floraux.com\/wp-content\/uploads\/2025\/03\/Chalice_Well1_1024x1024.jpg?resize=350%2C200&ssl=1","width":350,"height":200},"classes":[]}],"_links":{"self":[{"href":"https:\/\/artstella-elixirs-floraux.com\/fr_fr\/wp-json\/wp\/v2\/product\/5838","targetHints":{"allow":["GET"]}}],"collection":[{"href":"https:\/\/artstella-elixirs-floraux.com\/fr_fr\/wp-json\/wp\/v2\/product"}],"about":[{"href":"https:\/\/artstella-elixirs-floraux.com\/fr_fr\/wp-json\/wp\/v2\/types\/product"}],"version-history":[{"count":0,"href":"https:\/\/artstella-elixirs-floraux.com\/fr_fr\/wp-json\/wp\/v2\/product\/5838\/revisions"}],"wp:featuredmedia":[{"embeddable":true,"href":"https:\/\/artstella-elixirs-floraux.com\/fr_fr\/wp-json\/wp\/v2\/media\/5839"}],"wp:attachment":[{"href":"https:\/\/artstella-elixirs-floraux.com\/fr_fr\/wp-json\/wp\/v2\/media?parent=5838"}],"wp:term":[{"taxonomy":"product_brand","embeddable":true,"href":"https:\/\/artstella-elixirs-floraux.com\/fr_fr\/wp-json\/wp\/v2\/product_brand?post=5838"},{"taxonomy":"product_cat","embeddable":true,"href":"https:\/\/artstella-elixirs-floraux.com\/fr_fr\/wp-json\/wp\/v2\/product_cat?post=5838"},{"taxonomy":"product_tag","embeddable":true,"href":"https:\/\/artstella-elixirs-floraux.com\/fr_fr\/wp-json\/wp\/v2\/product_tag?post=5838"}],"curies":[{"name":"wp","href":"https:\/\/api.w.org\/{rel}","templated":true}]}}