{"id":5848,"date":"2025-03-09T13:49:04","date_gmt":"2025-03-09T13:49:04","guid":{"rendered":"https:\/\/artstella-elixirs-floraux.com\/product\/tortue-turtle-chelonia-mydas-15ml-phi\/"},"modified":"2025-06-08T12:49:24","modified_gmt":"2025-06-08T12:49:24","slug":"tortue-turtle-chelonia-mydas-15ml-phi","status":"publish","type":"product","link":"https:\/\/artstella-elixirs-floraux.com\/fr_fr\/produit\/tortue-turtle-chelonia-mydas-15ml-phi\/","title":{"rendered":"Tortue &#8211; Turtle (Chelonia mydas) 15ml PHI"},"content":{"rendered":"","protected":false},"excerpt":{"rendered":"<p><strong>Tortue &#8211; Turtle (Chelonia mydas)\u00a0<\/strong><\/p>\n<p>C\u2019est \u00e9lixir de la gestion du stress. Nous pouvons nous sentir prot\u00e9ger par la carapace, de cette fa\u00e7on le stress ne peut pas nous affecter directement et nous apprenons \u00e0 faire les choses \u00e0 notre propre rythme. Il nous aide \u00e0 nous relaxer, \u00e0 retrouver le calme et \u00e0 nous r\u00e9g\u00e9n\u00e9rer.<\/p>\n","protected":false},"featured_media":5849,"template":"","meta":[],"product_brand":[],"product_cat":[188],"product_tag":[],"class_list":{"0":"post-5848","1":"product","2":"type-product","3":"status-publish","4":"has-post-thumbnail","6":"product_cat-les-nouveax-elixirs-d-animaux-par-phi","8":"first","9":"instock","10":"taxable","11":"shipping-taxable","12":"purchasable","13":"product-type-simple"},"etheme_brands":{"errors":{"invalid_taxonomy":["Taxonomie non valide."]},"error_data":[]},"jetpack_sharing_enabled":true,"jetpack-related-posts":[{"id":4279,"url":"https:\/\/artstella-elixirs-floraux.com\/fr_fr\/produit\/turtle-tortue-wea-30-ml\/","url_meta":{"origin":5848,"position":0},"title":"TURTLE\/TORTUE WEA 30 ML","author":"eveapprill","date":"9 mars 2025","format":false,"excerpt":"Turtle (tortue) Pour ralentir et ressentir l\u2019ancrage profond et l\u2019Unit\u00e9 avecla Terre. Apporteune protection psychique et \u00e9motionnelle pour se sentir en s\u00e9curit\u00e9 dans les situations\/environnements intenses.","rel":"","context":"Article similaire","block_context":{"text":"Article similaire","link":""},"img":{"alt_text":"","src":"https:\/\/i0.wp.com\/artstella-elixirs-floraux.com\/wp-content\/uploads\/2025\/03\/wp-image2281.png?resize=350%2C200&ssl=1","width":350,"height":200,"srcset":"https:\/\/i0.wp.com\/artstella-elixirs-floraux.com\/wp-content\/uploads\/2025\/03\/wp-image2281.png?resize=350%2C200&ssl=1 1x, https:\/\/i0.wp.com\/artstella-elixirs-floraux.com\/wp-content\/uploads\/2025\/03\/wp-image2281.png?resize=525%2C300&ssl=1 1.5x, https:\/\/i0.wp.com\/artstella-elixirs-floraux.com\/wp-content\/uploads\/2025\/03\/wp-image2281.png?resize=700%2C400&ssl=1 2x"},"classes":[]},{"id":3966,"url":"https:\/\/artstella-elixirs-floraux.com\/fr_fr\/produit\/tortue-phi-15-ml\/","url_meta":{"origin":5848,"position":1},"title":"TORTUE PHI 15 ML","author":"eveapprill","date":"27 mai 2025","format":false,"excerpt":"Tortue Schildkr\u00f6te (Lepidochelys olivacea) aide \u00e0 contr\u00f4ler le stress en se cr\u00e9ant une coquille solide. Il permet de garder son calme et d\u2019agir avec ses forces int\u00e9rieures. Nous apprenons que nous pouvons aussi fonctionner dans la paix.","rel":"","context":"Article similaire","block_context":{"text":"Article similaire","link":""},"img":{"alt_text":"","src":"","width":0,"height":0},"classes":[]},{"id":5536,"url":"https:\/\/artstella-elixirs-floraux.com\/fr_fr\/produit\/coffret-10-elixirs-d-animaux-n4-15ml\/","url_meta":{"origin":5848,"position":2},"title":"COFFRET 10 \u00e9lixirs d&rsquo; ANIMAUX N\u00b04 15ML","author":"eveapprill","date":"9 mars 2025","format":false,"excerpt":"Coffret n\u00b0 4 10 \u00e9lixirs d'animaux : contient : Tarentule, Tigre, Tortue, Baleine \u00e0 bosse, Baleine franche australe, Cachalot, Rorqual commun, Papillon Morpho, Papillon grand cuivr\u00e9, Dauphin rose","rel":"","context":"Article similaire","block_context":{"text":"Article similaire","link":""},"img":{"alt_text":"","src":"https:\/\/i0.wp.com\/artstella-elixirs-floraux.com\/wp-content\/uploads\/2025\/03\/wp-image1763.png?resize=350%2C200&ssl=1","width":350,"height":200},"classes":[]},{"id":5316,"url":"https:\/\/artstella-elixirs-floraux.com\/fr_fr\/produit\/concours-deva-animaux-30-ml\/","url_meta":{"origin":5848,"position":3},"title":"CONCOURS DEVA ANIMAUX 30 ML","author":"eveapprill","date":"9 mars 2025","format":false,"excerpt":"CONCOURS - Stress Pour toutes les situations \u00a0de concours, expositions, comp\u00e9titions... o\u00f9 l'animal est soumis au stress et \u00e0 un environnement d\u00e9stabilisant. Apporte confiance, courage, pers\u00e9v\u00e9rance. Permet de conserver son int\u00e9grit\u00e9 en cas de stress intense.CONCOURS DEVA ANIMAUX 30 ML","rel":"","context":"Article similaire","block_context":{"text":"Article similaire","link":""},"img":{"alt_text":"","src":"https:\/\/i0.wp.com\/artstella-elixirs-floraux.com\/wp-content\/uploads\/2025\/03\/8c17c799-0cb7-4ae6-975c-f83106173cb0.jpg?resize=350%2C200&ssl=1","width":350,"height":200,"srcset":"https:\/\/i0.wp.com\/artstella-elixirs-floraux.com\/wp-content\/uploads\/2025\/03\/8c17c799-0cb7-4ae6-975c-f83106173cb0.jpg?resize=350%2C200&ssl=1 1x, https:\/\/i0.wp.com\/artstella-elixirs-floraux.com\/wp-content\/uploads\/2025\/03\/8c17c799-0cb7-4ae6-975c-f83106173cb0.jpg?resize=525%2C300&ssl=1 1.5x, https:\/\/i0.wp.com\/artstella-elixirs-floraux.com\/wp-content\/uploads\/2025\/03\/8c17c799-0cb7-4ae6-975c-f83106173cb0.jpg?resize=700%2C400&ssl=1 2x"},"classes":[]},{"id":3637,"url":"https:\/\/artstella-elixirs-floraux.com\/fr_fr\/produit\/44-purity-of-heart-ltoe-15-ml\/","url_meta":{"origin":5848,"position":4},"title":"PURITY OF HEART LTOE 15 ML","author":"eveapprill","date":"9 mars 2025","format":false,"excerpt":"Purity of Heart\/ Puret\u00e9 d\u2019\u00e2me Cet \u00e9lixir est utile quand on est stress\u00e9 par manque de temps. On peut comprendre qu\u2019il y a assez de temps pour accomplir tout ce que l\u2019on a \u00e0 faire.","rel":"","context":"Article similaire","block_context":{"text":"Article similaire","link":""},"img":{"alt_text":"","src":"https:\/\/i0.wp.com\/artstella-elixirs-floraux.com\/wp-content\/uploads\/2025\/03\/b3432d85-7c05-496b-825d-e3774d15e503.jpg?resize=350%2C200&ssl=1","width":350,"height":200,"srcset":"https:\/\/i0.wp.com\/artstella-elixirs-floraux.com\/wp-content\/uploads\/2025\/03\/b3432d85-7c05-496b-825d-e3774d15e503.jpg?resize=350%2C200&ssl=1 1x, https:\/\/i0.wp.com\/artstella-elixirs-floraux.com\/wp-content\/uploads\/2025\/03\/b3432d85-7c05-496b-825d-e3774d15e503.jpg?resize=525%2C300&ssl=1 1.5x, https:\/\/i0.wp.com\/artstella-elixirs-floraux.com\/wp-content\/uploads\/2025\/03\/b3432d85-7c05-496b-825d-e3774d15e503.jpg?resize=700%2C400&ssl=1 2x"},"classes":[]},{"id":12282,"url":"https:\/\/artstella-elixirs-floraux.com\/fr_fr\/produit\/13-orchidee-equilibre-et-stabilite-habenella-petalodes-sylfos\/","url_meta":{"origin":5848,"position":5},"title":"13. ORCHID\u00c9E \u00c9QUILIBRE ET STABILIT\u00c9 Habenella petalodes Sylfos","author":"eveapprill","date":"13 mars 2026","format":false,"excerpt":"\u00c9lixir d\u2019ancrage et de stabilisation \u00e9motionnelle. Aide \u00e0 retrouver son centre, \u00e0 calmer l\u2019anxi\u00e9t\u00e9 et \u00e0 aligner les corps \u00e9nerg\u00e9tiques en p\u00e9riode de stress ou de crise","rel":"","context":"Article similaire","block_context":{"text":"Article similaire","link":""},"img":{"alt_text":"","src":"https:\/\/i0.wp.com\/artstella-elixirs-floraux.com\/wp-content\/uploads\/2026\/03\/habenella.jpeg?resize=350%2C200&ssl=1","width":350,"height":200,"srcset":"https:\/\/i0.wp.com\/artstella-elixirs-floraux.com\/wp-content\/uploads\/2026\/03\/habenella.jpeg?resize=350%2C200&ssl=1 1x, https:\/\/i0.wp.com\/artstella-elixirs-floraux.com\/wp-content\/uploads\/2026\/03\/habenella.jpeg?resize=525%2C300&ssl=1 1.5x, https:\/\/i0.wp.com\/artstella-elixirs-floraux.com\/wp-content\/uploads\/2026\/03\/habenella.jpeg?resize=700%2C400&ssl=1 2x, https:\/\/i0.wp.com\/artstella-elixirs-floraux.com\/wp-content\/uploads\/2026\/03\/habenella.jpeg?resize=1050%2C600&ssl=1 3x"},"classes":[]}],"_links":{"self":[{"href":"https:\/\/artstella-elixirs-floraux.com\/fr_fr\/wp-json\/wp\/v2\/product\/5848","targetHints":{"allow":["GET"]}}],"collection":[{"href":"https:\/\/artstella-elixirs-floraux.com\/fr_fr\/wp-json\/wp\/v2\/product"}],"about":[{"href":"https:\/\/artstella-elixirs-floraux.com\/fr_fr\/wp-json\/wp\/v2\/types\/product"}],"version-history":[{"count":0,"href":"https:\/\/artstella-elixirs-floraux.com\/fr_fr\/wp-json\/wp\/v2\/product\/5848\/revisions"}],"wp:featuredmedia":[{"embeddable":true,"href":"https:\/\/artstella-elixirs-floraux.com\/fr_fr\/wp-json\/wp\/v2\/media\/5849"}],"wp:attachment":[{"href":"https:\/\/artstella-elixirs-floraux.com\/fr_fr\/wp-json\/wp\/v2\/media?parent=5848"}],"wp:term":[{"taxonomy":"product_brand","embeddable":true,"href":"https:\/\/artstella-elixirs-floraux.com\/fr_fr\/wp-json\/wp\/v2\/product_brand?post=5848"},{"taxonomy":"product_cat","embeddable":true,"href":"https:\/\/artstella-elixirs-floraux.com\/fr_fr\/wp-json\/wp\/v2\/product_cat?post=5848"},{"taxonomy":"product_tag","embeddable":true,"href":"https:\/\/artstella-elixirs-floraux.com\/fr_fr\/wp-json\/wp\/v2\/product_tag?post=5848"}],"curies":[{"name":"wp","href":"https:\/\/api.w.org\/{rel}","templated":true}]}}