{"id":5858,"date":"2025-03-09T13:49:11","date_gmt":"2025-03-09T13:49:11","guid":{"rendered":"https:\/\/artstella-elixirs-floraux.com\/product\/rorqual-commun-finnwal-15-ml-phi\/"},"modified":"2025-06-08T12:49:23","modified_gmt":"2025-06-08T12:49:23","slug":"rorqual-commun-finnwal-15-ml-phi","status":"publish","type":"product","link":"https:\/\/artstella-elixirs-floraux.com\/fr_fr\/produit\/rorqual-commun-finnwal-15-ml-phi\/","title":{"rendered":"Rorqual commun &#8211; Finnwal 15 ml PHI"},"content":{"rendered":"","protected":false},"excerpt":{"rendered":"<p><strong>Rorqual commun &#8211; Finnwal<\/strong><\/p>\n<p>Ouvre notre conscience \u00e0 la quatri\u00e8me et cinqui\u00e8me dimension. Au del\u00e0 du temps et de l espace. Nous r\u00e9alisons la conscience de la matrice. Le principe de la concr\u00e9tisation des pens\u00e9es dans la mati\u00e8re<\/p>\n","protected":false},"featured_media":5859,"template":"","meta":[],"product_brand":[],"product_cat":[188],"product_tag":[],"class_list":{"0":"post-5858","1":"product","2":"type-product","3":"status-publish","4":"has-post-thumbnail","6":"product_cat-les-nouveax-elixirs-d-animaux-par-phi","8":"first","9":"instock","10":"taxable","11":"shipping-taxable","12":"purchasable","13":"product-type-simple"},"etheme_brands":{"errors":{"invalid_taxonomy":["Taxonomie non valide."]},"error_data":[]},"jetpack_sharing_enabled":true,"jetpack-related-posts":[{"id":2190,"url":"https:\/\/artstella-elixirs-floraux.com\/fr_fr\/produit\/horsetail-alaskan\/","url_meta":{"origin":5858,"position":0},"title":"Horsetail Alaskan","author":"eveapprill","date":"9 mars 2025","format":false,"excerpt":"Horsetail. Equisetum arvense. Pr\u00eale Communication d\u00e9form\u00e9e avec les niveaux de sa conscience. Difficult\u00e9 \u00e0 communiquer avec son moi sup\u00e9rieur et les autres, m\u00eame les animaux.","rel":"","context":"Article similaire","block_context":{"text":"Article similaire","link":""},"img":{"alt_text":"","src":"https:\/\/i0.wp.com\/artstella-elixirs-floraux.com\/wp-content\/uploads\/2025\/03\/wp-image543.png?resize=350%2C200&ssl=1","width":350,"height":200},"classes":[]},{"id":2621,"url":"https:\/\/artstella-elixirs-floraux.com\/fr_fr\/produit\/autumn-leaves-bush-15ml\/","url_meta":{"origin":5858,"position":1},"title":"AUTUMN LEAVES BUSH 15ML","author":"eveapprill","date":"9 mars 2025","format":false,"excerpt":"AUTUMN LEAVES permet d'entendre, voir et ressentir la communication de l'autre c\u00f4t\u00e9 du miroir et ainsi d'\u00eatre ouvert(e) \u00e0 cette guidance et \u00e0 cette communication. Il accentue d'avantage la notion de l\u00e2cher prise et d'approfondissement. Les feuilles elles-m\u00eames furent cueillies dans une r\u00e9gion sacr\u00e9e en Automne, au moment pr\u00e9cis de\u2026","rel":"","context":"Article similaire","block_context":{"text":"Article similaire","link":""},"img":{"alt_text":"","src":"https:\/\/i0.wp.com\/artstella-elixirs-floraux.com\/wp-content\/uploads\/2025\/03\/wp-image261.png?resize=350%2C200&ssl=1","width":350,"height":200},"classes":[]},{"id":3871,"url":"https:\/\/artstella-elixirs-floraux.com\/fr_fr\/produit\/etoile-de-mer-15-ml-phi\/","url_meta":{"origin":5858,"position":2},"title":"ETOILE DE MER 15 ML PHI","author":"eveapprill","date":"9 mars 2025","format":false,"excerpt":"Etoile de mer Seestern Elle d\u00e9veloppe au travers de l\u2019\u00e9lixir une conscience plus fine dans la perception des sens. Ainsi, les relations interpersonnelles peuvent \u00eatre mieux per\u00e7ues. Les contacts sociaux et la communication sont favoris\u00e9s.","rel":"","context":"Article similaire","block_context":{"text":"Article similaire","link":""},"img":{"alt_text":"","src":"","width":0,"height":0},"classes":[]},{"id":4046,"url":"https:\/\/artstella-elixirs-floraux.com\/fr_fr\/produit\/mayu-genet-15-ml-sylfos\/","url_meta":{"origin":5858,"position":3},"title":"MAYU \/ GENET DE NOUVELLE ZELANDE SYLFOS","author":"eveapprill","date":"9 mars 2025","format":false,"excerpt":"MAY\u00da Sophora macrocarpa Communication, concentration, \u00e9quilibre \u00e9motionnel Aide \u00e0 verbaliser les \u00e9motions.","rel":"","context":"Article similaire","block_context":{"text":"Article similaire","link":""},"img":{"alt_text":"","src":"","width":0,"height":0},"classes":[]},{"id":5144,"url":"https:\/\/artstella-elixirs-floraux.com\/fr_fr\/produit\/volcan-llaima\/","url_meta":{"origin":5858,"position":4},"title":"VOLCAN LLAIMA","author":"eveapprill","date":"9 mars 2025","format":false,"excerpt":"Cet \u00e9lixir est un catalyseur de conscience de notre cheminement spirituel. La seule connaissance qui vaille vraiment est celle qui est au dedans. Il va permettre de prendre conscience et d'entrer en relation intime avec la vie qui est en toute chose. \u00a0","rel":"","context":"Article similaire","block_context":{"text":"Article similaire","link":""},"img":{"alt_text":"","src":"","width":0,"height":0},"classes":[]},{"id":3099,"url":"https:\/\/artstella-elixirs-floraux.com\/fr_fr\/produit\/pyramide-rhomboidale-dashur-15ml\/","url_meta":{"origin":5858,"position":5},"title":"PYRAMIDE RHOMBOIDALE DASHUR 15ML","author":"eveapprill","date":"9 mars 2025","format":false,"excerpt":"Pyramide rhombo\u00efdale Dahshur Un lieu d'initiation favorisant l'ouverture de conscience \u00e0 de nouveaux niveaux et \u00e0 d'autres dimensions. L\u2019\u00e9lixir fonctionne en stimulant \u00e9nergiquement la conscience. Activation \u00e9nerg\u00e9tique du cerveau.","rel":"","context":"Article similaire","block_context":{"text":"Article similaire","link":""},"img":{"alt_text":"","src":"https:\/\/i0.wp.com\/artstella-elixirs-floraux.com\/wp-content\/uploads\/2025\/03\/wp-image2171.png?resize=350%2C200&ssl=1","width":350,"height":200,"srcset":"https:\/\/i0.wp.com\/artstella-elixirs-floraux.com\/wp-content\/uploads\/2025\/03\/wp-image2171.png?resize=350%2C200&ssl=1 1x, https:\/\/i0.wp.com\/artstella-elixirs-floraux.com\/wp-content\/uploads\/2025\/03\/wp-image2171.png?resize=525%2C300&ssl=1 1.5x, https:\/\/i0.wp.com\/artstella-elixirs-floraux.com\/wp-content\/uploads\/2025\/03\/wp-image2171.png?resize=700%2C400&ssl=1 2x"},"classes":[]}],"_links":{"self":[{"href":"https:\/\/artstella-elixirs-floraux.com\/fr_fr\/wp-json\/wp\/v2\/product\/5858","targetHints":{"allow":["GET"]}}],"collection":[{"href":"https:\/\/artstella-elixirs-floraux.com\/fr_fr\/wp-json\/wp\/v2\/product"}],"about":[{"href":"https:\/\/artstella-elixirs-floraux.com\/fr_fr\/wp-json\/wp\/v2\/types\/product"}],"version-history":[{"count":0,"href":"https:\/\/artstella-elixirs-floraux.com\/fr_fr\/wp-json\/wp\/v2\/product\/5858\/revisions"}],"wp:featuredmedia":[{"embeddable":true,"href":"https:\/\/artstella-elixirs-floraux.com\/fr_fr\/wp-json\/wp\/v2\/media\/5859"}],"wp:attachment":[{"href":"https:\/\/artstella-elixirs-floraux.com\/fr_fr\/wp-json\/wp\/v2\/media?parent=5858"}],"wp:term":[{"taxonomy":"product_brand","embeddable":true,"href":"https:\/\/artstella-elixirs-floraux.com\/fr_fr\/wp-json\/wp\/v2\/product_brand?post=5858"},{"taxonomy":"product_cat","embeddable":true,"href":"https:\/\/artstella-elixirs-floraux.com\/fr_fr\/wp-json\/wp\/v2\/product_cat?post=5858"},{"taxonomy":"product_tag","embeddable":true,"href":"https:\/\/artstella-elixirs-floraux.com\/fr_fr\/wp-json\/wp\/v2\/product_tag?post=5858"}],"curies":[{"name":"wp","href":"https:\/\/api.w.org\/{rel}","templated":true}]}}